{"id":46702,"date":"2026-01-03T20:13:32","date_gmt":"2026-01-03T19:13:32","guid":{"rendered":"https:\/\/www.booksonthemove.fr\/produit\/etre-femelle-le-tournant-feministe-de-la-primatologie\/"},"modified":"2026-02-09T15:32:59","modified_gmt":"2026-02-09T14:32:59","slug":"etre-femelle-le-tournant-feministe-de-la-primatologie","status":"publish","type":"product","link":"https:\/\/www.booksonthemove.fr\/en\/produit\/etre-femelle-le-tournant-feministe-de-la-primatologie\/","title":{"rendered":"\u00catre femelle &#8211; Le tournant f\u00e9ministe de la primatologie"},"content":{"rendered":"<p>Que nous apprennent nos s\u0153urs et fr\u00e8res \u00adprimates sur ce qui, en nous, rel\u00e8ve de la nature ou de la culture\u00a0? En mettant en lumi\u00e8re le caract\u00e8re profond\u00e9ment patriarcal de la science occidentale, Donna Haraway aborde la primatologie, science \u00ab\u00a0presque humaine\u00a0\u00bb, comme un champ des luttes f\u00e9ministes.<\/p>\n<p><em>\u00catre femelle<\/em> offre une galerie de portraits de femmes primatologues (elles aussi primates) qui ont amen\u00e9 \u00e0 des renversements profonds de perspective sur les singes \u2013 sur leurs \u00adcomportements et sur leurs relations sociales.<\/p>\n<p>On conna\u00eet Dian Fossey et Jane Goodall, mais elles n\u2019\u00e9taient pas seules. Jeanne Altmann, Linda Marie Fedigan, Adrienne Zihlman, Sarah Blaffer Hrdy\u00a0: \u00e0 travers ces r\u00e9cits de vies scientifiques invisibilis\u00e9es, Donna Haraway propose une autre histoire de la primatologie, r\u00e9solument \u00e9cologique, f\u00e9ministe et d\u00e9coloniale.<\/p>\n<p>\u00c0 la crois\u00e9e de la primatologie et de la science-fiction, ce livre offre des pistes puissantes pour r\u00e9inventer nos mani\u00e8res d\u2019\u00eatre humain\u00b7es sur une plan\u00e8te boulevers\u00e9e.<\/p>\n","protected":false},"excerpt":{"rendered":"<p><strong>AUTRICE : <\/strong>Donna Haraway. Traduit de l&#8217;anglais par Marin Schaffner<br \/>\n<strong>\u00c9DITEUR :<\/strong> \u00c9ditions Wildproject (2025)<\/p>\n<p><strong>BROCH\u00c9 :<\/strong> 304 pages<br \/>\n<strong>LANGUE :<\/strong> Fran\u00e7ais<br \/>\n<strong>ISBN13 :<\/strong> 978-2-381140-957<\/p>\n","protected":false},"featured_media":46701,"template":"","meta":[],"product_brand":[],"product_cat":[224,227,202,162,206],"product_tag":[],"class_list":{"0":"post-46702","1":"product","2":"type-product","3":"status-publish","4":"has-post-thumbnail","6":"product_cat-animal-related-en","7":"product_cat-essays-en","8":"product_cat-feminism-en","9":"product_cat-french-en","10":"product_cat-philosophy-aesthetics-en","12":"first","13":"instock","14":"taxable","15":"shipping-taxable","16":"purchasable","17":"product-type-simple"},"yoast_head":"<!-- This site is optimized with the Yoast SEO plugin v27.4 - https:\/\/yoast.com\/product\/yoast-seo-wordpress\/ -->\n<title>\u00catre femelle - Le tournant f\u00e9ministe de la primatologie - Books on the Move<\/title>\n<meta name=\"robots\" content=\"index, follow, max-snippet:-1, max-image-preview:large, max-video-preview:-1\" \/>\n<link rel=\"canonical\" href=\"https:\/\/www.booksonthemove.fr\/en\/produit\/etre-femelle-le-tournant-feministe-de-la-primatologie\/\" \/>\n<meta property=\"og:locale\" content=\"en_US\" \/>\n<meta property=\"og:type\" content=\"article\" \/>\n<meta property=\"og:title\" content=\"\u00catre femelle - Le tournant f\u00e9ministe de la primatologie - Books on the Move\" \/>\n<meta property=\"og:description\" content=\"AUTRICE : Donna Haraway. Traduit de l&#039;anglais par Marin Schaffner \u00c9DITEUR : \u00c9ditions Wildproject (2025)  BROCH\u00c9 : 304 pages LANGUE : Fran\u00e7ais ISBN13 : 978-2-381140-957\" \/>\n<meta property=\"og:url\" content=\"https:\/\/www.booksonthemove.fr\/en\/produit\/etre-femelle-le-tournant-feministe-de-la-primatologie\/\" \/>\n<meta property=\"og:site_name\" content=\"Books on the Move\" \/>\n<meta property=\"article:publisher\" content=\"https:\/\/www.facebook.com\/Librairiebooksonthemove\/\" \/>\n<meta property=\"article:modified_time\" content=\"2026-02-09T14:32:59+00:00\" \/>\n<meta property=\"og:image\" content=\"https:\/\/www.booksonthemove.fr\/media\/bom_2994.jpg\" \/>\n\t<meta property=\"og:image:width\" content=\"508\" \/>\n\t<meta property=\"og:image:height\" content=\"800\" \/>\n\t<meta property=\"og:image:type\" content=\"image\/jpeg\" \/>\n<meta name=\"twitter:card\" content=\"summary_large_image\" \/>\n<script type=\"application\/ld+json\" class=\"yoast-schema-graph\">{\"@context\":\"https:\\\/\\\/schema.org\",\"@graph\":[{\"@type\":\"WebPage\",\"@id\":\"https:\\\/\\\/www.booksonthemove.fr\\\/en\\\/produit\\\/etre-femelle-le-tournant-feministe-de-la-primatologie\\\/\",\"url\":\"https:\\\/\\\/www.booksonthemove.fr\\\/en\\\/produit\\\/etre-femelle-le-tournant-feministe-de-la-primatologie\\\/\",\"name\":\"\u00catre femelle - Le tournant f\u00e9ministe de la primatologie - Books on the Move\",\"isPartOf\":{\"@id\":\"https:\\\/\\\/www.booksonthemove.fr\\\/#website\"},\"primaryImageOfPage\":{\"@id\":\"https:\\\/\\\/www.booksonthemove.fr\\\/en\\\/produit\\\/etre-femelle-le-tournant-feministe-de-la-primatologie\\\/#primaryimage\"},\"image\":{\"@id\":\"https:\\\/\\\/www.booksonthemove.fr\\\/en\\\/produit\\\/etre-femelle-le-tournant-feministe-de-la-primatologie\\\/#primaryimage\"},\"thumbnailUrl\":\"https:\\\/\\\/www.booksonthemove.fr\\\/media\\\/bom_2994.jpg\",\"datePublished\":\"2026-01-03T19:13:32+00:00\",\"dateModified\":\"2026-02-09T14:32:59+00:00\",\"breadcrumb\":{\"@id\":\"https:\\\/\\\/www.booksonthemove.fr\\\/en\\\/produit\\\/etre-femelle-le-tournant-feministe-de-la-primatologie\\\/#breadcrumb\"},\"inLanguage\":\"en-US\",\"potentialAction\":[{\"@type\":\"ReadAction\",\"target\":[\"https:\\\/\\\/www.booksonthemove.fr\\\/en\\\/produit\\\/etre-femelle-le-tournant-feministe-de-la-primatologie\\\/\"]}]},{\"@type\":\"ImageObject\",\"inLanguage\":\"en-US\",\"@id\":\"https:\\\/\\\/www.booksonthemove.fr\\\/en\\\/produit\\\/etre-femelle-le-tournant-feministe-de-la-primatologie\\\/#primaryimage\",\"url\":\"https:\\\/\\\/www.booksonthemove.fr\\\/media\\\/bom_2994.jpg\",\"contentUrl\":\"https:\\\/\\\/www.booksonthemove.fr\\\/media\\\/bom_2994.jpg\",\"width\":508,\"height\":800},{\"@type\":\"BreadcrumbList\",\"@id\":\"https:\\\/\\\/www.booksonthemove.fr\\\/en\\\/produit\\\/etre-femelle-le-tournant-feministe-de-la-primatologie\\\/#breadcrumb\",\"itemListElement\":[{\"@type\":\"ListItem\",\"position\":1,\"name\":\"Accueil\",\"item\":\"https:\\\/\\\/www.booksonthemove.fr\\\/en\\\/\"},{\"@type\":\"ListItem\",\"position\":2,\"name\":\"online store\",\"item\":\"https:\\\/\\\/www.booksonthemove.fr\\\/en\\\/online-shop\\\/\"},{\"@type\":\"ListItem\",\"position\":3,\"name\":\"\u00catre femelle &#8211; Le tournant f\u00e9ministe de la primatologie\"}]},{\"@type\":\"WebSite\",\"@id\":\"https:\\\/\\\/www.booksonthemove.fr\\\/#website\",\"url\":\"https:\\\/\\\/www.booksonthemove.fr\\\/\",\"name\":\"Books on the Move\",\"description\":\"librairie nomade - danse - mouvement - performance\",\"publisher\":{\"@id\":\"https:\\\/\\\/www.booksonthemove.fr\\\/#organization\"},\"potentialAction\":[{\"@type\":\"SearchAction\",\"target\":{\"@type\":\"EntryPoint\",\"urlTemplate\":\"https:\\\/\\\/www.booksonthemove.fr\\\/?s={search_term_string}\"},\"query-input\":{\"@type\":\"PropertyValueSpecification\",\"valueRequired\":true,\"valueName\":\"search_term_string\"}}],\"inLanguage\":\"en-US\"},{\"@type\":\"Organization\",\"@id\":\"https:\\\/\\\/www.booksonthemove.fr\\\/#organization\",\"name\":\"Books on the Move\",\"url\":\"https:\\\/\\\/www.booksonthemove.fr\\\/\",\"logo\":{\"@type\":\"ImageObject\",\"inLanguage\":\"en-US\",\"@id\":\"https:\\\/\\\/www.booksonthemove.fr\\\/#\\\/schema\\\/logo\\\/image\\\/\",\"url\":\"https:\\\/\\\/www.booksonthemove.fr\\\/media\\\/logo-NB-400.jpg\",\"contentUrl\":\"https:\\\/\\\/www.booksonthemove.fr\\\/media\\\/logo-NB-400.jpg\",\"width\":400,\"height\":143,\"caption\":\"Books on the Move\"},\"image\":{\"@id\":\"https:\\\/\\\/www.booksonthemove.fr\\\/#\\\/schema\\\/logo\\\/image\\\/\"},\"sameAs\":[\"https:\\\/\\\/www.facebook.com\\\/Librairiebooksonthemove\\\/\"]}]}<\/script>\n<!-- \/ Yoast SEO plugin. -->","yoast_head_json":{"title":"\u00catre femelle - Le tournant f\u00e9ministe de la primatologie - Books on the Move","robots":{"index":"index","follow":"follow","max-snippet":"max-snippet:-1","max-image-preview":"max-image-preview:large","max-video-preview":"max-video-preview:-1"},"canonical":"https:\/\/www.booksonthemove.fr\/en\/produit\/etre-femelle-le-tournant-feministe-de-la-primatologie\/","og_locale":"en_US","og_type":"article","og_title":"\u00catre femelle - Le tournant f\u00e9ministe de la primatologie - Books on the Move","og_description":"AUTRICE : Donna Haraway. Traduit de l'anglais par Marin Schaffner \u00c9DITEUR : \u00c9ditions Wildproject (2025)  BROCH\u00c9 : 304 pages LANGUE : Fran\u00e7ais ISBN13 : 978-2-381140-957","og_url":"https:\/\/www.booksonthemove.fr\/en\/produit\/etre-femelle-le-tournant-feministe-de-la-primatologie\/","og_site_name":"Books on the Move","article_publisher":"https:\/\/www.facebook.com\/Librairiebooksonthemove\/","article_modified_time":"2026-02-09T14:32:59+00:00","og_image":[{"width":508,"height":800,"url":"https:\/\/www.booksonthemove.fr\/media\/bom_2994.jpg","type":"image\/jpeg"}],"twitter_card":"summary_large_image","schema":{"@context":"https:\/\/schema.org","@graph":[{"@type":"WebPage","@id":"https:\/\/www.booksonthemove.fr\/en\/produit\/etre-femelle-le-tournant-feministe-de-la-primatologie\/","url":"https:\/\/www.booksonthemove.fr\/en\/produit\/etre-femelle-le-tournant-feministe-de-la-primatologie\/","name":"\u00catre femelle - Le tournant f\u00e9ministe de la primatologie - Books on the Move","isPartOf":{"@id":"https:\/\/www.booksonthemove.fr\/#website"},"primaryImageOfPage":{"@id":"https:\/\/www.booksonthemove.fr\/en\/produit\/etre-femelle-le-tournant-feministe-de-la-primatologie\/#primaryimage"},"image":{"@id":"https:\/\/www.booksonthemove.fr\/en\/produit\/etre-femelle-le-tournant-feministe-de-la-primatologie\/#primaryimage"},"thumbnailUrl":"https:\/\/www.booksonthemove.fr\/media\/bom_2994.jpg","datePublished":"2026-01-03T19:13:32+00:00","dateModified":"2026-02-09T14:32:59+00:00","breadcrumb":{"@id":"https:\/\/www.booksonthemove.fr\/en\/produit\/etre-femelle-le-tournant-feministe-de-la-primatologie\/#breadcrumb"},"inLanguage":"en-US","potentialAction":[{"@type":"ReadAction","target":["https:\/\/www.booksonthemove.fr\/en\/produit\/etre-femelle-le-tournant-feministe-de-la-primatologie\/"]}]},{"@type":"ImageObject","inLanguage":"en-US","@id":"https:\/\/www.booksonthemove.fr\/en\/produit\/etre-femelle-le-tournant-feministe-de-la-primatologie\/#primaryimage","url":"https:\/\/www.booksonthemove.fr\/media\/bom_2994.jpg","contentUrl":"https:\/\/www.booksonthemove.fr\/media\/bom_2994.jpg","width":508,"height":800},{"@type":"BreadcrumbList","@id":"https:\/\/www.booksonthemove.fr\/en\/produit\/etre-femelle-le-tournant-feministe-de-la-primatologie\/#breadcrumb","itemListElement":[{"@type":"ListItem","position":1,"name":"Accueil","item":"https:\/\/www.booksonthemove.fr\/en\/"},{"@type":"ListItem","position":2,"name":"online store","item":"https:\/\/www.booksonthemove.fr\/en\/online-shop\/"},{"@type":"ListItem","position":3,"name":"\u00catre femelle &#8211; Le tournant f\u00e9ministe de la primatologie"}]},{"@type":"WebSite","@id":"https:\/\/www.booksonthemove.fr\/#website","url":"https:\/\/www.booksonthemove.fr\/","name":"Books on the Move","description":"librairie nomade - danse - mouvement - performance","publisher":{"@id":"https:\/\/www.booksonthemove.fr\/#organization"},"potentialAction":[{"@type":"SearchAction","target":{"@type":"EntryPoint","urlTemplate":"https:\/\/www.booksonthemove.fr\/?s={search_term_string}"},"query-input":{"@type":"PropertyValueSpecification","valueRequired":true,"valueName":"search_term_string"}}],"inLanguage":"en-US"},{"@type":"Organization","@id":"https:\/\/www.booksonthemove.fr\/#organization","name":"Books on the Move","url":"https:\/\/www.booksonthemove.fr\/","logo":{"@type":"ImageObject","inLanguage":"en-US","@id":"https:\/\/www.booksonthemove.fr\/#\/schema\/logo\/image\/","url":"https:\/\/www.booksonthemove.fr\/media\/logo-NB-400.jpg","contentUrl":"https:\/\/www.booksonthemove.fr\/media\/logo-NB-400.jpg","width":400,"height":143,"caption":"Books on the Move"},"image":{"@id":"https:\/\/www.booksonthemove.fr\/#\/schema\/logo\/image\/"},"sameAs":["https:\/\/www.facebook.com\/Librairiebooksonthemove\/"]}]}},"_links":{"self":[{"href":"https:\/\/www.booksonthemove.fr\/en\/wp-json\/wp\/v2\/product\/46702","targetHints":{"allow":["GET"]}}],"collection":[{"href":"https:\/\/www.booksonthemove.fr\/en\/wp-json\/wp\/v2\/product"}],"about":[{"href":"https:\/\/www.booksonthemove.fr\/en\/wp-json\/wp\/v2\/types\/product"}],"wp:featuredmedia":[{"embeddable":true,"href":"https:\/\/www.booksonthemove.fr\/en\/wp-json\/wp\/v2\/media\/46701"}],"wp:attachment":[{"href":"https:\/\/www.booksonthemove.fr\/en\/wp-json\/wp\/v2\/media?parent=46702"}],"wp:term":[{"taxonomy":"product_brand","embeddable":true,"href":"https:\/\/www.booksonthemove.fr\/en\/wp-json\/wp\/v2\/product_brand?post=46702"},{"taxonomy":"product_cat","embeddable":true,"href":"https:\/\/www.booksonthemove.fr\/en\/wp-json\/wp\/v2\/product_cat?post=46702"},{"taxonomy":"product_tag","embeddable":true,"href":"https:\/\/www.booksonthemove.fr\/en\/wp-json\/wp\/v2\/product_tag?post=46702"}],"curies":[{"name":"wp","href":"https:\/\/api.w.org\/{rel}","templated":true}]}}