{"id":46752,"date":"2026-01-14T21:51:42","date_gmt":"2026-01-14T20:51:42","guid":{"rendered":"https:\/\/www.booksonthemove.fr\/produit\/journal-dun-paysan\/"},"modified":"2026-03-07T15:40:00","modified_gmt":"2026-03-07T14:40:00","slug":"journal-dun-paysan","status":"publish","type":"product","link":"https:\/\/www.booksonthemove.fr\/en\/produit\/journal-dun-paysan\/","title":{"rendered":"Journal d\u2019un paysan"},"content":{"rendered":"<p><em>\u00ab\u00a0Dimanche 20\u00a0f\u00e9vrier. Enfant, je me demandais pourquoi le mot <\/em>temps<em> d\u00e9signait \u00e0 la fois l\u2019\u00e9coulement des jours et la m\u00e9t\u00e9o. Depuis que je suis paysan, je sais. Pour la m\u00eame raison que le mot <\/em>culture<em> d\u00e9signe tout \u00e0 la fois le travail de la terre et notre rapport au monde.\u00a0\u00bb<\/em><\/p>\n<p>Chaque soir, pendant un an, un paysan t\u00e9moigne en quelques lignes de son activit\u00e9 du jour. Ses textes nous donnent acc\u00e8s \u00e0 l\u2019intimit\u00e9 rugueuse d\u2019un m\u00e9tier fondamental devenu m\u00e9connu.<\/p>\n<p>On y trouve, entre autres, des bigaradiers, du d\u00e9sherbage, des souvenirs d\u2019enfance, des oiseaux, des coups de gueules, des alambics\u2026 On y d\u00e9couvre de l\u2019int\u00e9rieur, dans l\u2019oeil d\u2019un naturaliste, des champs, une fili\u00e8re, un pays.<\/p>\n<p>Ce journal rend compte d\u2019un engagement corps et \u00e2me dans une vocation. Il est aussi une ode \u00e0 la mati\u00e8re \u2013 naturelle, transform\u00e9e, vivante, spirituelle.<\/p>\n","protected":false},"excerpt":{"rendered":"<p><strong>AUTEUR : <\/strong>Jean-No\u00ebl Falcou<br \/>\n<strong>\u00c9DITEURS :<\/strong> \u00c9ditions Wildproject (2025)<\/p>\n<p><strong>BROCH\u00c9 :<\/strong> 224 pages<br \/>\n<strong>LANGUE :<\/strong> Fran\u00e7ais<br \/>\n<strong>ISBN13 :<\/strong> 978-2-381140-841<\/p>\n","protected":false},"featured_media":46751,"template":"","meta":[],"product_brand":[],"product_cat":[209,162,219],"product_tag":[],"class_list":{"0":"post-46752","1":"product","2":"type-product","3":"status-publish","4":"has-post-thumbnail","6":"product_cat-environment-en","7":"product_cat-french-en","8":"product_cat-literature-en","10":"first","11":"outofstock","12":"taxable","13":"shipping-taxable","14":"purchasable","15":"product-type-simple"},"yoast_head":"<!-- This site is optimized with the Yoast SEO plugin v27.5 - https:\/\/yoast.com\/product\/yoast-seo-wordpress\/ -->\n<title>Journal d\u2019un paysan - Books on the Move<\/title>\n<meta name=\"robots\" content=\"index, follow, max-snippet:-1, max-image-preview:large, max-video-preview:-1\" \/>\n<link rel=\"canonical\" href=\"https:\/\/www.booksonthemove.fr\/en\/produit\/journal-dun-paysan\/\" \/>\n<meta property=\"og:locale\" content=\"en_US\" \/>\n<meta property=\"og:type\" content=\"article\" \/>\n<meta property=\"og:title\" content=\"Journal d\u2019un paysan - Books on the Move\" \/>\n<meta property=\"og:description\" content=\"AUTEUR : Jean-No\u00ebl Falcou \u00c9DITEURS : \u00c9ditions Wildproject (2025)  BROCH\u00c9 : 224 pages LANGUE : Fran\u00e7ais ISBN13 : 978-2-381140-841\" \/>\n<meta property=\"og:url\" content=\"https:\/\/www.booksonthemove.fr\/en\/produit\/journal-dun-paysan\/\" \/>\n<meta property=\"og:site_name\" content=\"Books on the Move\" \/>\n<meta property=\"article:publisher\" content=\"https:\/\/www.facebook.com\/Librairiebooksonthemove\/\" \/>\n<meta property=\"article:modified_time\" content=\"2026-03-07T14:40:00+00:00\" \/>\n<meta property=\"og:image\" content=\"https:\/\/www.booksonthemove.fr\/media\/bom_2997.jpg\" \/>\n\t<meta property=\"og:image:width\" content=\"530\" \/>\n\t<meta property=\"og:image:height\" content=\"800\" \/>\n\t<meta property=\"og:image:type\" content=\"image\/jpeg\" \/>\n<meta name=\"twitter:card\" content=\"summary_large_image\" \/>\n<script type=\"application\/ld+json\" class=\"yoast-schema-graph\">{\"@context\":\"https:\\\/\\\/schema.org\",\"@graph\":[{\"@type\":\"WebPage\",\"@id\":\"https:\\\/\\\/www.booksonthemove.fr\\\/en\\\/produit\\\/journal-dun-paysan\\\/\",\"url\":\"https:\\\/\\\/www.booksonthemove.fr\\\/en\\\/produit\\\/journal-dun-paysan\\\/\",\"name\":\"Journal d\u2019un paysan - Books on the Move\",\"isPartOf\":{\"@id\":\"https:\\\/\\\/www.booksonthemove.fr\\\/#website\"},\"primaryImageOfPage\":{\"@id\":\"https:\\\/\\\/www.booksonthemove.fr\\\/en\\\/produit\\\/journal-dun-paysan\\\/#primaryimage\"},\"image\":{\"@id\":\"https:\\\/\\\/www.booksonthemove.fr\\\/en\\\/produit\\\/journal-dun-paysan\\\/#primaryimage\"},\"thumbnailUrl\":\"https:\\\/\\\/www.booksonthemove.fr\\\/media\\\/bom_2997.jpg\",\"datePublished\":\"2026-01-14T20:51:42+00:00\",\"dateModified\":\"2026-03-07T14:40:00+00:00\",\"breadcrumb\":{\"@id\":\"https:\\\/\\\/www.booksonthemove.fr\\\/en\\\/produit\\\/journal-dun-paysan\\\/#breadcrumb\"},\"inLanguage\":\"en-US\",\"potentialAction\":[{\"@type\":\"ReadAction\",\"target\":[\"https:\\\/\\\/www.booksonthemove.fr\\\/en\\\/produit\\\/journal-dun-paysan\\\/\"]}]},{\"@type\":\"ImageObject\",\"inLanguage\":\"en-US\",\"@id\":\"https:\\\/\\\/www.booksonthemove.fr\\\/en\\\/produit\\\/journal-dun-paysan\\\/#primaryimage\",\"url\":\"https:\\\/\\\/www.booksonthemove.fr\\\/media\\\/bom_2997.jpg\",\"contentUrl\":\"https:\\\/\\\/www.booksonthemove.fr\\\/media\\\/bom_2997.jpg\",\"width\":530,\"height\":800},{\"@type\":\"BreadcrumbList\",\"@id\":\"https:\\\/\\\/www.booksonthemove.fr\\\/en\\\/produit\\\/journal-dun-paysan\\\/#breadcrumb\",\"itemListElement\":[{\"@type\":\"ListItem\",\"position\":1,\"name\":\"Accueil\",\"item\":\"https:\\\/\\\/www.booksonthemove.fr\\\/en\\\/\"},{\"@type\":\"ListItem\",\"position\":2,\"name\":\"online store\",\"item\":\"https:\\\/\\\/www.booksonthemove.fr\\\/en\\\/online-shop\\\/\"},{\"@type\":\"ListItem\",\"position\":3,\"name\":\"Journal d\u2019un paysan\"}]},{\"@type\":\"WebSite\",\"@id\":\"https:\\\/\\\/www.booksonthemove.fr\\\/#website\",\"url\":\"https:\\\/\\\/www.booksonthemove.fr\\\/\",\"name\":\"Books on the Move\",\"description\":\"librairie nomade - danse - mouvement - performance\",\"publisher\":{\"@id\":\"https:\\\/\\\/www.booksonthemove.fr\\\/#organization\"},\"potentialAction\":[{\"@type\":\"SearchAction\",\"target\":{\"@type\":\"EntryPoint\",\"urlTemplate\":\"https:\\\/\\\/www.booksonthemove.fr\\\/?s={search_term_string}\"},\"query-input\":{\"@type\":\"PropertyValueSpecification\",\"valueRequired\":true,\"valueName\":\"search_term_string\"}}],\"inLanguage\":\"en-US\"},{\"@type\":\"Organization\",\"@id\":\"https:\\\/\\\/www.booksonthemove.fr\\\/#organization\",\"name\":\"Books on the Move\",\"url\":\"https:\\\/\\\/www.booksonthemove.fr\\\/\",\"logo\":{\"@type\":\"ImageObject\",\"inLanguage\":\"en-US\",\"@id\":\"https:\\\/\\\/www.booksonthemove.fr\\\/#\\\/schema\\\/logo\\\/image\\\/\",\"url\":\"https:\\\/\\\/www.booksonthemove.fr\\\/media\\\/logo-NB-400.jpg\",\"contentUrl\":\"https:\\\/\\\/www.booksonthemove.fr\\\/media\\\/logo-NB-400.jpg\",\"width\":400,\"height\":143,\"caption\":\"Books on the Move\"},\"image\":{\"@id\":\"https:\\\/\\\/www.booksonthemove.fr\\\/#\\\/schema\\\/logo\\\/image\\\/\"},\"sameAs\":[\"https:\\\/\\\/www.facebook.com\\\/Librairiebooksonthemove\\\/\"]}]}<\/script>\n<!-- \/ Yoast SEO plugin. -->","yoast_head_json":{"title":"Journal d\u2019un paysan - Books on the Move","robots":{"index":"index","follow":"follow","max-snippet":"max-snippet:-1","max-image-preview":"max-image-preview:large","max-video-preview":"max-video-preview:-1"},"canonical":"https:\/\/www.booksonthemove.fr\/en\/produit\/journal-dun-paysan\/","og_locale":"en_US","og_type":"article","og_title":"Journal d\u2019un paysan - Books on the Move","og_description":"AUTEUR : Jean-No\u00ebl Falcou \u00c9DITEURS : \u00c9ditions Wildproject (2025)  BROCH\u00c9 : 224 pages LANGUE : Fran\u00e7ais ISBN13 : 978-2-381140-841","og_url":"https:\/\/www.booksonthemove.fr\/en\/produit\/journal-dun-paysan\/","og_site_name":"Books on the Move","article_publisher":"https:\/\/www.facebook.com\/Librairiebooksonthemove\/","article_modified_time":"2026-03-07T14:40:00+00:00","og_image":[{"width":530,"height":800,"url":"https:\/\/www.booksonthemove.fr\/media\/bom_2997.jpg","type":"image\/jpeg"}],"twitter_card":"summary_large_image","schema":{"@context":"https:\/\/schema.org","@graph":[{"@type":"WebPage","@id":"https:\/\/www.booksonthemove.fr\/en\/produit\/journal-dun-paysan\/","url":"https:\/\/www.booksonthemove.fr\/en\/produit\/journal-dun-paysan\/","name":"Journal d\u2019un paysan - Books on the Move","isPartOf":{"@id":"https:\/\/www.booksonthemove.fr\/#website"},"primaryImageOfPage":{"@id":"https:\/\/www.booksonthemove.fr\/en\/produit\/journal-dun-paysan\/#primaryimage"},"image":{"@id":"https:\/\/www.booksonthemove.fr\/en\/produit\/journal-dun-paysan\/#primaryimage"},"thumbnailUrl":"https:\/\/www.booksonthemove.fr\/media\/bom_2997.jpg","datePublished":"2026-01-14T20:51:42+00:00","dateModified":"2026-03-07T14:40:00+00:00","breadcrumb":{"@id":"https:\/\/www.booksonthemove.fr\/en\/produit\/journal-dun-paysan\/#breadcrumb"},"inLanguage":"en-US","potentialAction":[{"@type":"ReadAction","target":["https:\/\/www.booksonthemove.fr\/en\/produit\/journal-dun-paysan\/"]}]},{"@type":"ImageObject","inLanguage":"en-US","@id":"https:\/\/www.booksonthemove.fr\/en\/produit\/journal-dun-paysan\/#primaryimage","url":"https:\/\/www.booksonthemove.fr\/media\/bom_2997.jpg","contentUrl":"https:\/\/www.booksonthemove.fr\/media\/bom_2997.jpg","width":530,"height":800},{"@type":"BreadcrumbList","@id":"https:\/\/www.booksonthemove.fr\/en\/produit\/journal-dun-paysan\/#breadcrumb","itemListElement":[{"@type":"ListItem","position":1,"name":"Accueil","item":"https:\/\/www.booksonthemove.fr\/en\/"},{"@type":"ListItem","position":2,"name":"online store","item":"https:\/\/www.booksonthemove.fr\/en\/online-shop\/"},{"@type":"ListItem","position":3,"name":"Journal d\u2019un paysan"}]},{"@type":"WebSite","@id":"https:\/\/www.booksonthemove.fr\/#website","url":"https:\/\/www.booksonthemove.fr\/","name":"Books on the Move","description":"librairie nomade - danse - mouvement - performance","publisher":{"@id":"https:\/\/www.booksonthemove.fr\/#organization"},"potentialAction":[{"@type":"SearchAction","target":{"@type":"EntryPoint","urlTemplate":"https:\/\/www.booksonthemove.fr\/?s={search_term_string}"},"query-input":{"@type":"PropertyValueSpecification","valueRequired":true,"valueName":"search_term_string"}}],"inLanguage":"en-US"},{"@type":"Organization","@id":"https:\/\/www.booksonthemove.fr\/#organization","name":"Books on the Move","url":"https:\/\/www.booksonthemove.fr\/","logo":{"@type":"ImageObject","inLanguage":"en-US","@id":"https:\/\/www.booksonthemove.fr\/#\/schema\/logo\/image\/","url":"https:\/\/www.booksonthemove.fr\/media\/logo-NB-400.jpg","contentUrl":"https:\/\/www.booksonthemove.fr\/media\/logo-NB-400.jpg","width":400,"height":143,"caption":"Books on the Move"},"image":{"@id":"https:\/\/www.booksonthemove.fr\/#\/schema\/logo\/image\/"},"sameAs":["https:\/\/www.facebook.com\/Librairiebooksonthemove\/"]}]}},"_links":{"self":[{"href":"https:\/\/www.booksonthemove.fr\/en\/wp-json\/wp\/v2\/product\/46752","targetHints":{"allow":["GET"]}}],"collection":[{"href":"https:\/\/www.booksonthemove.fr\/en\/wp-json\/wp\/v2\/product"}],"about":[{"href":"https:\/\/www.booksonthemove.fr\/en\/wp-json\/wp\/v2\/types\/product"}],"wp:featuredmedia":[{"embeddable":true,"href":"https:\/\/www.booksonthemove.fr\/en\/wp-json\/wp\/v2\/media\/46751"}],"wp:attachment":[{"href":"https:\/\/www.booksonthemove.fr\/en\/wp-json\/wp\/v2\/media?parent=46752"}],"wp:term":[{"taxonomy":"product_brand","embeddable":true,"href":"https:\/\/www.booksonthemove.fr\/en\/wp-json\/wp\/v2\/product_brand?post=46752"},{"taxonomy":"product_cat","embeddable":true,"href":"https:\/\/www.booksonthemove.fr\/en\/wp-json\/wp\/v2\/product_cat?post=46752"},{"taxonomy":"product_tag","embeddable":true,"href":"https:\/\/www.booksonthemove.fr\/en\/wp-json\/wp\/v2\/product_tag?post=46752"}],"curies":[{"name":"wp","href":"https:\/\/api.w.org\/{rel}","templated":true}]}}