{"id":46773,"date":"2026-01-25T20:00:45","date_gmt":"2026-01-25T19:00:45","guid":{"rendered":"https:\/\/www.booksonthemove.fr\/produit\/art-et-poesie-daction-intervention-performance-theorie-et-pratique\/"},"modified":"2026-01-25T20:01:29","modified_gmt":"2026-01-25T19:01:29","slug":"art-et-poesie-daction-intervention-performance-theorie-et-pratique","status":"publish","type":"product","link":"https:\/\/www.booksonthemove.fr\/en\/produit\/art-et-poesie-daction-intervention-performance-theorie-et-pratique\/","title":{"rendered":"Art et po\u00e9sie d&#8217;action, intervention, performance \u2013 Th\u00e9orie et pratique"},"content":{"rendered":"<p>Cette publication sur Richard Martel propose de relier la pratique et \u00e0 la th\u00e9orique, d&#8217;abord par une s\u00e9lection des activit\u00e9s, comme interventions dans diverses situations o\u00f9 le corps est en implication de diverses mani\u00e8res, en solo comme en complicit\u00e9s. Des trois-cents prestations dans une quarantaine de pays, on a retenu que l&#8217;essentiel qui t\u00e9moigne de l&#8217;art et de la po\u00e9sie en actes comme puissance performative, dans divers contextes. De courts commentaires sont r\u00e9dig\u00e9s pour mieux saisir l&#8217;originalit\u00e9 et l&#8217;\u00e9clectisme des propositions, leur engagement et leur vari\u00e9t\u00e9.<br \/>\nLa s\u00e9lection t\u00e9moigne de la situation de l&#8217;art et de la po\u00e9sie comme actes, souvent lors de festivals et de rencontres diverses ayant eu lieu entre 1980 et les ann\u00e9es 2020. C&#8217;est aussi un t\u00e9moignage qu&#8217;il n&#8217;y a d&#8217;art qu&#8217;actuel, au sens de l&#8217;acte. Aussi quelques textes sont ici publi\u00e9s ou republi\u00e9s en tenant compte des divers orientations dans l&#8217;alternative, surtout comme investigation et production langagi\u00e8re. Les notions comme la p\u00e9riph\u00e9rie, la m\u00e9thode, le r\u00e9seau, le risque, la position alchimique, le contexte, la relation sont une occasion de consid\u00e9rer le processus de l&#8217;art comme cr\u00e9ation au del\u00e0 de l&#8217;activit\u00e9 visant la production d&#8217;objets. C&#8217;est un d\u00e9sir de cr\u00e9ation qui ne s&#8217;implique plus strictement au niveau de sa production, mais envisage le pouvoir de l&#8217;art et de la po\u00e9sie comme la cr\u00e9ation de nouveaux rapports o\u00f9 le contexte est souvent d\u00e9terminant, comme un art d&#8217;action et d&#8217;action par l&#8217;art.<br \/>\nIl n&#8217;y a d&#8217;art qu&#8217;actuel justement par le pouvoir de la cr\u00e9ation o\u00f9 les limites sont transgress\u00e9es en offrant des alternatives au contr\u00f4le institutionnel. Cette s\u00e9lection de textes, plus ou moins pr\u00e9sent\u00e9e chronologiquement, offre des r\u00e9ponses aux conditionnements et c&#8217;est l&#8217;occasion pour le performatif d&#8217;agir comme un d\u00e9gagement des structures conventionnelles. C&#8217;est une occasion d&#8217;\u00e9changes et de transformations.<\/p>\n","protected":false},"excerpt":{"rendered":"<p><b>AUTEUR : <\/b>Richard Martel<br \/>\n<b>\u00c9DITEURS : <\/b>les presses du r\u00e9el et A.D.L.M.N\u00a0(2025)<\/p>\n<p><strong>BROCH\u00c9 :<\/strong> 288 pages<br \/>\n<b>LANGE : <\/b>Fran\u00e7ais<br \/>\n<strong>ISBN13 :<\/strong> 978-2-37896-625-6<\/p>\n","protected":false},"featured_media":46772,"template":"","meta":[],"product_brand":[],"product_cat":[157,162,152],"product_tag":[],"class_list":{"0":"post-46773","1":"product","2":"type-product","3":"status-publish","4":"has-post-thumbnail","6":"product_cat-artists-writings-en","7":"product_cat-french-en","8":"product_cat-performance-en","10":"first","11":"instock","12":"taxable","13":"shipping-taxable","14":"purchasable","15":"product-type-simple"},"yoast_head":"<!-- This site is optimized with the Yoast SEO plugin v27.4 - https:\/\/yoast.com\/product\/yoast-seo-wordpress\/ -->\n<title>Art et po\u00e9sie d&#039;action, intervention, performance \u2013 Th\u00e9orie et pratique - Books on the Move<\/title>\n<meta name=\"robots\" content=\"index, follow, max-snippet:-1, max-image-preview:large, max-video-preview:-1\" \/>\n<link rel=\"canonical\" href=\"https:\/\/www.booksonthemove.fr\/en\/produit\/art-et-poesie-daction-intervention-performance-theorie-et-pratique\/\" \/>\n<meta property=\"og:locale\" content=\"en_US\" \/>\n<meta property=\"og:type\" content=\"article\" \/>\n<meta property=\"og:title\" content=\"Art et po\u00e9sie d&#039;action, intervention, performance \u2013 Th\u00e9orie et pratique - Books on the Move\" \/>\n<meta property=\"og:description\" content=\"AUTEUR : Richard Martel \u00c9DITEURS : les presses du r\u00e9el et A.D.L.M.N\u00a0(2025)  BROCH\u00c9 : 288 pages LANGE : Fran\u00e7ais ISBN13 : 978-2-37896-625-6\" \/>\n<meta property=\"og:url\" content=\"https:\/\/www.booksonthemove.fr\/en\/produit\/art-et-poesie-daction-intervention-performance-theorie-et-pratique\/\" \/>\n<meta property=\"og:site_name\" content=\"Books on the Move\" \/>\n<meta property=\"article:publisher\" content=\"https:\/\/www.facebook.com\/Librairiebooksonthemove\/\" \/>\n<meta property=\"article:modified_time\" content=\"2026-01-25T19:01:29+00:00\" \/>\n<meta property=\"og:image\" content=\"https:\/\/www.booksonthemove.fr\/media\/bom_3010.jpg\" \/>\n\t<meta property=\"og:image:width\" content=\"1401\" \/>\n\t<meta property=\"og:image:height\" content=\"1800\" \/>\n\t<meta property=\"og:image:type\" content=\"image\/jpeg\" \/>\n<meta name=\"twitter:card\" content=\"summary_large_image\" \/>\n<script type=\"application\/ld+json\" class=\"yoast-schema-graph\">{\"@context\":\"https:\\\/\\\/schema.org\",\"@graph\":[{\"@type\":\"WebPage\",\"@id\":\"https:\\\/\\\/www.booksonthemove.fr\\\/en\\\/produit\\\/art-et-poesie-daction-intervention-performance-theorie-et-pratique\\\/\",\"url\":\"https:\\\/\\\/www.booksonthemove.fr\\\/en\\\/produit\\\/art-et-poesie-daction-intervention-performance-theorie-et-pratique\\\/\",\"name\":\"Art et po\u00e9sie d'action, intervention, performance \u2013 Th\u00e9orie et pratique - Books on the Move\",\"isPartOf\":{\"@id\":\"https:\\\/\\\/www.booksonthemove.fr\\\/#website\"},\"primaryImageOfPage\":{\"@id\":\"https:\\\/\\\/www.booksonthemove.fr\\\/en\\\/produit\\\/art-et-poesie-daction-intervention-performance-theorie-et-pratique\\\/#primaryimage\"},\"image\":{\"@id\":\"https:\\\/\\\/www.booksonthemove.fr\\\/en\\\/produit\\\/art-et-poesie-daction-intervention-performance-theorie-et-pratique\\\/#primaryimage\"},\"thumbnailUrl\":\"https:\\\/\\\/www.booksonthemove.fr\\\/media\\\/bom_3010.jpg\",\"datePublished\":\"2026-01-25T19:00:45+00:00\",\"dateModified\":\"2026-01-25T19:01:29+00:00\",\"breadcrumb\":{\"@id\":\"https:\\\/\\\/www.booksonthemove.fr\\\/en\\\/produit\\\/art-et-poesie-daction-intervention-performance-theorie-et-pratique\\\/#breadcrumb\"},\"inLanguage\":\"en-US\",\"potentialAction\":[{\"@type\":\"ReadAction\",\"target\":[\"https:\\\/\\\/www.booksonthemove.fr\\\/en\\\/produit\\\/art-et-poesie-daction-intervention-performance-theorie-et-pratique\\\/\"]}]},{\"@type\":\"ImageObject\",\"inLanguage\":\"en-US\",\"@id\":\"https:\\\/\\\/www.booksonthemove.fr\\\/en\\\/produit\\\/art-et-poesie-daction-intervention-performance-theorie-et-pratique\\\/#primaryimage\",\"url\":\"https:\\\/\\\/www.booksonthemove.fr\\\/media\\\/bom_3010.jpg\",\"contentUrl\":\"https:\\\/\\\/www.booksonthemove.fr\\\/media\\\/bom_3010.jpg\",\"width\":1401,\"height\":1800},{\"@type\":\"BreadcrumbList\",\"@id\":\"https:\\\/\\\/www.booksonthemove.fr\\\/en\\\/produit\\\/art-et-poesie-daction-intervention-performance-theorie-et-pratique\\\/#breadcrumb\",\"itemListElement\":[{\"@type\":\"ListItem\",\"position\":1,\"name\":\"Accueil\",\"item\":\"https:\\\/\\\/www.booksonthemove.fr\\\/en\\\/\"},{\"@type\":\"ListItem\",\"position\":2,\"name\":\"online store\",\"item\":\"https:\\\/\\\/www.booksonthemove.fr\\\/en\\\/online-shop\\\/\"},{\"@type\":\"ListItem\",\"position\":3,\"name\":\"Art et po\u00e9sie d&rsquo;action, intervention, performance \u2013 Th\u00e9orie et pratique\"}]},{\"@type\":\"WebSite\",\"@id\":\"https:\\\/\\\/www.booksonthemove.fr\\\/#website\",\"url\":\"https:\\\/\\\/www.booksonthemove.fr\\\/\",\"name\":\"Books on the Move\",\"description\":\"librairie nomade - danse - mouvement - performance\",\"publisher\":{\"@id\":\"https:\\\/\\\/www.booksonthemove.fr\\\/#organization\"},\"potentialAction\":[{\"@type\":\"SearchAction\",\"target\":{\"@type\":\"EntryPoint\",\"urlTemplate\":\"https:\\\/\\\/www.booksonthemove.fr\\\/?s={search_term_string}\"},\"query-input\":{\"@type\":\"PropertyValueSpecification\",\"valueRequired\":true,\"valueName\":\"search_term_string\"}}],\"inLanguage\":\"en-US\"},{\"@type\":\"Organization\",\"@id\":\"https:\\\/\\\/www.booksonthemove.fr\\\/#organization\",\"name\":\"Books on the Move\",\"url\":\"https:\\\/\\\/www.booksonthemove.fr\\\/\",\"logo\":{\"@type\":\"ImageObject\",\"inLanguage\":\"en-US\",\"@id\":\"https:\\\/\\\/www.booksonthemove.fr\\\/#\\\/schema\\\/logo\\\/image\\\/\",\"url\":\"https:\\\/\\\/www.booksonthemove.fr\\\/media\\\/logo-NB-400.jpg\",\"contentUrl\":\"https:\\\/\\\/www.booksonthemove.fr\\\/media\\\/logo-NB-400.jpg\",\"width\":400,\"height\":143,\"caption\":\"Books on the Move\"},\"image\":{\"@id\":\"https:\\\/\\\/www.booksonthemove.fr\\\/#\\\/schema\\\/logo\\\/image\\\/\"},\"sameAs\":[\"https:\\\/\\\/www.facebook.com\\\/Librairiebooksonthemove\\\/\"]}]}<\/script>\n<!-- \/ Yoast SEO plugin. -->","yoast_head_json":{"title":"Art et po\u00e9sie d'action, intervention, performance \u2013 Th\u00e9orie et pratique - Books on the Move","robots":{"index":"index","follow":"follow","max-snippet":"max-snippet:-1","max-image-preview":"max-image-preview:large","max-video-preview":"max-video-preview:-1"},"canonical":"https:\/\/www.booksonthemove.fr\/en\/produit\/art-et-poesie-daction-intervention-performance-theorie-et-pratique\/","og_locale":"en_US","og_type":"article","og_title":"Art et po\u00e9sie d'action, intervention, performance \u2013 Th\u00e9orie et pratique - Books on the Move","og_description":"AUTEUR : Richard Martel \u00c9DITEURS : les presses du r\u00e9el et A.D.L.M.N\u00a0(2025)  BROCH\u00c9 : 288 pages LANGE : Fran\u00e7ais ISBN13 : 978-2-37896-625-6","og_url":"https:\/\/www.booksonthemove.fr\/en\/produit\/art-et-poesie-daction-intervention-performance-theorie-et-pratique\/","og_site_name":"Books on the Move","article_publisher":"https:\/\/www.facebook.com\/Librairiebooksonthemove\/","article_modified_time":"2026-01-25T19:01:29+00:00","og_image":[{"width":1401,"height":1800,"url":"https:\/\/www.booksonthemove.fr\/media\/bom_3010.jpg","type":"image\/jpeg"}],"twitter_card":"summary_large_image","schema":{"@context":"https:\/\/schema.org","@graph":[{"@type":"WebPage","@id":"https:\/\/www.booksonthemove.fr\/en\/produit\/art-et-poesie-daction-intervention-performance-theorie-et-pratique\/","url":"https:\/\/www.booksonthemove.fr\/en\/produit\/art-et-poesie-daction-intervention-performance-theorie-et-pratique\/","name":"Art et po\u00e9sie d'action, intervention, performance \u2013 Th\u00e9orie et pratique - Books on the Move","isPartOf":{"@id":"https:\/\/www.booksonthemove.fr\/#website"},"primaryImageOfPage":{"@id":"https:\/\/www.booksonthemove.fr\/en\/produit\/art-et-poesie-daction-intervention-performance-theorie-et-pratique\/#primaryimage"},"image":{"@id":"https:\/\/www.booksonthemove.fr\/en\/produit\/art-et-poesie-daction-intervention-performance-theorie-et-pratique\/#primaryimage"},"thumbnailUrl":"https:\/\/www.booksonthemove.fr\/media\/bom_3010.jpg","datePublished":"2026-01-25T19:00:45+00:00","dateModified":"2026-01-25T19:01:29+00:00","breadcrumb":{"@id":"https:\/\/www.booksonthemove.fr\/en\/produit\/art-et-poesie-daction-intervention-performance-theorie-et-pratique\/#breadcrumb"},"inLanguage":"en-US","potentialAction":[{"@type":"ReadAction","target":["https:\/\/www.booksonthemove.fr\/en\/produit\/art-et-poesie-daction-intervention-performance-theorie-et-pratique\/"]}]},{"@type":"ImageObject","inLanguage":"en-US","@id":"https:\/\/www.booksonthemove.fr\/en\/produit\/art-et-poesie-daction-intervention-performance-theorie-et-pratique\/#primaryimage","url":"https:\/\/www.booksonthemove.fr\/media\/bom_3010.jpg","contentUrl":"https:\/\/www.booksonthemove.fr\/media\/bom_3010.jpg","width":1401,"height":1800},{"@type":"BreadcrumbList","@id":"https:\/\/www.booksonthemove.fr\/en\/produit\/art-et-poesie-daction-intervention-performance-theorie-et-pratique\/#breadcrumb","itemListElement":[{"@type":"ListItem","position":1,"name":"Accueil","item":"https:\/\/www.booksonthemove.fr\/en\/"},{"@type":"ListItem","position":2,"name":"online store","item":"https:\/\/www.booksonthemove.fr\/en\/online-shop\/"},{"@type":"ListItem","position":3,"name":"Art et po\u00e9sie d&rsquo;action, intervention, performance \u2013 Th\u00e9orie et pratique"}]},{"@type":"WebSite","@id":"https:\/\/www.booksonthemove.fr\/#website","url":"https:\/\/www.booksonthemove.fr\/","name":"Books on the Move","description":"librairie nomade - danse - mouvement - performance","publisher":{"@id":"https:\/\/www.booksonthemove.fr\/#organization"},"potentialAction":[{"@type":"SearchAction","target":{"@type":"EntryPoint","urlTemplate":"https:\/\/www.booksonthemove.fr\/?s={search_term_string}"},"query-input":{"@type":"PropertyValueSpecification","valueRequired":true,"valueName":"search_term_string"}}],"inLanguage":"en-US"},{"@type":"Organization","@id":"https:\/\/www.booksonthemove.fr\/#organization","name":"Books on the Move","url":"https:\/\/www.booksonthemove.fr\/","logo":{"@type":"ImageObject","inLanguage":"en-US","@id":"https:\/\/www.booksonthemove.fr\/#\/schema\/logo\/image\/","url":"https:\/\/www.booksonthemove.fr\/media\/logo-NB-400.jpg","contentUrl":"https:\/\/www.booksonthemove.fr\/media\/logo-NB-400.jpg","width":400,"height":143,"caption":"Books on the Move"},"image":{"@id":"https:\/\/www.booksonthemove.fr\/#\/schema\/logo\/image\/"},"sameAs":["https:\/\/www.facebook.com\/Librairiebooksonthemove\/"]}]}},"_links":{"self":[{"href":"https:\/\/www.booksonthemove.fr\/en\/wp-json\/wp\/v2\/product\/46773","targetHints":{"allow":["GET"]}}],"collection":[{"href":"https:\/\/www.booksonthemove.fr\/en\/wp-json\/wp\/v2\/product"}],"about":[{"href":"https:\/\/www.booksonthemove.fr\/en\/wp-json\/wp\/v2\/types\/product"}],"wp:featuredmedia":[{"embeddable":true,"href":"https:\/\/www.booksonthemove.fr\/en\/wp-json\/wp\/v2\/media\/46772"}],"wp:attachment":[{"href":"https:\/\/www.booksonthemove.fr\/en\/wp-json\/wp\/v2\/media?parent=46773"}],"wp:term":[{"taxonomy":"product_brand","embeddable":true,"href":"https:\/\/www.booksonthemove.fr\/en\/wp-json\/wp\/v2\/product_brand?post=46773"},{"taxonomy":"product_cat","embeddable":true,"href":"https:\/\/www.booksonthemove.fr\/en\/wp-json\/wp\/v2\/product_cat?post=46773"},{"taxonomy":"product_tag","embeddable":true,"href":"https:\/\/www.booksonthemove.fr\/en\/wp-json\/wp\/v2\/product_tag?post=46773"}],"curies":[{"name":"wp","href":"https:\/\/api.w.org\/{rel}","templated":true}]}}