{"id":46777,"date":"2026-01-25T20:08:38","date_gmt":"2026-01-25T19:08:38","guid":{"rendered":"https:\/\/www.booksonthemove.fr\/produit\/jouer-outils-pratiques-concepts-a-lusage-des-actrices-et-des-acteurs-tome-2\/"},"modified":"2026-03-17T11:05:31","modified_gmt":"2026-03-17T10:05:31","slug":"jouer-outils-pratiques-concepts-a-lusage-des-actrices-et-des-acteurs-tome-2","status":"publish","type":"product","link":"https:\/\/www.booksonthemove.fr\/en\/produit\/jouer-outils-pratiques-concepts-a-lusage-des-actrices-et-des-acteurs-tome-2\/","title":{"rendered":"Jouer \u2013 Outils, pratiques, concepts \u00e0 l\u2019usage des actrices et des acteurs. Tome 2"},"content":{"rendered":"<p>Con\u00e7u comme un manuel de mise en pratique qui accompagne au quotidien le travail des actrices et des acteurs professionnels ou en formation, ce second tome de <em>Jouer<\/em> propose une r\u00e9appropriation du m\u00e9tier bas\u00e9e sur l\u2019\u00e9tude et l\u2019entra\u00eenement r\u00e9guliers. Il s\u2019agit ici de confronter l\u2019art du jeu \u00e0 d\u2019autres disciplines artistiques (danse, chant polyphonique, rap, trap\u00e8ze, clown, photographie, etc.) mais aussi sportives (arts martiaux, tir sportif, handball, etc.) ou scientifiques (\u00e9thologie, neurosciences, etc.). Suivant un proc\u00e9d\u00e9 rigoureux qui s\u2019inspire de la m\u00e9thode scientifique (observations, exp\u00e9riences, raisonnements), les protocoles ont \u00e9t\u00e9 test\u00e9s par des praticiennes et praticiens de niveaux et d\u2019\u00e9coles diff\u00e9rentes, et leurs effets sont explicit\u00e9s et<br \/>\npartag\u00e9s tant de l\u2019int\u00e9rieur de l\u2019action que de l\u2019ext\u00e9rieur.<\/p>\n<p>Organis\u00e9 en deux livrets th\u00e9matiques, ce second tome propose de nouvelles pratiques et modalit\u00e9s de mise au travail pour les actrices et les acteurs. Chaque exercice est d\u00e9crit de fa\u00e7on exhaustive et d\u00e9taill\u00e9e, afin de permettre \u00e0 chacun, peu importe son niveau, de le r\u00e9aliser aussi pr\u00e9cis\u00e9ment que possible. Ce livre est le fruit du travail de recherche men\u00e9 depuis dix ans au sein de la Fabrique autonome des acteurs, qui s\u2019appuie sur la transdisciplinarit\u00e9 comme m\u00e9thode fondamentale.<\/p>\n","protected":false},"excerpt":{"rendered":"<p><strong>AUTRICES :<\/strong>\u00a0Daria Lippi et Juliette Salmon<br \/>\n<strong>\u00c9DITEUR :<\/strong> B42 (2024)<\/p>\n<p><strong>BROCH\u00c9 :<\/strong> 208 pages<br \/>\n<strong>LANGUE :<\/strong>\u00a0Fran\u00e7ais<br \/>\n<strong>ISBN13 :<\/strong> 978 2 494 98321 2<\/p>\n","protected":false},"featured_media":46776,"template":"","meta":[],"product_brand":[],"product_cat":[162,241,734],"product_tag":[],"class_list":{"0":"post-46777","1":"product","2":"type-product","3":"status-publish","4":"has-post-thumbnail","6":"product_cat-french-en","7":"product_cat-theater-en","8":"product_cat-transmission-en","10":"first","11":"instock","12":"taxable","13":"shipping-taxable","14":"purchasable","15":"product-type-simple"},"yoast_head":"<!-- This site is optimized with the Yoast SEO plugin v27.5 - https:\/\/yoast.com\/product\/yoast-seo-wordpress\/ -->\n<title>Jouer \u2013 Outils, pratiques, concepts \u00e0 l\u2019usage des actrices et des acteurs. Tome 2 - Books on the Move<\/title>\n<meta name=\"robots\" content=\"index, follow, max-snippet:-1, max-image-preview:large, max-video-preview:-1\" \/>\n<link rel=\"canonical\" href=\"https:\/\/www.booksonthemove.fr\/en\/produit\/jouer-outils-pratiques-concepts-a-lusage-des-actrices-et-des-acteurs-tome-2\/\" \/>\n<meta property=\"og:locale\" content=\"en_US\" \/>\n<meta property=\"og:type\" content=\"article\" \/>\n<meta property=\"og:title\" content=\"Jouer \u2013 Outils, pratiques, concepts \u00e0 l\u2019usage des actrices et des acteurs. Tome 2 - Books on the Move\" \/>\n<meta property=\"og:description\" content=\"AUTRICES :\u00a0Daria Lippi et Juliette Salmon \u00c9DITEUR : B42 (2024)  BROCH\u00c9 : 208 pages LANGUE :\u00a0Fran\u00e7ais ISBN13 : 978 2 494 98321 2\" \/>\n<meta property=\"og:url\" content=\"https:\/\/www.booksonthemove.fr\/en\/produit\/jouer-outils-pratiques-concepts-a-lusage-des-actrices-et-des-acteurs-tome-2\/\" \/>\n<meta property=\"og:site_name\" content=\"Books on the Move\" \/>\n<meta property=\"article:publisher\" content=\"https:\/\/www.facebook.com\/Librairiebooksonthemove\/\" \/>\n<meta property=\"article:modified_time\" content=\"2026-03-17T10:05:31+00:00\" \/>\n<meta property=\"og:image\" content=\"https:\/\/www.booksonthemove.fr\/media\/bom_3028.jpg\" \/>\n\t<meta property=\"og:image:width\" content=\"941\" \/>\n\t<meta property=\"og:image:height\" content=\"1500\" \/>\n\t<meta property=\"og:image:type\" content=\"image\/jpeg\" \/>\n<meta name=\"twitter:card\" content=\"summary_large_image\" \/>\n<script type=\"application\/ld+json\" class=\"yoast-schema-graph\">{\"@context\":\"https:\\\/\\\/schema.org\",\"@graph\":[{\"@type\":\"WebPage\",\"@id\":\"https:\\\/\\\/www.booksonthemove.fr\\\/en\\\/produit\\\/jouer-outils-pratiques-concepts-a-lusage-des-actrices-et-des-acteurs-tome-2\\\/\",\"url\":\"https:\\\/\\\/www.booksonthemove.fr\\\/en\\\/produit\\\/jouer-outils-pratiques-concepts-a-lusage-des-actrices-et-des-acteurs-tome-2\\\/\",\"name\":\"Jouer \u2013 Outils, pratiques, concepts \u00e0 l\u2019usage des actrices et des acteurs. Tome 2 - Books on the Move\",\"isPartOf\":{\"@id\":\"https:\\\/\\\/www.booksonthemove.fr\\\/#website\"},\"primaryImageOfPage\":{\"@id\":\"https:\\\/\\\/www.booksonthemove.fr\\\/en\\\/produit\\\/jouer-outils-pratiques-concepts-a-lusage-des-actrices-et-des-acteurs-tome-2\\\/#primaryimage\"},\"image\":{\"@id\":\"https:\\\/\\\/www.booksonthemove.fr\\\/en\\\/produit\\\/jouer-outils-pratiques-concepts-a-lusage-des-actrices-et-des-acteurs-tome-2\\\/#primaryimage\"},\"thumbnailUrl\":\"https:\\\/\\\/www.booksonthemove.fr\\\/media\\\/bom_3028.jpg\",\"datePublished\":\"2026-01-25T19:08:38+00:00\",\"dateModified\":\"2026-03-17T10:05:31+00:00\",\"breadcrumb\":{\"@id\":\"https:\\\/\\\/www.booksonthemove.fr\\\/en\\\/produit\\\/jouer-outils-pratiques-concepts-a-lusage-des-actrices-et-des-acteurs-tome-2\\\/#breadcrumb\"},\"inLanguage\":\"en-US\",\"potentialAction\":[{\"@type\":\"ReadAction\",\"target\":[\"https:\\\/\\\/www.booksonthemove.fr\\\/en\\\/produit\\\/jouer-outils-pratiques-concepts-a-lusage-des-actrices-et-des-acteurs-tome-2\\\/\"]}]},{\"@type\":\"ImageObject\",\"inLanguage\":\"en-US\",\"@id\":\"https:\\\/\\\/www.booksonthemove.fr\\\/en\\\/produit\\\/jouer-outils-pratiques-concepts-a-lusage-des-actrices-et-des-acteurs-tome-2\\\/#primaryimage\",\"url\":\"https:\\\/\\\/www.booksonthemove.fr\\\/media\\\/bom_3028.jpg\",\"contentUrl\":\"https:\\\/\\\/www.booksonthemove.fr\\\/media\\\/bom_3028.jpg\",\"width\":941,\"height\":1500},{\"@type\":\"BreadcrumbList\",\"@id\":\"https:\\\/\\\/www.booksonthemove.fr\\\/en\\\/produit\\\/jouer-outils-pratiques-concepts-a-lusage-des-actrices-et-des-acteurs-tome-2\\\/#breadcrumb\",\"itemListElement\":[{\"@type\":\"ListItem\",\"position\":1,\"name\":\"Accueil\",\"item\":\"https:\\\/\\\/www.booksonthemove.fr\\\/en\\\/\"},{\"@type\":\"ListItem\",\"position\":2,\"name\":\"online store\",\"item\":\"https:\\\/\\\/www.booksonthemove.fr\\\/en\\\/online-shop\\\/\"},{\"@type\":\"ListItem\",\"position\":3,\"name\":\"Jouer \u2013 Outils, pratiques, concepts \u00e0 l\u2019usage des actrices et des acteurs. Tome 2\"}]},{\"@type\":\"WebSite\",\"@id\":\"https:\\\/\\\/www.booksonthemove.fr\\\/#website\",\"url\":\"https:\\\/\\\/www.booksonthemove.fr\\\/\",\"name\":\"Books on the Move\",\"description\":\"librairie nomade - danse - mouvement - performance\",\"publisher\":{\"@id\":\"https:\\\/\\\/www.booksonthemove.fr\\\/#organization\"},\"potentialAction\":[{\"@type\":\"SearchAction\",\"target\":{\"@type\":\"EntryPoint\",\"urlTemplate\":\"https:\\\/\\\/www.booksonthemove.fr\\\/?s={search_term_string}\"},\"query-input\":{\"@type\":\"PropertyValueSpecification\",\"valueRequired\":true,\"valueName\":\"search_term_string\"}}],\"inLanguage\":\"en-US\"},{\"@type\":\"Organization\",\"@id\":\"https:\\\/\\\/www.booksonthemove.fr\\\/#organization\",\"name\":\"Books on the Move\",\"url\":\"https:\\\/\\\/www.booksonthemove.fr\\\/\",\"logo\":{\"@type\":\"ImageObject\",\"inLanguage\":\"en-US\",\"@id\":\"https:\\\/\\\/www.booksonthemove.fr\\\/#\\\/schema\\\/logo\\\/image\\\/\",\"url\":\"https:\\\/\\\/www.booksonthemove.fr\\\/media\\\/logo-NB-400.jpg\",\"contentUrl\":\"https:\\\/\\\/www.booksonthemove.fr\\\/media\\\/logo-NB-400.jpg\",\"width\":400,\"height\":143,\"caption\":\"Books on the Move\"},\"image\":{\"@id\":\"https:\\\/\\\/www.booksonthemove.fr\\\/#\\\/schema\\\/logo\\\/image\\\/\"},\"sameAs\":[\"https:\\\/\\\/www.facebook.com\\\/Librairiebooksonthemove\\\/\"]}]}<\/script>\n<!-- \/ Yoast SEO plugin. -->","yoast_head_json":{"title":"Jouer \u2013 Outils, pratiques, concepts \u00e0 l\u2019usage des actrices et des acteurs. Tome 2 - Books on the Move","robots":{"index":"index","follow":"follow","max-snippet":"max-snippet:-1","max-image-preview":"max-image-preview:large","max-video-preview":"max-video-preview:-1"},"canonical":"https:\/\/www.booksonthemove.fr\/en\/produit\/jouer-outils-pratiques-concepts-a-lusage-des-actrices-et-des-acteurs-tome-2\/","og_locale":"en_US","og_type":"article","og_title":"Jouer \u2013 Outils, pratiques, concepts \u00e0 l\u2019usage des actrices et des acteurs. Tome 2 - Books on the Move","og_description":"AUTRICES :\u00a0Daria Lippi et Juliette Salmon \u00c9DITEUR : B42 (2024)  BROCH\u00c9 : 208 pages LANGUE :\u00a0Fran\u00e7ais ISBN13 : 978 2 494 98321 2","og_url":"https:\/\/www.booksonthemove.fr\/en\/produit\/jouer-outils-pratiques-concepts-a-lusage-des-actrices-et-des-acteurs-tome-2\/","og_site_name":"Books on the Move","article_publisher":"https:\/\/www.facebook.com\/Librairiebooksonthemove\/","article_modified_time":"2026-03-17T10:05:31+00:00","og_image":[{"width":941,"height":1500,"url":"https:\/\/www.booksonthemove.fr\/media\/bom_3028.jpg","type":"image\/jpeg"}],"twitter_card":"summary_large_image","schema":{"@context":"https:\/\/schema.org","@graph":[{"@type":"WebPage","@id":"https:\/\/www.booksonthemove.fr\/en\/produit\/jouer-outils-pratiques-concepts-a-lusage-des-actrices-et-des-acteurs-tome-2\/","url":"https:\/\/www.booksonthemove.fr\/en\/produit\/jouer-outils-pratiques-concepts-a-lusage-des-actrices-et-des-acteurs-tome-2\/","name":"Jouer \u2013 Outils, pratiques, concepts \u00e0 l\u2019usage des actrices et des acteurs. Tome 2 - Books on the Move","isPartOf":{"@id":"https:\/\/www.booksonthemove.fr\/#website"},"primaryImageOfPage":{"@id":"https:\/\/www.booksonthemove.fr\/en\/produit\/jouer-outils-pratiques-concepts-a-lusage-des-actrices-et-des-acteurs-tome-2\/#primaryimage"},"image":{"@id":"https:\/\/www.booksonthemove.fr\/en\/produit\/jouer-outils-pratiques-concepts-a-lusage-des-actrices-et-des-acteurs-tome-2\/#primaryimage"},"thumbnailUrl":"https:\/\/www.booksonthemove.fr\/media\/bom_3028.jpg","datePublished":"2026-01-25T19:08:38+00:00","dateModified":"2026-03-17T10:05:31+00:00","breadcrumb":{"@id":"https:\/\/www.booksonthemove.fr\/en\/produit\/jouer-outils-pratiques-concepts-a-lusage-des-actrices-et-des-acteurs-tome-2\/#breadcrumb"},"inLanguage":"en-US","potentialAction":[{"@type":"ReadAction","target":["https:\/\/www.booksonthemove.fr\/en\/produit\/jouer-outils-pratiques-concepts-a-lusage-des-actrices-et-des-acteurs-tome-2\/"]}]},{"@type":"ImageObject","inLanguage":"en-US","@id":"https:\/\/www.booksonthemove.fr\/en\/produit\/jouer-outils-pratiques-concepts-a-lusage-des-actrices-et-des-acteurs-tome-2\/#primaryimage","url":"https:\/\/www.booksonthemove.fr\/media\/bom_3028.jpg","contentUrl":"https:\/\/www.booksonthemove.fr\/media\/bom_3028.jpg","width":941,"height":1500},{"@type":"BreadcrumbList","@id":"https:\/\/www.booksonthemove.fr\/en\/produit\/jouer-outils-pratiques-concepts-a-lusage-des-actrices-et-des-acteurs-tome-2\/#breadcrumb","itemListElement":[{"@type":"ListItem","position":1,"name":"Accueil","item":"https:\/\/www.booksonthemove.fr\/en\/"},{"@type":"ListItem","position":2,"name":"online store","item":"https:\/\/www.booksonthemove.fr\/en\/online-shop\/"},{"@type":"ListItem","position":3,"name":"Jouer \u2013 Outils, pratiques, concepts \u00e0 l\u2019usage des actrices et des acteurs. Tome 2"}]},{"@type":"WebSite","@id":"https:\/\/www.booksonthemove.fr\/#website","url":"https:\/\/www.booksonthemove.fr\/","name":"Books on the Move","description":"librairie nomade - danse - mouvement - performance","publisher":{"@id":"https:\/\/www.booksonthemove.fr\/#organization"},"potentialAction":[{"@type":"SearchAction","target":{"@type":"EntryPoint","urlTemplate":"https:\/\/www.booksonthemove.fr\/?s={search_term_string}"},"query-input":{"@type":"PropertyValueSpecification","valueRequired":true,"valueName":"search_term_string"}}],"inLanguage":"en-US"},{"@type":"Organization","@id":"https:\/\/www.booksonthemove.fr\/#organization","name":"Books on the Move","url":"https:\/\/www.booksonthemove.fr\/","logo":{"@type":"ImageObject","inLanguage":"en-US","@id":"https:\/\/www.booksonthemove.fr\/#\/schema\/logo\/image\/","url":"https:\/\/www.booksonthemove.fr\/media\/logo-NB-400.jpg","contentUrl":"https:\/\/www.booksonthemove.fr\/media\/logo-NB-400.jpg","width":400,"height":143,"caption":"Books on the Move"},"image":{"@id":"https:\/\/www.booksonthemove.fr\/#\/schema\/logo\/image\/"},"sameAs":["https:\/\/www.facebook.com\/Librairiebooksonthemove\/"]}]}},"_links":{"self":[{"href":"https:\/\/www.booksonthemove.fr\/en\/wp-json\/wp\/v2\/product\/46777","targetHints":{"allow":["GET"]}}],"collection":[{"href":"https:\/\/www.booksonthemove.fr\/en\/wp-json\/wp\/v2\/product"}],"about":[{"href":"https:\/\/www.booksonthemove.fr\/en\/wp-json\/wp\/v2\/types\/product"}],"wp:featuredmedia":[{"embeddable":true,"href":"https:\/\/www.booksonthemove.fr\/en\/wp-json\/wp\/v2\/media\/46776"}],"wp:attachment":[{"href":"https:\/\/www.booksonthemove.fr\/en\/wp-json\/wp\/v2\/media?parent=46777"}],"wp:term":[{"taxonomy":"product_brand","embeddable":true,"href":"https:\/\/www.booksonthemove.fr\/en\/wp-json\/wp\/v2\/product_brand?post=46777"},{"taxonomy":"product_cat","embeddable":true,"href":"https:\/\/www.booksonthemove.fr\/en\/wp-json\/wp\/v2\/product_cat?post=46777"},{"taxonomy":"product_tag","embeddable":true,"href":"https:\/\/www.booksonthemove.fr\/en\/wp-json\/wp\/v2\/product_tag?post=46777"}],"curies":[{"name":"wp","href":"https:\/\/api.w.org\/{rel}","templated":true}]}}