{"id":46831,"date":"2026-02-01T10:02:14","date_gmt":"2026-02-01T09:02:14","guid":{"rendered":"https:\/\/www.booksonthemove.fr\/produit\/loeil-detourne-mains-et-imaginaires-tactiles-au-cinema\/"},"modified":"2026-02-09T15:27:20","modified_gmt":"2026-02-09T14:27:20","slug":"loeil-detourne-mains-et-imaginaires-tactiles-au-cinema","status":"publish","type":"product","link":"https:\/\/www.booksonthemove.fr\/en\/produit\/loeil-detourne-mains-et-imaginaires-tactiles-au-cinema\/","title":{"rendered":"L\u2019\u0153il d\u00e9tourn\u00e9 &#8211; mains et imaginaires tactiles au cin\u00e9ma"},"content":{"rendered":"<p class=\"font_8 wixui-rich-text__text\">Nul mieux que le cin\u00e9ma ne renseigne sur nos mani\u00e8res de voir qui se d\u00e9veloppent et se transforment sous nos yeux. Regarder sa main, d\u00e9tourner d\u2019elle son regard, attraper l\u2019\u0153il, percer les yeux, enfin toucher pour voir, sont des gestes que le cin\u00e9ma r\u00e9invente, des imaginaires tactiles qu\u2019il ouvre \u00e0 notre raison. Or, l\u2019analyse de ces gestes permet de rep\u00e9rer des p\u00e9riodes de mutation pour la vision, accompagn\u00e9e de ses inventions instrumentales\u00a0: le XXIe si\u00e8cle contemporain, le XIXe si\u00e8cle positiviste, la Renaissance, enfin la Pr\u00e9histoire que les films revisitent, du classicisme hollywoodien \u00e0 l\u2019extr\u00eame contemporain, en passant par l\u2019essai documentaire et le film exp\u00e9rimental. L\u2019\u0153il d\u00e9tourn\u00e9 d\u00e9signe dans ce livre cette histoire oblique du cin\u00e9ma, que suppose la mise \u00e0 distance de l\u2019acte de voir.<\/p>\n<p class=\"font_8 wixui-rich-text__text\">Nou\u00e9e \u00e0 l\u2019\u0153il par le montage, la main d\u00e9joue les cadres fig\u00e9s de nos fa\u00e7ons de regarder et redessine d\u2019un film \u00e0 l\u2019autre les contours de notre humanit\u00e9 : m\u00e9tamorphos\u00e9e par l\u2019animal, hant\u00e9e par les machines, ab\u00eem\u00e9e par le travail.<\/p>\n","protected":false},"excerpt":{"rendered":"<p><strong>AUTEURE : <\/strong>Emmanuelle Andr\u00e9<br \/>\n<strong>\u00c9DITEUR :<\/strong> De l\u2019incidence \u00e9diteur (2020)<\/p>\n<p><strong>BROCH\u00c9 :<\/strong> 332 pages<br \/>\n<strong>LANGUE :<\/strong> Fran\u00e7ais<br \/>\n<strong>ISBN13 :<\/strong> 978-2918193-52-4<\/p>\n","protected":false},"featured_media":46830,"template":"","meta":[],"product_brand":[],"product_cat":[216,146,162],"product_tag":[],"class_list":{"0":"post-46831","1":"product","2":"type-product","3":"status-publish","4":"has-post-thumbnail","6":"product_cat-films-en","7":"product_cat-theoretical-texts-en","8":"product_cat-french-en","10":"first","11":"instock","12":"taxable","13":"shipping-taxable","14":"purchasable","15":"product-type-simple"},"yoast_head":"<!-- This site is optimized with the Yoast SEO plugin v27.5 - https:\/\/yoast.com\/product\/yoast-seo-wordpress\/ -->\n<title>L\u2019\u0153il d\u00e9tourn\u00e9 - mains et imaginaires tactiles au cin\u00e9ma - Books on the Move<\/title>\n<meta name=\"robots\" content=\"index, follow, max-snippet:-1, max-image-preview:large, max-video-preview:-1\" \/>\n<link rel=\"canonical\" href=\"https:\/\/www.booksonthemove.fr\/en\/produit\/loeil-detourne-mains-et-imaginaires-tactiles-au-cinema\/\" \/>\n<meta property=\"og:locale\" content=\"en_US\" \/>\n<meta property=\"og:type\" content=\"article\" \/>\n<meta property=\"og:title\" content=\"L\u2019\u0153il d\u00e9tourn\u00e9 - mains et imaginaires tactiles au cin\u00e9ma - Books on the Move\" \/>\n<meta property=\"og:description\" content=\"AUTEURE : Emmanuelle Andr\u00e9 \u00c9DITEUR : De l\u2019incidence \u00e9diteur (2020)  BROCH\u00c9 : 332 pages LANGUE : Fran\u00e7ais ISBN13 : 978-2918193-52-4\" \/>\n<meta property=\"og:url\" content=\"https:\/\/www.booksonthemove.fr\/en\/produit\/loeil-detourne-mains-et-imaginaires-tactiles-au-cinema\/\" \/>\n<meta property=\"og:site_name\" content=\"Books on the Move\" \/>\n<meta property=\"article:publisher\" content=\"https:\/\/www.facebook.com\/Librairiebooksonthemove\/\" \/>\n<meta property=\"article:modified_time\" content=\"2026-02-09T14:27:20+00:00\" \/>\n<meta property=\"og:image\" content=\"https:\/\/www.booksonthemove.fr\/media\/bom_3025.jpg\" \/>\n\t<meta property=\"og:image:width\" content=\"706\" \/>\n\t<meta property=\"og:image:height\" content=\"948\" \/>\n\t<meta property=\"og:image:type\" content=\"image\/jpeg\" \/>\n<meta name=\"twitter:card\" content=\"summary_large_image\" \/>\n<script type=\"application\/ld+json\" class=\"yoast-schema-graph\">{\"@context\":\"https:\\\/\\\/schema.org\",\"@graph\":[{\"@type\":\"WebPage\",\"@id\":\"https:\\\/\\\/www.booksonthemove.fr\\\/en\\\/produit\\\/loeil-detourne-mains-et-imaginaires-tactiles-au-cinema\\\/\",\"url\":\"https:\\\/\\\/www.booksonthemove.fr\\\/en\\\/produit\\\/loeil-detourne-mains-et-imaginaires-tactiles-au-cinema\\\/\",\"name\":\"L\u2019\u0153il d\u00e9tourn\u00e9 - mains et imaginaires tactiles au cin\u00e9ma - Books on the Move\",\"isPartOf\":{\"@id\":\"https:\\\/\\\/www.booksonthemove.fr\\\/#website\"},\"primaryImageOfPage\":{\"@id\":\"https:\\\/\\\/www.booksonthemove.fr\\\/en\\\/produit\\\/loeil-detourne-mains-et-imaginaires-tactiles-au-cinema\\\/#primaryimage\"},\"image\":{\"@id\":\"https:\\\/\\\/www.booksonthemove.fr\\\/en\\\/produit\\\/loeil-detourne-mains-et-imaginaires-tactiles-au-cinema\\\/#primaryimage\"},\"thumbnailUrl\":\"https:\\\/\\\/www.booksonthemove.fr\\\/media\\\/bom_3025.jpg\",\"datePublished\":\"2026-02-01T09:02:14+00:00\",\"dateModified\":\"2026-02-09T14:27:20+00:00\",\"breadcrumb\":{\"@id\":\"https:\\\/\\\/www.booksonthemove.fr\\\/en\\\/produit\\\/loeil-detourne-mains-et-imaginaires-tactiles-au-cinema\\\/#breadcrumb\"},\"inLanguage\":\"en-US\",\"potentialAction\":[{\"@type\":\"ReadAction\",\"target\":[\"https:\\\/\\\/www.booksonthemove.fr\\\/en\\\/produit\\\/loeil-detourne-mains-et-imaginaires-tactiles-au-cinema\\\/\"]}]},{\"@type\":\"ImageObject\",\"inLanguage\":\"en-US\",\"@id\":\"https:\\\/\\\/www.booksonthemove.fr\\\/en\\\/produit\\\/loeil-detourne-mains-et-imaginaires-tactiles-au-cinema\\\/#primaryimage\",\"url\":\"https:\\\/\\\/www.booksonthemove.fr\\\/media\\\/bom_3025.jpg\",\"contentUrl\":\"https:\\\/\\\/www.booksonthemove.fr\\\/media\\\/bom_3025.jpg\",\"width\":706,\"height\":948},{\"@type\":\"BreadcrumbList\",\"@id\":\"https:\\\/\\\/www.booksonthemove.fr\\\/en\\\/produit\\\/loeil-detourne-mains-et-imaginaires-tactiles-au-cinema\\\/#breadcrumb\",\"itemListElement\":[{\"@type\":\"ListItem\",\"position\":1,\"name\":\"Accueil\",\"item\":\"https:\\\/\\\/www.booksonthemove.fr\\\/en\\\/\"},{\"@type\":\"ListItem\",\"position\":2,\"name\":\"online store\",\"item\":\"https:\\\/\\\/www.booksonthemove.fr\\\/en\\\/online-shop\\\/\"},{\"@type\":\"ListItem\",\"position\":3,\"name\":\"L\u2019\u0153il d\u00e9tourn\u00e9 &#8211; mains et imaginaires tactiles au cin\u00e9ma\"}]},{\"@type\":\"WebSite\",\"@id\":\"https:\\\/\\\/www.booksonthemove.fr\\\/#website\",\"url\":\"https:\\\/\\\/www.booksonthemove.fr\\\/\",\"name\":\"Books on the Move\",\"description\":\"librairie nomade - danse - mouvement - performance\",\"publisher\":{\"@id\":\"https:\\\/\\\/www.booksonthemove.fr\\\/#organization\"},\"potentialAction\":[{\"@type\":\"SearchAction\",\"target\":{\"@type\":\"EntryPoint\",\"urlTemplate\":\"https:\\\/\\\/www.booksonthemove.fr\\\/?s={search_term_string}\"},\"query-input\":{\"@type\":\"PropertyValueSpecification\",\"valueRequired\":true,\"valueName\":\"search_term_string\"}}],\"inLanguage\":\"en-US\"},{\"@type\":\"Organization\",\"@id\":\"https:\\\/\\\/www.booksonthemove.fr\\\/#organization\",\"name\":\"Books on the Move\",\"url\":\"https:\\\/\\\/www.booksonthemove.fr\\\/\",\"logo\":{\"@type\":\"ImageObject\",\"inLanguage\":\"en-US\",\"@id\":\"https:\\\/\\\/www.booksonthemove.fr\\\/#\\\/schema\\\/logo\\\/image\\\/\",\"url\":\"https:\\\/\\\/www.booksonthemove.fr\\\/media\\\/logo-NB-400.jpg\",\"contentUrl\":\"https:\\\/\\\/www.booksonthemove.fr\\\/media\\\/logo-NB-400.jpg\",\"width\":400,\"height\":143,\"caption\":\"Books on the Move\"},\"image\":{\"@id\":\"https:\\\/\\\/www.booksonthemove.fr\\\/#\\\/schema\\\/logo\\\/image\\\/\"},\"sameAs\":[\"https:\\\/\\\/www.facebook.com\\\/Librairiebooksonthemove\\\/\"]}]}<\/script>\n<!-- \/ Yoast SEO plugin. -->","yoast_head_json":{"title":"L\u2019\u0153il d\u00e9tourn\u00e9 - mains et imaginaires tactiles au cin\u00e9ma - Books on the Move","robots":{"index":"index","follow":"follow","max-snippet":"max-snippet:-1","max-image-preview":"max-image-preview:large","max-video-preview":"max-video-preview:-1"},"canonical":"https:\/\/www.booksonthemove.fr\/en\/produit\/loeil-detourne-mains-et-imaginaires-tactiles-au-cinema\/","og_locale":"en_US","og_type":"article","og_title":"L\u2019\u0153il d\u00e9tourn\u00e9 - mains et imaginaires tactiles au cin\u00e9ma - Books on the Move","og_description":"AUTEURE : Emmanuelle Andr\u00e9 \u00c9DITEUR : De l\u2019incidence \u00e9diteur (2020)  BROCH\u00c9 : 332 pages LANGUE : Fran\u00e7ais ISBN13 : 978-2918193-52-4","og_url":"https:\/\/www.booksonthemove.fr\/en\/produit\/loeil-detourne-mains-et-imaginaires-tactiles-au-cinema\/","og_site_name":"Books on the Move","article_publisher":"https:\/\/www.facebook.com\/Librairiebooksonthemove\/","article_modified_time":"2026-02-09T14:27:20+00:00","og_image":[{"width":706,"height":948,"url":"https:\/\/www.booksonthemove.fr\/media\/bom_3025.jpg","type":"image\/jpeg"}],"twitter_card":"summary_large_image","schema":{"@context":"https:\/\/schema.org","@graph":[{"@type":"WebPage","@id":"https:\/\/www.booksonthemove.fr\/en\/produit\/loeil-detourne-mains-et-imaginaires-tactiles-au-cinema\/","url":"https:\/\/www.booksonthemove.fr\/en\/produit\/loeil-detourne-mains-et-imaginaires-tactiles-au-cinema\/","name":"L\u2019\u0153il d\u00e9tourn\u00e9 - mains et imaginaires tactiles au cin\u00e9ma - Books on the Move","isPartOf":{"@id":"https:\/\/www.booksonthemove.fr\/#website"},"primaryImageOfPage":{"@id":"https:\/\/www.booksonthemove.fr\/en\/produit\/loeil-detourne-mains-et-imaginaires-tactiles-au-cinema\/#primaryimage"},"image":{"@id":"https:\/\/www.booksonthemove.fr\/en\/produit\/loeil-detourne-mains-et-imaginaires-tactiles-au-cinema\/#primaryimage"},"thumbnailUrl":"https:\/\/www.booksonthemove.fr\/media\/bom_3025.jpg","datePublished":"2026-02-01T09:02:14+00:00","dateModified":"2026-02-09T14:27:20+00:00","breadcrumb":{"@id":"https:\/\/www.booksonthemove.fr\/en\/produit\/loeil-detourne-mains-et-imaginaires-tactiles-au-cinema\/#breadcrumb"},"inLanguage":"en-US","potentialAction":[{"@type":"ReadAction","target":["https:\/\/www.booksonthemove.fr\/en\/produit\/loeil-detourne-mains-et-imaginaires-tactiles-au-cinema\/"]}]},{"@type":"ImageObject","inLanguage":"en-US","@id":"https:\/\/www.booksonthemove.fr\/en\/produit\/loeil-detourne-mains-et-imaginaires-tactiles-au-cinema\/#primaryimage","url":"https:\/\/www.booksonthemove.fr\/media\/bom_3025.jpg","contentUrl":"https:\/\/www.booksonthemove.fr\/media\/bom_3025.jpg","width":706,"height":948},{"@type":"BreadcrumbList","@id":"https:\/\/www.booksonthemove.fr\/en\/produit\/loeil-detourne-mains-et-imaginaires-tactiles-au-cinema\/#breadcrumb","itemListElement":[{"@type":"ListItem","position":1,"name":"Accueil","item":"https:\/\/www.booksonthemove.fr\/en\/"},{"@type":"ListItem","position":2,"name":"online store","item":"https:\/\/www.booksonthemove.fr\/en\/online-shop\/"},{"@type":"ListItem","position":3,"name":"L\u2019\u0153il d\u00e9tourn\u00e9 &#8211; mains et imaginaires tactiles au cin\u00e9ma"}]},{"@type":"WebSite","@id":"https:\/\/www.booksonthemove.fr\/#website","url":"https:\/\/www.booksonthemove.fr\/","name":"Books on the Move","description":"librairie nomade - danse - mouvement - performance","publisher":{"@id":"https:\/\/www.booksonthemove.fr\/#organization"},"potentialAction":[{"@type":"SearchAction","target":{"@type":"EntryPoint","urlTemplate":"https:\/\/www.booksonthemove.fr\/?s={search_term_string}"},"query-input":{"@type":"PropertyValueSpecification","valueRequired":true,"valueName":"search_term_string"}}],"inLanguage":"en-US"},{"@type":"Organization","@id":"https:\/\/www.booksonthemove.fr\/#organization","name":"Books on the Move","url":"https:\/\/www.booksonthemove.fr\/","logo":{"@type":"ImageObject","inLanguage":"en-US","@id":"https:\/\/www.booksonthemove.fr\/#\/schema\/logo\/image\/","url":"https:\/\/www.booksonthemove.fr\/media\/logo-NB-400.jpg","contentUrl":"https:\/\/www.booksonthemove.fr\/media\/logo-NB-400.jpg","width":400,"height":143,"caption":"Books on the Move"},"image":{"@id":"https:\/\/www.booksonthemove.fr\/#\/schema\/logo\/image\/"},"sameAs":["https:\/\/www.facebook.com\/Librairiebooksonthemove\/"]}]}},"_links":{"self":[{"href":"https:\/\/www.booksonthemove.fr\/en\/wp-json\/wp\/v2\/product\/46831","targetHints":{"allow":["GET"]}}],"collection":[{"href":"https:\/\/www.booksonthemove.fr\/en\/wp-json\/wp\/v2\/product"}],"about":[{"href":"https:\/\/www.booksonthemove.fr\/en\/wp-json\/wp\/v2\/types\/product"}],"wp:featuredmedia":[{"embeddable":true,"href":"https:\/\/www.booksonthemove.fr\/en\/wp-json\/wp\/v2\/media\/46830"}],"wp:attachment":[{"href":"https:\/\/www.booksonthemove.fr\/en\/wp-json\/wp\/v2\/media?parent=46831"}],"wp:term":[{"taxonomy":"product_brand","embeddable":true,"href":"https:\/\/www.booksonthemove.fr\/en\/wp-json\/wp\/v2\/product_brand?post=46831"},{"taxonomy":"product_cat","embeddable":true,"href":"https:\/\/www.booksonthemove.fr\/en\/wp-json\/wp\/v2\/product_cat?post=46831"},{"taxonomy":"product_tag","embeddable":true,"href":"https:\/\/www.booksonthemove.fr\/en\/wp-json\/wp\/v2\/product_tag?post=46831"}],"curies":[{"name":"wp","href":"https:\/\/api.w.org\/{rel}","templated":true}]}}