{"id":46837,"date":"2026-02-01T10:13:42","date_gmt":"2026-02-01T09:13:42","guid":{"rendered":"https:\/\/www.booksonthemove.fr\/produit\/atlas-feral-histoires-vraies-et-proliferantes-des-resistances-aux-infrastructures-humaines\/"},"modified":"2026-04-12T22:58:03","modified_gmt":"2026-04-12T20:58:03","slug":"atlas-feral-histoires-vraies-et-proliferantes-des-resistances-aux-infrastructures-humaines","status":"publish","type":"product","link":"https:\/\/www.booksonthemove.fr\/en\/produit\/atlas-feral-histoires-vraies-et-proliferantes-des-resistances-aux-infrastructures-humaines\/","title":{"rendered":"Atlas f\u00e9ral &#8211; Histoires vraies et prolif\u00e9rantes des r\u00e9sistances aux infrastructures humaines"},"content":{"rendered":"<p>F\u00e9ral\u00a0: adjectif<br \/>\nDu latin <em>feralis<\/em>, de <em>fera<\/em> (\u00ab\u00a0b\u00eate sauvage\u00a0\u00bb).<br \/>\n1\u00b0 (\u00c9levage) Qualifie une esp\u00e8ce domestique animale qui est retourn\u00e9e \u00e0 l\u2019\u00e9tat sauvage.<br \/>\n2\u00b0 (Agriculture) Qualifie une esp\u00e8ce v\u00e9g\u00e9tale qui cro\u00eet, de mani\u00e8re spontan\u00e9e, hors de l\u2019espace destin\u00e9 \u00e0 sa culture.<\/p>\n<p>Il est fini, le temps des cartes de la conqu\u00eate du monde et de la ma\u00eetrise de la nature. Il s\u2019agit maintenant d\u2019observer les r\u00e9sistances d\u2019un monde devenu f\u00e9ral.<\/p>\n<p>\u00c0 travers une multiplicit\u00e9 d\u2019\u00e9tudes de cas, l\u2019<em>Atlas f\u00e9ral <\/em>documente l\u2019apparition plan\u00e9taire des \u00e9cologies f\u00e9rales \u2013 c\u2019est-\u00e0-dire des prolif\u00e9rations hors de tout contr\u00f4le qui se d\u00e9clenchent en \u00adr\u00e9action aux infrastructures humaines.<\/p>\n<p>\u00c0 la fois ludique et politique, cet atlas se met \u00e0 l\u2019\u00e9coute des histoires plus qu\u2019humaines, en vue de comprendre les effets n\u00e9fastes de nos infrastructures industrielles et imp\u00e9riales. Ne se contentant pas d\u2019explorer les ruines, il d\u00e9montre combien l\u2019enqu\u00eate, in situ et pluridisciplinaire, permet de cultiver des approches vitales face aux bouleversements \u00e9cologiques et sociaux en cours.<\/p>\n<p>Au sommaire\u00a0: des cadrages conceptuels, 25\u00a0histoires vraies, des dizaines d\u2019illustrations, et un nouveau texte d\u2019Anna Tsing sur la virulence fongique.<\/p>\n","protected":false},"excerpt":{"rendered":"<p><strong>AUTEUR : <\/strong>compos\u00e9 et traduit par Marin Schaffner<br \/>\n<strong>\u00c9DITEURS :<\/strong> \u00c9ditions Wildproject (2025)<\/p>\n<p><strong>BROCH\u00c9 :<\/strong> 350 pages<br \/>\n<strong>LANGUE :<\/strong> Fran\u00e7ais<br \/>\n<strong>ISBN13 :<\/strong> 978-2-38114-100-8<\/p>\n","protected":false},"featured_media":46836,"template":"","meta":[],"product_brand":[],"product_cat":[209,162,148],"product_tag":[],"class_list":{"0":"post-46837","1":"product","2":"type-product","3":"status-publish","4":"has-post-thumbnail","6":"product_cat-environment-en","7":"product_cat-french-en","8":"product_cat-politics-en","10":"first","11":"outofstock","12":"taxable","13":"shipping-taxable","14":"purchasable","15":"product-type-simple"},"yoast_head":"<!-- This site is optimized with the Yoast SEO plugin v27.5 - https:\/\/yoast.com\/product\/yoast-seo-wordpress\/ -->\n<title>Atlas f\u00e9ral - Histoires vraies et prolif\u00e9rantes des r\u00e9sistances aux infrastructures humaines - Books on the Move<\/title>\n<meta name=\"robots\" content=\"index, follow, max-snippet:-1, max-image-preview:large, max-video-preview:-1\" \/>\n<link rel=\"canonical\" href=\"https:\/\/www.booksonthemove.fr\/en\/produit\/atlas-feral-histoires-vraies-et-proliferantes-des-resistances-aux-infrastructures-humaines\/\" \/>\n<meta property=\"og:locale\" content=\"en_US\" \/>\n<meta property=\"og:type\" content=\"article\" \/>\n<meta property=\"og:title\" content=\"Atlas f\u00e9ral - Histoires vraies et prolif\u00e9rantes des r\u00e9sistances aux infrastructures humaines - Books on the Move\" \/>\n<meta property=\"og:description\" content=\"AUTEUR : compos\u00e9 et traduit par Marin Schaffner \u00c9DITEURS : \u00c9ditions Wildproject (2025)  BROCH\u00c9 : 350 pages LANGUE : Fran\u00e7ais ISBN13 : 978-2-38114-100-8\" \/>\n<meta property=\"og:url\" content=\"https:\/\/www.booksonthemove.fr\/en\/produit\/atlas-feral-histoires-vraies-et-proliferantes-des-resistances-aux-infrastructures-humaines\/\" \/>\n<meta property=\"og:site_name\" content=\"Books on the Move\" \/>\n<meta property=\"article:publisher\" content=\"https:\/\/www.facebook.com\/Librairiebooksonthemove\/\" \/>\n<meta property=\"article:modified_time\" content=\"2026-04-12T20:58:03+00:00\" \/>\n<meta property=\"og:image\" content=\"https:\/\/www.booksonthemove.fr\/media\/bom_3029.jpg\" \/>\n\t<meta property=\"og:image:width\" content=\"517\" \/>\n\t<meta property=\"og:image:height\" content=\"800\" \/>\n\t<meta property=\"og:image:type\" content=\"image\/jpeg\" \/>\n<meta name=\"twitter:card\" content=\"summary_large_image\" \/>\n<script type=\"application\/ld+json\" class=\"yoast-schema-graph\">{\"@context\":\"https:\\\/\\\/schema.org\",\"@graph\":[{\"@type\":\"WebPage\",\"@id\":\"https:\\\/\\\/www.booksonthemove.fr\\\/en\\\/produit\\\/atlas-feral-histoires-vraies-et-proliferantes-des-resistances-aux-infrastructures-humaines\\\/\",\"url\":\"https:\\\/\\\/www.booksonthemove.fr\\\/en\\\/produit\\\/atlas-feral-histoires-vraies-et-proliferantes-des-resistances-aux-infrastructures-humaines\\\/\",\"name\":\"Atlas f\u00e9ral - Histoires vraies et prolif\u00e9rantes des r\u00e9sistances aux infrastructures humaines - Books on the Move\",\"isPartOf\":{\"@id\":\"https:\\\/\\\/www.booksonthemove.fr\\\/#website\"},\"primaryImageOfPage\":{\"@id\":\"https:\\\/\\\/www.booksonthemove.fr\\\/en\\\/produit\\\/atlas-feral-histoires-vraies-et-proliferantes-des-resistances-aux-infrastructures-humaines\\\/#primaryimage\"},\"image\":{\"@id\":\"https:\\\/\\\/www.booksonthemove.fr\\\/en\\\/produit\\\/atlas-feral-histoires-vraies-et-proliferantes-des-resistances-aux-infrastructures-humaines\\\/#primaryimage\"},\"thumbnailUrl\":\"https:\\\/\\\/www.booksonthemove.fr\\\/media\\\/bom_3029.jpg\",\"datePublished\":\"2026-02-01T09:13:42+00:00\",\"dateModified\":\"2026-04-12T20:58:03+00:00\",\"breadcrumb\":{\"@id\":\"https:\\\/\\\/www.booksonthemove.fr\\\/en\\\/produit\\\/atlas-feral-histoires-vraies-et-proliferantes-des-resistances-aux-infrastructures-humaines\\\/#breadcrumb\"},\"inLanguage\":\"en-US\",\"potentialAction\":[{\"@type\":\"ReadAction\",\"target\":[\"https:\\\/\\\/www.booksonthemove.fr\\\/en\\\/produit\\\/atlas-feral-histoires-vraies-et-proliferantes-des-resistances-aux-infrastructures-humaines\\\/\"]}]},{\"@type\":\"ImageObject\",\"inLanguage\":\"en-US\",\"@id\":\"https:\\\/\\\/www.booksonthemove.fr\\\/en\\\/produit\\\/atlas-feral-histoires-vraies-et-proliferantes-des-resistances-aux-infrastructures-humaines\\\/#primaryimage\",\"url\":\"https:\\\/\\\/www.booksonthemove.fr\\\/media\\\/bom_3029.jpg\",\"contentUrl\":\"https:\\\/\\\/www.booksonthemove.fr\\\/media\\\/bom_3029.jpg\",\"width\":517,\"height\":800},{\"@type\":\"BreadcrumbList\",\"@id\":\"https:\\\/\\\/www.booksonthemove.fr\\\/en\\\/produit\\\/atlas-feral-histoires-vraies-et-proliferantes-des-resistances-aux-infrastructures-humaines\\\/#breadcrumb\",\"itemListElement\":[{\"@type\":\"ListItem\",\"position\":1,\"name\":\"Accueil\",\"item\":\"https:\\\/\\\/www.booksonthemove.fr\\\/en\\\/\"},{\"@type\":\"ListItem\",\"position\":2,\"name\":\"online store\",\"item\":\"https:\\\/\\\/www.booksonthemove.fr\\\/en\\\/online-shop\\\/\"},{\"@type\":\"ListItem\",\"position\":3,\"name\":\"Atlas f\u00e9ral &#8211; Histoires vraies et prolif\u00e9rantes des r\u00e9sistances aux infrastructures humaines\"}]},{\"@type\":\"WebSite\",\"@id\":\"https:\\\/\\\/www.booksonthemove.fr\\\/#website\",\"url\":\"https:\\\/\\\/www.booksonthemove.fr\\\/\",\"name\":\"Books on the Move\",\"description\":\"librairie nomade - danse - mouvement - performance\",\"publisher\":{\"@id\":\"https:\\\/\\\/www.booksonthemove.fr\\\/#organization\"},\"potentialAction\":[{\"@type\":\"SearchAction\",\"target\":{\"@type\":\"EntryPoint\",\"urlTemplate\":\"https:\\\/\\\/www.booksonthemove.fr\\\/?s={search_term_string}\"},\"query-input\":{\"@type\":\"PropertyValueSpecification\",\"valueRequired\":true,\"valueName\":\"search_term_string\"}}],\"inLanguage\":\"en-US\"},{\"@type\":\"Organization\",\"@id\":\"https:\\\/\\\/www.booksonthemove.fr\\\/#organization\",\"name\":\"Books on the Move\",\"url\":\"https:\\\/\\\/www.booksonthemove.fr\\\/\",\"logo\":{\"@type\":\"ImageObject\",\"inLanguage\":\"en-US\",\"@id\":\"https:\\\/\\\/www.booksonthemove.fr\\\/#\\\/schema\\\/logo\\\/image\\\/\",\"url\":\"https:\\\/\\\/www.booksonthemove.fr\\\/media\\\/logo-NB-400.jpg\",\"contentUrl\":\"https:\\\/\\\/www.booksonthemove.fr\\\/media\\\/logo-NB-400.jpg\",\"width\":400,\"height\":143,\"caption\":\"Books on the Move\"},\"image\":{\"@id\":\"https:\\\/\\\/www.booksonthemove.fr\\\/#\\\/schema\\\/logo\\\/image\\\/\"},\"sameAs\":[\"https:\\\/\\\/www.facebook.com\\\/Librairiebooksonthemove\\\/\"]}]}<\/script>\n<!-- \/ Yoast SEO plugin. -->","yoast_head_json":{"title":"Atlas f\u00e9ral - Histoires vraies et prolif\u00e9rantes des r\u00e9sistances aux infrastructures humaines - Books on the Move","robots":{"index":"index","follow":"follow","max-snippet":"max-snippet:-1","max-image-preview":"max-image-preview:large","max-video-preview":"max-video-preview:-1"},"canonical":"https:\/\/www.booksonthemove.fr\/en\/produit\/atlas-feral-histoires-vraies-et-proliferantes-des-resistances-aux-infrastructures-humaines\/","og_locale":"en_US","og_type":"article","og_title":"Atlas f\u00e9ral - Histoires vraies et prolif\u00e9rantes des r\u00e9sistances aux infrastructures humaines - Books on the Move","og_description":"AUTEUR : compos\u00e9 et traduit par Marin Schaffner \u00c9DITEURS : \u00c9ditions Wildproject (2025)  BROCH\u00c9 : 350 pages LANGUE : Fran\u00e7ais ISBN13 : 978-2-38114-100-8","og_url":"https:\/\/www.booksonthemove.fr\/en\/produit\/atlas-feral-histoires-vraies-et-proliferantes-des-resistances-aux-infrastructures-humaines\/","og_site_name":"Books on the Move","article_publisher":"https:\/\/www.facebook.com\/Librairiebooksonthemove\/","article_modified_time":"2026-04-12T20:58:03+00:00","og_image":[{"width":517,"height":800,"url":"https:\/\/www.booksonthemove.fr\/media\/bom_3029.jpg","type":"image\/jpeg"}],"twitter_card":"summary_large_image","schema":{"@context":"https:\/\/schema.org","@graph":[{"@type":"WebPage","@id":"https:\/\/www.booksonthemove.fr\/en\/produit\/atlas-feral-histoires-vraies-et-proliferantes-des-resistances-aux-infrastructures-humaines\/","url":"https:\/\/www.booksonthemove.fr\/en\/produit\/atlas-feral-histoires-vraies-et-proliferantes-des-resistances-aux-infrastructures-humaines\/","name":"Atlas f\u00e9ral - Histoires vraies et prolif\u00e9rantes des r\u00e9sistances aux infrastructures humaines - Books on the Move","isPartOf":{"@id":"https:\/\/www.booksonthemove.fr\/#website"},"primaryImageOfPage":{"@id":"https:\/\/www.booksonthemove.fr\/en\/produit\/atlas-feral-histoires-vraies-et-proliferantes-des-resistances-aux-infrastructures-humaines\/#primaryimage"},"image":{"@id":"https:\/\/www.booksonthemove.fr\/en\/produit\/atlas-feral-histoires-vraies-et-proliferantes-des-resistances-aux-infrastructures-humaines\/#primaryimage"},"thumbnailUrl":"https:\/\/www.booksonthemove.fr\/media\/bom_3029.jpg","datePublished":"2026-02-01T09:13:42+00:00","dateModified":"2026-04-12T20:58:03+00:00","breadcrumb":{"@id":"https:\/\/www.booksonthemove.fr\/en\/produit\/atlas-feral-histoires-vraies-et-proliferantes-des-resistances-aux-infrastructures-humaines\/#breadcrumb"},"inLanguage":"en-US","potentialAction":[{"@type":"ReadAction","target":["https:\/\/www.booksonthemove.fr\/en\/produit\/atlas-feral-histoires-vraies-et-proliferantes-des-resistances-aux-infrastructures-humaines\/"]}]},{"@type":"ImageObject","inLanguage":"en-US","@id":"https:\/\/www.booksonthemove.fr\/en\/produit\/atlas-feral-histoires-vraies-et-proliferantes-des-resistances-aux-infrastructures-humaines\/#primaryimage","url":"https:\/\/www.booksonthemove.fr\/media\/bom_3029.jpg","contentUrl":"https:\/\/www.booksonthemove.fr\/media\/bom_3029.jpg","width":517,"height":800},{"@type":"BreadcrumbList","@id":"https:\/\/www.booksonthemove.fr\/en\/produit\/atlas-feral-histoires-vraies-et-proliferantes-des-resistances-aux-infrastructures-humaines\/#breadcrumb","itemListElement":[{"@type":"ListItem","position":1,"name":"Accueil","item":"https:\/\/www.booksonthemove.fr\/en\/"},{"@type":"ListItem","position":2,"name":"online store","item":"https:\/\/www.booksonthemove.fr\/en\/online-shop\/"},{"@type":"ListItem","position":3,"name":"Atlas f\u00e9ral &#8211; Histoires vraies et prolif\u00e9rantes des r\u00e9sistances aux infrastructures humaines"}]},{"@type":"WebSite","@id":"https:\/\/www.booksonthemove.fr\/#website","url":"https:\/\/www.booksonthemove.fr\/","name":"Books on the Move","description":"librairie nomade - danse - mouvement - performance","publisher":{"@id":"https:\/\/www.booksonthemove.fr\/#organization"},"potentialAction":[{"@type":"SearchAction","target":{"@type":"EntryPoint","urlTemplate":"https:\/\/www.booksonthemove.fr\/?s={search_term_string}"},"query-input":{"@type":"PropertyValueSpecification","valueRequired":true,"valueName":"search_term_string"}}],"inLanguage":"en-US"},{"@type":"Organization","@id":"https:\/\/www.booksonthemove.fr\/#organization","name":"Books on the Move","url":"https:\/\/www.booksonthemove.fr\/","logo":{"@type":"ImageObject","inLanguage":"en-US","@id":"https:\/\/www.booksonthemove.fr\/#\/schema\/logo\/image\/","url":"https:\/\/www.booksonthemove.fr\/media\/logo-NB-400.jpg","contentUrl":"https:\/\/www.booksonthemove.fr\/media\/logo-NB-400.jpg","width":400,"height":143,"caption":"Books on the Move"},"image":{"@id":"https:\/\/www.booksonthemove.fr\/#\/schema\/logo\/image\/"},"sameAs":["https:\/\/www.facebook.com\/Librairiebooksonthemove\/"]}]}},"_links":{"self":[{"href":"https:\/\/www.booksonthemove.fr\/en\/wp-json\/wp\/v2\/product\/46837","targetHints":{"allow":["GET"]}}],"collection":[{"href":"https:\/\/www.booksonthemove.fr\/en\/wp-json\/wp\/v2\/product"}],"about":[{"href":"https:\/\/www.booksonthemove.fr\/en\/wp-json\/wp\/v2\/types\/product"}],"wp:featuredmedia":[{"embeddable":true,"href":"https:\/\/www.booksonthemove.fr\/en\/wp-json\/wp\/v2\/media\/46836"}],"wp:attachment":[{"href":"https:\/\/www.booksonthemove.fr\/en\/wp-json\/wp\/v2\/media?parent=46837"}],"wp:term":[{"taxonomy":"product_brand","embeddable":true,"href":"https:\/\/www.booksonthemove.fr\/en\/wp-json\/wp\/v2\/product_brand?post=46837"},{"taxonomy":"product_cat","embeddable":true,"href":"https:\/\/www.booksonthemove.fr\/en\/wp-json\/wp\/v2\/product_cat?post=46837"},{"taxonomy":"product_tag","embeddable":true,"href":"https:\/\/www.booksonthemove.fr\/en\/wp-json\/wp\/v2\/product_tag?post=46837"}],"curies":[{"name":"wp","href":"https:\/\/api.w.org\/{rel}","templated":true}]}}