{"id":46880,"date":"2026-02-01T16:36:09","date_gmt":"2026-02-01T15:36:09","guid":{"rendered":"https:\/\/www.booksonthemove.fr\/produit\/jacques-ranciere-et-les-arts-esthetiques-de-legalite\/"},"modified":"2026-04-10T23:51:20","modified_gmt":"2026-04-10T21:51:20","slug":"jacques-ranciere-et-les-arts-esthetiques-de-legalite","status":"publish","type":"product","link":"https:\/\/www.booksonthemove.fr\/en\/produit\/jacques-ranciere-et-les-arts-esthetiques-de-legalite\/","title":{"rendered":"Jacques Ranci\u00e8re et les arts &#8211; Esth\u00e9tiques de l&#8217;\u00e9galit\u00e9"},"content":{"rendered":"<p class=\"font_8 wixui-rich-text__text\">Au moins depuis <span class=\"wixui-rich-text__text\">Le Partage du sensible<\/span> (2000), la philosophie de Jacques Ranci\u00e8re s\u2019est impos\u00e9e comme indispensable \u00e0 l\u2019\u00e9tude des arts, parce qu\u2019elle dessine un geste d\u2019\u00e9mancipation alliant toujours indissociablement esth\u00e9tique et politique, et le dessine comme un lien fait de conflits et de rapports de pouvoir. Comment rendre compte d\u2019une telle rencontre, entre une pens\u00e9e singuli\u00e8re et une foule d\u2019\u0153uvres, qui plus est relevant de m\u00e9diums artistiques divers ?<\/p>\n<p class=\"font_8 wixui-rich-text__text\">L\u2019enjeu de ce livre est d\u2019examiner ce que les diff\u00e9rents arts (cin\u00e9ma, arts plastiques, litt\u00e9rature, photographie, th\u00e9\u00e2tre, danse) font \u00e0 la pens\u00e9e de Ranci\u00e8re, comment ils l\u2019inspirent et r\u00e9ciproquement comment ils s\u2019en inspirent ou la d\u00e9placent \u2013 la trahissent parfois. Il propose un montage d\u2019entretiens avec des artistes, de textes universitaires et d\u2019images capables de faire vivre la relation ainsi \u00e9tablie entre th\u00e9orie et pratique.<\/p>\n<p class=\"font_8 wixui-rich-text__text\">L\u00e0 o\u00f9 Ranci\u00e8re th\u00e9orise une \u00ab m\u00e9thode de l\u2019\u00e9galit\u00e9 \u00bb qui structure toute sa philosophie, nous faisons l\u2019hypoth\u00e8se qu\u2019il existe de multiples \u00ab esth\u00e9tiques de l\u2019\u00e9galit\u00e9 \u00bb, qui pratiquent, sciemment ou non, certaines de ses intuitions, sans pour autant renoncer \u00e0 la part de libert\u00e9 inscrite au fronton de toute production artistique.<\/p>\n<p class=\"font_8 wixui-rich-text__text\"><span class=\"wixui-rich-text__text\">\u200b<\/span><span class=\"wixui-rich-text__text\">Textes et Entretiens :<\/span><span class=\"wixui-rich-text__text\"> Philippe Bazin, Sibil \u00c7ekmen, Sylvain George, B\u00e9r\u00e9nice Hamidi,\u00a0 Rapha\u00ebl Jaudon, Dario Marchiori, Julie Noirot, Claudia Palazzolo, Laurie Rousseville, Julian Radlmaier, Esther Shalev-Gerz, Christiane Vollaire, F\u0131rat Y\u00fccel, Marie-Jeanne Zenetti.<\/span><\/p>\n","protected":false},"excerpt":{"rendered":"<p><strong>AUTEUR\u00b7ES : <\/strong>ouvrage collectif sous la direction de B\u00e9r\u00e9nice Hamidi, Rapha\u00ebl Jaudon &amp; Dario Marchiori<br \/>\n<strong>\u00c9DITEUR :<\/strong> De l\u2019incidence \u00e9diteur (2025)<\/p>\n<p><strong>BROCH\u00c9 :<\/strong> 200 pages<br \/>\n<strong>LANGUE :<\/strong> Fran\u00e7ais<br \/>\n<strong>ISBN13 :<\/strong> 978-2-918-19380-7<\/p>\n","protected":false},"featured_media":46879,"template":"","meta":[],"product_brand":[],"product_cat":[146,162,169,206],"product_tag":[],"class_list":{"0":"post-46880","1":"product","2":"type-product","3":"status-publish","4":"has-post-thumbnail","6":"product_cat-theoretical-texts-en","7":"product_cat-french-en","8":"product_cat-interviews-conversations-en","9":"product_cat-philosophy-aesthetics-en","11":"first","12":"outofstock","13":"taxable","14":"shipping-taxable","15":"purchasable","16":"product-type-simple"},"yoast_head":"<!-- This site is optimized with the Yoast SEO plugin v27.5 - https:\/\/yoast.com\/product\/yoast-seo-wordpress\/ -->\n<title>Jacques Ranci\u00e8re et les arts - Esth\u00e9tiques de l&#039;\u00e9galit\u00e9 - Books on the Move<\/title>\n<meta name=\"robots\" content=\"index, follow, max-snippet:-1, max-image-preview:large, max-video-preview:-1\" \/>\n<link rel=\"canonical\" href=\"https:\/\/www.booksonthemove.fr\/en\/produit\/jacques-ranciere-et-les-arts-esthetiques-de-legalite\/\" \/>\n<meta property=\"og:locale\" content=\"en_US\" \/>\n<meta property=\"og:type\" content=\"article\" \/>\n<meta property=\"og:title\" content=\"Jacques Ranci\u00e8re et les arts - Esth\u00e9tiques de l&#039;\u00e9galit\u00e9 - Books on the Move\" \/>\n<meta property=\"og:description\" content=\"AUTEUR\u00b7ES : ouvrage collectif sous la direction de B\u00e9r\u00e9nice Hamidi, Rapha\u00ebl Jaudon &amp; Dario Marchiori \u00c9DITEUR : De l\u2019incidence \u00e9diteur (2025)  BROCH\u00c9 : 200 pages LANGUE : Fran\u00e7ais ISBN13 : 978-2-918-19380-7\" \/>\n<meta property=\"og:url\" content=\"https:\/\/www.booksonthemove.fr\/en\/produit\/jacques-ranciere-et-les-arts-esthetiques-de-legalite\/\" \/>\n<meta property=\"og:site_name\" content=\"Books on the Move\" \/>\n<meta property=\"article:publisher\" content=\"https:\/\/www.facebook.com\/Librairiebooksonthemove\/\" \/>\n<meta property=\"article:modified_time\" content=\"2026-04-10T21:51:20+00:00\" \/>\n<meta name=\"twitter:card\" content=\"summary_large_image\" \/>\n<script type=\"application\/ld+json\" class=\"yoast-schema-graph\">{\"@context\":\"https:\\\/\\\/schema.org\",\"@graph\":[{\"@type\":\"WebPage\",\"@id\":\"https:\\\/\\\/www.booksonthemove.fr\\\/en\\\/produit\\\/jacques-ranciere-et-les-arts-esthetiques-de-legalite\\\/\",\"url\":\"https:\\\/\\\/www.booksonthemove.fr\\\/en\\\/produit\\\/jacques-ranciere-et-les-arts-esthetiques-de-legalite\\\/\",\"name\":\"Jacques Ranci\u00e8re et les arts - Esth\u00e9tiques de l'\u00e9galit\u00e9 - Books on the Move\",\"isPartOf\":{\"@id\":\"https:\\\/\\\/www.booksonthemove.fr\\\/#website\"},\"primaryImageOfPage\":{\"@id\":\"https:\\\/\\\/www.booksonthemove.fr\\\/en\\\/produit\\\/jacques-ranciere-et-les-arts-esthetiques-de-legalite\\\/#primaryimage\"},\"image\":{\"@id\":\"https:\\\/\\\/www.booksonthemove.fr\\\/en\\\/produit\\\/jacques-ranciere-et-les-arts-esthetiques-de-legalite\\\/#primaryimage\"},\"thumbnailUrl\":\"https:\\\/\\\/www.booksonthemove.fr\\\/media\\\/bom_3026.avif\",\"datePublished\":\"2026-02-01T15:36:09+00:00\",\"dateModified\":\"2026-04-10T21:51:20+00:00\",\"breadcrumb\":{\"@id\":\"https:\\\/\\\/www.booksonthemove.fr\\\/en\\\/produit\\\/jacques-ranciere-et-les-arts-esthetiques-de-legalite\\\/#breadcrumb\"},\"inLanguage\":\"en-US\",\"potentialAction\":[{\"@type\":\"ReadAction\",\"target\":[\"https:\\\/\\\/www.booksonthemove.fr\\\/en\\\/produit\\\/jacques-ranciere-et-les-arts-esthetiques-de-legalite\\\/\"]}]},{\"@type\":\"ImageObject\",\"inLanguage\":\"en-US\",\"@id\":\"https:\\\/\\\/www.booksonthemove.fr\\\/en\\\/produit\\\/jacques-ranciere-et-les-arts-esthetiques-de-legalite\\\/#primaryimage\",\"url\":\"https:\\\/\\\/www.booksonthemove.fr\\\/media\\\/bom_3026.avif\",\"contentUrl\":\"https:\\\/\\\/www.booksonthemove.fr\\\/media\\\/bom_3026.avif\",\"width\":672,\"height\":882},{\"@type\":\"BreadcrumbList\",\"@id\":\"https:\\\/\\\/www.booksonthemove.fr\\\/en\\\/produit\\\/jacques-ranciere-et-les-arts-esthetiques-de-legalite\\\/#breadcrumb\",\"itemListElement\":[{\"@type\":\"ListItem\",\"position\":1,\"name\":\"Accueil\",\"item\":\"https:\\\/\\\/www.booksonthemove.fr\\\/en\\\/\"},{\"@type\":\"ListItem\",\"position\":2,\"name\":\"online store\",\"item\":\"https:\\\/\\\/www.booksonthemove.fr\\\/en\\\/online-shop\\\/\"},{\"@type\":\"ListItem\",\"position\":3,\"name\":\"Jacques Ranci\u00e8re et les arts &#8211; Esth\u00e9tiques de l&rsquo;\u00e9galit\u00e9\"}]},{\"@type\":\"WebSite\",\"@id\":\"https:\\\/\\\/www.booksonthemove.fr\\\/#website\",\"url\":\"https:\\\/\\\/www.booksonthemove.fr\\\/\",\"name\":\"Books on the Move\",\"description\":\"librairie nomade - danse - mouvement - performance\",\"publisher\":{\"@id\":\"https:\\\/\\\/www.booksonthemove.fr\\\/#organization\"},\"potentialAction\":[{\"@type\":\"SearchAction\",\"target\":{\"@type\":\"EntryPoint\",\"urlTemplate\":\"https:\\\/\\\/www.booksonthemove.fr\\\/?s={search_term_string}\"},\"query-input\":{\"@type\":\"PropertyValueSpecification\",\"valueRequired\":true,\"valueName\":\"search_term_string\"}}],\"inLanguage\":\"en-US\"},{\"@type\":\"Organization\",\"@id\":\"https:\\\/\\\/www.booksonthemove.fr\\\/#organization\",\"name\":\"Books on the Move\",\"url\":\"https:\\\/\\\/www.booksonthemove.fr\\\/\",\"logo\":{\"@type\":\"ImageObject\",\"inLanguage\":\"en-US\",\"@id\":\"https:\\\/\\\/www.booksonthemove.fr\\\/#\\\/schema\\\/logo\\\/image\\\/\",\"url\":\"https:\\\/\\\/www.booksonthemove.fr\\\/media\\\/logo-NB-400.jpg\",\"contentUrl\":\"https:\\\/\\\/www.booksonthemove.fr\\\/media\\\/logo-NB-400.jpg\",\"width\":400,\"height\":143,\"caption\":\"Books on the Move\"},\"image\":{\"@id\":\"https:\\\/\\\/www.booksonthemove.fr\\\/#\\\/schema\\\/logo\\\/image\\\/\"},\"sameAs\":[\"https:\\\/\\\/www.facebook.com\\\/Librairiebooksonthemove\\\/\"]}]}<\/script>\n<!-- \/ Yoast SEO plugin. -->","yoast_head_json":{"title":"Jacques Ranci\u00e8re et les arts - Esth\u00e9tiques de l'\u00e9galit\u00e9 - Books on the Move","robots":{"index":"index","follow":"follow","max-snippet":"max-snippet:-1","max-image-preview":"max-image-preview:large","max-video-preview":"max-video-preview:-1"},"canonical":"https:\/\/www.booksonthemove.fr\/en\/produit\/jacques-ranciere-et-les-arts-esthetiques-de-legalite\/","og_locale":"en_US","og_type":"article","og_title":"Jacques Ranci\u00e8re et les arts - Esth\u00e9tiques de l'\u00e9galit\u00e9 - Books on the Move","og_description":"AUTEUR\u00b7ES : ouvrage collectif sous la direction de B\u00e9r\u00e9nice Hamidi, Rapha\u00ebl Jaudon &amp; Dario Marchiori \u00c9DITEUR : De l\u2019incidence \u00e9diteur (2025)  BROCH\u00c9 : 200 pages LANGUE : Fran\u00e7ais ISBN13 : 978-2-918-19380-7","og_url":"https:\/\/www.booksonthemove.fr\/en\/produit\/jacques-ranciere-et-les-arts-esthetiques-de-legalite\/","og_site_name":"Books on the Move","article_publisher":"https:\/\/www.facebook.com\/Librairiebooksonthemove\/","article_modified_time":"2026-04-10T21:51:20+00:00","twitter_card":"summary_large_image","schema":{"@context":"https:\/\/schema.org","@graph":[{"@type":"WebPage","@id":"https:\/\/www.booksonthemove.fr\/en\/produit\/jacques-ranciere-et-les-arts-esthetiques-de-legalite\/","url":"https:\/\/www.booksonthemove.fr\/en\/produit\/jacques-ranciere-et-les-arts-esthetiques-de-legalite\/","name":"Jacques Ranci\u00e8re et les arts - Esth\u00e9tiques de l'\u00e9galit\u00e9 - Books on the Move","isPartOf":{"@id":"https:\/\/www.booksonthemove.fr\/#website"},"primaryImageOfPage":{"@id":"https:\/\/www.booksonthemove.fr\/en\/produit\/jacques-ranciere-et-les-arts-esthetiques-de-legalite\/#primaryimage"},"image":{"@id":"https:\/\/www.booksonthemove.fr\/en\/produit\/jacques-ranciere-et-les-arts-esthetiques-de-legalite\/#primaryimage"},"thumbnailUrl":"https:\/\/www.booksonthemove.fr\/media\/bom_3026.avif","datePublished":"2026-02-01T15:36:09+00:00","dateModified":"2026-04-10T21:51:20+00:00","breadcrumb":{"@id":"https:\/\/www.booksonthemove.fr\/en\/produit\/jacques-ranciere-et-les-arts-esthetiques-de-legalite\/#breadcrumb"},"inLanguage":"en-US","potentialAction":[{"@type":"ReadAction","target":["https:\/\/www.booksonthemove.fr\/en\/produit\/jacques-ranciere-et-les-arts-esthetiques-de-legalite\/"]}]},{"@type":"ImageObject","inLanguage":"en-US","@id":"https:\/\/www.booksonthemove.fr\/en\/produit\/jacques-ranciere-et-les-arts-esthetiques-de-legalite\/#primaryimage","url":"https:\/\/www.booksonthemove.fr\/media\/bom_3026.avif","contentUrl":"https:\/\/www.booksonthemove.fr\/media\/bom_3026.avif","width":672,"height":882},{"@type":"BreadcrumbList","@id":"https:\/\/www.booksonthemove.fr\/en\/produit\/jacques-ranciere-et-les-arts-esthetiques-de-legalite\/#breadcrumb","itemListElement":[{"@type":"ListItem","position":1,"name":"Accueil","item":"https:\/\/www.booksonthemove.fr\/en\/"},{"@type":"ListItem","position":2,"name":"online store","item":"https:\/\/www.booksonthemove.fr\/en\/online-shop\/"},{"@type":"ListItem","position":3,"name":"Jacques Ranci\u00e8re et les arts &#8211; Esth\u00e9tiques de l&rsquo;\u00e9galit\u00e9"}]},{"@type":"WebSite","@id":"https:\/\/www.booksonthemove.fr\/#website","url":"https:\/\/www.booksonthemove.fr\/","name":"Books on the Move","description":"librairie nomade - danse - mouvement - performance","publisher":{"@id":"https:\/\/www.booksonthemove.fr\/#organization"},"potentialAction":[{"@type":"SearchAction","target":{"@type":"EntryPoint","urlTemplate":"https:\/\/www.booksonthemove.fr\/?s={search_term_string}"},"query-input":{"@type":"PropertyValueSpecification","valueRequired":true,"valueName":"search_term_string"}}],"inLanguage":"en-US"},{"@type":"Organization","@id":"https:\/\/www.booksonthemove.fr\/#organization","name":"Books on the Move","url":"https:\/\/www.booksonthemove.fr\/","logo":{"@type":"ImageObject","inLanguage":"en-US","@id":"https:\/\/www.booksonthemove.fr\/#\/schema\/logo\/image\/","url":"https:\/\/www.booksonthemove.fr\/media\/logo-NB-400.jpg","contentUrl":"https:\/\/www.booksonthemove.fr\/media\/logo-NB-400.jpg","width":400,"height":143,"caption":"Books on the Move"},"image":{"@id":"https:\/\/www.booksonthemove.fr\/#\/schema\/logo\/image\/"},"sameAs":["https:\/\/www.facebook.com\/Librairiebooksonthemove\/"]}]}},"_links":{"self":[{"href":"https:\/\/www.booksonthemove.fr\/en\/wp-json\/wp\/v2\/product\/46880","targetHints":{"allow":["GET"]}}],"collection":[{"href":"https:\/\/www.booksonthemove.fr\/en\/wp-json\/wp\/v2\/product"}],"about":[{"href":"https:\/\/www.booksonthemove.fr\/en\/wp-json\/wp\/v2\/types\/product"}],"wp:featuredmedia":[{"embeddable":true,"href":"https:\/\/www.booksonthemove.fr\/en\/wp-json\/wp\/v2\/media\/46879"}],"wp:attachment":[{"href":"https:\/\/www.booksonthemove.fr\/en\/wp-json\/wp\/v2\/media?parent=46880"}],"wp:term":[{"taxonomy":"product_brand","embeddable":true,"href":"https:\/\/www.booksonthemove.fr\/en\/wp-json\/wp\/v2\/product_brand?post=46880"},{"taxonomy":"product_cat","embeddable":true,"href":"https:\/\/www.booksonthemove.fr\/en\/wp-json\/wp\/v2\/product_cat?post=46880"},{"taxonomy":"product_tag","embeddable":true,"href":"https:\/\/www.booksonthemove.fr\/en\/wp-json\/wp\/v2\/product_tag?post=46880"}],"curies":[{"name":"wp","href":"https:\/\/api.w.org\/{rel}","templated":true}]}}