{"id":47108,"date":"2026-03-12T15:27:27","date_gmt":"2026-03-12T14:27:27","guid":{"rendered":"https:\/\/www.booksonthemove.fr\/produit\/sortez-du-cadre-escape-book-au-musee-dorsay\/"},"modified":"2026-03-12T15:27:27","modified_gmt":"2026-03-12T14:27:27","slug":"sortez-du-cadre-escape-book-au-musee-dorsay","status":"publish","type":"product","link":"https:\/\/www.booksonthemove.fr\/en\/produit\/sortez-du-cadre-escape-book-au-musee-dorsay\/","title":{"rendered":"Sortez du cadre ! Escape book au mus\u00e9e d&#8217;Orsay"},"content":{"rendered":"<p>Comment \u00e9chapper aux h\u00e9ritages douteux du xixe si\u00e8cle ?<\/p>\n<p>Vous avez exactement 144 pages, plus de 48 de jeux, et 65 \u0153uvres pour le d\u00e9couvrir en suivant la trace des <i>Glaneuses<\/i> de Jean-Fran\u00e7ois Millet et de Catherine Deneuve (entre autres)\u2026<\/p>\n<p>Hortense Belh\u00f4te \u2013 actrice, autrice et historienne de l\u2019art et\/ou performeuse d\u00e9jant\u00e9e \u2013 vous entra\u00eene dans une relecture d\u00e9construite des collections du mus\u00e9e d\u2019Orsay haute en couleur, aussi dr\u00f4le et d\u00e9cal\u00e9e que riche et document\u00e9e.<\/p>\n","protected":false},"excerpt":{"rendered":"<p><b>AUTRICE :<\/b> Hortense Belh\u00f4te<br \/>\n<b>\u00c9DITEUR :<\/b> Seuil (2025)<\/p>\n<p><b>BROCH\u00c9 :<\/b> 292 pages<br \/>\n<b>LANGUE :<\/b>\u00a0fran\u00e7ais<br \/>\n<strong>ISBN:<\/strong> 978-2-021-56908-7<\/p>\n","protected":false},"featured_media":47107,"template":"","meta":[],"product_brand":[],"product_cat":[744,298,162],"product_tag":[],"class_list":{"0":"post-47108","1":"product","2":"type-product","3":"status-publish","4":"has-post-thumbnail","6":"product_cat-arts-visuels-en","7":"product_cat-childrens-and-youth-books","8":"product_cat-french-en","10":"first","11":"instock","12":"taxable","13":"shipping-taxable","14":"purchasable","15":"product-type-simple"},"yoast_head":"<!-- This site is optimized with the Yoast SEO plugin v27.5 - https:\/\/yoast.com\/product\/yoast-seo-wordpress\/ -->\n<title>Sortez du cadre ! Escape book au mus\u00e9e d&#039;Orsay - Books on the Move<\/title>\n<meta name=\"robots\" content=\"index, follow, max-snippet:-1, max-image-preview:large, max-video-preview:-1\" \/>\n<link rel=\"canonical\" href=\"https:\/\/www.booksonthemove.fr\/en\/produit\/sortez-du-cadre-escape-book-au-musee-dorsay\/\" \/>\n<meta property=\"og:locale\" content=\"en_US\" \/>\n<meta property=\"og:type\" content=\"article\" \/>\n<meta property=\"og:title\" content=\"Sortez du cadre ! Escape book au mus\u00e9e d&#039;Orsay - Books on the Move\" \/>\n<meta property=\"og:description\" content=\"AUTRICE : Hortense Belh\u00f4te \u00c9DITEUR : Seuil (2025)  BROCH\u00c9 : 292 pages LANGUE :\u00a0fran\u00e7ais ISBN: 978-2-021-56908-7\" \/>\n<meta property=\"og:url\" content=\"https:\/\/www.booksonthemove.fr\/en\/produit\/sortez-du-cadre-escape-book-au-musee-dorsay\/\" \/>\n<meta property=\"og:site_name\" content=\"Books on the Move\" \/>\n<meta property=\"article:publisher\" content=\"https:\/\/www.facebook.com\/Librairiebooksonthemove\/\" \/>\n<meta name=\"twitter:card\" content=\"summary_large_image\" \/>\n<script type=\"application\/ld+json\" class=\"yoast-schema-graph\">{\"@context\":\"https:\\\/\\\/schema.org\",\"@graph\":[{\"@type\":\"WebPage\",\"@id\":\"https:\\\/\\\/www.booksonthemove.fr\\\/en\\\/produit\\\/sortez-du-cadre-escape-book-au-musee-dorsay\\\/\",\"url\":\"https:\\\/\\\/www.booksonthemove.fr\\\/en\\\/produit\\\/sortez-du-cadre-escape-book-au-musee-dorsay\\\/\",\"name\":\"Sortez du cadre ! Escape book au mus\u00e9e d'Orsay - Books on the Move\",\"isPartOf\":{\"@id\":\"https:\\\/\\\/www.booksonthemove.fr\\\/#website\"},\"primaryImageOfPage\":{\"@id\":\"https:\\\/\\\/www.booksonthemove.fr\\\/en\\\/produit\\\/sortez-du-cadre-escape-book-au-musee-dorsay\\\/#primaryimage\"},\"image\":{\"@id\":\"https:\\\/\\\/www.booksonthemove.fr\\\/en\\\/produit\\\/sortez-du-cadre-escape-book-au-musee-dorsay\\\/#primaryimage\"},\"thumbnailUrl\":\"https:\\\/\\\/www.booksonthemove.fr\\\/media\\\/bom_3045.jpg\",\"datePublished\":\"2026-03-12T14:27:27+00:00\",\"breadcrumb\":{\"@id\":\"https:\\\/\\\/www.booksonthemove.fr\\\/en\\\/produit\\\/sortez-du-cadre-escape-book-au-musee-dorsay\\\/#breadcrumb\"},\"inLanguage\":\"en-US\",\"potentialAction\":[{\"@type\":\"ReadAction\",\"target\":[\"https:\\\/\\\/www.booksonthemove.fr\\\/en\\\/produit\\\/sortez-du-cadre-escape-book-au-musee-dorsay\\\/\"]}]},{\"@type\":\"ImageObject\",\"inLanguage\":\"en-US\",\"@id\":\"https:\\\/\\\/www.booksonthemove.fr\\\/en\\\/produit\\\/sortez-du-cadre-escape-book-au-musee-dorsay\\\/#primaryimage\",\"url\":\"https:\\\/\\\/www.booksonthemove.fr\\\/media\\\/bom_3045.jpg\",\"contentUrl\":\"https:\\\/\\\/www.booksonthemove.fr\\\/media\\\/bom_3045.jpg\",\"width\":430,\"height\":600},{\"@type\":\"BreadcrumbList\",\"@id\":\"https:\\\/\\\/www.booksonthemove.fr\\\/en\\\/produit\\\/sortez-du-cadre-escape-book-au-musee-dorsay\\\/#breadcrumb\",\"itemListElement\":[{\"@type\":\"ListItem\",\"position\":1,\"name\":\"Accueil\",\"item\":\"https:\\\/\\\/www.booksonthemove.fr\\\/en\\\/\"},{\"@type\":\"ListItem\",\"position\":2,\"name\":\"online store\",\"item\":\"https:\\\/\\\/www.booksonthemove.fr\\\/en\\\/online-shop\\\/\"},{\"@type\":\"ListItem\",\"position\":3,\"name\":\"Sortez du cadre ! Escape book au mus\u00e9e d&rsquo;Orsay\"}]},{\"@type\":\"WebSite\",\"@id\":\"https:\\\/\\\/www.booksonthemove.fr\\\/#website\",\"url\":\"https:\\\/\\\/www.booksonthemove.fr\\\/\",\"name\":\"Books on the Move\",\"description\":\"librairie nomade - danse - mouvement - performance\",\"publisher\":{\"@id\":\"https:\\\/\\\/www.booksonthemove.fr\\\/#organization\"},\"potentialAction\":[{\"@type\":\"SearchAction\",\"target\":{\"@type\":\"EntryPoint\",\"urlTemplate\":\"https:\\\/\\\/www.booksonthemove.fr\\\/?s={search_term_string}\"},\"query-input\":{\"@type\":\"PropertyValueSpecification\",\"valueRequired\":true,\"valueName\":\"search_term_string\"}}],\"inLanguage\":\"en-US\"},{\"@type\":\"Organization\",\"@id\":\"https:\\\/\\\/www.booksonthemove.fr\\\/#organization\",\"name\":\"Books on the Move\",\"url\":\"https:\\\/\\\/www.booksonthemove.fr\\\/\",\"logo\":{\"@type\":\"ImageObject\",\"inLanguage\":\"en-US\",\"@id\":\"https:\\\/\\\/www.booksonthemove.fr\\\/#\\\/schema\\\/logo\\\/image\\\/\",\"url\":\"https:\\\/\\\/www.booksonthemove.fr\\\/media\\\/logo-NB-400.jpg\",\"contentUrl\":\"https:\\\/\\\/www.booksonthemove.fr\\\/media\\\/logo-NB-400.jpg\",\"width\":400,\"height\":143,\"caption\":\"Books on the Move\"},\"image\":{\"@id\":\"https:\\\/\\\/www.booksonthemove.fr\\\/#\\\/schema\\\/logo\\\/image\\\/\"},\"sameAs\":[\"https:\\\/\\\/www.facebook.com\\\/Librairiebooksonthemove\\\/\"]}]}<\/script>\n<!-- \/ Yoast SEO plugin. -->","yoast_head_json":{"title":"Sortez du cadre ! Escape book au mus\u00e9e d'Orsay - Books on the Move","robots":{"index":"index","follow":"follow","max-snippet":"max-snippet:-1","max-image-preview":"max-image-preview:large","max-video-preview":"max-video-preview:-1"},"canonical":"https:\/\/www.booksonthemove.fr\/en\/produit\/sortez-du-cadre-escape-book-au-musee-dorsay\/","og_locale":"en_US","og_type":"article","og_title":"Sortez du cadre ! Escape book au mus\u00e9e d'Orsay - Books on the Move","og_description":"AUTRICE : Hortense Belh\u00f4te \u00c9DITEUR : Seuil (2025)  BROCH\u00c9 : 292 pages LANGUE :\u00a0fran\u00e7ais ISBN: 978-2-021-56908-7","og_url":"https:\/\/www.booksonthemove.fr\/en\/produit\/sortez-du-cadre-escape-book-au-musee-dorsay\/","og_site_name":"Books on the Move","article_publisher":"https:\/\/www.facebook.com\/Librairiebooksonthemove\/","twitter_card":"summary_large_image","schema":{"@context":"https:\/\/schema.org","@graph":[{"@type":"WebPage","@id":"https:\/\/www.booksonthemove.fr\/en\/produit\/sortez-du-cadre-escape-book-au-musee-dorsay\/","url":"https:\/\/www.booksonthemove.fr\/en\/produit\/sortez-du-cadre-escape-book-au-musee-dorsay\/","name":"Sortez du cadre ! Escape book au mus\u00e9e d'Orsay - Books on the Move","isPartOf":{"@id":"https:\/\/www.booksonthemove.fr\/#website"},"primaryImageOfPage":{"@id":"https:\/\/www.booksonthemove.fr\/en\/produit\/sortez-du-cadre-escape-book-au-musee-dorsay\/#primaryimage"},"image":{"@id":"https:\/\/www.booksonthemove.fr\/en\/produit\/sortez-du-cadre-escape-book-au-musee-dorsay\/#primaryimage"},"thumbnailUrl":"https:\/\/www.booksonthemove.fr\/media\/bom_3045.jpg","datePublished":"2026-03-12T14:27:27+00:00","breadcrumb":{"@id":"https:\/\/www.booksonthemove.fr\/en\/produit\/sortez-du-cadre-escape-book-au-musee-dorsay\/#breadcrumb"},"inLanguage":"en-US","potentialAction":[{"@type":"ReadAction","target":["https:\/\/www.booksonthemove.fr\/en\/produit\/sortez-du-cadre-escape-book-au-musee-dorsay\/"]}]},{"@type":"ImageObject","inLanguage":"en-US","@id":"https:\/\/www.booksonthemove.fr\/en\/produit\/sortez-du-cadre-escape-book-au-musee-dorsay\/#primaryimage","url":"https:\/\/www.booksonthemove.fr\/media\/bom_3045.jpg","contentUrl":"https:\/\/www.booksonthemove.fr\/media\/bom_3045.jpg","width":430,"height":600},{"@type":"BreadcrumbList","@id":"https:\/\/www.booksonthemove.fr\/en\/produit\/sortez-du-cadre-escape-book-au-musee-dorsay\/#breadcrumb","itemListElement":[{"@type":"ListItem","position":1,"name":"Accueil","item":"https:\/\/www.booksonthemove.fr\/en\/"},{"@type":"ListItem","position":2,"name":"online store","item":"https:\/\/www.booksonthemove.fr\/en\/online-shop\/"},{"@type":"ListItem","position":3,"name":"Sortez du cadre ! Escape book au mus\u00e9e d&rsquo;Orsay"}]},{"@type":"WebSite","@id":"https:\/\/www.booksonthemove.fr\/#website","url":"https:\/\/www.booksonthemove.fr\/","name":"Books on the Move","description":"librairie nomade - danse - mouvement - performance","publisher":{"@id":"https:\/\/www.booksonthemove.fr\/#organization"},"potentialAction":[{"@type":"SearchAction","target":{"@type":"EntryPoint","urlTemplate":"https:\/\/www.booksonthemove.fr\/?s={search_term_string}"},"query-input":{"@type":"PropertyValueSpecification","valueRequired":true,"valueName":"search_term_string"}}],"inLanguage":"en-US"},{"@type":"Organization","@id":"https:\/\/www.booksonthemove.fr\/#organization","name":"Books on the Move","url":"https:\/\/www.booksonthemove.fr\/","logo":{"@type":"ImageObject","inLanguage":"en-US","@id":"https:\/\/www.booksonthemove.fr\/#\/schema\/logo\/image\/","url":"https:\/\/www.booksonthemove.fr\/media\/logo-NB-400.jpg","contentUrl":"https:\/\/www.booksonthemove.fr\/media\/logo-NB-400.jpg","width":400,"height":143,"caption":"Books on the Move"},"image":{"@id":"https:\/\/www.booksonthemove.fr\/#\/schema\/logo\/image\/"},"sameAs":["https:\/\/www.facebook.com\/Librairiebooksonthemove\/"]}]}},"_links":{"self":[{"href":"https:\/\/www.booksonthemove.fr\/en\/wp-json\/wp\/v2\/product\/47108","targetHints":{"allow":["GET"]}}],"collection":[{"href":"https:\/\/www.booksonthemove.fr\/en\/wp-json\/wp\/v2\/product"}],"about":[{"href":"https:\/\/www.booksonthemove.fr\/en\/wp-json\/wp\/v2\/types\/product"}],"wp:featuredmedia":[{"embeddable":true,"href":"https:\/\/www.booksonthemove.fr\/en\/wp-json\/wp\/v2\/media\/47107"}],"wp:attachment":[{"href":"https:\/\/www.booksonthemove.fr\/en\/wp-json\/wp\/v2\/media?parent=47108"}],"wp:term":[{"taxonomy":"product_brand","embeddable":true,"href":"https:\/\/www.booksonthemove.fr\/en\/wp-json\/wp\/v2\/product_brand?post=47108"},{"taxonomy":"product_cat","embeddable":true,"href":"https:\/\/www.booksonthemove.fr\/en\/wp-json\/wp\/v2\/product_cat?post=47108"},{"taxonomy":"product_tag","embeddable":true,"href":"https:\/\/www.booksonthemove.fr\/en\/wp-json\/wp\/v2\/product_tag?post=47108"}],"curies":[{"name":"wp","href":"https:\/\/api.w.org\/{rel}","templated":true}]}}