{"id":47132,"date":"2026-03-17T18:21:43","date_gmt":"2026-03-17T17:21:43","guid":{"rendered":"https:\/\/www.booksonthemove.fr\/produit\/incorporer-les-dramaturgies-en-danse-contemporaine\/"},"modified":"2026-03-17T18:21:43","modified_gmt":"2026-03-17T17:21:43","slug":"incorporer-les-dramaturgies-en-danse-contemporaine","status":"publish","type":"product","link":"https:\/\/www.booksonthemove.fr\/en\/produit\/incorporer-les-dramaturgies-en-danse-contemporaine\/","title":{"rendered":"Incorporer &#8211; Les dramaturgies en danse contemporaine"},"content":{"rendered":"<p class=\"p1\">Ce volume aborde la dramaturgie en danse contemporaine en en faisant varier les perspectives, les registres d\u2019application, les modes et les formes d\u2019intervention \u00e0 travers quinze contributions. Quinze contributions qui sont \u00e0 chaque fois une \u00ab prise de corps \u00bb diff\u00e9rente, une \u00e9criture et un dispositif qui recr\u00e9ent la sc\u00e8ne collaborative, ses dialogues et ses pratiques de l\u2019invention. Dans cet espace s\u2019exposent les virtualit\u00e9s th\u00e9oriques de la dramaturgie, mais \u00e9galement des mani\u00e8res d\u2019\u00eatre et de faire ensemble qui, par analogie, dessinent autant de pistes exploratoires pour repenser les relations entre les humains et, plus loin,\u00a0entre les humains et leurs milieux.<\/p>\n<p class=\"p1\">Avec les contributions de Selina Beghetto, Guy Cools, Mona\u00a0De Weerdt, Riccardo Fazi, The Field, Monica Gillette, Merel\u00a0Heering, Alex Hennig, Nidea Henriques, Yohayna Hern\u00e1ndez,\u00a0Johanna Hilari, Myl\u00e8ne Lauzon, Mariela Nestora, Anne-Laure Sahy, Adina Secretan, \u00c9lise Simonet, Gregory Stauffer,\u00a0Dragos Tara et Bella Waru<\/p>\n","protected":false},"excerpt":{"rendered":"<p><b>AUTEURE\u00a0: <\/b>sous la direction de Anne-Laure Sahy<br \/>\n<b>EDITEUR : <\/b>M\u00e9tisPresses (2025)<\/p>\n<p><b>BROCH\u00c9\u00a0<\/b><strong>:<\/strong> 232 pages<br \/>\n<b>LANGUE : <\/b>Fran\u00e7ais<br \/>\n<strong>ISBN13 :<\/strong> 978-2-940-71163-5<\/p>\n","protected":false},"featured_media":47131,"template":"","meta":[],"product_brand":[],"product_cat":[285,146,162],"product_tag":[],"class_list":{"0":"post-47132","1":"product","2":"type-product","3":"status-publish","4":"has-post-thumbnail","6":"product_cat-dramaturgy","7":"product_cat-theoretical-texts-en","8":"product_cat-french-en","10":"first","11":"instock","12":"taxable","13":"shipping-taxable","14":"purchasable","15":"product-type-simple"},"yoast_head":"<!-- This site is optimized with the Yoast SEO plugin v27.5 - https:\/\/yoast.com\/product\/yoast-seo-wordpress\/ -->\n<title>Incorporer - Les dramaturgies en danse contemporaine - Books on the Move<\/title>\n<meta name=\"robots\" content=\"index, follow, max-snippet:-1, max-image-preview:large, max-video-preview:-1\" \/>\n<link rel=\"canonical\" href=\"https:\/\/www.booksonthemove.fr\/en\/produit\/incorporer-les-dramaturgies-en-danse-contemporaine\/\" \/>\n<meta property=\"og:locale\" content=\"en_US\" \/>\n<meta property=\"og:type\" content=\"article\" \/>\n<meta property=\"og:title\" content=\"Incorporer - Les dramaturgies en danse contemporaine - Books on the Move\" \/>\n<meta property=\"og:description\" content=\"AUTEURE\u00a0: sous la direction de Anne-Laure Sahy EDITEUR : M\u00e9tisPresses (2025)  BROCH\u00c9\u00a0: 232 pages LANGUE : Fran\u00e7ais ISBN13 : 978-2-940-71163-5\" \/>\n<meta property=\"og:url\" content=\"https:\/\/www.booksonthemove.fr\/en\/produit\/incorporer-les-dramaturgies-en-danse-contemporaine\/\" \/>\n<meta property=\"og:site_name\" content=\"Books on the Move\" \/>\n<meta property=\"article:publisher\" content=\"https:\/\/www.facebook.com\/Librairiebooksonthemove\/\" \/>\n<meta name=\"twitter:card\" content=\"summary_large_image\" \/>\n<script type=\"application\/ld+json\" class=\"yoast-schema-graph\">{\"@context\":\"https:\\\/\\\/schema.org\",\"@graph\":[{\"@type\":\"WebPage\",\"@id\":\"https:\\\/\\\/www.booksonthemove.fr\\\/en\\\/produit\\\/incorporer-les-dramaturgies-en-danse-contemporaine\\\/\",\"url\":\"https:\\\/\\\/www.booksonthemove.fr\\\/en\\\/produit\\\/incorporer-les-dramaturgies-en-danse-contemporaine\\\/\",\"name\":\"Incorporer - Les dramaturgies en danse contemporaine - Books on the Move\",\"isPartOf\":{\"@id\":\"https:\\\/\\\/www.booksonthemove.fr\\\/#website\"},\"primaryImageOfPage\":{\"@id\":\"https:\\\/\\\/www.booksonthemove.fr\\\/en\\\/produit\\\/incorporer-les-dramaturgies-en-danse-contemporaine\\\/#primaryimage\"},\"image\":{\"@id\":\"https:\\\/\\\/www.booksonthemove.fr\\\/en\\\/produit\\\/incorporer-les-dramaturgies-en-danse-contemporaine\\\/#primaryimage\"},\"thumbnailUrl\":\"https:\\\/\\\/www.booksonthemove.fr\\\/media\\\/bom_3046.jpg\",\"datePublished\":\"2026-03-17T17:21:43+00:00\",\"breadcrumb\":{\"@id\":\"https:\\\/\\\/www.booksonthemove.fr\\\/en\\\/produit\\\/incorporer-les-dramaturgies-en-danse-contemporaine\\\/#breadcrumb\"},\"inLanguage\":\"en-US\",\"potentialAction\":[{\"@type\":\"ReadAction\",\"target\":[\"https:\\\/\\\/www.booksonthemove.fr\\\/en\\\/produit\\\/incorporer-les-dramaturgies-en-danse-contemporaine\\\/\"]}]},{\"@type\":\"ImageObject\",\"inLanguage\":\"en-US\",\"@id\":\"https:\\\/\\\/www.booksonthemove.fr\\\/en\\\/produit\\\/incorporer-les-dramaturgies-en-danse-contemporaine\\\/#primaryimage\",\"url\":\"https:\\\/\\\/www.booksonthemove.fr\\\/media\\\/bom_3046.jpg\",\"contentUrl\":\"https:\\\/\\\/www.booksonthemove.fr\\\/media\\\/bom_3046.jpg\",\"width\":331,\"height\":522},{\"@type\":\"BreadcrumbList\",\"@id\":\"https:\\\/\\\/www.booksonthemove.fr\\\/en\\\/produit\\\/incorporer-les-dramaturgies-en-danse-contemporaine\\\/#breadcrumb\",\"itemListElement\":[{\"@type\":\"ListItem\",\"position\":1,\"name\":\"Accueil\",\"item\":\"https:\\\/\\\/www.booksonthemove.fr\\\/en\\\/\"},{\"@type\":\"ListItem\",\"position\":2,\"name\":\"online store\",\"item\":\"https:\\\/\\\/www.booksonthemove.fr\\\/en\\\/online-shop\\\/\"},{\"@type\":\"ListItem\",\"position\":3,\"name\":\"Incorporer &#8211; Les dramaturgies en danse contemporaine\"}]},{\"@type\":\"WebSite\",\"@id\":\"https:\\\/\\\/www.booksonthemove.fr\\\/#website\",\"url\":\"https:\\\/\\\/www.booksonthemove.fr\\\/\",\"name\":\"Books on the Move\",\"description\":\"librairie nomade - danse - mouvement - performance\",\"publisher\":{\"@id\":\"https:\\\/\\\/www.booksonthemove.fr\\\/#organization\"},\"potentialAction\":[{\"@type\":\"SearchAction\",\"target\":{\"@type\":\"EntryPoint\",\"urlTemplate\":\"https:\\\/\\\/www.booksonthemove.fr\\\/?s={search_term_string}\"},\"query-input\":{\"@type\":\"PropertyValueSpecification\",\"valueRequired\":true,\"valueName\":\"search_term_string\"}}],\"inLanguage\":\"en-US\"},{\"@type\":\"Organization\",\"@id\":\"https:\\\/\\\/www.booksonthemove.fr\\\/#organization\",\"name\":\"Books on the Move\",\"url\":\"https:\\\/\\\/www.booksonthemove.fr\\\/\",\"logo\":{\"@type\":\"ImageObject\",\"inLanguage\":\"en-US\",\"@id\":\"https:\\\/\\\/www.booksonthemove.fr\\\/#\\\/schema\\\/logo\\\/image\\\/\",\"url\":\"https:\\\/\\\/www.booksonthemove.fr\\\/media\\\/logo-NB-400.jpg\",\"contentUrl\":\"https:\\\/\\\/www.booksonthemove.fr\\\/media\\\/logo-NB-400.jpg\",\"width\":400,\"height\":143,\"caption\":\"Books on the Move\"},\"image\":{\"@id\":\"https:\\\/\\\/www.booksonthemove.fr\\\/#\\\/schema\\\/logo\\\/image\\\/\"},\"sameAs\":[\"https:\\\/\\\/www.facebook.com\\\/Librairiebooksonthemove\\\/\"]}]}<\/script>\n<!-- \/ Yoast SEO plugin. -->","yoast_head_json":{"title":"Incorporer - Les dramaturgies en danse contemporaine - Books on the Move","robots":{"index":"index","follow":"follow","max-snippet":"max-snippet:-1","max-image-preview":"max-image-preview:large","max-video-preview":"max-video-preview:-1"},"canonical":"https:\/\/www.booksonthemove.fr\/en\/produit\/incorporer-les-dramaturgies-en-danse-contemporaine\/","og_locale":"en_US","og_type":"article","og_title":"Incorporer - Les dramaturgies en danse contemporaine - Books on the Move","og_description":"AUTEURE\u00a0: sous la direction de Anne-Laure Sahy EDITEUR : M\u00e9tisPresses (2025)  BROCH\u00c9\u00a0: 232 pages LANGUE : Fran\u00e7ais ISBN13 : 978-2-940-71163-5","og_url":"https:\/\/www.booksonthemove.fr\/en\/produit\/incorporer-les-dramaturgies-en-danse-contemporaine\/","og_site_name":"Books on the Move","article_publisher":"https:\/\/www.facebook.com\/Librairiebooksonthemove\/","twitter_card":"summary_large_image","schema":{"@context":"https:\/\/schema.org","@graph":[{"@type":"WebPage","@id":"https:\/\/www.booksonthemove.fr\/en\/produit\/incorporer-les-dramaturgies-en-danse-contemporaine\/","url":"https:\/\/www.booksonthemove.fr\/en\/produit\/incorporer-les-dramaturgies-en-danse-contemporaine\/","name":"Incorporer - Les dramaturgies en danse contemporaine - Books on the Move","isPartOf":{"@id":"https:\/\/www.booksonthemove.fr\/#website"},"primaryImageOfPage":{"@id":"https:\/\/www.booksonthemove.fr\/en\/produit\/incorporer-les-dramaturgies-en-danse-contemporaine\/#primaryimage"},"image":{"@id":"https:\/\/www.booksonthemove.fr\/en\/produit\/incorporer-les-dramaturgies-en-danse-contemporaine\/#primaryimage"},"thumbnailUrl":"https:\/\/www.booksonthemove.fr\/media\/bom_3046.jpg","datePublished":"2026-03-17T17:21:43+00:00","breadcrumb":{"@id":"https:\/\/www.booksonthemove.fr\/en\/produit\/incorporer-les-dramaturgies-en-danse-contemporaine\/#breadcrumb"},"inLanguage":"en-US","potentialAction":[{"@type":"ReadAction","target":["https:\/\/www.booksonthemove.fr\/en\/produit\/incorporer-les-dramaturgies-en-danse-contemporaine\/"]}]},{"@type":"ImageObject","inLanguage":"en-US","@id":"https:\/\/www.booksonthemove.fr\/en\/produit\/incorporer-les-dramaturgies-en-danse-contemporaine\/#primaryimage","url":"https:\/\/www.booksonthemove.fr\/media\/bom_3046.jpg","contentUrl":"https:\/\/www.booksonthemove.fr\/media\/bom_3046.jpg","width":331,"height":522},{"@type":"BreadcrumbList","@id":"https:\/\/www.booksonthemove.fr\/en\/produit\/incorporer-les-dramaturgies-en-danse-contemporaine\/#breadcrumb","itemListElement":[{"@type":"ListItem","position":1,"name":"Accueil","item":"https:\/\/www.booksonthemove.fr\/en\/"},{"@type":"ListItem","position":2,"name":"online store","item":"https:\/\/www.booksonthemove.fr\/en\/online-shop\/"},{"@type":"ListItem","position":3,"name":"Incorporer &#8211; Les dramaturgies en danse contemporaine"}]},{"@type":"WebSite","@id":"https:\/\/www.booksonthemove.fr\/#website","url":"https:\/\/www.booksonthemove.fr\/","name":"Books on the Move","description":"librairie nomade - danse - mouvement - performance","publisher":{"@id":"https:\/\/www.booksonthemove.fr\/#organization"},"potentialAction":[{"@type":"SearchAction","target":{"@type":"EntryPoint","urlTemplate":"https:\/\/www.booksonthemove.fr\/?s={search_term_string}"},"query-input":{"@type":"PropertyValueSpecification","valueRequired":true,"valueName":"search_term_string"}}],"inLanguage":"en-US"},{"@type":"Organization","@id":"https:\/\/www.booksonthemove.fr\/#organization","name":"Books on the Move","url":"https:\/\/www.booksonthemove.fr\/","logo":{"@type":"ImageObject","inLanguage":"en-US","@id":"https:\/\/www.booksonthemove.fr\/#\/schema\/logo\/image\/","url":"https:\/\/www.booksonthemove.fr\/media\/logo-NB-400.jpg","contentUrl":"https:\/\/www.booksonthemove.fr\/media\/logo-NB-400.jpg","width":400,"height":143,"caption":"Books on the Move"},"image":{"@id":"https:\/\/www.booksonthemove.fr\/#\/schema\/logo\/image\/"},"sameAs":["https:\/\/www.facebook.com\/Librairiebooksonthemove\/"]}]}},"_links":{"self":[{"href":"https:\/\/www.booksonthemove.fr\/en\/wp-json\/wp\/v2\/product\/47132","targetHints":{"allow":["GET"]}}],"collection":[{"href":"https:\/\/www.booksonthemove.fr\/en\/wp-json\/wp\/v2\/product"}],"about":[{"href":"https:\/\/www.booksonthemove.fr\/en\/wp-json\/wp\/v2\/types\/product"}],"wp:featuredmedia":[{"embeddable":true,"href":"https:\/\/www.booksonthemove.fr\/en\/wp-json\/wp\/v2\/media\/47131"}],"wp:attachment":[{"href":"https:\/\/www.booksonthemove.fr\/en\/wp-json\/wp\/v2\/media?parent=47132"}],"wp:term":[{"taxonomy":"product_brand","embeddable":true,"href":"https:\/\/www.booksonthemove.fr\/en\/wp-json\/wp\/v2\/product_brand?post=47132"},{"taxonomy":"product_cat","embeddable":true,"href":"https:\/\/www.booksonthemove.fr\/en\/wp-json\/wp\/v2\/product_cat?post=47132"},{"taxonomy":"product_tag","embeddable":true,"href":"https:\/\/www.booksonthemove.fr\/en\/wp-json\/wp\/v2\/product_tag?post=47132"}],"curies":[{"name":"wp","href":"https:\/\/api.w.org\/{rel}","templated":true}]}}