{"id":47136,"date":"2026-03-17T18:30:57","date_gmt":"2026-03-17T17:30:57","guid":{"rendered":"https:\/\/www.booksonthemove.fr\/produit\/le-rituel-du-serpent-recit-dun-voyage-en-pays-pueblo\/"},"modified":"2026-03-28T21:39:11","modified_gmt":"2026-03-28T20:39:11","slug":"le-rituel-du-serpent-recit-dun-voyage-en-pays-pueblo","status":"publish","type":"product","link":"https:\/\/www.booksonthemove.fr\/en\/produit\/le-rituel-du-serpent-recit-dun-voyage-en-pays-pueblo\/","title":{"rendered":"Le Rituel du Serpent &#8211; R\u00e9cit d\u2019un voyage en pays pueblo"},"content":{"rendered":"<p>Il se pourrait que\u00a0<em>Le Rituel du Serpent\u00a0<\/em>soit la meilleure introduction \u00e0 l\u2019\u0153uvre profonde et singuli\u00e8re d\u2019Aby Warburg (1866 \u2013 1929), le chemin le plus direct pour atteindre le c\u0153ur de sa pens\u00e9e.<br \/>\nEntreprise \u00e0 vingt-neuf ans, son \u00e9quip\u00e9e chez les Hopis nous appara\u00eet comme l\u2019expression spatialis\u00e9e d\u2019un d\u00e9sir incoercible d\u2019\u00e9chapper aux confinements, aux conditionnements de son milieu et de sa discipline acad\u00e9mique : \u00ab\u00a0J\u2019\u00e9tais sinc\u00e8rement d\u00e9go\u00fbt\u00e9 de l\u2019histoire de l\u2019art esth\u00e9tisante.\u00a0\u00bb Pour ce sp\u00e9cialiste d\u00e9j\u00e0 r\u00e9put\u00e9 du Quattrocento, attentif \u00e0 la grande voix imp\u00e9rieuse de Nietzsche, \u00ab\u00a0la contemplation formelle de l\u2019image\u00a0\u00bb ne pouvait engendrer que \u00ab\u00a0des bavardages st\u00e9riles\u00a0\u00bb.<\/p>\n<p>Warburg passera cinq mois en Am\u00e9rique. Il observe, dessine, photographie les rituels indiens. Rentr\u00e9 \u00e0 Hambourg, il organise trois projections dans des photo-clubs. Puis plus rien. Silence. Il reprend sa vie de chercheur, publie des essais qui feront date.\u00a0L\u2019\u00e9pisode indien est oubli\u00e9, refoul\u00e9.<br \/>\nMais voici qu\u2019en 1923, vingt-sept ans apr\u00e8s son enqu\u00eate chez les Hopis, Warburg, intern\u00e9 dans la clinique psychiatrique de Ludwig Binswanger, \u00e0 Kreuzlingen, pour de graves troubles mentaux accentu\u00e9s par la guerre, demande avec insistance \u00e0 prononcer une conf\u00e9rence. Alors resurgissent devant soignants et malades tous les d\u00e9tails du voyage am\u00e9ricain : danses, sanctuaires, parures, gestes, habitats, dessins, rencontres ; mais aussi la cha\u00eene d\u2019associations qui, sur le th\u00e8me ambivalent du serpent \u2013 cruel avec Laocoon, b\u00e9n\u00e9fique avec Ascl\u00e9pios, s\u00e9ducteur et mortif\u00e8re avec les nymphes serpentines de Botticelli ou de Ghirlandaio \u2013, n\u2019a cess\u00e9 d\u2019entra\u00eener Warburg d\u2019une Antiquit\u00e9 mill\u00e9naire jusqu\u2019aux pratiques c\u00e9r\u00e9monielles des \u00ab\u00a0primitifs\u00a0\u00bb (et vice versa).<\/p>\n<p>Introduit par l\u2019historien de l\u2019art Joseph L. Koerner,\u00a0<em>Le Rituel du Serpent<\/em>\u00a0s\u2019accompagne du journal tenu par Warburg aux \u00c9tats-Unis, d\u2019un texte de son \u00e9l\u00e8ve et successeur Fritz Saxl et d\u2019un essai de Benedetta Cestelli Guidi.<\/p>\n","protected":false},"excerpt":{"rendered":"<p><b>AUTEUR : <\/b>Aby Warburg<br \/>\n<b>EDITEUR : <\/b>\u00c9ditions Macula\u00a0(2003)<\/p>\n<p><b>BROCH\u00c9\u00a0<\/b><strong>:<\/strong> 188 pages<br \/>\n<b>LANGUE : <\/b>Fran\u00e7ais<br \/>\n<strong>ISBN13 :<\/strong> 978-2-86589-686-8<\/p>\n","protected":false},"featured_media":47135,"template":"","meta":[],"product_brand":[],"product_cat":[301,146,162],"product_tag":[],"class_list":{"0":"post-47136","1":"product","2":"type-product","3":"status-publish","4":"has-post-thumbnail","6":"product_cat-arts-plastiques-en","7":"product_cat-theoretical-texts-en","8":"product_cat-french-en","10":"first","11":"instock","12":"taxable","13":"shipping-taxable","14":"purchasable","15":"product-type-simple"},"yoast_head":"<!-- This site is optimized with the Yoast SEO plugin v27.4 - https:\/\/yoast.com\/product\/yoast-seo-wordpress\/ -->\n<title>Le Rituel du Serpent - R\u00e9cit d\u2019un voyage en pays pueblo - Books on the Move<\/title>\n<meta name=\"robots\" content=\"index, follow, max-snippet:-1, max-image-preview:large, max-video-preview:-1\" \/>\n<link rel=\"canonical\" href=\"https:\/\/www.booksonthemove.fr\/en\/produit\/le-rituel-du-serpent-recit-dun-voyage-en-pays-pueblo\/\" \/>\n<meta property=\"og:locale\" content=\"en_US\" \/>\n<meta property=\"og:type\" content=\"article\" \/>\n<meta property=\"og:title\" content=\"Le Rituel du Serpent - R\u00e9cit d\u2019un voyage en pays pueblo - Books on the Move\" \/>\n<meta property=\"og:description\" content=\"AUTEUR : Aby Warburg EDITEUR : \u00c9ditions Macula\u00a0(2003)  BROCH\u00c9\u00a0: 188 pages LANGUE : Fran\u00e7ais ISBN13 : 978-2-86589-686-8\" \/>\n<meta property=\"og:url\" content=\"https:\/\/www.booksonthemove.fr\/en\/produit\/le-rituel-du-serpent-recit-dun-voyage-en-pays-pueblo\/\" \/>\n<meta property=\"og:site_name\" content=\"Books on the Move\" \/>\n<meta property=\"article:publisher\" content=\"https:\/\/www.facebook.com\/Librairiebooksonthemove\/\" \/>\n<meta property=\"article:modified_time\" content=\"2026-03-28T20:39:11+00:00\" \/>\n<meta property=\"og:image\" content=\"https:\/\/www.booksonthemove.fr\/media\/bom_3047.jpg\" \/>\n\t<meta property=\"og:image:width\" content=\"1360\" \/>\n\t<meta property=\"og:image:height\" content=\"2040\" \/>\n\t<meta property=\"og:image:type\" content=\"image\/jpeg\" \/>\n<meta name=\"twitter:card\" content=\"summary_large_image\" \/>\n<script type=\"application\/ld+json\" class=\"yoast-schema-graph\">{\"@context\":\"https:\\\/\\\/schema.org\",\"@graph\":[{\"@type\":\"WebPage\",\"@id\":\"https:\\\/\\\/www.booksonthemove.fr\\\/en\\\/produit\\\/le-rituel-du-serpent-recit-dun-voyage-en-pays-pueblo\\\/\",\"url\":\"https:\\\/\\\/www.booksonthemove.fr\\\/en\\\/produit\\\/le-rituel-du-serpent-recit-dun-voyage-en-pays-pueblo\\\/\",\"name\":\"Le Rituel du Serpent - R\u00e9cit d\u2019un voyage en pays pueblo - Books on the Move\",\"isPartOf\":{\"@id\":\"https:\\\/\\\/www.booksonthemove.fr\\\/#website\"},\"primaryImageOfPage\":{\"@id\":\"https:\\\/\\\/www.booksonthemove.fr\\\/en\\\/produit\\\/le-rituel-du-serpent-recit-dun-voyage-en-pays-pueblo\\\/#primaryimage\"},\"image\":{\"@id\":\"https:\\\/\\\/www.booksonthemove.fr\\\/en\\\/produit\\\/le-rituel-du-serpent-recit-dun-voyage-en-pays-pueblo\\\/#primaryimage\"},\"thumbnailUrl\":\"https:\\\/\\\/www.booksonthemove.fr\\\/media\\\/bom_3047.jpg\",\"datePublished\":\"2026-03-17T17:30:57+00:00\",\"dateModified\":\"2026-03-28T20:39:11+00:00\",\"breadcrumb\":{\"@id\":\"https:\\\/\\\/www.booksonthemove.fr\\\/en\\\/produit\\\/le-rituel-du-serpent-recit-dun-voyage-en-pays-pueblo\\\/#breadcrumb\"},\"inLanguage\":\"en-US\",\"potentialAction\":[{\"@type\":\"ReadAction\",\"target\":[\"https:\\\/\\\/www.booksonthemove.fr\\\/en\\\/produit\\\/le-rituel-du-serpent-recit-dun-voyage-en-pays-pueblo\\\/\"]}]},{\"@type\":\"ImageObject\",\"inLanguage\":\"en-US\",\"@id\":\"https:\\\/\\\/www.booksonthemove.fr\\\/en\\\/produit\\\/le-rituel-du-serpent-recit-dun-voyage-en-pays-pueblo\\\/#primaryimage\",\"url\":\"https:\\\/\\\/www.booksonthemove.fr\\\/media\\\/bom_3047.jpg\",\"contentUrl\":\"https:\\\/\\\/www.booksonthemove.fr\\\/media\\\/bom_3047.jpg\",\"width\":1360,\"height\":2040},{\"@type\":\"BreadcrumbList\",\"@id\":\"https:\\\/\\\/www.booksonthemove.fr\\\/en\\\/produit\\\/le-rituel-du-serpent-recit-dun-voyage-en-pays-pueblo\\\/#breadcrumb\",\"itemListElement\":[{\"@type\":\"ListItem\",\"position\":1,\"name\":\"Accueil\",\"item\":\"https:\\\/\\\/www.booksonthemove.fr\\\/en\\\/\"},{\"@type\":\"ListItem\",\"position\":2,\"name\":\"online store\",\"item\":\"https:\\\/\\\/www.booksonthemove.fr\\\/en\\\/online-shop\\\/\"},{\"@type\":\"ListItem\",\"position\":3,\"name\":\"Le Rituel du Serpent &#8211; R\u00e9cit d\u2019un voyage en pays pueblo\"}]},{\"@type\":\"WebSite\",\"@id\":\"https:\\\/\\\/www.booksonthemove.fr\\\/#website\",\"url\":\"https:\\\/\\\/www.booksonthemove.fr\\\/\",\"name\":\"Books on the Move\",\"description\":\"librairie nomade - danse - mouvement - performance\",\"publisher\":{\"@id\":\"https:\\\/\\\/www.booksonthemove.fr\\\/#organization\"},\"potentialAction\":[{\"@type\":\"SearchAction\",\"target\":{\"@type\":\"EntryPoint\",\"urlTemplate\":\"https:\\\/\\\/www.booksonthemove.fr\\\/?s={search_term_string}\"},\"query-input\":{\"@type\":\"PropertyValueSpecification\",\"valueRequired\":true,\"valueName\":\"search_term_string\"}}],\"inLanguage\":\"en-US\"},{\"@type\":\"Organization\",\"@id\":\"https:\\\/\\\/www.booksonthemove.fr\\\/#organization\",\"name\":\"Books on the Move\",\"url\":\"https:\\\/\\\/www.booksonthemove.fr\\\/\",\"logo\":{\"@type\":\"ImageObject\",\"inLanguage\":\"en-US\",\"@id\":\"https:\\\/\\\/www.booksonthemove.fr\\\/#\\\/schema\\\/logo\\\/image\\\/\",\"url\":\"https:\\\/\\\/www.booksonthemove.fr\\\/media\\\/logo-NB-400.jpg\",\"contentUrl\":\"https:\\\/\\\/www.booksonthemove.fr\\\/media\\\/logo-NB-400.jpg\",\"width\":400,\"height\":143,\"caption\":\"Books on the Move\"},\"image\":{\"@id\":\"https:\\\/\\\/www.booksonthemove.fr\\\/#\\\/schema\\\/logo\\\/image\\\/\"},\"sameAs\":[\"https:\\\/\\\/www.facebook.com\\\/Librairiebooksonthemove\\\/\"]}]}<\/script>\n<!-- \/ Yoast SEO plugin. -->","yoast_head_json":{"title":"Le Rituel du Serpent - R\u00e9cit d\u2019un voyage en pays pueblo - Books on the Move","robots":{"index":"index","follow":"follow","max-snippet":"max-snippet:-1","max-image-preview":"max-image-preview:large","max-video-preview":"max-video-preview:-1"},"canonical":"https:\/\/www.booksonthemove.fr\/en\/produit\/le-rituel-du-serpent-recit-dun-voyage-en-pays-pueblo\/","og_locale":"en_US","og_type":"article","og_title":"Le Rituel du Serpent - R\u00e9cit d\u2019un voyage en pays pueblo - Books on the Move","og_description":"AUTEUR : Aby Warburg EDITEUR : \u00c9ditions Macula\u00a0(2003)  BROCH\u00c9\u00a0: 188 pages LANGUE : Fran\u00e7ais ISBN13 : 978-2-86589-686-8","og_url":"https:\/\/www.booksonthemove.fr\/en\/produit\/le-rituel-du-serpent-recit-dun-voyage-en-pays-pueblo\/","og_site_name":"Books on the Move","article_publisher":"https:\/\/www.facebook.com\/Librairiebooksonthemove\/","article_modified_time":"2026-03-28T20:39:11+00:00","og_image":[{"width":1360,"height":2040,"url":"https:\/\/www.booksonthemove.fr\/media\/bom_3047.jpg","type":"image\/jpeg"}],"twitter_card":"summary_large_image","schema":{"@context":"https:\/\/schema.org","@graph":[{"@type":"WebPage","@id":"https:\/\/www.booksonthemove.fr\/en\/produit\/le-rituel-du-serpent-recit-dun-voyage-en-pays-pueblo\/","url":"https:\/\/www.booksonthemove.fr\/en\/produit\/le-rituel-du-serpent-recit-dun-voyage-en-pays-pueblo\/","name":"Le Rituel du Serpent - R\u00e9cit d\u2019un voyage en pays pueblo - Books on the Move","isPartOf":{"@id":"https:\/\/www.booksonthemove.fr\/#website"},"primaryImageOfPage":{"@id":"https:\/\/www.booksonthemove.fr\/en\/produit\/le-rituel-du-serpent-recit-dun-voyage-en-pays-pueblo\/#primaryimage"},"image":{"@id":"https:\/\/www.booksonthemove.fr\/en\/produit\/le-rituel-du-serpent-recit-dun-voyage-en-pays-pueblo\/#primaryimage"},"thumbnailUrl":"https:\/\/www.booksonthemove.fr\/media\/bom_3047.jpg","datePublished":"2026-03-17T17:30:57+00:00","dateModified":"2026-03-28T20:39:11+00:00","breadcrumb":{"@id":"https:\/\/www.booksonthemove.fr\/en\/produit\/le-rituel-du-serpent-recit-dun-voyage-en-pays-pueblo\/#breadcrumb"},"inLanguage":"en-US","potentialAction":[{"@type":"ReadAction","target":["https:\/\/www.booksonthemove.fr\/en\/produit\/le-rituel-du-serpent-recit-dun-voyage-en-pays-pueblo\/"]}]},{"@type":"ImageObject","inLanguage":"en-US","@id":"https:\/\/www.booksonthemove.fr\/en\/produit\/le-rituel-du-serpent-recit-dun-voyage-en-pays-pueblo\/#primaryimage","url":"https:\/\/www.booksonthemove.fr\/media\/bom_3047.jpg","contentUrl":"https:\/\/www.booksonthemove.fr\/media\/bom_3047.jpg","width":1360,"height":2040},{"@type":"BreadcrumbList","@id":"https:\/\/www.booksonthemove.fr\/en\/produit\/le-rituel-du-serpent-recit-dun-voyage-en-pays-pueblo\/#breadcrumb","itemListElement":[{"@type":"ListItem","position":1,"name":"Accueil","item":"https:\/\/www.booksonthemove.fr\/en\/"},{"@type":"ListItem","position":2,"name":"online store","item":"https:\/\/www.booksonthemove.fr\/en\/online-shop\/"},{"@type":"ListItem","position":3,"name":"Le Rituel du Serpent &#8211; R\u00e9cit d\u2019un voyage en pays pueblo"}]},{"@type":"WebSite","@id":"https:\/\/www.booksonthemove.fr\/#website","url":"https:\/\/www.booksonthemove.fr\/","name":"Books on the Move","description":"librairie nomade - danse - mouvement - performance","publisher":{"@id":"https:\/\/www.booksonthemove.fr\/#organization"},"potentialAction":[{"@type":"SearchAction","target":{"@type":"EntryPoint","urlTemplate":"https:\/\/www.booksonthemove.fr\/?s={search_term_string}"},"query-input":{"@type":"PropertyValueSpecification","valueRequired":true,"valueName":"search_term_string"}}],"inLanguage":"en-US"},{"@type":"Organization","@id":"https:\/\/www.booksonthemove.fr\/#organization","name":"Books on the Move","url":"https:\/\/www.booksonthemove.fr\/","logo":{"@type":"ImageObject","inLanguage":"en-US","@id":"https:\/\/www.booksonthemove.fr\/#\/schema\/logo\/image\/","url":"https:\/\/www.booksonthemove.fr\/media\/logo-NB-400.jpg","contentUrl":"https:\/\/www.booksonthemove.fr\/media\/logo-NB-400.jpg","width":400,"height":143,"caption":"Books on the Move"},"image":{"@id":"https:\/\/www.booksonthemove.fr\/#\/schema\/logo\/image\/"},"sameAs":["https:\/\/www.facebook.com\/Librairiebooksonthemove\/"]}]}},"_links":{"self":[{"href":"https:\/\/www.booksonthemove.fr\/en\/wp-json\/wp\/v2\/product\/47136","targetHints":{"allow":["GET"]}}],"collection":[{"href":"https:\/\/www.booksonthemove.fr\/en\/wp-json\/wp\/v2\/product"}],"about":[{"href":"https:\/\/www.booksonthemove.fr\/en\/wp-json\/wp\/v2\/types\/product"}],"wp:featuredmedia":[{"embeddable":true,"href":"https:\/\/www.booksonthemove.fr\/en\/wp-json\/wp\/v2\/media\/47135"}],"wp:attachment":[{"href":"https:\/\/www.booksonthemove.fr\/en\/wp-json\/wp\/v2\/media?parent=47136"}],"wp:term":[{"taxonomy":"product_brand","embeddable":true,"href":"https:\/\/www.booksonthemove.fr\/en\/wp-json\/wp\/v2\/product_brand?post=47136"},{"taxonomy":"product_cat","embeddable":true,"href":"https:\/\/www.booksonthemove.fr\/en\/wp-json\/wp\/v2\/product_cat?post=47136"},{"taxonomy":"product_tag","embeddable":true,"href":"https:\/\/www.booksonthemove.fr\/en\/wp-json\/wp\/v2\/product_tag?post=47136"}],"curies":[{"name":"wp","href":"https:\/\/api.w.org\/{rel}","templated":true}]}}