{"id":47201,"date":"2026-04-06T12:04:43","date_gmt":"2026-04-06T10:04:43","guid":{"rendered":"https:\/\/www.booksonthemove.fr\/produit\/une-breve-histoire-de-la-transmisogynie-pour-une-lecture-anti-imperialiste-de-la-transfeminite\/"},"modified":"2026-04-08T11:34:23","modified_gmt":"2026-04-08T09:34:23","slug":"une-breve-histoire-de-la-transmisogynie-pour-une-lecture-anti-imperialiste-de-la-transfeminite","status":"publish","type":"product","link":"https:\/\/www.booksonthemove.fr\/en\/produit\/une-breve-histoire-de-la-transmisogynie-pour-une-lecture-anti-imperialiste-de-la-transfeminite\/","title":{"rendered":"Une br\u00e8ve histoire de la transmisogynie &#8211; Pour une lecture anti-imp\u00e9rialiste de la transf\u00e9minit\u00e9"},"content":{"rendered":"<p>Pourquoi les femmes trans sont-elles les plus cibl\u00e9es au sein de la communaut\u00e9 LGBTQIA+ ? Pourquoi sont-elles au c\u0153ur d&#8217;une r\u00e9surgence mondiale de politiques r\u00e9actionnaires transphobes ? Et comment pouvons-nous r\u00e9pondre collectivement \u00e0 cette violence ?<\/p>\n<p>Cet ouvrage analyse les violences faites aux femmes trans en les inscrivant au c\u0153ur de l&#8217;histoire de la modernit\u00e9 et des syst\u00e8mes coloniaux occidentaux. Afin de prendre la mesure des violences transmisogynes \u00e0 l&#8217;\u00e9chelle mondiale tout en explorant la diversit\u00e9 des modes de vie marginalis\u00e9s aujourd&#8217;hui regroup\u00e9s sous l&#8217;\u00e9tiquette &#8220;trans&#8221;, l&#8217;autrice nous entraine de New York \u00e0 la Nouvelle Orl\u00e9ans, de l&#8217;Inde britannique au Br\u00e9sil.<\/p>\n<p>\u00c0 travers une approche mat\u00e9rialiste, l&#8217;historienne Jules Gill-Peterson propose le concept de \u00ab transf\u00e9minisation \u00bb pour retracer les processus politiques par lesquels certaines formes de f\u00e9minit\u00e9, souvent racialis\u00e9es, sont cibl\u00e9es, notamment par les attaques de la droite et de l&#8217;extr\u00eame droite.<\/p>\n<p>Elle pose aussi un regard critique sur le mod\u00e8le identitaire qui domine le militantisme LGBTQIA+ mainstream en rappelant les liens historiques entre la condition &#8211; moderne &#8211; de femmes trans, la classe ouvri\u00e8re et le travail du sexe.<\/p>\n","protected":false},"excerpt":{"rendered":"<p><b>AUTRICES : <\/b>Jules Gill-Peterson. Traduit de l\u2019anglais (\u00c9tats-Unis) par Mihena Alsharif et Nesma Merhoum.<br \/>\n<b>EDITEUR : <\/b>Shed publishing (2025)<\/p>\n<p><strong>BROCH\u00c9 :<\/strong> 212 pages<br \/>\n<b>LANGUE : <\/b>Fran\u00e7ais<br \/>\n<strong>ISBN13 :<\/strong> 978-2-9577498-7-4<\/p>\n","protected":false},"featured_media":47200,"template":"","meta":[],"product_brand":[],"product_cat":[143,146,162],"product_tag":[],"class_list":{"0":"post-47201","1":"product","2":"type-product","3":"status-publish","4":"has-post-thumbnail","6":"product_cat-gender-studies-en","7":"product_cat-theoretical-texts-en","8":"product_cat-french-en","10":"first","11":"instock","12":"taxable","13":"shipping-taxable","14":"purchasable","15":"product-type-simple"},"yoast_head":"<!-- This site is optimized with the Yoast SEO plugin v27.4 - https:\/\/yoast.com\/product\/yoast-seo-wordpress\/ -->\n<title>Une br\u00e8ve histoire de la transmisogynie - Pour une lecture anti-imp\u00e9rialiste de la transf\u00e9minit\u00e9 - Books on the Move<\/title>\n<meta name=\"robots\" content=\"index, follow, max-snippet:-1, max-image-preview:large, max-video-preview:-1\" \/>\n<link rel=\"canonical\" href=\"https:\/\/www.booksonthemove.fr\/en\/produit\/une-breve-histoire-de-la-transmisogynie-pour-une-lecture-anti-imperialiste-de-la-transfeminite\/\" \/>\n<meta property=\"og:locale\" content=\"en_US\" \/>\n<meta property=\"og:type\" content=\"article\" \/>\n<meta property=\"og:title\" content=\"Une br\u00e8ve histoire de la transmisogynie - Pour une lecture anti-imp\u00e9rialiste de la transf\u00e9minit\u00e9 - Books on the Move\" \/>\n<meta property=\"og:description\" content=\"AUTRICES : Jules Gill-Peterson. Traduit de l\u2019anglais (\u00c9tats-Unis) par Mihena Alsharif et Nesma Merhoum. EDITEUR : Shed publishing (2025)  BROCH\u00c9 : 212 pages LANGUE : Fran\u00e7ais ISBN13 : 978-2-9577498-7-4\" \/>\n<meta property=\"og:url\" content=\"https:\/\/www.booksonthemove.fr\/en\/produit\/une-breve-histoire-de-la-transmisogynie-pour-une-lecture-anti-imperialiste-de-la-transfeminite\/\" \/>\n<meta property=\"og:site_name\" content=\"Books on the Move\" \/>\n<meta property=\"article:publisher\" content=\"https:\/\/www.facebook.com\/Librairiebooksonthemove\/\" \/>\n<meta property=\"article:modified_time\" content=\"2026-04-08T09:34:23+00:00\" \/>\n<meta property=\"og:image\" content=\"https:\/\/www.booksonthemove.fr\/media\/bom_3048.jpg\" \/>\n\t<meta property=\"og:image:width\" content=\"1086\" \/>\n\t<meta property=\"og:image:height\" content=\"1500\" \/>\n\t<meta property=\"og:image:type\" content=\"image\/jpeg\" \/>\n<meta name=\"twitter:card\" content=\"summary_large_image\" \/>\n<script type=\"application\/ld+json\" class=\"yoast-schema-graph\">{\"@context\":\"https:\\\/\\\/schema.org\",\"@graph\":[{\"@type\":\"WebPage\",\"@id\":\"https:\\\/\\\/www.booksonthemove.fr\\\/en\\\/produit\\\/une-breve-histoire-de-la-transmisogynie-pour-une-lecture-anti-imperialiste-de-la-transfeminite\\\/\",\"url\":\"https:\\\/\\\/www.booksonthemove.fr\\\/en\\\/produit\\\/une-breve-histoire-de-la-transmisogynie-pour-une-lecture-anti-imperialiste-de-la-transfeminite\\\/\",\"name\":\"Une br\u00e8ve histoire de la transmisogynie - Pour une lecture anti-imp\u00e9rialiste de la transf\u00e9minit\u00e9 - Books on the Move\",\"isPartOf\":{\"@id\":\"https:\\\/\\\/www.booksonthemove.fr\\\/#website\"},\"primaryImageOfPage\":{\"@id\":\"https:\\\/\\\/www.booksonthemove.fr\\\/en\\\/produit\\\/une-breve-histoire-de-la-transmisogynie-pour-une-lecture-anti-imperialiste-de-la-transfeminite\\\/#primaryimage\"},\"image\":{\"@id\":\"https:\\\/\\\/www.booksonthemove.fr\\\/en\\\/produit\\\/une-breve-histoire-de-la-transmisogynie-pour-une-lecture-anti-imperialiste-de-la-transfeminite\\\/#primaryimage\"},\"thumbnailUrl\":\"https:\\\/\\\/www.booksonthemove.fr\\\/media\\\/bom_3048.jpg\",\"datePublished\":\"2026-04-06T10:04:43+00:00\",\"dateModified\":\"2026-04-08T09:34:23+00:00\",\"breadcrumb\":{\"@id\":\"https:\\\/\\\/www.booksonthemove.fr\\\/en\\\/produit\\\/une-breve-histoire-de-la-transmisogynie-pour-une-lecture-anti-imperialiste-de-la-transfeminite\\\/#breadcrumb\"},\"inLanguage\":\"en-US\",\"potentialAction\":[{\"@type\":\"ReadAction\",\"target\":[\"https:\\\/\\\/www.booksonthemove.fr\\\/en\\\/produit\\\/une-breve-histoire-de-la-transmisogynie-pour-une-lecture-anti-imperialiste-de-la-transfeminite\\\/\"]}]},{\"@type\":\"ImageObject\",\"inLanguage\":\"en-US\",\"@id\":\"https:\\\/\\\/www.booksonthemove.fr\\\/en\\\/produit\\\/une-breve-histoire-de-la-transmisogynie-pour-une-lecture-anti-imperialiste-de-la-transfeminite\\\/#primaryimage\",\"url\":\"https:\\\/\\\/www.booksonthemove.fr\\\/media\\\/bom_3048.jpg\",\"contentUrl\":\"https:\\\/\\\/www.booksonthemove.fr\\\/media\\\/bom_3048.jpg\",\"width\":1086,\"height\":1500},{\"@type\":\"BreadcrumbList\",\"@id\":\"https:\\\/\\\/www.booksonthemove.fr\\\/en\\\/produit\\\/une-breve-histoire-de-la-transmisogynie-pour-une-lecture-anti-imperialiste-de-la-transfeminite\\\/#breadcrumb\",\"itemListElement\":[{\"@type\":\"ListItem\",\"position\":1,\"name\":\"Accueil\",\"item\":\"https:\\\/\\\/www.booksonthemove.fr\\\/en\\\/\"},{\"@type\":\"ListItem\",\"position\":2,\"name\":\"online store\",\"item\":\"https:\\\/\\\/www.booksonthemove.fr\\\/en\\\/online-shop\\\/\"},{\"@type\":\"ListItem\",\"position\":3,\"name\":\"Une br\u00e8ve histoire de la transmisogynie &#8211; Pour une lecture anti-imp\u00e9rialiste de la transf\u00e9minit\u00e9\"}]},{\"@type\":\"WebSite\",\"@id\":\"https:\\\/\\\/www.booksonthemove.fr\\\/#website\",\"url\":\"https:\\\/\\\/www.booksonthemove.fr\\\/\",\"name\":\"Books on the Move\",\"description\":\"librairie nomade - danse - mouvement - performance\",\"publisher\":{\"@id\":\"https:\\\/\\\/www.booksonthemove.fr\\\/#organization\"},\"potentialAction\":[{\"@type\":\"SearchAction\",\"target\":{\"@type\":\"EntryPoint\",\"urlTemplate\":\"https:\\\/\\\/www.booksonthemove.fr\\\/?s={search_term_string}\"},\"query-input\":{\"@type\":\"PropertyValueSpecification\",\"valueRequired\":true,\"valueName\":\"search_term_string\"}}],\"inLanguage\":\"en-US\"},{\"@type\":\"Organization\",\"@id\":\"https:\\\/\\\/www.booksonthemove.fr\\\/#organization\",\"name\":\"Books on the Move\",\"url\":\"https:\\\/\\\/www.booksonthemove.fr\\\/\",\"logo\":{\"@type\":\"ImageObject\",\"inLanguage\":\"en-US\",\"@id\":\"https:\\\/\\\/www.booksonthemove.fr\\\/#\\\/schema\\\/logo\\\/image\\\/\",\"url\":\"https:\\\/\\\/www.booksonthemove.fr\\\/media\\\/logo-NB-400.jpg\",\"contentUrl\":\"https:\\\/\\\/www.booksonthemove.fr\\\/media\\\/logo-NB-400.jpg\",\"width\":400,\"height\":143,\"caption\":\"Books on the Move\"},\"image\":{\"@id\":\"https:\\\/\\\/www.booksonthemove.fr\\\/#\\\/schema\\\/logo\\\/image\\\/\"},\"sameAs\":[\"https:\\\/\\\/www.facebook.com\\\/Librairiebooksonthemove\\\/\"]}]}<\/script>\n<!-- \/ Yoast SEO plugin. -->","yoast_head_json":{"title":"Une br\u00e8ve histoire de la transmisogynie - Pour une lecture anti-imp\u00e9rialiste de la transf\u00e9minit\u00e9 - Books on the Move","robots":{"index":"index","follow":"follow","max-snippet":"max-snippet:-1","max-image-preview":"max-image-preview:large","max-video-preview":"max-video-preview:-1"},"canonical":"https:\/\/www.booksonthemove.fr\/en\/produit\/une-breve-histoire-de-la-transmisogynie-pour-une-lecture-anti-imperialiste-de-la-transfeminite\/","og_locale":"en_US","og_type":"article","og_title":"Une br\u00e8ve histoire de la transmisogynie - Pour une lecture anti-imp\u00e9rialiste de la transf\u00e9minit\u00e9 - Books on the Move","og_description":"AUTRICES : Jules Gill-Peterson. Traduit de l\u2019anglais (\u00c9tats-Unis) par Mihena Alsharif et Nesma Merhoum. EDITEUR : Shed publishing (2025)  BROCH\u00c9 : 212 pages LANGUE : Fran\u00e7ais ISBN13 : 978-2-9577498-7-4","og_url":"https:\/\/www.booksonthemove.fr\/en\/produit\/une-breve-histoire-de-la-transmisogynie-pour-une-lecture-anti-imperialiste-de-la-transfeminite\/","og_site_name":"Books on the Move","article_publisher":"https:\/\/www.facebook.com\/Librairiebooksonthemove\/","article_modified_time":"2026-04-08T09:34:23+00:00","og_image":[{"width":1086,"height":1500,"url":"https:\/\/www.booksonthemove.fr\/media\/bom_3048.jpg","type":"image\/jpeg"}],"twitter_card":"summary_large_image","schema":{"@context":"https:\/\/schema.org","@graph":[{"@type":"WebPage","@id":"https:\/\/www.booksonthemove.fr\/en\/produit\/une-breve-histoire-de-la-transmisogynie-pour-une-lecture-anti-imperialiste-de-la-transfeminite\/","url":"https:\/\/www.booksonthemove.fr\/en\/produit\/une-breve-histoire-de-la-transmisogynie-pour-une-lecture-anti-imperialiste-de-la-transfeminite\/","name":"Une br\u00e8ve histoire de la transmisogynie - Pour une lecture anti-imp\u00e9rialiste de la transf\u00e9minit\u00e9 - Books on the Move","isPartOf":{"@id":"https:\/\/www.booksonthemove.fr\/#website"},"primaryImageOfPage":{"@id":"https:\/\/www.booksonthemove.fr\/en\/produit\/une-breve-histoire-de-la-transmisogynie-pour-une-lecture-anti-imperialiste-de-la-transfeminite\/#primaryimage"},"image":{"@id":"https:\/\/www.booksonthemove.fr\/en\/produit\/une-breve-histoire-de-la-transmisogynie-pour-une-lecture-anti-imperialiste-de-la-transfeminite\/#primaryimage"},"thumbnailUrl":"https:\/\/www.booksonthemove.fr\/media\/bom_3048.jpg","datePublished":"2026-04-06T10:04:43+00:00","dateModified":"2026-04-08T09:34:23+00:00","breadcrumb":{"@id":"https:\/\/www.booksonthemove.fr\/en\/produit\/une-breve-histoire-de-la-transmisogynie-pour-une-lecture-anti-imperialiste-de-la-transfeminite\/#breadcrumb"},"inLanguage":"en-US","potentialAction":[{"@type":"ReadAction","target":["https:\/\/www.booksonthemove.fr\/en\/produit\/une-breve-histoire-de-la-transmisogynie-pour-une-lecture-anti-imperialiste-de-la-transfeminite\/"]}]},{"@type":"ImageObject","inLanguage":"en-US","@id":"https:\/\/www.booksonthemove.fr\/en\/produit\/une-breve-histoire-de-la-transmisogynie-pour-une-lecture-anti-imperialiste-de-la-transfeminite\/#primaryimage","url":"https:\/\/www.booksonthemove.fr\/media\/bom_3048.jpg","contentUrl":"https:\/\/www.booksonthemove.fr\/media\/bom_3048.jpg","width":1086,"height":1500},{"@type":"BreadcrumbList","@id":"https:\/\/www.booksonthemove.fr\/en\/produit\/une-breve-histoire-de-la-transmisogynie-pour-une-lecture-anti-imperialiste-de-la-transfeminite\/#breadcrumb","itemListElement":[{"@type":"ListItem","position":1,"name":"Accueil","item":"https:\/\/www.booksonthemove.fr\/en\/"},{"@type":"ListItem","position":2,"name":"online store","item":"https:\/\/www.booksonthemove.fr\/en\/online-shop\/"},{"@type":"ListItem","position":3,"name":"Une br\u00e8ve histoire de la transmisogynie &#8211; Pour une lecture anti-imp\u00e9rialiste de la transf\u00e9minit\u00e9"}]},{"@type":"WebSite","@id":"https:\/\/www.booksonthemove.fr\/#website","url":"https:\/\/www.booksonthemove.fr\/","name":"Books on the Move","description":"librairie nomade - danse - mouvement - performance","publisher":{"@id":"https:\/\/www.booksonthemove.fr\/#organization"},"potentialAction":[{"@type":"SearchAction","target":{"@type":"EntryPoint","urlTemplate":"https:\/\/www.booksonthemove.fr\/?s={search_term_string}"},"query-input":{"@type":"PropertyValueSpecification","valueRequired":true,"valueName":"search_term_string"}}],"inLanguage":"en-US"},{"@type":"Organization","@id":"https:\/\/www.booksonthemove.fr\/#organization","name":"Books on the Move","url":"https:\/\/www.booksonthemove.fr\/","logo":{"@type":"ImageObject","inLanguage":"en-US","@id":"https:\/\/www.booksonthemove.fr\/#\/schema\/logo\/image\/","url":"https:\/\/www.booksonthemove.fr\/media\/logo-NB-400.jpg","contentUrl":"https:\/\/www.booksonthemove.fr\/media\/logo-NB-400.jpg","width":400,"height":143,"caption":"Books on the Move"},"image":{"@id":"https:\/\/www.booksonthemove.fr\/#\/schema\/logo\/image\/"},"sameAs":["https:\/\/www.facebook.com\/Librairiebooksonthemove\/"]}]}},"_links":{"self":[{"href":"https:\/\/www.booksonthemove.fr\/en\/wp-json\/wp\/v2\/product\/47201","targetHints":{"allow":["GET"]}}],"collection":[{"href":"https:\/\/www.booksonthemove.fr\/en\/wp-json\/wp\/v2\/product"}],"about":[{"href":"https:\/\/www.booksonthemove.fr\/en\/wp-json\/wp\/v2\/types\/product"}],"wp:featuredmedia":[{"embeddable":true,"href":"https:\/\/www.booksonthemove.fr\/en\/wp-json\/wp\/v2\/media\/47200"}],"wp:attachment":[{"href":"https:\/\/www.booksonthemove.fr\/en\/wp-json\/wp\/v2\/media?parent=47201"}],"wp:term":[{"taxonomy":"product_brand","embeddable":true,"href":"https:\/\/www.booksonthemove.fr\/en\/wp-json\/wp\/v2\/product_brand?post=47201"},{"taxonomy":"product_cat","embeddable":true,"href":"https:\/\/www.booksonthemove.fr\/en\/wp-json\/wp\/v2\/product_cat?post=47201"},{"taxonomy":"product_tag","embeddable":true,"href":"https:\/\/www.booksonthemove.fr\/en\/wp-json\/wp\/v2\/product_tag?post=47201"}],"curies":[{"name":"wp","href":"https:\/\/api.w.org\/{rel}","templated":true}]}}