{"id":47224,"date":"2026-04-06T12:03:49","date_gmt":"2026-04-06T10:03:49","guid":{"rendered":"https:\/\/www.booksonthemove.fr\/produit\/traversanne-recits-dun-quartier-en-mouvement-n-1\/"},"modified":"2026-04-07T08:53:15","modified_gmt":"2026-04-07T06:53:15","slug":"traversanne-recits-dun-quartier-en-mouvement-n-1","status":"publish","type":"product","link":"https:\/\/www.booksonthemove.fr\/en\/produit\/traversanne-recits-dun-quartier-en-mouvement-n-1\/","title":{"rendered":"Traversanne : r\u00e9cits d&#8217;un quartier en mouvement, n\u00b0 1"},"content":{"rendered":"<p>Une plong\u00e9e dans le quartier Saint-Michel de Bordeaux par des chemins de traverse. Les contributeurs partagent leurs rencontres, leurs d\u00e9couvertes et \u00e9voquent la riche histoire de ce lieu en constante mutation, o\u00f9 diff\u00e9rentes cultures coexistent fraternellement, dans un esprit de libert\u00e9 et d&#8217;insoumission.<\/p>\n<p><b>Traver Sanne 01<br \/>\n<\/b>la rue Sanche-de-Pomiers Ludovic In\u00e8s l&#8217;\u00e9tudiant en m\u00e9decine la serveuse de nuit son chat et son beau copain le jeune musicien de pop anglaise discret le jeune ing\u00e9nieur pr\u00e9caire skateur la maman bulgare qui parle fort Jeanne Jean-Fran\u00e7ois et Canan Christophe Carmen B\u00e9bert et ses pigeons Domi mon propri\u00e9taire le menuisier au gros post\u00e9rieur Marie-France et Boris son fils le monsieur chauve \u00e0 la vieille fourgonnette orange la dame sauvage et d\u00e9pressive l&#8217;homme qui crache dans la rue ceux qui y pissent la famille anglaise et leur golden retriever la fille son labrador qui pisse contre la porte de chez Jeanne et Jean-Fran\u00e7ois Carole au t\u00e9l\u00e9phone aper\u00e7ue depuis ma fen\u00eatre la dame \u00e0 la fen\u00eatre les langues parl\u00e9es les chants bulgares le p\u00e8re de famille au beau visage le monsieur barbu qui vit \u00e0 l&#8217;angle de la rue faire de jeu les enfants les familles et les pipas le resto italien le ristretto le patron \u00e0 flux-tendu entre le resto et les Capus la serveuse percutante la serveuse au regard doux le serveur au regard doux le cuisinier au beau sourire l&#8217;homme \u00e0 l&#8217;ordinateur portable qui \u00e9crit des livres grand Fran\u00e7ois et Enzo l&#8217;homme sec aux cheveux bruns et courts la bande de la rue Clare au caf\u00e9 le matin le blondinet lisant Le Monde diplomatique le bar des th\u00e9\u00e2treux\u00b7euses Guy la baronne Isabelle le baron Baronness B\u00e9a l&#8217;infirmier \u00e0 la retraite Christophe et ses gauloises le magasin de meubles de la rue Clare le commer\u00e7ant qui vend des babioles et bavarde dans la rue la dame assise sur un seau au regard triste devant la p\u00e2tisserie et la dame au visage rid\u00e9 qui font la manche Pierre qui lit le journal chez Samantha et \u00e0 la brasserie Le Passage le chant de la marchande des quatre saisons son fils le fleuriste des Capus et son demi Joseph Karine Zo\u00e9 et le Belge la petite serveuse dynamique et la serveuse espagnole Thierry Thomas Germinal St\u00e9phanie Christophe le matin l&#8217;homme \u00e0 la coupe en brosse et son verre de blanc l&#8217;homme \u00e0 la casquette et aux grosses cuisses le fr\u00eale marchand de poisson les buveureuses de blanc \u00e0 l&#8217;angle du comptoir le crapaud et l&#8217;encadreuse l&#8217;horoscope de Sud-Ouest le pompier-ouvreur d&#8217;hu\u00eetres Angeleva la boulang\u00e8re bio la marchande de fromage et ses employ\u00e9\u00b7e\u00b7s les mara\u00eech\u00e8res \u00ab bonne journ\u00e9eeee \u00bb le commissariat le super U le caissier charmant et charpent\u00e9 les employ\u00e9es depuis longtemps la caissi\u00e8re obs\u00e9quieuse les agents de s\u00e9curit\u00e9 la femme au visage marqu\u00e9 et ses potes les flics qui ach\u00e8tent des sandwichs daunat et du coca les zonards les chiens les pi\u00e8ces tax\u00e9es la boulangerie de nuit du cours de la Marne la vendeuse qui plaisante toujours le beignet au nutella les chouquettes pour Capucine et Eug\u00e8ne la baguette pas trop cuite pour Annick et Muriel les intensit\u00e9s de la rue \u00c9lie-Gintrac le resto vietnamien les odeurs aux abords de la halle Joaquina et Ramon rue Bigot le perroquet de la pharmacie le mari de la pharmacienne qui prom\u00e8ne son chien la rue Traversanne VieVie et sa terrasse Emma Paola et Bianca des beaux-arts Nicole son fils et sa grosse moto le voisin et son immeuble en cours de restauration Delphine et le Boudoir le marchand de produits d\u00e9stock\u00e9s et son vendeur aux cheveux d\u00e9color\u00e9s le marchand de chaussures au chapeau de cuir les vendeurs de v\u00eatements de marque les jours de march\u00e9 place Saint-Michel qui prennent leur petit d\u00e9jeuner au Passage les hommes au caf\u00e9 le matin St\u00e9phane dit Sensible Isabelle-belle Martine les dames du lundi qui aiment les marques les brocs et les vendeur\u00b7euse\u00b7s \u00e0 la sauvette sur la place en semaine et le dimanche les junkies rue Planterose le pain bio de la veille rue Camille-Sauvageau la station tram Saint-Michel vers la gare la porte de Bourgogne et les gens qu&#8217;on y croise le vieil homme qui fait la manche devant la BNP l&#8217;\u00e9picerie turque au coin de la rue des Faures les dealers la couturi\u00e8re la boulangerie branch\u00e9e La Fraternit\u00e9 et son patron les femmes assises sous les tilleuls les hommes sur les bancs la mosqu\u00e9e Pierre \u00c9lodie et Lilian rue des Menuts<\/p>\n","protected":false},"excerpt":{"rendered":"<p><b>AUTEUR.ICE.S\u00a0: <\/b>ouvrage collectif<br \/>\n<strong>EDITEUR :<\/strong> Komos (2024)<\/p>\n<p><strong>BROCH\u00c9 :<\/strong> 117 pages<br \/>\n<strong>LANGUE :<\/strong> Fran\u00e7ais<br \/>\n<strong>ISBN13 :<\/strong> 978-2-9578203-3-7<\/p>\n","protected":false},"featured_media":47223,"template":"","meta":[],"product_brand":[],"product_cat":[198,162,211],"product_tag":[],"class_list":{"0":"post-47224","1":"product","2":"type-product","3":"status-publish","4":"has-post-thumbnail","6":"product_cat-collaborations-collectives-en","7":"product_cat-french-en","8":"product_cat-magazines-en","10":"first","11":"instock","12":"taxable","13":"shipping-taxable","14":"purchasable","15":"product-type-simple"},"yoast_head":"<!-- This site is optimized with the Yoast SEO plugin v27.4 - https:\/\/yoast.com\/product\/yoast-seo-wordpress\/ -->\n<title>Traversanne : r\u00e9cits d&#039;un quartier en mouvement, n\u00b0 1 - Books on the Move<\/title>\n<meta name=\"robots\" content=\"index, follow, max-snippet:-1, max-image-preview:large, max-video-preview:-1\" \/>\n<link rel=\"canonical\" href=\"https:\/\/www.booksonthemove.fr\/en\/produit\/traversanne-recits-dun-quartier-en-mouvement-n-1\/\" \/>\n<meta property=\"og:locale\" content=\"en_US\" \/>\n<meta property=\"og:type\" content=\"article\" \/>\n<meta property=\"og:title\" content=\"Traversanne : r\u00e9cits d&#039;un quartier en mouvement, n\u00b0 1 - Books on the Move\" \/>\n<meta property=\"og:description\" content=\"AUTEUR.ICE.S\u00a0: ouvrage collectif EDITEUR : Komos (2024)  BROCH\u00c9 : 117 pages LANGUE : Fran\u00e7ais ISBN13 : 978-2-9578203-3-7\" \/>\n<meta property=\"og:url\" content=\"https:\/\/www.booksonthemove.fr\/en\/produit\/traversanne-recits-dun-quartier-en-mouvement-n-1\/\" \/>\n<meta property=\"og:site_name\" content=\"Books on the Move\" \/>\n<meta property=\"article:publisher\" content=\"https:\/\/www.facebook.com\/Librairiebooksonthemove\/\" \/>\n<meta property=\"article:modified_time\" content=\"2026-04-07T06:53:15+00:00\" \/>\n<meta property=\"og:image\" content=\"https:\/\/www.booksonthemove.fr\/media\/bom_3052.webp\" \/>\n\t<meta property=\"og:image:width\" content=\"400\" \/>\n\t<meta property=\"og:image:height\" content=\"576\" \/>\n\t<meta property=\"og:image:type\" content=\"image\/webp\" \/>\n<meta name=\"twitter:card\" content=\"summary_large_image\" \/>\n<script type=\"application\/ld+json\" class=\"yoast-schema-graph\">{\"@context\":\"https:\\\/\\\/schema.org\",\"@graph\":[{\"@type\":\"WebPage\",\"@id\":\"https:\\\/\\\/www.booksonthemove.fr\\\/en\\\/produit\\\/traversanne-recits-dun-quartier-en-mouvement-n-1\\\/\",\"url\":\"https:\\\/\\\/www.booksonthemove.fr\\\/en\\\/produit\\\/traversanne-recits-dun-quartier-en-mouvement-n-1\\\/\",\"name\":\"Traversanne : r\u00e9cits d'un quartier en mouvement, n\u00b0 1 - Books on the Move\",\"isPartOf\":{\"@id\":\"https:\\\/\\\/www.booksonthemove.fr\\\/#website\"},\"primaryImageOfPage\":{\"@id\":\"https:\\\/\\\/www.booksonthemove.fr\\\/en\\\/produit\\\/traversanne-recits-dun-quartier-en-mouvement-n-1\\\/#primaryimage\"},\"image\":{\"@id\":\"https:\\\/\\\/www.booksonthemove.fr\\\/en\\\/produit\\\/traversanne-recits-dun-quartier-en-mouvement-n-1\\\/#primaryimage\"},\"thumbnailUrl\":\"https:\\\/\\\/www.booksonthemove.fr\\\/media\\\/bom_3052.webp\",\"datePublished\":\"2026-04-06T10:03:49+00:00\",\"dateModified\":\"2026-04-07T06:53:15+00:00\",\"breadcrumb\":{\"@id\":\"https:\\\/\\\/www.booksonthemove.fr\\\/en\\\/produit\\\/traversanne-recits-dun-quartier-en-mouvement-n-1\\\/#breadcrumb\"},\"inLanguage\":\"en-US\",\"potentialAction\":[{\"@type\":\"ReadAction\",\"target\":[\"https:\\\/\\\/www.booksonthemove.fr\\\/en\\\/produit\\\/traversanne-recits-dun-quartier-en-mouvement-n-1\\\/\"]}]},{\"@type\":\"ImageObject\",\"inLanguage\":\"en-US\",\"@id\":\"https:\\\/\\\/www.booksonthemove.fr\\\/en\\\/produit\\\/traversanne-recits-dun-quartier-en-mouvement-n-1\\\/#primaryimage\",\"url\":\"https:\\\/\\\/www.booksonthemove.fr\\\/media\\\/bom_3052.webp\",\"contentUrl\":\"https:\\\/\\\/www.booksonthemove.fr\\\/media\\\/bom_3052.webp\",\"width\":400,\"height\":576},{\"@type\":\"BreadcrumbList\",\"@id\":\"https:\\\/\\\/www.booksonthemove.fr\\\/en\\\/produit\\\/traversanne-recits-dun-quartier-en-mouvement-n-1\\\/#breadcrumb\",\"itemListElement\":[{\"@type\":\"ListItem\",\"position\":1,\"name\":\"Accueil\",\"item\":\"https:\\\/\\\/www.booksonthemove.fr\\\/en\\\/\"},{\"@type\":\"ListItem\",\"position\":2,\"name\":\"online store\",\"item\":\"https:\\\/\\\/www.booksonthemove.fr\\\/en\\\/online-shop\\\/\"},{\"@type\":\"ListItem\",\"position\":3,\"name\":\"Traversanne : r\u00e9cits d&rsquo;un quartier en mouvement, n\u00b0 1\"}]},{\"@type\":\"WebSite\",\"@id\":\"https:\\\/\\\/www.booksonthemove.fr\\\/#website\",\"url\":\"https:\\\/\\\/www.booksonthemove.fr\\\/\",\"name\":\"Books on the Move\",\"description\":\"librairie nomade - danse - mouvement - performance\",\"publisher\":{\"@id\":\"https:\\\/\\\/www.booksonthemove.fr\\\/#organization\"},\"potentialAction\":[{\"@type\":\"SearchAction\",\"target\":{\"@type\":\"EntryPoint\",\"urlTemplate\":\"https:\\\/\\\/www.booksonthemove.fr\\\/?s={search_term_string}\"},\"query-input\":{\"@type\":\"PropertyValueSpecification\",\"valueRequired\":true,\"valueName\":\"search_term_string\"}}],\"inLanguage\":\"en-US\"},{\"@type\":\"Organization\",\"@id\":\"https:\\\/\\\/www.booksonthemove.fr\\\/#organization\",\"name\":\"Books on the Move\",\"url\":\"https:\\\/\\\/www.booksonthemove.fr\\\/\",\"logo\":{\"@type\":\"ImageObject\",\"inLanguage\":\"en-US\",\"@id\":\"https:\\\/\\\/www.booksonthemove.fr\\\/#\\\/schema\\\/logo\\\/image\\\/\",\"url\":\"https:\\\/\\\/www.booksonthemove.fr\\\/media\\\/logo-NB-400.jpg\",\"contentUrl\":\"https:\\\/\\\/www.booksonthemove.fr\\\/media\\\/logo-NB-400.jpg\",\"width\":400,\"height\":143,\"caption\":\"Books on the Move\"},\"image\":{\"@id\":\"https:\\\/\\\/www.booksonthemove.fr\\\/#\\\/schema\\\/logo\\\/image\\\/\"},\"sameAs\":[\"https:\\\/\\\/www.facebook.com\\\/Librairiebooksonthemove\\\/\"]}]}<\/script>\n<!-- \/ Yoast SEO plugin. -->","yoast_head_json":{"title":"Traversanne : r\u00e9cits d'un quartier en mouvement, n\u00b0 1 - Books on the Move","robots":{"index":"index","follow":"follow","max-snippet":"max-snippet:-1","max-image-preview":"max-image-preview:large","max-video-preview":"max-video-preview:-1"},"canonical":"https:\/\/www.booksonthemove.fr\/en\/produit\/traversanne-recits-dun-quartier-en-mouvement-n-1\/","og_locale":"en_US","og_type":"article","og_title":"Traversanne : r\u00e9cits d'un quartier en mouvement, n\u00b0 1 - Books on the Move","og_description":"AUTEUR.ICE.S\u00a0: ouvrage collectif EDITEUR : Komos (2024)  BROCH\u00c9 : 117 pages LANGUE : Fran\u00e7ais ISBN13 : 978-2-9578203-3-7","og_url":"https:\/\/www.booksonthemove.fr\/en\/produit\/traversanne-recits-dun-quartier-en-mouvement-n-1\/","og_site_name":"Books on the Move","article_publisher":"https:\/\/www.facebook.com\/Librairiebooksonthemove\/","article_modified_time":"2026-04-07T06:53:15+00:00","og_image":[{"width":400,"height":576,"url":"https:\/\/www.booksonthemove.fr\/media\/bom_3052.webp","type":"image\/webp"}],"twitter_card":"summary_large_image","schema":{"@context":"https:\/\/schema.org","@graph":[{"@type":"WebPage","@id":"https:\/\/www.booksonthemove.fr\/en\/produit\/traversanne-recits-dun-quartier-en-mouvement-n-1\/","url":"https:\/\/www.booksonthemove.fr\/en\/produit\/traversanne-recits-dun-quartier-en-mouvement-n-1\/","name":"Traversanne : r\u00e9cits d'un quartier en mouvement, n\u00b0 1 - Books on the Move","isPartOf":{"@id":"https:\/\/www.booksonthemove.fr\/#website"},"primaryImageOfPage":{"@id":"https:\/\/www.booksonthemove.fr\/en\/produit\/traversanne-recits-dun-quartier-en-mouvement-n-1\/#primaryimage"},"image":{"@id":"https:\/\/www.booksonthemove.fr\/en\/produit\/traversanne-recits-dun-quartier-en-mouvement-n-1\/#primaryimage"},"thumbnailUrl":"https:\/\/www.booksonthemove.fr\/media\/bom_3052.webp","datePublished":"2026-04-06T10:03:49+00:00","dateModified":"2026-04-07T06:53:15+00:00","breadcrumb":{"@id":"https:\/\/www.booksonthemove.fr\/en\/produit\/traversanne-recits-dun-quartier-en-mouvement-n-1\/#breadcrumb"},"inLanguage":"en-US","potentialAction":[{"@type":"ReadAction","target":["https:\/\/www.booksonthemove.fr\/en\/produit\/traversanne-recits-dun-quartier-en-mouvement-n-1\/"]}]},{"@type":"ImageObject","inLanguage":"en-US","@id":"https:\/\/www.booksonthemove.fr\/en\/produit\/traversanne-recits-dun-quartier-en-mouvement-n-1\/#primaryimage","url":"https:\/\/www.booksonthemove.fr\/media\/bom_3052.webp","contentUrl":"https:\/\/www.booksonthemove.fr\/media\/bom_3052.webp","width":400,"height":576},{"@type":"BreadcrumbList","@id":"https:\/\/www.booksonthemove.fr\/en\/produit\/traversanne-recits-dun-quartier-en-mouvement-n-1\/#breadcrumb","itemListElement":[{"@type":"ListItem","position":1,"name":"Accueil","item":"https:\/\/www.booksonthemove.fr\/en\/"},{"@type":"ListItem","position":2,"name":"online store","item":"https:\/\/www.booksonthemove.fr\/en\/online-shop\/"},{"@type":"ListItem","position":3,"name":"Traversanne : r\u00e9cits d&rsquo;un quartier en mouvement, n\u00b0 1"}]},{"@type":"WebSite","@id":"https:\/\/www.booksonthemove.fr\/#website","url":"https:\/\/www.booksonthemove.fr\/","name":"Books on the Move","description":"librairie nomade - danse - mouvement - performance","publisher":{"@id":"https:\/\/www.booksonthemove.fr\/#organization"},"potentialAction":[{"@type":"SearchAction","target":{"@type":"EntryPoint","urlTemplate":"https:\/\/www.booksonthemove.fr\/?s={search_term_string}"},"query-input":{"@type":"PropertyValueSpecification","valueRequired":true,"valueName":"search_term_string"}}],"inLanguage":"en-US"},{"@type":"Organization","@id":"https:\/\/www.booksonthemove.fr\/#organization","name":"Books on the Move","url":"https:\/\/www.booksonthemove.fr\/","logo":{"@type":"ImageObject","inLanguage":"en-US","@id":"https:\/\/www.booksonthemove.fr\/#\/schema\/logo\/image\/","url":"https:\/\/www.booksonthemove.fr\/media\/logo-NB-400.jpg","contentUrl":"https:\/\/www.booksonthemove.fr\/media\/logo-NB-400.jpg","width":400,"height":143,"caption":"Books on the Move"},"image":{"@id":"https:\/\/www.booksonthemove.fr\/#\/schema\/logo\/image\/"},"sameAs":["https:\/\/www.facebook.com\/Librairiebooksonthemove\/"]}]}},"_links":{"self":[{"href":"https:\/\/www.booksonthemove.fr\/en\/wp-json\/wp\/v2\/product\/47224","targetHints":{"allow":["GET"]}}],"collection":[{"href":"https:\/\/www.booksonthemove.fr\/en\/wp-json\/wp\/v2\/product"}],"about":[{"href":"https:\/\/www.booksonthemove.fr\/en\/wp-json\/wp\/v2\/types\/product"}],"wp:featuredmedia":[{"embeddable":true,"href":"https:\/\/www.booksonthemove.fr\/en\/wp-json\/wp\/v2\/media\/47223"}],"wp:attachment":[{"href":"https:\/\/www.booksonthemove.fr\/en\/wp-json\/wp\/v2\/media?parent=47224"}],"wp:term":[{"taxonomy":"product_brand","embeddable":true,"href":"https:\/\/www.booksonthemove.fr\/en\/wp-json\/wp\/v2\/product_brand?post=47224"},{"taxonomy":"product_cat","embeddable":true,"href":"https:\/\/www.booksonthemove.fr\/en\/wp-json\/wp\/v2\/product_cat?post=47224"},{"taxonomy":"product_tag","embeddable":true,"href":"https:\/\/www.booksonthemove.fr\/en\/wp-json\/wp\/v2\/product_tag?post=47224"}],"curies":[{"name":"wp","href":"https:\/\/api.w.org\/{rel}","templated":true}]}}