{"id":47239,"date":"2026-04-08T11:32:55","date_gmt":"2026-04-08T09:32:55","guid":{"rendered":"https:\/\/www.booksonthemove.fr\/produit\/architectures-lesbiennes-subversions-du-lien-de-lintime-et-de-lespace\/"},"modified":"2026-04-22T11:49:36","modified_gmt":"2026-04-22T09:49:36","slug":"architectures-lesbiennes-subversions-du-lien-de-lintime-et-de-lespace","status":"publish","type":"product","link":"https:\/\/www.booksonthemove.fr\/en\/produit\/architectures-lesbiennes-subversions-du-lien-de-lintime-et-de-lespace\/","title":{"rendered":"Architectures lesbiennes &#8211; Subversions du lien, de l\u2019intime et de l\u2019espace"},"content":{"rendered":"<p>Cabanes, biblioth\u00e8ques, jardins, \u00eeles, plages, grottes, maisons, appartements, terrains : au fil des si\u00e8cles, une infinit\u00e9 de lieux ont \u00e9t\u00e9 pens\u00e9s, investis et fa\u00e7onn\u00e9s pour que les d\u00e9sirs, les amours et les vies lesbiennes puissent se d\u00e9ployer. \u00c0 l\u2019abri des regards, dans les interstices ou comme geste d\u2019affirmation politique de visibilit\u00e9, ces espaces racontent une autre histoire de l\u2019architecture.<\/p>\n<p>\u00c0 travers une enqu\u00eate minutieuse et une riche iconographie, l\u2019architecte et chercheuse Milena Charbit explore plus de cent espaces, tangibles ou disparus, construits ou r\u00eav\u00e9s, d\u00e9tourn\u00e9s ou transform\u00e9s par des c\u00e9libataires, des amantes, des camarades, des couples et des communaut\u00e9s lesbiennes. De l\u2019Arcadie florentine aux terres lesbiennes, du cottage isol\u00e9 au Lesbian Xanadu, ce livre met en lumi\u00e8re les tactiques architecturales et spatiales invent\u00e9es pour contourner les syst\u00e8mes patriarcaux et exp\u00e9rimenter, non sans heurts, des mod\u00e8les sociaux, \u00e9conomiques, affectifs, domestiques, esth\u00e9tiques ou \u00e9cologiques alternatifs.<\/p>\n<p>Existe-t-il des motifs transhistoriques et transnationaux d\u2019architectures lesbiennes ?\u00a0 Comment transmettre ces histoires et ces r\u00e9alisations ? L\u2019autrice interroge ici les biographies architecturales de ces espaces, remontant leurs fils historiques au gr\u00e9 des r\u00e9cits et des traces laiss\u00e9es par les personnes qui les ont con\u00e7us et\/ou habit\u00e9s.<span class=\"Apple-converted-space\">\u00a0<\/span><\/p>\n<p>En s\u2019appuyant sur des archives in\u00e9dites et des t\u00e9moignages, Milena Charbit fait \u00e9merger un pan de l\u2019histoire de l\u2019architecture aussi m\u00e9connu que passionnant.<\/p>\n","protected":false},"excerpt":{"rendered":"<p><b>AUTRICE : \u00a0<\/b>Milena Charbit<br \/>\n<b>EDITEUR : <\/b>Shed publishing (2025)<\/p>\n<p><strong>BROCH\u00c9 :<\/strong> 380 pages<br \/>\n<b>LANGUE : <\/b>Fran\u00e7ais<br \/>\n<strong>ISBN13 :<\/strong> 978-2-9577498-8-1<\/p>\n","protected":false},"featured_media":47238,"template":"","meta":[],"product_brand":[],"product_cat":[143,207,146,162],"product_tag":[],"class_list":{"0":"post-47239","1":"product","2":"type-product","3":"status-publish","4":"has-post-thumbnail","6":"product_cat-gender-studies-en","7":"product_cat-architecture-en","8":"product_cat-theoretical-texts-en","9":"product_cat-french-en","11":"first","12":"instock","13":"featured","14":"taxable","15":"shipping-taxable","16":"purchasable","17":"product-type-simple"},"yoast_head":"<!-- This site is optimized with the Yoast SEO plugin v27.4 - https:\/\/yoast.com\/product\/yoast-seo-wordpress\/ -->\n<title>Architectures lesbiennes - Subversions du lien, de l\u2019intime et de l\u2019espace - Books on the Move<\/title>\n<meta name=\"robots\" content=\"index, follow, max-snippet:-1, max-image-preview:large, max-video-preview:-1\" \/>\n<link rel=\"canonical\" href=\"https:\/\/www.booksonthemove.fr\/en\/produit\/architectures-lesbiennes-subversions-du-lien-de-lintime-et-de-lespace\/\" \/>\n<meta property=\"og:locale\" content=\"en_US\" \/>\n<meta property=\"og:type\" content=\"article\" \/>\n<meta property=\"og:title\" content=\"Architectures lesbiennes - Subversions du lien, de l\u2019intime et de l\u2019espace - Books on the Move\" \/>\n<meta property=\"og:description\" content=\"AUTRICE : \u00a0Milena Charbit EDITEUR : Shed publishing (2025)  BROCH\u00c9 : 380 pages LANGUE : Fran\u00e7ais ISBN13 : 978-2-9577498-8-1\" \/>\n<meta property=\"og:url\" content=\"https:\/\/www.booksonthemove.fr\/en\/produit\/architectures-lesbiennes-subversions-du-lien-de-lintime-et-de-lespace\/\" \/>\n<meta property=\"og:site_name\" content=\"Books on the Move\" \/>\n<meta property=\"article:publisher\" content=\"https:\/\/www.facebook.com\/Librairiebooksonthemove\/\" \/>\n<meta property=\"article:modified_time\" content=\"2026-04-22T09:49:36+00:00\" \/>\n<meta property=\"og:image\" content=\"https:\/\/www.booksonthemove.fr\/media\/bom_3049.jpg\" \/>\n\t<meta property=\"og:image:width\" content=\"660\" \/>\n\t<meta property=\"og:image:height\" content=\"912\" \/>\n\t<meta property=\"og:image:type\" content=\"image\/jpeg\" \/>\n<meta name=\"twitter:card\" content=\"summary_large_image\" \/>\n<script type=\"application\/ld+json\" class=\"yoast-schema-graph\">{\"@context\":\"https:\\\/\\\/schema.org\",\"@graph\":[{\"@type\":\"WebPage\",\"@id\":\"https:\\\/\\\/www.booksonthemove.fr\\\/en\\\/produit\\\/architectures-lesbiennes-subversions-du-lien-de-lintime-et-de-lespace\\\/\",\"url\":\"https:\\\/\\\/www.booksonthemove.fr\\\/en\\\/produit\\\/architectures-lesbiennes-subversions-du-lien-de-lintime-et-de-lespace\\\/\",\"name\":\"Architectures lesbiennes - Subversions du lien, de l\u2019intime et de l\u2019espace - Books on the Move\",\"isPartOf\":{\"@id\":\"https:\\\/\\\/www.booksonthemove.fr\\\/#website\"},\"primaryImageOfPage\":{\"@id\":\"https:\\\/\\\/www.booksonthemove.fr\\\/en\\\/produit\\\/architectures-lesbiennes-subversions-du-lien-de-lintime-et-de-lespace\\\/#primaryimage\"},\"image\":{\"@id\":\"https:\\\/\\\/www.booksonthemove.fr\\\/en\\\/produit\\\/architectures-lesbiennes-subversions-du-lien-de-lintime-et-de-lespace\\\/#primaryimage\"},\"thumbnailUrl\":\"https:\\\/\\\/www.booksonthemove.fr\\\/media\\\/bom_3049.jpg\",\"datePublished\":\"2026-04-08T09:32:55+00:00\",\"dateModified\":\"2026-04-22T09:49:36+00:00\",\"breadcrumb\":{\"@id\":\"https:\\\/\\\/www.booksonthemove.fr\\\/en\\\/produit\\\/architectures-lesbiennes-subversions-du-lien-de-lintime-et-de-lespace\\\/#breadcrumb\"},\"inLanguage\":\"en-US\",\"potentialAction\":[{\"@type\":\"ReadAction\",\"target\":[\"https:\\\/\\\/www.booksonthemove.fr\\\/en\\\/produit\\\/architectures-lesbiennes-subversions-du-lien-de-lintime-et-de-lespace\\\/\"]}]},{\"@type\":\"ImageObject\",\"inLanguage\":\"en-US\",\"@id\":\"https:\\\/\\\/www.booksonthemove.fr\\\/en\\\/produit\\\/architectures-lesbiennes-subversions-du-lien-de-lintime-et-de-lespace\\\/#primaryimage\",\"url\":\"https:\\\/\\\/www.booksonthemove.fr\\\/media\\\/bom_3049.jpg\",\"contentUrl\":\"https:\\\/\\\/www.booksonthemove.fr\\\/media\\\/bom_3049.jpg\",\"width\":660,\"height\":912},{\"@type\":\"BreadcrumbList\",\"@id\":\"https:\\\/\\\/www.booksonthemove.fr\\\/en\\\/produit\\\/architectures-lesbiennes-subversions-du-lien-de-lintime-et-de-lespace\\\/#breadcrumb\",\"itemListElement\":[{\"@type\":\"ListItem\",\"position\":1,\"name\":\"Accueil\",\"item\":\"https:\\\/\\\/www.booksonthemove.fr\\\/en\\\/\"},{\"@type\":\"ListItem\",\"position\":2,\"name\":\"online store\",\"item\":\"https:\\\/\\\/www.booksonthemove.fr\\\/en\\\/online-shop\\\/\"},{\"@type\":\"ListItem\",\"position\":3,\"name\":\"Architectures lesbiennes &#8211; Subversions du lien, de l\u2019intime et de l\u2019espace\"}]},{\"@type\":\"WebSite\",\"@id\":\"https:\\\/\\\/www.booksonthemove.fr\\\/#website\",\"url\":\"https:\\\/\\\/www.booksonthemove.fr\\\/\",\"name\":\"Books on the Move\",\"description\":\"librairie nomade - danse - mouvement - performance\",\"publisher\":{\"@id\":\"https:\\\/\\\/www.booksonthemove.fr\\\/#organization\"},\"potentialAction\":[{\"@type\":\"SearchAction\",\"target\":{\"@type\":\"EntryPoint\",\"urlTemplate\":\"https:\\\/\\\/www.booksonthemove.fr\\\/?s={search_term_string}\"},\"query-input\":{\"@type\":\"PropertyValueSpecification\",\"valueRequired\":true,\"valueName\":\"search_term_string\"}}],\"inLanguage\":\"en-US\"},{\"@type\":\"Organization\",\"@id\":\"https:\\\/\\\/www.booksonthemove.fr\\\/#organization\",\"name\":\"Books on the Move\",\"url\":\"https:\\\/\\\/www.booksonthemove.fr\\\/\",\"logo\":{\"@type\":\"ImageObject\",\"inLanguage\":\"en-US\",\"@id\":\"https:\\\/\\\/www.booksonthemove.fr\\\/#\\\/schema\\\/logo\\\/image\\\/\",\"url\":\"https:\\\/\\\/www.booksonthemove.fr\\\/media\\\/logo-NB-400.jpg\",\"contentUrl\":\"https:\\\/\\\/www.booksonthemove.fr\\\/media\\\/logo-NB-400.jpg\",\"width\":400,\"height\":143,\"caption\":\"Books on the Move\"},\"image\":{\"@id\":\"https:\\\/\\\/www.booksonthemove.fr\\\/#\\\/schema\\\/logo\\\/image\\\/\"},\"sameAs\":[\"https:\\\/\\\/www.facebook.com\\\/Librairiebooksonthemove\\\/\"]}]}<\/script>\n<!-- \/ Yoast SEO plugin. -->","yoast_head_json":{"title":"Architectures lesbiennes - Subversions du lien, de l\u2019intime et de l\u2019espace - Books on the Move","robots":{"index":"index","follow":"follow","max-snippet":"max-snippet:-1","max-image-preview":"max-image-preview:large","max-video-preview":"max-video-preview:-1"},"canonical":"https:\/\/www.booksonthemove.fr\/en\/produit\/architectures-lesbiennes-subversions-du-lien-de-lintime-et-de-lespace\/","og_locale":"en_US","og_type":"article","og_title":"Architectures lesbiennes - Subversions du lien, de l\u2019intime et de l\u2019espace - Books on the Move","og_description":"AUTRICE : \u00a0Milena Charbit EDITEUR : Shed publishing (2025)  BROCH\u00c9 : 380 pages LANGUE : Fran\u00e7ais ISBN13 : 978-2-9577498-8-1","og_url":"https:\/\/www.booksonthemove.fr\/en\/produit\/architectures-lesbiennes-subversions-du-lien-de-lintime-et-de-lespace\/","og_site_name":"Books on the Move","article_publisher":"https:\/\/www.facebook.com\/Librairiebooksonthemove\/","article_modified_time":"2026-04-22T09:49:36+00:00","og_image":[{"width":660,"height":912,"url":"https:\/\/www.booksonthemove.fr\/media\/bom_3049.jpg","type":"image\/jpeg"}],"twitter_card":"summary_large_image","schema":{"@context":"https:\/\/schema.org","@graph":[{"@type":"WebPage","@id":"https:\/\/www.booksonthemove.fr\/en\/produit\/architectures-lesbiennes-subversions-du-lien-de-lintime-et-de-lespace\/","url":"https:\/\/www.booksonthemove.fr\/en\/produit\/architectures-lesbiennes-subversions-du-lien-de-lintime-et-de-lespace\/","name":"Architectures lesbiennes - Subversions du lien, de l\u2019intime et de l\u2019espace - Books on the Move","isPartOf":{"@id":"https:\/\/www.booksonthemove.fr\/#website"},"primaryImageOfPage":{"@id":"https:\/\/www.booksonthemove.fr\/en\/produit\/architectures-lesbiennes-subversions-du-lien-de-lintime-et-de-lespace\/#primaryimage"},"image":{"@id":"https:\/\/www.booksonthemove.fr\/en\/produit\/architectures-lesbiennes-subversions-du-lien-de-lintime-et-de-lespace\/#primaryimage"},"thumbnailUrl":"https:\/\/www.booksonthemove.fr\/media\/bom_3049.jpg","datePublished":"2026-04-08T09:32:55+00:00","dateModified":"2026-04-22T09:49:36+00:00","breadcrumb":{"@id":"https:\/\/www.booksonthemove.fr\/en\/produit\/architectures-lesbiennes-subversions-du-lien-de-lintime-et-de-lespace\/#breadcrumb"},"inLanguage":"en-US","potentialAction":[{"@type":"ReadAction","target":["https:\/\/www.booksonthemove.fr\/en\/produit\/architectures-lesbiennes-subversions-du-lien-de-lintime-et-de-lespace\/"]}]},{"@type":"ImageObject","inLanguage":"en-US","@id":"https:\/\/www.booksonthemove.fr\/en\/produit\/architectures-lesbiennes-subversions-du-lien-de-lintime-et-de-lespace\/#primaryimage","url":"https:\/\/www.booksonthemove.fr\/media\/bom_3049.jpg","contentUrl":"https:\/\/www.booksonthemove.fr\/media\/bom_3049.jpg","width":660,"height":912},{"@type":"BreadcrumbList","@id":"https:\/\/www.booksonthemove.fr\/en\/produit\/architectures-lesbiennes-subversions-du-lien-de-lintime-et-de-lespace\/#breadcrumb","itemListElement":[{"@type":"ListItem","position":1,"name":"Accueil","item":"https:\/\/www.booksonthemove.fr\/en\/"},{"@type":"ListItem","position":2,"name":"online store","item":"https:\/\/www.booksonthemove.fr\/en\/online-shop\/"},{"@type":"ListItem","position":3,"name":"Architectures lesbiennes &#8211; Subversions du lien, de l\u2019intime et de l\u2019espace"}]},{"@type":"WebSite","@id":"https:\/\/www.booksonthemove.fr\/#website","url":"https:\/\/www.booksonthemove.fr\/","name":"Books on the Move","description":"librairie nomade - danse - mouvement - performance","publisher":{"@id":"https:\/\/www.booksonthemove.fr\/#organization"},"potentialAction":[{"@type":"SearchAction","target":{"@type":"EntryPoint","urlTemplate":"https:\/\/www.booksonthemove.fr\/?s={search_term_string}"},"query-input":{"@type":"PropertyValueSpecification","valueRequired":true,"valueName":"search_term_string"}}],"inLanguage":"en-US"},{"@type":"Organization","@id":"https:\/\/www.booksonthemove.fr\/#organization","name":"Books on the Move","url":"https:\/\/www.booksonthemove.fr\/","logo":{"@type":"ImageObject","inLanguage":"en-US","@id":"https:\/\/www.booksonthemove.fr\/#\/schema\/logo\/image\/","url":"https:\/\/www.booksonthemove.fr\/media\/logo-NB-400.jpg","contentUrl":"https:\/\/www.booksonthemove.fr\/media\/logo-NB-400.jpg","width":400,"height":143,"caption":"Books on the Move"},"image":{"@id":"https:\/\/www.booksonthemove.fr\/#\/schema\/logo\/image\/"},"sameAs":["https:\/\/www.facebook.com\/Librairiebooksonthemove\/"]}]}},"_links":{"self":[{"href":"https:\/\/www.booksonthemove.fr\/en\/wp-json\/wp\/v2\/product\/47239","targetHints":{"allow":["GET"]}}],"collection":[{"href":"https:\/\/www.booksonthemove.fr\/en\/wp-json\/wp\/v2\/product"}],"about":[{"href":"https:\/\/www.booksonthemove.fr\/en\/wp-json\/wp\/v2\/types\/product"}],"wp:featuredmedia":[{"embeddable":true,"href":"https:\/\/www.booksonthemove.fr\/en\/wp-json\/wp\/v2\/media\/47238"}],"wp:attachment":[{"href":"https:\/\/www.booksonthemove.fr\/en\/wp-json\/wp\/v2\/media?parent=47239"}],"wp:term":[{"taxonomy":"product_brand","embeddable":true,"href":"https:\/\/www.booksonthemove.fr\/en\/wp-json\/wp\/v2\/product_brand?post=47239"},{"taxonomy":"product_cat","embeddable":true,"href":"https:\/\/www.booksonthemove.fr\/en\/wp-json\/wp\/v2\/product_cat?post=47239"},{"taxonomy":"product_tag","embeddable":true,"href":"https:\/\/www.booksonthemove.fr\/en\/wp-json\/wp\/v2\/product_tag?post=47239"}],"curies":[{"name":"wp","href":"https:\/\/api.w.org\/{rel}","templated":true}]}}