{"id":47266,"date":"2026-04-13T15:17:24","date_gmt":"2026-04-13T13:17:24","guid":{"rendered":"https:\/\/www.booksonthemove.fr\/produit\/communications-n-115-danser-en-lutte\/"},"modified":"2026-04-22T11:49:52","modified_gmt":"2026-04-22T09:49:52","slug":"communications-n-115-danser-en-lutte","status":"publish","type":"product","link":"https:\/\/www.booksonthemove.fr\/en\/produit\/communications-n-115-danser-en-lutte\/","title":{"rendered":"Communications, n\u00b0 115 &#8211; Danser en lutte"},"content":{"rendered":"<p>\u00ab Si je ne peux pas danser, ce n\u2019est pas ma r\u00e9volution. \u00bb Cette phrase attribu\u00e9e \u00e0 Emma Goldman, dont l\u2019un des camarades de lutte exigeait qu\u2019elle cesse de danser, au motif qu\u2019une activiste ne serait plus cr\u00e9dible si elle affichait sa passion pour la danse, r\u00e9sonne avec nombre de mobilisations sociales des derni\u00e8res ann\u00e9es, marqu\u00e9es par des danses et, plus largement, par des gestes expressifs, circulant parfois sur plusieurs continents. Ce num\u00e9ro explore la fa\u00e7on dont ce ph\u00e9nom\u00e8ne rejoue les r\u00e9pertoires de la revendication sociale, \u00e0 travers plusieurs \u00e9tudes de cas : <i>Un violador en tu camino<\/i> et ses reprises de par le monde, <i>Danza del <\/i><i>derecho de vivir en paz<\/i> au Chili, les danses nues des 400 Pueblos au Mexique, le <i>tor\u00e9<\/i> dans les luttes am\u00e9rindiennes au Br\u00e9sil, la performance \u00ab D\u00c9MO \u00bb durant le mouvement de Gezi en Turquie, les flashmobs \u00ab Danser encore \u00bb, le twerk dans la rue au cours de manifestations f\u00e9ministes, les tutoriels de reggaet\u00f3n dans l\u2019espace num\u00e9rique\u2026<\/p>\n<p>Les articles proposent des outils conceptuels pour penser le rapport du corps \u00e0 la politique, la vuln\u00e9rabilit\u00e9, la non-violence, ou encore le savoir-faire \u00ab chor\u00e9graphique \u00bb des forces de l\u2019ordre. Il s\u2019agit ainsi d\u2019\u00e9tudier de quelle mani\u00e8re des danses peuvent \u00eatre efficaces : d\u2019o\u00f9 viennent les gestes qui les composent, que disent-ils et que font-ils ? \u00c0 quels risques, aussi, leur polys\u00e9mie ou leur ambigu\u00eft\u00e9 exposent-elles ? On d\u00e9couvre alors que le fait de danser ouvre souvent, dans un mouvement social, de nouvelles luttes, de nouvelles questions, parfois de nouvelles fractures. Tout en montrant que la danse \u2013 lorsqu\u2019elle cr\u00e9e des corps alertes et reli\u00e9s aux autres \u2013 peut \u00eatre une \u00ab technique de soi \u00bb \u00e9mancipatrice, ce num\u00e9ro veut donc mettre au jour les rapports de force, les paradoxes qui la traversent : \u00e0 quelles conditions \u2013 dans les manifestations investissant l\u2019espace public, mais aussi dans d\u2019autres espaces (bo\u00eetes de nuit, r\u00e9seaux sociaux, institutions m\u00e9dico-sociales) \u2013 danser peut-il contribuer \u00e0 transformer le r\u00e9el ?<\/p>\n<p>Contributions : Marie Glon, Bianca Maurmayr, Elizabeth Claire, Luar maria Escobar, C\u00e9cile Lavergne, Andr\u00e9 Lepecki, Marion Guenot, Fabien, Jobard, Emma Big\u00e9, Luar Maria Escobar, Valentina Morales Vald\u00e9s, Morgane Govoreanu, Cyril Menta, Emma Gioia, Sarah Andrieu et Mahesse Kol\u00e9, \u00d6zge Derman, Marion Brachet, Baptiste Pilo, C\u00e9cile Pr\u00e9vost-Thomas, Luc Rob\u00e8ne, Manuel Roux, Solveig Serre, Fr\u00e9d\u00e9ric Trottier-Pistien, Christine Roquet, Peggy Lecaud\u00e9, Laetitia Ango, Chlo\u00e9 Kazemzadegan, Marguerite Trabut et Isabelle Ginot.<\/p>\n","protected":false},"excerpt":{"rendered":"<p><b>AUTEUR\u00b7RICE\u00b7S : <\/b>sous la direction de Marie Glon et Bianca Maurmayr<br \/>\n<b>EDITEUR :<\/b> Seuil (2024)<br \/>\n<strong>COLLECTION : <\/strong>Communications<\/p>\n<p><b>BROCH\u00c9 :<\/b> 248 pages<br \/>\n<b>LANGUE :<\/b>\u00a0fran\u00e7ais<br \/>\n<strong>ISBN:<\/strong> 978-2-021-57465-4<\/p>\n","protected":false},"featured_media":47265,"template":"","meta":[],"product_brand":[],"product_cat":[281,162,136,206,148,222],"product_tag":[],"class_list":{"0":"post-47266","1":"product","2":"type-product","3":"status-publish","4":"has-post-thumbnail","6":"product_cat-anthropology","7":"product_cat-french-en","8":"product_cat-histoire-en","9":"product_cat-philosophy-aesthetics-en","10":"product_cat-politics-en","11":"product_cat-social-studies-en","13":"first","14":"instock","15":"featured","16":"taxable","17":"shipping-taxable","18":"purchasable","19":"product-type-simple"},"yoast_head":"<!-- This site is optimized with the Yoast SEO plugin v27.4 - https:\/\/yoast.com\/product\/yoast-seo-wordpress\/ -->\n<title>Communications, n\u00b0 115 - Danser en lutte - Books on the Move<\/title>\n<meta name=\"robots\" content=\"index, follow, max-snippet:-1, max-image-preview:large, max-video-preview:-1\" \/>\n<link rel=\"canonical\" href=\"https:\/\/www.booksonthemove.fr\/en\/produit\/communications-n-115-danser-en-lutte\/\" \/>\n<meta property=\"og:locale\" content=\"en_US\" \/>\n<meta property=\"og:type\" content=\"article\" \/>\n<meta property=\"og:title\" content=\"Communications, n\u00b0 115 - Danser en lutte - Books on the Move\" \/>\n<meta property=\"og:description\" content=\"AUTEUR\u00b7RICE\u00b7S : sous la direction de Marie Glon et Bianca Maurmayr EDITEUR : Seuil (2024) COLLECTION : Communications  BROCH\u00c9 : 248 pages LANGUE :\u00a0fran\u00e7ais ISBN: 978-2-021-57465-4\" \/>\n<meta property=\"og:url\" content=\"https:\/\/www.booksonthemove.fr\/en\/produit\/communications-n-115-danser-en-lutte\/\" \/>\n<meta property=\"og:site_name\" content=\"Books on the Move\" \/>\n<meta property=\"article:publisher\" content=\"https:\/\/www.facebook.com\/Librairiebooksonthemove\/\" \/>\n<meta property=\"article:modified_time\" content=\"2026-04-22T09:49:52+00:00\" \/>\n<meta property=\"og:image\" content=\"https:\/\/www.booksonthemove.fr\/media\/bom_3055.jpg\" \/>\n\t<meta property=\"og:image:width\" content=\"382\" \/>\n\t<meta property=\"og:image:height\" content=\"600\" \/>\n\t<meta property=\"og:image:type\" content=\"image\/jpeg\" \/>\n<meta name=\"twitter:card\" content=\"summary_large_image\" \/>\n<script type=\"application\/ld+json\" class=\"yoast-schema-graph\">{\"@context\":\"https:\\\/\\\/schema.org\",\"@graph\":[{\"@type\":\"WebPage\",\"@id\":\"https:\\\/\\\/www.booksonthemove.fr\\\/en\\\/produit\\\/communications-n-115-danser-en-lutte\\\/\",\"url\":\"https:\\\/\\\/www.booksonthemove.fr\\\/en\\\/produit\\\/communications-n-115-danser-en-lutte\\\/\",\"name\":\"Communications, n\u00b0 115 - Danser en lutte - Books on the Move\",\"isPartOf\":{\"@id\":\"https:\\\/\\\/www.booksonthemove.fr\\\/#website\"},\"primaryImageOfPage\":{\"@id\":\"https:\\\/\\\/www.booksonthemove.fr\\\/en\\\/produit\\\/communications-n-115-danser-en-lutte\\\/#primaryimage\"},\"image\":{\"@id\":\"https:\\\/\\\/www.booksonthemove.fr\\\/en\\\/produit\\\/communications-n-115-danser-en-lutte\\\/#primaryimage\"},\"thumbnailUrl\":\"https:\\\/\\\/www.booksonthemove.fr\\\/media\\\/bom_3055.jpg\",\"datePublished\":\"2026-04-13T13:17:24+00:00\",\"dateModified\":\"2026-04-22T09:49:52+00:00\",\"breadcrumb\":{\"@id\":\"https:\\\/\\\/www.booksonthemove.fr\\\/en\\\/produit\\\/communications-n-115-danser-en-lutte\\\/#breadcrumb\"},\"inLanguage\":\"en-US\",\"potentialAction\":[{\"@type\":\"ReadAction\",\"target\":[\"https:\\\/\\\/www.booksonthemove.fr\\\/en\\\/produit\\\/communications-n-115-danser-en-lutte\\\/\"]}]},{\"@type\":\"ImageObject\",\"inLanguage\":\"en-US\",\"@id\":\"https:\\\/\\\/www.booksonthemove.fr\\\/en\\\/produit\\\/communications-n-115-danser-en-lutte\\\/#primaryimage\",\"url\":\"https:\\\/\\\/www.booksonthemove.fr\\\/media\\\/bom_3055.jpg\",\"contentUrl\":\"https:\\\/\\\/www.booksonthemove.fr\\\/media\\\/bom_3055.jpg\",\"width\":382,\"height\":600},{\"@type\":\"BreadcrumbList\",\"@id\":\"https:\\\/\\\/www.booksonthemove.fr\\\/en\\\/produit\\\/communications-n-115-danser-en-lutte\\\/#breadcrumb\",\"itemListElement\":[{\"@type\":\"ListItem\",\"position\":1,\"name\":\"Accueil\",\"item\":\"https:\\\/\\\/www.booksonthemove.fr\\\/en\\\/\"},{\"@type\":\"ListItem\",\"position\":2,\"name\":\"online store\",\"item\":\"https:\\\/\\\/www.booksonthemove.fr\\\/en\\\/online-shop\\\/\"},{\"@type\":\"ListItem\",\"position\":3,\"name\":\"Communications, n\u00b0 115 &#8211; Danser en lutte\"}]},{\"@type\":\"WebSite\",\"@id\":\"https:\\\/\\\/www.booksonthemove.fr\\\/#website\",\"url\":\"https:\\\/\\\/www.booksonthemove.fr\\\/\",\"name\":\"Books on the Move\",\"description\":\"librairie nomade - danse - mouvement - performance\",\"publisher\":{\"@id\":\"https:\\\/\\\/www.booksonthemove.fr\\\/#organization\"},\"potentialAction\":[{\"@type\":\"SearchAction\",\"target\":{\"@type\":\"EntryPoint\",\"urlTemplate\":\"https:\\\/\\\/www.booksonthemove.fr\\\/?s={search_term_string}\"},\"query-input\":{\"@type\":\"PropertyValueSpecification\",\"valueRequired\":true,\"valueName\":\"search_term_string\"}}],\"inLanguage\":\"en-US\"},{\"@type\":\"Organization\",\"@id\":\"https:\\\/\\\/www.booksonthemove.fr\\\/#organization\",\"name\":\"Books on the Move\",\"url\":\"https:\\\/\\\/www.booksonthemove.fr\\\/\",\"logo\":{\"@type\":\"ImageObject\",\"inLanguage\":\"en-US\",\"@id\":\"https:\\\/\\\/www.booksonthemove.fr\\\/#\\\/schema\\\/logo\\\/image\\\/\",\"url\":\"https:\\\/\\\/www.booksonthemove.fr\\\/media\\\/logo-NB-400.jpg\",\"contentUrl\":\"https:\\\/\\\/www.booksonthemove.fr\\\/media\\\/logo-NB-400.jpg\",\"width\":400,\"height\":143,\"caption\":\"Books on the Move\"},\"image\":{\"@id\":\"https:\\\/\\\/www.booksonthemove.fr\\\/#\\\/schema\\\/logo\\\/image\\\/\"},\"sameAs\":[\"https:\\\/\\\/www.facebook.com\\\/Librairiebooksonthemove\\\/\"]}]}<\/script>\n<!-- \/ Yoast SEO plugin. -->","yoast_head_json":{"title":"Communications, n\u00b0 115 - Danser en lutte - Books on the Move","robots":{"index":"index","follow":"follow","max-snippet":"max-snippet:-1","max-image-preview":"max-image-preview:large","max-video-preview":"max-video-preview:-1"},"canonical":"https:\/\/www.booksonthemove.fr\/en\/produit\/communications-n-115-danser-en-lutte\/","og_locale":"en_US","og_type":"article","og_title":"Communications, n\u00b0 115 - Danser en lutte - Books on the Move","og_description":"AUTEUR\u00b7RICE\u00b7S : sous la direction de Marie Glon et Bianca Maurmayr EDITEUR : Seuil (2024) COLLECTION : Communications  BROCH\u00c9 : 248 pages LANGUE :\u00a0fran\u00e7ais ISBN: 978-2-021-57465-4","og_url":"https:\/\/www.booksonthemove.fr\/en\/produit\/communications-n-115-danser-en-lutte\/","og_site_name":"Books on the Move","article_publisher":"https:\/\/www.facebook.com\/Librairiebooksonthemove\/","article_modified_time":"2026-04-22T09:49:52+00:00","og_image":[{"width":382,"height":600,"url":"https:\/\/www.booksonthemove.fr\/media\/bom_3055.jpg","type":"image\/jpeg"}],"twitter_card":"summary_large_image","schema":{"@context":"https:\/\/schema.org","@graph":[{"@type":"WebPage","@id":"https:\/\/www.booksonthemove.fr\/en\/produit\/communications-n-115-danser-en-lutte\/","url":"https:\/\/www.booksonthemove.fr\/en\/produit\/communications-n-115-danser-en-lutte\/","name":"Communications, n\u00b0 115 - Danser en lutte - Books on the Move","isPartOf":{"@id":"https:\/\/www.booksonthemove.fr\/#website"},"primaryImageOfPage":{"@id":"https:\/\/www.booksonthemove.fr\/en\/produit\/communications-n-115-danser-en-lutte\/#primaryimage"},"image":{"@id":"https:\/\/www.booksonthemove.fr\/en\/produit\/communications-n-115-danser-en-lutte\/#primaryimage"},"thumbnailUrl":"https:\/\/www.booksonthemove.fr\/media\/bom_3055.jpg","datePublished":"2026-04-13T13:17:24+00:00","dateModified":"2026-04-22T09:49:52+00:00","breadcrumb":{"@id":"https:\/\/www.booksonthemove.fr\/en\/produit\/communications-n-115-danser-en-lutte\/#breadcrumb"},"inLanguage":"en-US","potentialAction":[{"@type":"ReadAction","target":["https:\/\/www.booksonthemove.fr\/en\/produit\/communications-n-115-danser-en-lutte\/"]}]},{"@type":"ImageObject","inLanguage":"en-US","@id":"https:\/\/www.booksonthemove.fr\/en\/produit\/communications-n-115-danser-en-lutte\/#primaryimage","url":"https:\/\/www.booksonthemove.fr\/media\/bom_3055.jpg","contentUrl":"https:\/\/www.booksonthemove.fr\/media\/bom_3055.jpg","width":382,"height":600},{"@type":"BreadcrumbList","@id":"https:\/\/www.booksonthemove.fr\/en\/produit\/communications-n-115-danser-en-lutte\/#breadcrumb","itemListElement":[{"@type":"ListItem","position":1,"name":"Accueil","item":"https:\/\/www.booksonthemove.fr\/en\/"},{"@type":"ListItem","position":2,"name":"online store","item":"https:\/\/www.booksonthemove.fr\/en\/online-shop\/"},{"@type":"ListItem","position":3,"name":"Communications, n\u00b0 115 &#8211; Danser en lutte"}]},{"@type":"WebSite","@id":"https:\/\/www.booksonthemove.fr\/#website","url":"https:\/\/www.booksonthemove.fr\/","name":"Books on the Move","description":"librairie nomade - danse - mouvement - performance","publisher":{"@id":"https:\/\/www.booksonthemove.fr\/#organization"},"potentialAction":[{"@type":"SearchAction","target":{"@type":"EntryPoint","urlTemplate":"https:\/\/www.booksonthemove.fr\/?s={search_term_string}"},"query-input":{"@type":"PropertyValueSpecification","valueRequired":true,"valueName":"search_term_string"}}],"inLanguage":"en-US"},{"@type":"Organization","@id":"https:\/\/www.booksonthemove.fr\/#organization","name":"Books on the Move","url":"https:\/\/www.booksonthemove.fr\/","logo":{"@type":"ImageObject","inLanguage":"en-US","@id":"https:\/\/www.booksonthemove.fr\/#\/schema\/logo\/image\/","url":"https:\/\/www.booksonthemove.fr\/media\/logo-NB-400.jpg","contentUrl":"https:\/\/www.booksonthemove.fr\/media\/logo-NB-400.jpg","width":400,"height":143,"caption":"Books on the Move"},"image":{"@id":"https:\/\/www.booksonthemove.fr\/#\/schema\/logo\/image\/"},"sameAs":["https:\/\/www.facebook.com\/Librairiebooksonthemove\/"]}]}},"_links":{"self":[{"href":"https:\/\/www.booksonthemove.fr\/en\/wp-json\/wp\/v2\/product\/47266","targetHints":{"allow":["GET"]}}],"collection":[{"href":"https:\/\/www.booksonthemove.fr\/en\/wp-json\/wp\/v2\/product"}],"about":[{"href":"https:\/\/www.booksonthemove.fr\/en\/wp-json\/wp\/v2\/types\/product"}],"wp:featuredmedia":[{"embeddable":true,"href":"https:\/\/www.booksonthemove.fr\/en\/wp-json\/wp\/v2\/media\/47265"}],"wp:attachment":[{"href":"https:\/\/www.booksonthemove.fr\/en\/wp-json\/wp\/v2\/media?parent=47266"}],"wp:term":[{"taxonomy":"product_brand","embeddable":true,"href":"https:\/\/www.booksonthemove.fr\/en\/wp-json\/wp\/v2\/product_brand?post=47266"},{"taxonomy":"product_cat","embeddable":true,"href":"https:\/\/www.booksonthemove.fr\/en\/wp-json\/wp\/v2\/product_cat?post=47266"},{"taxonomy":"product_tag","embeddable":true,"href":"https:\/\/www.booksonthemove.fr\/en\/wp-json\/wp\/v2\/product_tag?post=47266"}],"curies":[{"name":"wp","href":"https:\/\/api.w.org\/{rel}","templated":true}]}}