{"id":47274,"date":"2026-04-17T14:53:07","date_gmt":"2026-04-17T12:53:07","guid":{"rendered":"https:\/\/www.booksonthemove.fr\/produit\/cahiers-de-danse-3-folies\/"},"modified":"2026-04-22T11:50:32","modified_gmt":"2026-04-22T09:50:32","slug":"cahiers-de-danse-3-folies","status":"publish","type":"product","link":"https:\/\/www.booksonthemove.fr\/en\/produit\/cahiers-de-danse-3-folies\/","title":{"rendered":"Cahiers de danse #3 \u2013 Folies"},"content":{"rendered":"<p>Danser un peu, beaucoup, \u00e0 la folie\u00a0? Pour son troisi\u00e8me num\u00e9ro, <em>Cahiers de danse<\/em> explore le pouvoir performatif des gestes vrill\u00e9s et des corps fr\u00e9n\u00e9tiques. En trois sections \u2013 \u00ab\u00a0Histoires de fous\u00a0\u00bb, \u00ab\u00a0Grain de folie\u00a0\u00bb et \u00ab\u00a0Danses f\u00eal\u00e9es\u00a0\u00bb \u2013 la revue ravive la flamme des manies dansantes m\u00e9di\u00e9vales. Alors que sur le plateau les interpr\u00e8tes glissent dans un fou rire jusqu\u2019au vertige, les corps en crise\u00a0r\u00e9v\u00e8lent leur pouvoir subversif autant que critique.<\/p>\n<p>\u00c0 la crois\u00e9e des discours psychiatriques, des pratiques artistiques et des gestes de soin, <em>Cahiers de danse<\/em> souhaite mettre en lumi\u00e8re les savoir-faire de celles et ceux qui les \u00e9prouvent \u2013 et qui les dansent. Qu\u2019ils soient patients, soignants, artistes ou th\u00e9rapeutes, leurs t\u00e9moignages invitent \u00e0 \u00e9couter nos corps fous et la po\u00e9tique inattendue des chor\u00e9es qui les expriment.<\/p>\n<p>***<br \/>\nContributions : Felicia McCarren, Johanna Renard, Mette Ingvartsen, Fanny Brouyaux, Volmir Cordeiro, Christian Daclinat &amp; Marina Ledrein, Violeta Salvatierra.<\/p>\n<p>***<\/p>\n<p>Dance a little, a lot, till you drop? In its third issue, <em>Cahiers de danse<\/em> explores the performative power of twisting movements and frenetic bodies. In three sections &#8211; \u201cThat\u2019s mad!\u201d, \u201cA Streak of Madness\u201d and \u201cBroken Dances\u201d, the magazine revives the spirit of the dancing plague. On stage, contorted movements inspire techniques for navigating whirlwinds of emotions, from fainting with laughter or eyes brimming with tears; whilst bodies in crisis reveal their subversive and critical power.<\/p>\n<p>Sitting at the junction of psychiatric discourse, artistic processes, and care practices, <em>Cahiers de danse<\/em> aims to highlight the lived experience of those who feel these states and who dance them. Whether they are patients, caregivers, artists, or therapists, their testimonials invite us to lean into our mad bodies and the unexpected poetics of choreas that express them.<\/p>\n","protected":false},"excerpt":{"rendered":"<p><strong>R\u00c9DACTRICE EN CHEF\/<\/strong><b>EDITOR-IN-CHIEF: <\/b>C\u00e9line Gauthier<br \/>\n<strong>EDITEUR\/PUBLISHER:<\/strong> Centre de d\u00e9veloppement chor\u00e9graphique\/biennale de danse du Val-de-Marne (avril 2026)<\/p>\n<p><strong>BROCH\u00c9\/PAPERBACK:<\/strong>\u00a064 pages<br \/>\n<strong>LANGUES\/LANGUAGES:<\/strong> Fran\u00e7ais-Anglais \/ French-English<br \/>\n<strong>ISBN13:<\/strong> 978-2-9589803-2-0<\/p>\n","protected":false},"featured_media":47273,"template":"","meta":[],"product_brand":[],"product_cat":[135,146,162,211],"product_tag":[],"class_list":{"0":"post-47274","1":"product","2":"type-product","3":"status-publish","4":"has-post-thumbnail","6":"product_cat-english-en","7":"product_cat-theoretical-texts-en","8":"product_cat-french-en","9":"product_cat-magazines-en","11":"first","12":"instock","13":"featured","14":"taxable","15":"shipping-taxable","16":"purchasable","17":"product-type-simple"},"yoast_head":"<!-- This site is optimized with the Yoast SEO plugin v27.4 - https:\/\/yoast.com\/product\/yoast-seo-wordpress\/ -->\n<title>Cahiers de danse #3 \u2013 Folies - Books on the Move<\/title>\n<meta name=\"robots\" content=\"index, follow, max-snippet:-1, max-image-preview:large, max-video-preview:-1\" \/>\n<link rel=\"canonical\" href=\"https:\/\/www.booksonthemove.fr\/en\/produit\/cahiers-de-danse-3-folies\/\" \/>\n<meta property=\"og:locale\" content=\"en_US\" \/>\n<meta property=\"og:type\" content=\"article\" \/>\n<meta property=\"og:title\" content=\"Cahiers de danse #3 \u2013 Folies - Books on the Move\" \/>\n<meta property=\"og:description\" content=\"R\u00c9DACTRICE EN CHEF\/EDITOR-IN-CHIEF: C\u00e9line Gauthier EDITEUR\/PUBLISHER: Centre de d\u00e9veloppement chor\u00e9graphique\/biennale de danse du Val-de-Marne (avril 2026)  BROCH\u00c9\/PAPERBACK:\u00a064 pages LANGUES\/LANGUAGES: Fran\u00e7ais-Anglais \/ French-English ISBN13: 978-2-9589803-2-0\" \/>\n<meta property=\"og:url\" content=\"https:\/\/www.booksonthemove.fr\/en\/produit\/cahiers-de-danse-3-folies\/\" \/>\n<meta property=\"og:site_name\" content=\"Books on the Move\" \/>\n<meta property=\"article:publisher\" content=\"https:\/\/www.facebook.com\/Librairiebooksonthemove\/\" \/>\n<meta property=\"article:modified_time\" content=\"2026-04-22T09:50:32+00:00\" \/>\n<meta property=\"og:image\" content=\"https:\/\/www.booksonthemove.fr\/media\/bom_3061.png\" \/>\n\t<meta property=\"og:image:width\" content=\"800\" \/>\n\t<meta property=\"og:image:height\" content=\"1102\" \/>\n\t<meta property=\"og:image:type\" content=\"image\/png\" \/>\n<meta name=\"twitter:card\" content=\"summary_large_image\" \/>\n<script type=\"application\/ld+json\" class=\"yoast-schema-graph\">{\"@context\":\"https:\\\/\\\/schema.org\",\"@graph\":[{\"@type\":\"WebPage\",\"@id\":\"https:\\\/\\\/www.booksonthemove.fr\\\/en\\\/produit\\\/cahiers-de-danse-3-folies\\\/\",\"url\":\"https:\\\/\\\/www.booksonthemove.fr\\\/en\\\/produit\\\/cahiers-de-danse-3-folies\\\/\",\"name\":\"Cahiers de danse #3 \u2013 Folies - Books on the Move\",\"isPartOf\":{\"@id\":\"https:\\\/\\\/www.booksonthemove.fr\\\/#website\"},\"primaryImageOfPage\":{\"@id\":\"https:\\\/\\\/www.booksonthemove.fr\\\/en\\\/produit\\\/cahiers-de-danse-3-folies\\\/#primaryimage\"},\"image\":{\"@id\":\"https:\\\/\\\/www.booksonthemove.fr\\\/en\\\/produit\\\/cahiers-de-danse-3-folies\\\/#primaryimage\"},\"thumbnailUrl\":\"https:\\\/\\\/www.booksonthemove.fr\\\/media\\\/bom_3061.png\",\"datePublished\":\"2026-04-17T12:53:07+00:00\",\"dateModified\":\"2026-04-22T09:50:32+00:00\",\"breadcrumb\":{\"@id\":\"https:\\\/\\\/www.booksonthemove.fr\\\/en\\\/produit\\\/cahiers-de-danse-3-folies\\\/#breadcrumb\"},\"inLanguage\":\"en-US\",\"potentialAction\":[{\"@type\":\"ReadAction\",\"target\":[\"https:\\\/\\\/www.booksonthemove.fr\\\/en\\\/produit\\\/cahiers-de-danse-3-folies\\\/\"]}]},{\"@type\":\"ImageObject\",\"inLanguage\":\"en-US\",\"@id\":\"https:\\\/\\\/www.booksonthemove.fr\\\/en\\\/produit\\\/cahiers-de-danse-3-folies\\\/#primaryimage\",\"url\":\"https:\\\/\\\/www.booksonthemove.fr\\\/media\\\/bom_3061.png\",\"contentUrl\":\"https:\\\/\\\/www.booksonthemove.fr\\\/media\\\/bom_3061.png\",\"width\":800,\"height\":1102},{\"@type\":\"BreadcrumbList\",\"@id\":\"https:\\\/\\\/www.booksonthemove.fr\\\/en\\\/produit\\\/cahiers-de-danse-3-folies\\\/#breadcrumb\",\"itemListElement\":[{\"@type\":\"ListItem\",\"position\":1,\"name\":\"Accueil\",\"item\":\"https:\\\/\\\/www.booksonthemove.fr\\\/en\\\/\"},{\"@type\":\"ListItem\",\"position\":2,\"name\":\"online store\",\"item\":\"https:\\\/\\\/www.booksonthemove.fr\\\/en\\\/online-shop\\\/\"},{\"@type\":\"ListItem\",\"position\":3,\"name\":\"Cahiers de danse #3 \u2013 Folies\"}]},{\"@type\":\"WebSite\",\"@id\":\"https:\\\/\\\/www.booksonthemove.fr\\\/#website\",\"url\":\"https:\\\/\\\/www.booksonthemove.fr\\\/\",\"name\":\"Books on the Move\",\"description\":\"librairie nomade - danse - mouvement - performance\",\"publisher\":{\"@id\":\"https:\\\/\\\/www.booksonthemove.fr\\\/#organization\"},\"potentialAction\":[{\"@type\":\"SearchAction\",\"target\":{\"@type\":\"EntryPoint\",\"urlTemplate\":\"https:\\\/\\\/www.booksonthemove.fr\\\/?s={search_term_string}\"},\"query-input\":{\"@type\":\"PropertyValueSpecification\",\"valueRequired\":true,\"valueName\":\"search_term_string\"}}],\"inLanguage\":\"en-US\"},{\"@type\":\"Organization\",\"@id\":\"https:\\\/\\\/www.booksonthemove.fr\\\/#organization\",\"name\":\"Books on the Move\",\"url\":\"https:\\\/\\\/www.booksonthemove.fr\\\/\",\"logo\":{\"@type\":\"ImageObject\",\"inLanguage\":\"en-US\",\"@id\":\"https:\\\/\\\/www.booksonthemove.fr\\\/#\\\/schema\\\/logo\\\/image\\\/\",\"url\":\"https:\\\/\\\/www.booksonthemove.fr\\\/media\\\/logo-NB-400.jpg\",\"contentUrl\":\"https:\\\/\\\/www.booksonthemove.fr\\\/media\\\/logo-NB-400.jpg\",\"width\":400,\"height\":143,\"caption\":\"Books on the Move\"},\"image\":{\"@id\":\"https:\\\/\\\/www.booksonthemove.fr\\\/#\\\/schema\\\/logo\\\/image\\\/\"},\"sameAs\":[\"https:\\\/\\\/www.facebook.com\\\/Librairiebooksonthemove\\\/\"]}]}<\/script>\n<!-- \/ Yoast SEO plugin. -->","yoast_head_json":{"title":"Cahiers de danse #3 \u2013 Folies - Books on the Move","robots":{"index":"index","follow":"follow","max-snippet":"max-snippet:-1","max-image-preview":"max-image-preview:large","max-video-preview":"max-video-preview:-1"},"canonical":"https:\/\/www.booksonthemove.fr\/en\/produit\/cahiers-de-danse-3-folies\/","og_locale":"en_US","og_type":"article","og_title":"Cahiers de danse #3 \u2013 Folies - Books on the Move","og_description":"R\u00c9DACTRICE EN CHEF\/EDITOR-IN-CHIEF: C\u00e9line Gauthier EDITEUR\/PUBLISHER: Centre de d\u00e9veloppement chor\u00e9graphique\/biennale de danse du Val-de-Marne (avril 2026)  BROCH\u00c9\/PAPERBACK:\u00a064 pages LANGUES\/LANGUAGES: Fran\u00e7ais-Anglais \/ French-English ISBN13: 978-2-9589803-2-0","og_url":"https:\/\/www.booksonthemove.fr\/en\/produit\/cahiers-de-danse-3-folies\/","og_site_name":"Books on the Move","article_publisher":"https:\/\/www.facebook.com\/Librairiebooksonthemove\/","article_modified_time":"2026-04-22T09:50:32+00:00","og_image":[{"width":800,"height":1102,"url":"https:\/\/www.booksonthemove.fr\/media\/bom_3061.png","type":"image\/png"}],"twitter_card":"summary_large_image","schema":{"@context":"https:\/\/schema.org","@graph":[{"@type":"WebPage","@id":"https:\/\/www.booksonthemove.fr\/en\/produit\/cahiers-de-danse-3-folies\/","url":"https:\/\/www.booksonthemove.fr\/en\/produit\/cahiers-de-danse-3-folies\/","name":"Cahiers de danse #3 \u2013 Folies - Books on the Move","isPartOf":{"@id":"https:\/\/www.booksonthemove.fr\/#website"},"primaryImageOfPage":{"@id":"https:\/\/www.booksonthemove.fr\/en\/produit\/cahiers-de-danse-3-folies\/#primaryimage"},"image":{"@id":"https:\/\/www.booksonthemove.fr\/en\/produit\/cahiers-de-danse-3-folies\/#primaryimage"},"thumbnailUrl":"https:\/\/www.booksonthemove.fr\/media\/bom_3061.png","datePublished":"2026-04-17T12:53:07+00:00","dateModified":"2026-04-22T09:50:32+00:00","breadcrumb":{"@id":"https:\/\/www.booksonthemove.fr\/en\/produit\/cahiers-de-danse-3-folies\/#breadcrumb"},"inLanguage":"en-US","potentialAction":[{"@type":"ReadAction","target":["https:\/\/www.booksonthemove.fr\/en\/produit\/cahiers-de-danse-3-folies\/"]}]},{"@type":"ImageObject","inLanguage":"en-US","@id":"https:\/\/www.booksonthemove.fr\/en\/produit\/cahiers-de-danse-3-folies\/#primaryimage","url":"https:\/\/www.booksonthemove.fr\/media\/bom_3061.png","contentUrl":"https:\/\/www.booksonthemove.fr\/media\/bom_3061.png","width":800,"height":1102},{"@type":"BreadcrumbList","@id":"https:\/\/www.booksonthemove.fr\/en\/produit\/cahiers-de-danse-3-folies\/#breadcrumb","itemListElement":[{"@type":"ListItem","position":1,"name":"Accueil","item":"https:\/\/www.booksonthemove.fr\/en\/"},{"@type":"ListItem","position":2,"name":"online store","item":"https:\/\/www.booksonthemove.fr\/en\/online-shop\/"},{"@type":"ListItem","position":3,"name":"Cahiers de danse #3 \u2013 Folies"}]},{"@type":"WebSite","@id":"https:\/\/www.booksonthemove.fr\/#website","url":"https:\/\/www.booksonthemove.fr\/","name":"Books on the Move","description":"librairie nomade - danse - mouvement - performance","publisher":{"@id":"https:\/\/www.booksonthemove.fr\/#organization"},"potentialAction":[{"@type":"SearchAction","target":{"@type":"EntryPoint","urlTemplate":"https:\/\/www.booksonthemove.fr\/?s={search_term_string}"},"query-input":{"@type":"PropertyValueSpecification","valueRequired":true,"valueName":"search_term_string"}}],"inLanguage":"en-US"},{"@type":"Organization","@id":"https:\/\/www.booksonthemove.fr\/#organization","name":"Books on the Move","url":"https:\/\/www.booksonthemove.fr\/","logo":{"@type":"ImageObject","inLanguage":"en-US","@id":"https:\/\/www.booksonthemove.fr\/#\/schema\/logo\/image\/","url":"https:\/\/www.booksonthemove.fr\/media\/logo-NB-400.jpg","contentUrl":"https:\/\/www.booksonthemove.fr\/media\/logo-NB-400.jpg","width":400,"height":143,"caption":"Books on the Move"},"image":{"@id":"https:\/\/www.booksonthemove.fr\/#\/schema\/logo\/image\/"},"sameAs":["https:\/\/www.facebook.com\/Librairiebooksonthemove\/"]}]}},"_links":{"self":[{"href":"https:\/\/www.booksonthemove.fr\/en\/wp-json\/wp\/v2\/product\/47274","targetHints":{"allow":["GET"]}}],"collection":[{"href":"https:\/\/www.booksonthemove.fr\/en\/wp-json\/wp\/v2\/product"}],"about":[{"href":"https:\/\/www.booksonthemove.fr\/en\/wp-json\/wp\/v2\/types\/product"}],"wp:featuredmedia":[{"embeddable":true,"href":"https:\/\/www.booksonthemove.fr\/en\/wp-json\/wp\/v2\/media\/47273"}],"wp:attachment":[{"href":"https:\/\/www.booksonthemove.fr\/en\/wp-json\/wp\/v2\/media?parent=47274"}],"wp:term":[{"taxonomy":"product_brand","embeddable":true,"href":"https:\/\/www.booksonthemove.fr\/en\/wp-json\/wp\/v2\/product_brand?post=47274"},{"taxonomy":"product_cat","embeddable":true,"href":"https:\/\/www.booksonthemove.fr\/en\/wp-json\/wp\/v2\/product_cat?post=47274"},{"taxonomy":"product_tag","embeddable":true,"href":"https:\/\/www.booksonthemove.fr\/en\/wp-json\/wp\/v2\/product_tag?post=47274"}],"curies":[{"name":"wp","href":"https:\/\/api.w.org\/{rel}","templated":true}]}}