{"id":47346,"date":"2026-04-20T14:00:21","date_gmt":"2026-04-20T12:00:21","guid":{"rendered":"https:\/\/www.booksonthemove.fr\/produit\/pouvoirs-n-196-la-folie\/"},"modified":"2026-05-05T20:07:30","modified_gmt":"2026-05-05T18:07:30","slug":"pouvoirs-n-196-la-folie","status":"publish","type":"product","link":"https:\/\/www.booksonthemove.fr\/en\/produit\/pouvoirs-n-196-la-folie\/","title":{"rendered":"Pouvoirs, n\u00b0 196 &#8211; La folie"},"content":{"rendered":"<p>Ce num\u00e9ro tente de d\u00e9crire, voire de comprendre, une exp\u00e9rience aussi \u00e9minemment singuli\u00e8re que structurellement collective : la rencontre entre une souffrance psychique radicale et une construction sociale qui reste attach\u00e9e \u00e0 des marges o\u00f9 la fr\u00e9quente pr\u00e9carit\u00e9 voisine souvent avec la maltraitance.<br \/>\nTraversant de part en part les conceptions de la folie, les d\u00e9fis de sa prise en charge sociale et juridique, son \u00e9cho dans le champ du politique, croisant les regards de philosophes, historiens, juristes, sociologues, politistes et soignants, s\u2019arr\u00eatant dans les lieux o\u00f9 l\u2019on accueille ceux qui souffrent et o\u00f9 l\u2019on tente encore de les aider, <em>Pouvoirs<\/em> emprunte la diagonale du fou.<\/p>\n<p>Antonin Guyader, Thomas Hochmann, \u00ab Introduction \u00bb<br \/>\nC\u00e9line Cherici, \u00ab Folie, maladie, sant\u00e9 mentale \u00bb<br \/>\nSteeves Demazeux, \u00ab Folie, folies : une br\u00e8ve histoire des classifications psychiatriques \u00bb<br \/>\nAnatole Le Bras, \u00ab Les lieux du soin \u00bb<br \/>\nEmmanuel Venet, \u00ab Les institutions psychiatriques aujourd\u2019hui en France \u00bb<br \/>\nCaroline Lantero, \u00ab La contrainte \u00bb<br \/>\nAude B\u00e9liard et Jean-S\u00e9bastien Eideliman, \u00ab Enfance et folie \u00bb<br \/>\nEmmanuelle Jouet et Alice Vin\u00e7on-Leite, \u00ab L\u2019inclusion sociale en sant\u00e9 mentale, ou l\u2019art du kintsugi \u00bb<br \/>\nLuc Foisneau, \u00ab Une autre place de la folie en politique \u00bb<br \/>\nAudrey Bachert-Peretti, \u00ab Les fous au pouvoir \u00bb<br \/>\nAudrey Darsonville, \u00ab Juger les fous \u00bb<br \/>\nNicolas Henckes, \u00ab Pour en finir avec le \u201cfou dangereux\u201d \u00bb<\/p>\n","protected":false},"excerpt":{"rendered":"<p><b>AUTEUR\u00b7RICE\u00b7S : <\/b>ouvrage collectif<br \/>\n<b>EDITEUR :<\/b> Seuil (2026)<br \/>\n<strong>COLLECTION : <\/strong>Pouvoirs<\/p>\n<p><b>BROCH\u00c9 :<\/b> 180 pages<br \/>\n<b>LANGUE :<\/b>\u00a0fran\u00e7ais<br \/>\n<strong>ISBN:<\/strong> 978-2-021-61024-6<\/p>\n","protected":false},"featured_media":47345,"template":"","meta":[],"product_brand":[],"product_cat":[162,242,148,211],"product_tag":[],"class_list":{"0":"post-47346","1":"product","2":"type-product","3":"status-publish","4":"has-post-thumbnail","6":"product_cat-french-en","7":"product_cat-medecine-health-en","8":"product_cat-politics-en","9":"product_cat-magazines-en","11":"first","12":"instock","13":"featured","14":"taxable","15":"shipping-taxable","16":"purchasable","17":"product-type-simple"},"yoast_head":"<!-- This site is optimized with the Yoast SEO plugin v27.5 - https:\/\/yoast.com\/product\/yoast-seo-wordpress\/ -->\n<title>Pouvoirs, n\u00b0 196 - La folie - Books on the Move<\/title>\n<meta name=\"robots\" content=\"index, follow, max-snippet:-1, max-image-preview:large, max-video-preview:-1\" \/>\n<link rel=\"canonical\" href=\"https:\/\/www.booksonthemove.fr\/en\/produit\/pouvoirs-n-196-la-folie\/\" \/>\n<meta property=\"og:locale\" content=\"en_US\" \/>\n<meta property=\"og:type\" content=\"article\" \/>\n<meta property=\"og:title\" content=\"Pouvoirs, n\u00b0 196 - La folie - Books on the Move\" \/>\n<meta property=\"og:description\" content=\"AUTEUR\u00b7RICE\u00b7S : ouvrage collectif EDITEUR : Seuil (2026) COLLECTION : Pouvoirs  BROCH\u00c9 : 180 pages LANGUE :\u00a0fran\u00e7ais ISBN: 978-2-021-61024-6\" \/>\n<meta property=\"og:url\" content=\"https:\/\/www.booksonthemove.fr\/en\/produit\/pouvoirs-n-196-la-folie\/\" \/>\n<meta property=\"og:site_name\" content=\"Books on the Move\" \/>\n<meta property=\"article:publisher\" content=\"https:\/\/www.facebook.com\/Librairiebooksonthemove\/\" \/>\n<meta property=\"article:modified_time\" content=\"2026-05-05T18:07:30+00:00\" \/>\n<meta property=\"og:image\" content=\"https:\/\/www.booksonthemove.fr\/media\/bom_3057.jpg\" \/>\n\t<meta property=\"og:image:width\" content=\"409\" \/>\n\t<meta property=\"og:image:height\" content=\"600\" \/>\n\t<meta property=\"og:image:type\" content=\"image\/jpeg\" \/>\n<meta name=\"twitter:card\" content=\"summary_large_image\" \/>\n<script type=\"application\/ld+json\" class=\"yoast-schema-graph\">{\"@context\":\"https:\\\/\\\/schema.org\",\"@graph\":[{\"@type\":\"WebPage\",\"@id\":\"https:\\\/\\\/www.booksonthemove.fr\\\/en\\\/produit\\\/pouvoirs-n-196-la-folie\\\/\",\"url\":\"https:\\\/\\\/www.booksonthemove.fr\\\/en\\\/produit\\\/pouvoirs-n-196-la-folie\\\/\",\"name\":\"Pouvoirs, n\u00b0 196 - La folie - Books on the Move\",\"isPartOf\":{\"@id\":\"https:\\\/\\\/www.booksonthemove.fr\\\/#website\"},\"primaryImageOfPage\":{\"@id\":\"https:\\\/\\\/www.booksonthemove.fr\\\/en\\\/produit\\\/pouvoirs-n-196-la-folie\\\/#primaryimage\"},\"image\":{\"@id\":\"https:\\\/\\\/www.booksonthemove.fr\\\/en\\\/produit\\\/pouvoirs-n-196-la-folie\\\/#primaryimage\"},\"thumbnailUrl\":\"https:\\\/\\\/www.booksonthemove.fr\\\/media\\\/bom_3057.jpg\",\"datePublished\":\"2026-04-20T12:00:21+00:00\",\"dateModified\":\"2026-05-05T18:07:30+00:00\",\"breadcrumb\":{\"@id\":\"https:\\\/\\\/www.booksonthemove.fr\\\/en\\\/produit\\\/pouvoirs-n-196-la-folie\\\/#breadcrumb\"},\"inLanguage\":\"en-US\",\"potentialAction\":[{\"@type\":\"ReadAction\",\"target\":[\"https:\\\/\\\/www.booksonthemove.fr\\\/en\\\/produit\\\/pouvoirs-n-196-la-folie\\\/\"]}]},{\"@type\":\"ImageObject\",\"inLanguage\":\"en-US\",\"@id\":\"https:\\\/\\\/www.booksonthemove.fr\\\/en\\\/produit\\\/pouvoirs-n-196-la-folie\\\/#primaryimage\",\"url\":\"https:\\\/\\\/www.booksonthemove.fr\\\/media\\\/bom_3057.jpg\",\"contentUrl\":\"https:\\\/\\\/www.booksonthemove.fr\\\/media\\\/bom_3057.jpg\",\"width\":409,\"height\":600},{\"@type\":\"BreadcrumbList\",\"@id\":\"https:\\\/\\\/www.booksonthemove.fr\\\/en\\\/produit\\\/pouvoirs-n-196-la-folie\\\/#breadcrumb\",\"itemListElement\":[{\"@type\":\"ListItem\",\"position\":1,\"name\":\"Accueil\",\"item\":\"https:\\\/\\\/www.booksonthemove.fr\\\/en\\\/\"},{\"@type\":\"ListItem\",\"position\":2,\"name\":\"online store\",\"item\":\"https:\\\/\\\/www.booksonthemove.fr\\\/en\\\/online-shop\\\/\"},{\"@type\":\"ListItem\",\"position\":3,\"name\":\"Pouvoirs, n\u00b0 196 &#8211; La folie\"}]},{\"@type\":\"WebSite\",\"@id\":\"https:\\\/\\\/www.booksonthemove.fr\\\/#website\",\"url\":\"https:\\\/\\\/www.booksonthemove.fr\\\/\",\"name\":\"Books on the Move\",\"description\":\"librairie nomade - danse - mouvement - performance\",\"publisher\":{\"@id\":\"https:\\\/\\\/www.booksonthemove.fr\\\/#organization\"},\"potentialAction\":[{\"@type\":\"SearchAction\",\"target\":{\"@type\":\"EntryPoint\",\"urlTemplate\":\"https:\\\/\\\/www.booksonthemove.fr\\\/?s={search_term_string}\"},\"query-input\":{\"@type\":\"PropertyValueSpecification\",\"valueRequired\":true,\"valueName\":\"search_term_string\"}}],\"inLanguage\":\"en-US\"},{\"@type\":\"Organization\",\"@id\":\"https:\\\/\\\/www.booksonthemove.fr\\\/#organization\",\"name\":\"Books on the Move\",\"url\":\"https:\\\/\\\/www.booksonthemove.fr\\\/\",\"logo\":{\"@type\":\"ImageObject\",\"inLanguage\":\"en-US\",\"@id\":\"https:\\\/\\\/www.booksonthemove.fr\\\/#\\\/schema\\\/logo\\\/image\\\/\",\"url\":\"https:\\\/\\\/www.booksonthemove.fr\\\/media\\\/logo-NB-400.jpg\",\"contentUrl\":\"https:\\\/\\\/www.booksonthemove.fr\\\/media\\\/logo-NB-400.jpg\",\"width\":400,\"height\":143,\"caption\":\"Books on the Move\"},\"image\":{\"@id\":\"https:\\\/\\\/www.booksonthemove.fr\\\/#\\\/schema\\\/logo\\\/image\\\/\"},\"sameAs\":[\"https:\\\/\\\/www.facebook.com\\\/Librairiebooksonthemove\\\/\"]}]}<\/script>\n<!-- \/ Yoast SEO plugin. -->","yoast_head_json":{"title":"Pouvoirs, n\u00b0 196 - La folie - Books on the Move","robots":{"index":"index","follow":"follow","max-snippet":"max-snippet:-1","max-image-preview":"max-image-preview:large","max-video-preview":"max-video-preview:-1"},"canonical":"https:\/\/www.booksonthemove.fr\/en\/produit\/pouvoirs-n-196-la-folie\/","og_locale":"en_US","og_type":"article","og_title":"Pouvoirs, n\u00b0 196 - La folie - Books on the Move","og_description":"AUTEUR\u00b7RICE\u00b7S : ouvrage collectif EDITEUR : Seuil (2026) COLLECTION : Pouvoirs  BROCH\u00c9 : 180 pages LANGUE :\u00a0fran\u00e7ais ISBN: 978-2-021-61024-6","og_url":"https:\/\/www.booksonthemove.fr\/en\/produit\/pouvoirs-n-196-la-folie\/","og_site_name":"Books on the Move","article_publisher":"https:\/\/www.facebook.com\/Librairiebooksonthemove\/","article_modified_time":"2026-05-05T18:07:30+00:00","og_image":[{"width":409,"height":600,"url":"https:\/\/www.booksonthemove.fr\/media\/bom_3057.jpg","type":"image\/jpeg"}],"twitter_card":"summary_large_image","schema":{"@context":"https:\/\/schema.org","@graph":[{"@type":"WebPage","@id":"https:\/\/www.booksonthemove.fr\/en\/produit\/pouvoirs-n-196-la-folie\/","url":"https:\/\/www.booksonthemove.fr\/en\/produit\/pouvoirs-n-196-la-folie\/","name":"Pouvoirs, n\u00b0 196 - La folie - Books on the Move","isPartOf":{"@id":"https:\/\/www.booksonthemove.fr\/#website"},"primaryImageOfPage":{"@id":"https:\/\/www.booksonthemove.fr\/en\/produit\/pouvoirs-n-196-la-folie\/#primaryimage"},"image":{"@id":"https:\/\/www.booksonthemove.fr\/en\/produit\/pouvoirs-n-196-la-folie\/#primaryimage"},"thumbnailUrl":"https:\/\/www.booksonthemove.fr\/media\/bom_3057.jpg","datePublished":"2026-04-20T12:00:21+00:00","dateModified":"2026-05-05T18:07:30+00:00","breadcrumb":{"@id":"https:\/\/www.booksonthemove.fr\/en\/produit\/pouvoirs-n-196-la-folie\/#breadcrumb"},"inLanguage":"en-US","potentialAction":[{"@type":"ReadAction","target":["https:\/\/www.booksonthemove.fr\/en\/produit\/pouvoirs-n-196-la-folie\/"]}]},{"@type":"ImageObject","inLanguage":"en-US","@id":"https:\/\/www.booksonthemove.fr\/en\/produit\/pouvoirs-n-196-la-folie\/#primaryimage","url":"https:\/\/www.booksonthemove.fr\/media\/bom_3057.jpg","contentUrl":"https:\/\/www.booksonthemove.fr\/media\/bom_3057.jpg","width":409,"height":600},{"@type":"BreadcrumbList","@id":"https:\/\/www.booksonthemove.fr\/en\/produit\/pouvoirs-n-196-la-folie\/#breadcrumb","itemListElement":[{"@type":"ListItem","position":1,"name":"Accueil","item":"https:\/\/www.booksonthemove.fr\/en\/"},{"@type":"ListItem","position":2,"name":"online store","item":"https:\/\/www.booksonthemove.fr\/en\/online-shop\/"},{"@type":"ListItem","position":3,"name":"Pouvoirs, n\u00b0 196 &#8211; La folie"}]},{"@type":"WebSite","@id":"https:\/\/www.booksonthemove.fr\/#website","url":"https:\/\/www.booksonthemove.fr\/","name":"Books on the Move","description":"librairie nomade - danse - mouvement - performance","publisher":{"@id":"https:\/\/www.booksonthemove.fr\/#organization"},"potentialAction":[{"@type":"SearchAction","target":{"@type":"EntryPoint","urlTemplate":"https:\/\/www.booksonthemove.fr\/?s={search_term_string}"},"query-input":{"@type":"PropertyValueSpecification","valueRequired":true,"valueName":"search_term_string"}}],"inLanguage":"en-US"},{"@type":"Organization","@id":"https:\/\/www.booksonthemove.fr\/#organization","name":"Books on the Move","url":"https:\/\/www.booksonthemove.fr\/","logo":{"@type":"ImageObject","inLanguage":"en-US","@id":"https:\/\/www.booksonthemove.fr\/#\/schema\/logo\/image\/","url":"https:\/\/www.booksonthemove.fr\/media\/logo-NB-400.jpg","contentUrl":"https:\/\/www.booksonthemove.fr\/media\/logo-NB-400.jpg","width":400,"height":143,"caption":"Books on the Move"},"image":{"@id":"https:\/\/www.booksonthemove.fr\/#\/schema\/logo\/image\/"},"sameAs":["https:\/\/www.facebook.com\/Librairiebooksonthemove\/"]}]}},"_links":{"self":[{"href":"https:\/\/www.booksonthemove.fr\/en\/wp-json\/wp\/v2\/product\/47346","targetHints":{"allow":["GET"]}}],"collection":[{"href":"https:\/\/www.booksonthemove.fr\/en\/wp-json\/wp\/v2\/product"}],"about":[{"href":"https:\/\/www.booksonthemove.fr\/en\/wp-json\/wp\/v2\/types\/product"}],"wp:featuredmedia":[{"embeddable":true,"href":"https:\/\/www.booksonthemove.fr\/en\/wp-json\/wp\/v2\/media\/47345"}],"wp:attachment":[{"href":"https:\/\/www.booksonthemove.fr\/en\/wp-json\/wp\/v2\/media?parent=47346"}],"wp:term":[{"taxonomy":"product_brand","embeddable":true,"href":"https:\/\/www.booksonthemove.fr\/en\/wp-json\/wp\/v2\/product_brand?post=47346"},{"taxonomy":"product_cat","embeddable":true,"href":"https:\/\/www.booksonthemove.fr\/en\/wp-json\/wp\/v2\/product_cat?post=47346"},{"taxonomy":"product_tag","embeddable":true,"href":"https:\/\/www.booksonthemove.fr\/en\/wp-json\/wp\/v2\/product_tag?post=47346"}],"curies":[{"name":"wp","href":"https:\/\/api.w.org\/{rel}","templated":true}]}}