{"id":47350,"date":"2024-04-22T11:43:09","date_gmt":"2024-04-22T09:43:09","guid":{"rendered":"https:\/\/www.booksonthemove.fr\/produit\/claude-brumachon-benjamin-lamarche-25-ans-de-danse-a-nantes-au-centre-choregraphique-national\/"},"modified":"2026-04-22T11:43:46","modified_gmt":"2026-04-22T09:43:46","slug":"claude-brumachon-benjamin-lamarche-25-ans-de-danse-a-nantes-au-centre-choregraphique-national","status":"publish","type":"product","link":"https:\/\/www.booksonthemove.fr\/en\/produit\/claude-brumachon-benjamin-lamarche-25-ans-de-danse-a-nantes-au-centre-choregraphique-national\/","title":{"rendered":"Claude Brumachon \/ Benjamin Lamarche &#8211; 25 ans de danse \u00e0 Nantes au Centre chor\u00e9graphique national"},"content":{"rendered":"<p>Chor\u00e9graphe de l\u2019humain et explorateur du corps, Claude Brumachon, dont l\u2019\u0153uvre compte une centaine de pi\u00e8ces, est une personnalit\u00e9 importante dans le paysage chor\u00e9graphique fran\u00e7ais et international. Avec son complice Benjamin Lamarche, ils n\u2019ont cess\u00e9 de cr\u00e9er et d\u2019entretenir d\u2019\u00e9troites relations entre les publics et leur art. Ce livre retrace l\u2019histoire de leur aventure humaine et artistique. Une histoire commune avec la ville de Nantes, depuis la cr\u00e9ation du Centre chor\u00e9graphique national de Nantes en 1992.<\/p>\n","protected":false},"excerpt":{"rendered":"<p><b>AUTEUR\u00b7RICE\u00b7S :<\/b> collectif<br \/>\n<b>\u00c9DITEUR :<\/b> \u00e9ditions Joca Seria \/ CCN de Nantes (2015)<\/p>\n<p><b>BROCH\u00c9 :<\/b> 264 pages<br \/>\n<b>LANGUE :<\/b>\u00a0fran\u00e7ais<br \/>\n<strong>ISBN:<\/strong> 978-2-84809-259-1<\/p>\n","protected":false},"featured_media":47349,"template":"","meta":[],"product_brand":[],"product_cat":[162,163,170,139],"product_tag":[],"class_list":{"0":"post-47350","1":"product","2":"type-product","3":"status-publish","4":"has-post-thumbnail","6":"product_cat-french-en","7":"product_cat-france-en","8":"product_cat-artists-career-en","9":"product_cat-work-process-en","11":"first","12":"instock","13":"taxable","14":"shipping-taxable","15":"purchasable","16":"product-type-simple"},"yoast_head":"<!-- This site is optimized with the Yoast SEO plugin v27.4 - https:\/\/yoast.com\/product\/yoast-seo-wordpress\/ -->\n<title>Claude Brumachon \/ Benjamin Lamarche - 25 ans de danse \u00e0 Nantes au Centre chor\u00e9graphique national - Books on the Move<\/title>\n<meta name=\"robots\" content=\"index, follow, max-snippet:-1, max-image-preview:large, max-video-preview:-1\" \/>\n<link rel=\"canonical\" href=\"https:\/\/www.booksonthemove.fr\/en\/produit\/claude-brumachon-benjamin-lamarche-25-ans-de-danse-a-nantes-au-centre-choregraphique-national\/\" \/>\n<meta property=\"og:locale\" content=\"en_US\" \/>\n<meta property=\"og:type\" content=\"article\" \/>\n<meta property=\"og:title\" content=\"Claude Brumachon \/ Benjamin Lamarche - 25 ans de danse \u00e0 Nantes au Centre chor\u00e9graphique national - Books on the Move\" \/>\n<meta property=\"og:description\" content=\"AUTEUR\u00b7RICE\u00b7S : collectif \u00c9DITEUR : \u00e9ditions Joca Seria \/ CCN de Nantes (2015)  BROCH\u00c9 : 264 pages LANGUE :\u00a0fran\u00e7ais ISBN: 978-2-84809-259-1\" \/>\n<meta property=\"og:url\" content=\"https:\/\/www.booksonthemove.fr\/en\/produit\/claude-brumachon-benjamin-lamarche-25-ans-de-danse-a-nantes-au-centre-choregraphique-national\/\" \/>\n<meta property=\"og:site_name\" content=\"Books on the Move\" \/>\n<meta property=\"article:publisher\" content=\"https:\/\/www.facebook.com\/Librairiebooksonthemove\/\" \/>\n<meta property=\"article:modified_time\" content=\"2026-04-22T09:43:46+00:00\" \/>\n<meta property=\"og:image\" content=\"https:\/\/www.booksonthemove.fr\/media\/bom_3063.jpg\" \/>\n\t<meta property=\"og:image:width\" content=\"514\" \/>\n\t<meta property=\"og:image:height\" content=\"610\" \/>\n\t<meta property=\"og:image:type\" content=\"image\/jpeg\" \/>\n<meta name=\"twitter:card\" content=\"summary_large_image\" \/>\n<script type=\"application\/ld+json\" class=\"yoast-schema-graph\">{\"@context\":\"https:\\\/\\\/schema.org\",\"@graph\":[{\"@type\":\"WebPage\",\"@id\":\"https:\\\/\\\/www.booksonthemove.fr\\\/en\\\/produit\\\/claude-brumachon-benjamin-lamarche-25-ans-de-danse-a-nantes-au-centre-choregraphique-national\\\/\",\"url\":\"https:\\\/\\\/www.booksonthemove.fr\\\/en\\\/produit\\\/claude-brumachon-benjamin-lamarche-25-ans-de-danse-a-nantes-au-centre-choregraphique-national\\\/\",\"name\":\"Claude Brumachon \\\/ Benjamin Lamarche - 25 ans de danse \u00e0 Nantes au Centre chor\u00e9graphique national - Books on the Move\",\"isPartOf\":{\"@id\":\"https:\\\/\\\/www.booksonthemove.fr\\\/#website\"},\"primaryImageOfPage\":{\"@id\":\"https:\\\/\\\/www.booksonthemove.fr\\\/en\\\/produit\\\/claude-brumachon-benjamin-lamarche-25-ans-de-danse-a-nantes-au-centre-choregraphique-national\\\/#primaryimage\"},\"image\":{\"@id\":\"https:\\\/\\\/www.booksonthemove.fr\\\/en\\\/produit\\\/claude-brumachon-benjamin-lamarche-25-ans-de-danse-a-nantes-au-centre-choregraphique-national\\\/#primaryimage\"},\"thumbnailUrl\":\"https:\\\/\\\/www.booksonthemove.fr\\\/media\\\/bom_3063.jpg\",\"datePublished\":\"2024-04-22T09:43:09+00:00\",\"dateModified\":\"2026-04-22T09:43:46+00:00\",\"breadcrumb\":{\"@id\":\"https:\\\/\\\/www.booksonthemove.fr\\\/en\\\/produit\\\/claude-brumachon-benjamin-lamarche-25-ans-de-danse-a-nantes-au-centre-choregraphique-national\\\/#breadcrumb\"},\"inLanguage\":\"en-US\",\"potentialAction\":[{\"@type\":\"ReadAction\",\"target\":[\"https:\\\/\\\/www.booksonthemove.fr\\\/en\\\/produit\\\/claude-brumachon-benjamin-lamarche-25-ans-de-danse-a-nantes-au-centre-choregraphique-national\\\/\"]}]},{\"@type\":\"ImageObject\",\"inLanguage\":\"en-US\",\"@id\":\"https:\\\/\\\/www.booksonthemove.fr\\\/en\\\/produit\\\/claude-brumachon-benjamin-lamarche-25-ans-de-danse-a-nantes-au-centre-choregraphique-national\\\/#primaryimage\",\"url\":\"https:\\\/\\\/www.booksonthemove.fr\\\/media\\\/bom_3063.jpg\",\"contentUrl\":\"https:\\\/\\\/www.booksonthemove.fr\\\/media\\\/bom_3063.jpg\",\"width\":514,\"height\":610},{\"@type\":\"BreadcrumbList\",\"@id\":\"https:\\\/\\\/www.booksonthemove.fr\\\/en\\\/produit\\\/claude-brumachon-benjamin-lamarche-25-ans-de-danse-a-nantes-au-centre-choregraphique-national\\\/#breadcrumb\",\"itemListElement\":[{\"@type\":\"ListItem\",\"position\":1,\"name\":\"Accueil\",\"item\":\"https:\\\/\\\/www.booksonthemove.fr\\\/en\\\/\"},{\"@type\":\"ListItem\",\"position\":2,\"name\":\"online store\",\"item\":\"https:\\\/\\\/www.booksonthemove.fr\\\/en\\\/online-shop\\\/\"},{\"@type\":\"ListItem\",\"position\":3,\"name\":\"Claude Brumachon \\\/ Benjamin Lamarche &#8211; 25 ans de danse \u00e0 Nantes au Centre chor\u00e9graphique national\"}]},{\"@type\":\"WebSite\",\"@id\":\"https:\\\/\\\/www.booksonthemove.fr\\\/#website\",\"url\":\"https:\\\/\\\/www.booksonthemove.fr\\\/\",\"name\":\"Books on the Move\",\"description\":\"librairie nomade - danse - mouvement - performance\",\"publisher\":{\"@id\":\"https:\\\/\\\/www.booksonthemove.fr\\\/#organization\"},\"potentialAction\":[{\"@type\":\"SearchAction\",\"target\":{\"@type\":\"EntryPoint\",\"urlTemplate\":\"https:\\\/\\\/www.booksonthemove.fr\\\/?s={search_term_string}\"},\"query-input\":{\"@type\":\"PropertyValueSpecification\",\"valueRequired\":true,\"valueName\":\"search_term_string\"}}],\"inLanguage\":\"en-US\"},{\"@type\":\"Organization\",\"@id\":\"https:\\\/\\\/www.booksonthemove.fr\\\/#organization\",\"name\":\"Books on the Move\",\"url\":\"https:\\\/\\\/www.booksonthemove.fr\\\/\",\"logo\":{\"@type\":\"ImageObject\",\"inLanguage\":\"en-US\",\"@id\":\"https:\\\/\\\/www.booksonthemove.fr\\\/#\\\/schema\\\/logo\\\/image\\\/\",\"url\":\"https:\\\/\\\/www.booksonthemove.fr\\\/media\\\/logo-NB-400.jpg\",\"contentUrl\":\"https:\\\/\\\/www.booksonthemove.fr\\\/media\\\/logo-NB-400.jpg\",\"width\":400,\"height\":143,\"caption\":\"Books on the Move\"},\"image\":{\"@id\":\"https:\\\/\\\/www.booksonthemove.fr\\\/#\\\/schema\\\/logo\\\/image\\\/\"},\"sameAs\":[\"https:\\\/\\\/www.facebook.com\\\/Librairiebooksonthemove\\\/\"]}]}<\/script>\n<!-- \/ Yoast SEO plugin. -->","yoast_head_json":{"title":"Claude Brumachon \/ Benjamin Lamarche - 25 ans de danse \u00e0 Nantes au Centre chor\u00e9graphique national - Books on the Move","robots":{"index":"index","follow":"follow","max-snippet":"max-snippet:-1","max-image-preview":"max-image-preview:large","max-video-preview":"max-video-preview:-1"},"canonical":"https:\/\/www.booksonthemove.fr\/en\/produit\/claude-brumachon-benjamin-lamarche-25-ans-de-danse-a-nantes-au-centre-choregraphique-national\/","og_locale":"en_US","og_type":"article","og_title":"Claude Brumachon \/ Benjamin Lamarche - 25 ans de danse \u00e0 Nantes au Centre chor\u00e9graphique national - Books on the Move","og_description":"AUTEUR\u00b7RICE\u00b7S : collectif \u00c9DITEUR : \u00e9ditions Joca Seria \/ CCN de Nantes (2015)  BROCH\u00c9 : 264 pages LANGUE :\u00a0fran\u00e7ais ISBN: 978-2-84809-259-1","og_url":"https:\/\/www.booksonthemove.fr\/en\/produit\/claude-brumachon-benjamin-lamarche-25-ans-de-danse-a-nantes-au-centre-choregraphique-national\/","og_site_name":"Books on the Move","article_publisher":"https:\/\/www.facebook.com\/Librairiebooksonthemove\/","article_modified_time":"2026-04-22T09:43:46+00:00","og_image":[{"width":514,"height":610,"url":"https:\/\/www.booksonthemove.fr\/media\/bom_3063.jpg","type":"image\/jpeg"}],"twitter_card":"summary_large_image","schema":{"@context":"https:\/\/schema.org","@graph":[{"@type":"WebPage","@id":"https:\/\/www.booksonthemove.fr\/en\/produit\/claude-brumachon-benjamin-lamarche-25-ans-de-danse-a-nantes-au-centre-choregraphique-national\/","url":"https:\/\/www.booksonthemove.fr\/en\/produit\/claude-brumachon-benjamin-lamarche-25-ans-de-danse-a-nantes-au-centre-choregraphique-national\/","name":"Claude Brumachon \/ Benjamin Lamarche - 25 ans de danse \u00e0 Nantes au Centre chor\u00e9graphique national - Books on the Move","isPartOf":{"@id":"https:\/\/www.booksonthemove.fr\/#website"},"primaryImageOfPage":{"@id":"https:\/\/www.booksonthemove.fr\/en\/produit\/claude-brumachon-benjamin-lamarche-25-ans-de-danse-a-nantes-au-centre-choregraphique-national\/#primaryimage"},"image":{"@id":"https:\/\/www.booksonthemove.fr\/en\/produit\/claude-brumachon-benjamin-lamarche-25-ans-de-danse-a-nantes-au-centre-choregraphique-national\/#primaryimage"},"thumbnailUrl":"https:\/\/www.booksonthemove.fr\/media\/bom_3063.jpg","datePublished":"2024-04-22T09:43:09+00:00","dateModified":"2026-04-22T09:43:46+00:00","breadcrumb":{"@id":"https:\/\/www.booksonthemove.fr\/en\/produit\/claude-brumachon-benjamin-lamarche-25-ans-de-danse-a-nantes-au-centre-choregraphique-national\/#breadcrumb"},"inLanguage":"en-US","potentialAction":[{"@type":"ReadAction","target":["https:\/\/www.booksonthemove.fr\/en\/produit\/claude-brumachon-benjamin-lamarche-25-ans-de-danse-a-nantes-au-centre-choregraphique-national\/"]}]},{"@type":"ImageObject","inLanguage":"en-US","@id":"https:\/\/www.booksonthemove.fr\/en\/produit\/claude-brumachon-benjamin-lamarche-25-ans-de-danse-a-nantes-au-centre-choregraphique-national\/#primaryimage","url":"https:\/\/www.booksonthemove.fr\/media\/bom_3063.jpg","contentUrl":"https:\/\/www.booksonthemove.fr\/media\/bom_3063.jpg","width":514,"height":610},{"@type":"BreadcrumbList","@id":"https:\/\/www.booksonthemove.fr\/en\/produit\/claude-brumachon-benjamin-lamarche-25-ans-de-danse-a-nantes-au-centre-choregraphique-national\/#breadcrumb","itemListElement":[{"@type":"ListItem","position":1,"name":"Accueil","item":"https:\/\/www.booksonthemove.fr\/en\/"},{"@type":"ListItem","position":2,"name":"online store","item":"https:\/\/www.booksonthemove.fr\/en\/online-shop\/"},{"@type":"ListItem","position":3,"name":"Claude Brumachon \/ Benjamin Lamarche &#8211; 25 ans de danse \u00e0 Nantes au Centre chor\u00e9graphique national"}]},{"@type":"WebSite","@id":"https:\/\/www.booksonthemove.fr\/#website","url":"https:\/\/www.booksonthemove.fr\/","name":"Books on the Move","description":"librairie nomade - danse - mouvement - performance","publisher":{"@id":"https:\/\/www.booksonthemove.fr\/#organization"},"potentialAction":[{"@type":"SearchAction","target":{"@type":"EntryPoint","urlTemplate":"https:\/\/www.booksonthemove.fr\/?s={search_term_string}"},"query-input":{"@type":"PropertyValueSpecification","valueRequired":true,"valueName":"search_term_string"}}],"inLanguage":"en-US"},{"@type":"Organization","@id":"https:\/\/www.booksonthemove.fr\/#organization","name":"Books on the Move","url":"https:\/\/www.booksonthemove.fr\/","logo":{"@type":"ImageObject","inLanguage":"en-US","@id":"https:\/\/www.booksonthemove.fr\/#\/schema\/logo\/image\/","url":"https:\/\/www.booksonthemove.fr\/media\/logo-NB-400.jpg","contentUrl":"https:\/\/www.booksonthemove.fr\/media\/logo-NB-400.jpg","width":400,"height":143,"caption":"Books on the Move"},"image":{"@id":"https:\/\/www.booksonthemove.fr\/#\/schema\/logo\/image\/"},"sameAs":["https:\/\/www.facebook.com\/Librairiebooksonthemove\/"]}]}},"_links":{"self":[{"href":"https:\/\/www.booksonthemove.fr\/en\/wp-json\/wp\/v2\/product\/47350","targetHints":{"allow":["GET"]}}],"collection":[{"href":"https:\/\/www.booksonthemove.fr\/en\/wp-json\/wp\/v2\/product"}],"about":[{"href":"https:\/\/www.booksonthemove.fr\/en\/wp-json\/wp\/v2\/types\/product"}],"wp:featuredmedia":[{"embeddable":true,"href":"https:\/\/www.booksonthemove.fr\/en\/wp-json\/wp\/v2\/media\/47349"}],"wp:attachment":[{"href":"https:\/\/www.booksonthemove.fr\/en\/wp-json\/wp\/v2\/media?parent=47350"}],"wp:term":[{"taxonomy":"product_brand","embeddable":true,"href":"https:\/\/www.booksonthemove.fr\/en\/wp-json\/wp\/v2\/product_brand?post=47350"},{"taxonomy":"product_cat","embeddable":true,"href":"https:\/\/www.booksonthemove.fr\/en\/wp-json\/wp\/v2\/product_cat?post=47350"},{"taxonomy":"product_tag","embeddable":true,"href":"https:\/\/www.booksonthemove.fr\/en\/wp-json\/wp\/v2\/product_tag?post=47350"}],"curies":[{"name":"wp","href":"https:\/\/api.w.org\/{rel}","templated":true}]}}