{"id":4977,"date":"2017-10-01T14:42:51","date_gmt":"2017-10-01T12:42:51","guid":{"rendered":"https:\/\/www.booksonthemove.fr\/produit\/critique-dart-n48-printempsete-2017\/"},"modified":"2020-04-23T19:41:47","modified_gmt":"2020-04-23T17:41:47","slug":"critique-dart-n48-printempsete-2017","status":"publish","type":"product","link":"https:\/\/www.booksonthemove.fr\/en\/produit\/critique-dart-n48-printempsete-2017\/","title":{"rendered":"Critique d\u2019art n\u00b048 \u2013 printemps\/\u00e9t\u00e9 2017"},"content":{"rendered":"<p class=\"bodytext\">Revue bilingue. Actualit\u00e9 internationale de la litt\u00e9rature sur l\u2019art contemporain\/ The International Review of Contemporary Art Criticism.<\/p>\n<p class=\"bodytext\">La revue CRITIQUE D\u2019ART propose \u00e0 des auteurs de lire et d\u2019\u00e9valuer la production d\u2019autres auteurs qui produisent eux-m\u00eames des livres. Ce travail de lecture et d\u2019\u00e9valuation aide \u00e0 identifier l\u2019activit\u00e9 critique et \u00e9ditoriale, et facilite l\u2019acc\u00e8s \u00e0 une connaissance avis\u00e9e de ce qui se joue dans l\u2019art et la pens\u00e9e actuels.<\/p>\n<p class=\"bodytext\">A chacune de ses livraisons, CRITIQUE D\u2019ART fait ressortir le contenu des ouvrages et met \u00e0 la disposition de tous un outil documentaire utile pour cerner la litt\u00e9rature critique et th\u00e9orique sur la cr\u00e9ation contemporaine nationale et internationale.<\/p>\n<p class=\"bodytext\">Sommaire du n\u00b048<\/p>\n<p class=\"bodytext\">Editorial \/ Editorial &#8211; &#8220;L\u2019Atelier de l\u2019histoire et de la critique \/ The History and Criticism Workshop&#8221; &#8211; Jean-Marc Poinsot<\/p>\n<p class=\"bodytext\">Articles \/ Articles- \u00ab Raconter les corps : les pratiques performatives, les arts visuels et l\u2019histoire de l\u2019art \/ Speaking of Bodies: Performative Practices, Visual Arts, and Art History \u00bb &#8211; Laura Iamurri<\/p>\n<p class=\"bodytext\">\u00ab Art, participation (et) politique \/ Art, Participation and Politics \u00bb- Julia Ram\u00edrez Blanco<\/p>\n<p class=\"bodytext\">\u00ab L\u2019Urgence de l\u2019histoire : sympt\u00f4mes, th\u00e8ses et probl\u00e8mes \/ The Urgency of History: Symptoms, Theories and Issues \u00bb &#8211; Maria Stavrinaki<\/p>\n<p class=\"bodytext\">\u00ab L\u2019Ecran sensible au-del\u00e0 du cin\u00e9ma \/ The Sensitive Screen Beyond Cinema \u00bb- Riccardo Venturi<\/p>\n<p class=\"bodytext\">\u00ab La Nature qui vient \/ The Coming Nature \u00bb &#8211; Estelle Zhong Mengual<\/p>\n<p class=\"bodytext\">\u00ab Apr\u00e8s la guerre \u00bb \/ \u00ab After the War \u00bb &#8211; C\u00e9cile Bargues<\/p>\n<p class=\"bodytext\">\u00ab Tous ces \u00e9crans qui nous contr\u00f4lent \u00bb \/ \u00ab All the Screens That Control Us \u00bb &#8211; Joerg Bader<\/p>\n<p class=\"bodytext\">Portraits \/ Portraits &#8211; \u00ab Peter Weibel \u00bb &#8211; Anne Zeitz<\/p>\n<p class=\"bodytext\">\u00ab Armin Linke \u00bb &#8211; Julie Jones<\/p>\n<p class=\"bodytext\">Traduction \/ Translation &#8211; \u00ab An Exemplary Artwork \u00bb, extrait de L\u2019Art n\u2019\u00e9volue pas : l\u2019Univers immobile de Gino De Dominicis par Gabriele Guercio &#8211; Introduit par \/ Introduced by V\u00e9ronique Goudinoux<\/p>\n<p class=\"bodytext\">L\u2019Histoire revisit\u00e9e \/ Revisiting History &#8211; \u00ab De l\u2019art des fous \u00e0 l\u2019Art brut et ses extensions : une histoire de la r\u00e9ception \u00bb \/ \u00ab From the Art of the Insane to Art brut and Beyond: A History of Reception \u00bb &#8211; Marc D\u00e9cimo<\/p>\n<p class=\"bodytext\">Archives \/ Archives &#8211; \u00ab Hans Hartung, une vie d\u2019archives \/ Hans Hartung, an Archival Life \u00bb &#8211; Thomas Schlesser<\/p>\n","protected":false},"excerpt":{"rendered":"<p><strong>Directeur de la publication:<\/strong> Jean-Marc Poinsot<br \/>\n<strong>Editeur:<\/strong> Archives de la critique d\u2019art, Universit\u00e9 de Rennes (2017)<\/p>\n<p><strong>Broch\u00e9:<\/strong> 184 pages<br \/>\n<strong>Langue:<\/strong> Fran\u00e7ais\/Anglais<br \/>\n<strong>ISSN:<\/strong> 1246-8258<\/p>\n","protected":false},"featured_media":4976,"template":"","meta":[],"product_brand":[],"product_cat":[135,161,162,211],"product_tag":[],"class_list":{"0":"post-4977","1":"product","2":"type-product","3":"status-publish","4":"has-post-thumbnail","6":"product_cat-english-en","7":"product_cat-dance-criticism-en","8":"product_cat-french-en","9":"product_cat-magazines-en","11":"first","12":"instock","13":"taxable","14":"shipping-taxable","15":"purchasable","16":"product-type-simple"},"yoast_head":"<!-- This site is optimized with the Yoast SEO plugin v27.5 - https:\/\/yoast.com\/product\/yoast-seo-wordpress\/ -->\n<title>Critique d\u2019art n\u00b048 \u2013 printemps\/\u00e9t\u00e9 2017 - Books on the Move<\/title>\n<meta name=\"robots\" content=\"index, follow, max-snippet:-1, max-image-preview:large, max-video-preview:-1\" \/>\n<link rel=\"canonical\" href=\"https:\/\/www.booksonthemove.fr\/en\/produit\/critique-dart-n48-printempsete-2017\/\" \/>\n<meta property=\"og:locale\" content=\"en_US\" \/>\n<meta property=\"og:type\" content=\"article\" \/>\n<meta property=\"og:title\" content=\"Critique d\u2019art n\u00b048 \u2013 printemps\/\u00e9t\u00e9 2017 - Books on the Move\" \/>\n<meta property=\"og:description\" content=\"Directeur de la publication: Jean-Marc Poinsot Editeur: Archives de la critique d\u2019art, Universit\u00e9 de Rennes (2017) Broch\u00e9: 184 pages Langue: Fran\u00e7ais\/Anglais ISSN: 1246-8258\" \/>\n<meta property=\"og:url\" content=\"https:\/\/www.booksonthemove.fr\/en\/produit\/critique-dart-n48-printempsete-2017\/\" \/>\n<meta property=\"og:site_name\" content=\"Books on the Move\" \/>\n<meta property=\"article:publisher\" content=\"https:\/\/www.facebook.com\/Librairiebooksonthemove\/\" \/>\n<meta property=\"article:modified_time\" content=\"2020-04-23T17:41:47+00:00\" \/>\n<meta property=\"og:image\" content=\"https:\/\/www.booksonthemove.fr\/media\/bom_1726_reduced-1.jpeg\" \/>\n\t<meta property=\"og:image:width\" content=\"900\" \/>\n\t<meta property=\"og:image:height\" content=\"1343\" \/>\n\t<meta property=\"og:image:type\" content=\"image\/jpeg\" \/>\n<meta name=\"twitter:card\" content=\"summary_large_image\" \/>\n<script type=\"application\/ld+json\" class=\"yoast-schema-graph\">{\"@context\":\"https:\\\/\\\/schema.org\",\"@graph\":[{\"@type\":\"WebPage\",\"@id\":\"https:\\\/\\\/www.booksonthemove.fr\\\/en\\\/produit\\\/critique-dart-n48-printempsete-2017\\\/\",\"url\":\"https:\\\/\\\/www.booksonthemove.fr\\\/en\\\/produit\\\/critique-dart-n48-printempsete-2017\\\/\",\"name\":\"Critique d\u2019art n\u00b048 \u2013 printemps\\\/\u00e9t\u00e9 2017 - Books on the Move\",\"isPartOf\":{\"@id\":\"https:\\\/\\\/www.booksonthemove.fr\\\/#website\"},\"primaryImageOfPage\":{\"@id\":\"https:\\\/\\\/www.booksonthemove.fr\\\/en\\\/produit\\\/critique-dart-n48-printempsete-2017\\\/#primaryimage\"},\"image\":{\"@id\":\"https:\\\/\\\/www.booksonthemove.fr\\\/en\\\/produit\\\/critique-dart-n48-printempsete-2017\\\/#primaryimage\"},\"thumbnailUrl\":\"https:\\\/\\\/www.booksonthemove.fr\\\/media\\\/bom_1726_reduced-1.jpeg\",\"datePublished\":\"2017-10-01T12:42:51+00:00\",\"dateModified\":\"2020-04-23T17:41:47+00:00\",\"breadcrumb\":{\"@id\":\"https:\\\/\\\/www.booksonthemove.fr\\\/en\\\/produit\\\/critique-dart-n48-printempsete-2017\\\/#breadcrumb\"},\"inLanguage\":\"en-US\",\"potentialAction\":[{\"@type\":\"ReadAction\",\"target\":[\"https:\\\/\\\/www.booksonthemove.fr\\\/en\\\/produit\\\/critique-dart-n48-printempsete-2017\\\/\"]}]},{\"@type\":\"ImageObject\",\"inLanguage\":\"en-US\",\"@id\":\"https:\\\/\\\/www.booksonthemove.fr\\\/en\\\/produit\\\/critique-dart-n48-printempsete-2017\\\/#primaryimage\",\"url\":\"https:\\\/\\\/www.booksonthemove.fr\\\/media\\\/bom_1726_reduced-1.jpeg\",\"contentUrl\":\"https:\\\/\\\/www.booksonthemove.fr\\\/media\\\/bom_1726_reduced-1.jpeg\",\"width\":900,\"height\":1343},{\"@type\":\"BreadcrumbList\",\"@id\":\"https:\\\/\\\/www.booksonthemove.fr\\\/en\\\/produit\\\/critique-dart-n48-printempsete-2017\\\/#breadcrumb\",\"itemListElement\":[{\"@type\":\"ListItem\",\"position\":1,\"name\":\"Accueil\",\"item\":\"https:\\\/\\\/www.booksonthemove.fr\\\/en\\\/\"},{\"@type\":\"ListItem\",\"position\":2,\"name\":\"online store\",\"item\":\"https:\\\/\\\/www.booksonthemove.fr\\\/en\\\/online-shop\\\/\"},{\"@type\":\"ListItem\",\"position\":3,\"name\":\"Critique d\u2019art n\u00b048 \u2013 printemps\\\/\u00e9t\u00e9 2017\"}]},{\"@type\":\"WebSite\",\"@id\":\"https:\\\/\\\/www.booksonthemove.fr\\\/#website\",\"url\":\"https:\\\/\\\/www.booksonthemove.fr\\\/\",\"name\":\"Books on the Move\",\"description\":\"librairie nomade - danse - mouvement - performance\",\"publisher\":{\"@id\":\"https:\\\/\\\/www.booksonthemove.fr\\\/#organization\"},\"potentialAction\":[{\"@type\":\"SearchAction\",\"target\":{\"@type\":\"EntryPoint\",\"urlTemplate\":\"https:\\\/\\\/www.booksonthemove.fr\\\/?s={search_term_string}\"},\"query-input\":{\"@type\":\"PropertyValueSpecification\",\"valueRequired\":true,\"valueName\":\"search_term_string\"}}],\"inLanguage\":\"en-US\"},{\"@type\":\"Organization\",\"@id\":\"https:\\\/\\\/www.booksonthemove.fr\\\/#organization\",\"name\":\"Books on the Move\",\"url\":\"https:\\\/\\\/www.booksonthemove.fr\\\/\",\"logo\":{\"@type\":\"ImageObject\",\"inLanguage\":\"en-US\",\"@id\":\"https:\\\/\\\/www.booksonthemove.fr\\\/#\\\/schema\\\/logo\\\/image\\\/\",\"url\":\"https:\\\/\\\/www.booksonthemove.fr\\\/media\\\/logo-NB-400.jpg\",\"contentUrl\":\"https:\\\/\\\/www.booksonthemove.fr\\\/media\\\/logo-NB-400.jpg\",\"width\":400,\"height\":143,\"caption\":\"Books on the Move\"},\"image\":{\"@id\":\"https:\\\/\\\/www.booksonthemove.fr\\\/#\\\/schema\\\/logo\\\/image\\\/\"},\"sameAs\":[\"https:\\\/\\\/www.facebook.com\\\/Librairiebooksonthemove\\\/\"]}]}<\/script>\n<!-- \/ Yoast SEO plugin. -->","yoast_head_json":{"title":"Critique d\u2019art n\u00b048 \u2013 printemps\/\u00e9t\u00e9 2017 - Books on the Move","robots":{"index":"index","follow":"follow","max-snippet":"max-snippet:-1","max-image-preview":"max-image-preview:large","max-video-preview":"max-video-preview:-1"},"canonical":"https:\/\/www.booksonthemove.fr\/en\/produit\/critique-dart-n48-printempsete-2017\/","og_locale":"en_US","og_type":"article","og_title":"Critique d\u2019art n\u00b048 \u2013 printemps\/\u00e9t\u00e9 2017 - Books on the Move","og_description":"Directeur de la publication: Jean-Marc Poinsot Editeur: Archives de la critique d\u2019art, Universit\u00e9 de Rennes (2017) Broch\u00e9: 184 pages Langue: Fran\u00e7ais\/Anglais ISSN: 1246-8258","og_url":"https:\/\/www.booksonthemove.fr\/en\/produit\/critique-dart-n48-printempsete-2017\/","og_site_name":"Books on the Move","article_publisher":"https:\/\/www.facebook.com\/Librairiebooksonthemove\/","article_modified_time":"2020-04-23T17:41:47+00:00","og_image":[{"width":900,"height":1343,"url":"https:\/\/www.booksonthemove.fr\/media\/bom_1726_reduced-1.jpeg","type":"image\/jpeg"}],"twitter_card":"summary_large_image","schema":{"@context":"https:\/\/schema.org","@graph":[{"@type":"WebPage","@id":"https:\/\/www.booksonthemove.fr\/en\/produit\/critique-dart-n48-printempsete-2017\/","url":"https:\/\/www.booksonthemove.fr\/en\/produit\/critique-dart-n48-printempsete-2017\/","name":"Critique d\u2019art n\u00b048 \u2013 printemps\/\u00e9t\u00e9 2017 - Books on the Move","isPartOf":{"@id":"https:\/\/www.booksonthemove.fr\/#website"},"primaryImageOfPage":{"@id":"https:\/\/www.booksonthemove.fr\/en\/produit\/critique-dart-n48-printempsete-2017\/#primaryimage"},"image":{"@id":"https:\/\/www.booksonthemove.fr\/en\/produit\/critique-dart-n48-printempsete-2017\/#primaryimage"},"thumbnailUrl":"https:\/\/www.booksonthemove.fr\/media\/bom_1726_reduced-1.jpeg","datePublished":"2017-10-01T12:42:51+00:00","dateModified":"2020-04-23T17:41:47+00:00","breadcrumb":{"@id":"https:\/\/www.booksonthemove.fr\/en\/produit\/critique-dart-n48-printempsete-2017\/#breadcrumb"},"inLanguage":"en-US","potentialAction":[{"@type":"ReadAction","target":["https:\/\/www.booksonthemove.fr\/en\/produit\/critique-dart-n48-printempsete-2017\/"]}]},{"@type":"ImageObject","inLanguage":"en-US","@id":"https:\/\/www.booksonthemove.fr\/en\/produit\/critique-dart-n48-printempsete-2017\/#primaryimage","url":"https:\/\/www.booksonthemove.fr\/media\/bom_1726_reduced-1.jpeg","contentUrl":"https:\/\/www.booksonthemove.fr\/media\/bom_1726_reduced-1.jpeg","width":900,"height":1343},{"@type":"BreadcrumbList","@id":"https:\/\/www.booksonthemove.fr\/en\/produit\/critique-dart-n48-printempsete-2017\/#breadcrumb","itemListElement":[{"@type":"ListItem","position":1,"name":"Accueil","item":"https:\/\/www.booksonthemove.fr\/en\/"},{"@type":"ListItem","position":2,"name":"online store","item":"https:\/\/www.booksonthemove.fr\/en\/online-shop\/"},{"@type":"ListItem","position":3,"name":"Critique d\u2019art n\u00b048 \u2013 printemps\/\u00e9t\u00e9 2017"}]},{"@type":"WebSite","@id":"https:\/\/www.booksonthemove.fr\/#website","url":"https:\/\/www.booksonthemove.fr\/","name":"Books on the Move","description":"librairie nomade - danse - mouvement - performance","publisher":{"@id":"https:\/\/www.booksonthemove.fr\/#organization"},"potentialAction":[{"@type":"SearchAction","target":{"@type":"EntryPoint","urlTemplate":"https:\/\/www.booksonthemove.fr\/?s={search_term_string}"},"query-input":{"@type":"PropertyValueSpecification","valueRequired":true,"valueName":"search_term_string"}}],"inLanguage":"en-US"},{"@type":"Organization","@id":"https:\/\/www.booksonthemove.fr\/#organization","name":"Books on the Move","url":"https:\/\/www.booksonthemove.fr\/","logo":{"@type":"ImageObject","inLanguage":"en-US","@id":"https:\/\/www.booksonthemove.fr\/#\/schema\/logo\/image\/","url":"https:\/\/www.booksonthemove.fr\/media\/logo-NB-400.jpg","contentUrl":"https:\/\/www.booksonthemove.fr\/media\/logo-NB-400.jpg","width":400,"height":143,"caption":"Books on the Move"},"image":{"@id":"https:\/\/www.booksonthemove.fr\/#\/schema\/logo\/image\/"},"sameAs":["https:\/\/www.facebook.com\/Librairiebooksonthemove\/"]}]}},"_links":{"self":[{"href":"https:\/\/www.booksonthemove.fr\/en\/wp-json\/wp\/v2\/product\/4977","targetHints":{"allow":["GET"]}}],"collection":[{"href":"https:\/\/www.booksonthemove.fr\/en\/wp-json\/wp\/v2\/product"}],"about":[{"href":"https:\/\/www.booksonthemove.fr\/en\/wp-json\/wp\/v2\/types\/product"}],"wp:featuredmedia":[{"embeddable":true,"href":"https:\/\/www.booksonthemove.fr\/en\/wp-json\/wp\/v2\/media\/4976"}],"wp:attachment":[{"href":"https:\/\/www.booksonthemove.fr\/en\/wp-json\/wp\/v2\/media?parent=4977"}],"wp:term":[{"taxonomy":"product_brand","embeddable":true,"href":"https:\/\/www.booksonthemove.fr\/en\/wp-json\/wp\/v2\/product_brand?post=4977"},{"taxonomy":"product_cat","embeddable":true,"href":"https:\/\/www.booksonthemove.fr\/en\/wp-json\/wp\/v2\/product_cat?post=4977"},{"taxonomy":"product_tag","embeddable":true,"href":"https:\/\/www.booksonthemove.fr\/en\/wp-json\/wp\/v2\/product_tag?post=4977"}],"curies":[{"name":"wp","href":"https:\/\/api.w.org\/{rel}","templated":true}]}}