{"id":5035,"date":"2017-11-05T23:04:50","date_gmt":"2017-11-05T22:04:50","guid":{"rendered":"https:\/\/www.booksonthemove.fr\/produit\/transmission-in-motion-the-technologizing-of-dance\/"},"modified":"2020-04-11T13:30:58","modified_gmt":"2020-04-11T11:30:58","slug":"transmission-in-motion-the-technologizing-of-dance","status":"publish","type":"product","link":"https:\/\/www.booksonthemove.fr\/en\/produit\/transmission-in-motion-the-technologizing-of-dance\/","title":{"rendered":"Transmission in Motion &#8211; The Technologizing of Dance"},"content":{"rendered":"<p class=\"bodytext\">How can various technologies, from the more conventional to the very new, be used to archive, share and understand dance movement? How can they become part of new ways of creat<span class=\"csc-sword\">in<\/span>g dance? What does this tell us about the ways <span class=\"csc-sword\">in<\/span> which technology is part of how we make sense and th<span class=\"csc-sword\">in<\/span>k?<\/p>\n<p class=\"bodytext\">Well-known choreographers and dance collectives <span class=\"csc-sword\">in<\/span>clud<span class=\"csc-sword\">in<\/span>g William Forsythe, Siohban Davis, Merce Cunn<span class=\"csc-sword\">in<\/span>gham, Anne Teresa De Keersmaeker and BADco. have <span class=\"csc-sword\">in<\/span>itiated projects to <span class=\"csc-sword\">in<\/span>vestigate these questions, and <span class=\"csc-sword\">in<\/span> so do<span class=\"csc-sword\">in<\/span>g have <span class=\"csc-sword\">in<\/span>augurated a new era for dance archives, education, research and creation. Their work draws attention to the <span class=\"csc-sword\">in<\/span>timate relationship between the technologies we use and the ways <span class=\"csc-sword\">in<\/span> which we th<span class=\"csc-sword\">in<\/span>k, perceive, and make sense.<\/p>\n<p class=\"bodytext\"><span class=\"csc-sword\">Transmission<\/span> <span class=\"csc-sword\">in<\/span> <span class=\"csc-sword\">Motion<\/span> exam<span class=\"csc-sword\">in<\/span>es these extraord<span class=\"csc-sword\">in<\/span>ary projects \u2018from the <span class=\"csc-sword\">in<\/span>side\u2019, present<span class=\"csc-sword\">in<\/span>g <span class=\"csc-sword\">in<\/span>-depth analyses by the practitioners, artists and collectives <span class=\"csc-sword\">in<\/span>volved <span class=\"csc-sword\">in<\/span> their development. These studies are framed by scholarly reflection, illum<span class=\"csc-sword\">in<\/span>at<span class=\"csc-sword\">in<\/span>g the significance of these projects <span class=\"csc-sword\">in<\/span> the context of current debates on dance, the (multi-media) archive, immaterial cultural heritage and copyright, embodied cognition, education, media culture and the knowledge society.<\/p>\n<p class=\"bodytext\">Contributors: Maaike Bleeker, Scott deLahunta, Paul Kaiser, Florence Cor<span class=\"csc-sword\">in<\/span>, Chris Ziegler, Bojana Cveji\u0107, Sarah Whatley, Rachel Fensham, Marlon Barrios Solano, Bertha Berm\u00fadez Pascual, Norah Zuniga Shaw, Nikol<span class=\"csc-sword\">in<\/span>a Prista\u0161, Goran Sergej Prista\u0161, Tomislav Medak, James Leach, Harmony Bench, Charlotte Waelde, Sarah Whatley, Sally Jane Norman, Chris Salter, Alva No\u00eb.<\/p>\n","protected":false},"excerpt":{"rendered":"<p><strong>Author:<\/strong> Maaike Bleeker<br \/>\n<strong>Publisher:<\/strong> Routledge (2017)<\/p>\n<p><strong>Paperback:<\/strong> 244 pages<br \/>\n<strong>Language:<\/strong> English<br \/>\n<strong>ISBN13:<\/strong> 978 1 138 18944 7<\/p>\n","protected":false},"featured_media":5034,"template":"","meta":[],"product_brand":[],"product_cat":[135,282,146],"product_tag":[],"class_list":{"0":"post-5035","1":"product","2":"type-product","3":"status-publish","4":"has-post-thumbnail","6":"product_cat-english-en","7":"product_cat-digital-art-technology","8":"product_cat-theoretical-texts-en","10":"first","11":"outofstock","12":"taxable","13":"shipping-taxable","14":"purchasable","15":"product-type-simple"},"yoast_head":"<!-- This site is optimized with the Yoast SEO plugin v27.5 - https:\/\/yoast.com\/product\/yoast-seo-wordpress\/ -->\n<title>Transmission in Motion - The Technologizing of Dance - Books on the Move<\/title>\n<meta name=\"robots\" content=\"index, follow, max-snippet:-1, max-image-preview:large, max-video-preview:-1\" \/>\n<link rel=\"canonical\" href=\"https:\/\/www.booksonthemove.fr\/en\/produit\/transmission-in-motion-the-technologizing-of-dance\/\" \/>\n<meta property=\"og:locale\" content=\"en_US\" \/>\n<meta property=\"og:type\" content=\"article\" \/>\n<meta property=\"og:title\" content=\"Transmission in Motion - The Technologizing of Dance - Books on the Move\" \/>\n<meta property=\"og:description\" content=\"Author: Maaike Bleeker Publisher: Routledge (2017) Paperback: 244 pages Language: English ISBN13: 978 1 138 18944 7\" \/>\n<meta property=\"og:url\" content=\"https:\/\/www.booksonthemove.fr\/en\/produit\/transmission-in-motion-the-technologizing-of-dance\/\" \/>\n<meta property=\"og:site_name\" content=\"Books on the Move\" \/>\n<meta property=\"article:publisher\" content=\"https:\/\/www.facebook.com\/Librairiebooksonthemove\/\" \/>\n<meta property=\"article:modified_time\" content=\"2020-04-11T11:30:58+00:00\" \/>\n<meta property=\"og:image\" content=\"https:\/\/www.booksonthemove.fr\/media\/bom_1725_reduced.jpeg\" \/>\n\t<meta property=\"og:image:width\" content=\"900\" \/>\n\t<meta property=\"og:image:height\" content=\"1355\" \/>\n\t<meta property=\"og:image:type\" content=\"image\/jpeg\" \/>\n<meta name=\"twitter:card\" content=\"summary_large_image\" \/>\n<script type=\"application\/ld+json\" class=\"yoast-schema-graph\">{\"@context\":\"https:\\\/\\\/schema.org\",\"@graph\":[{\"@type\":\"WebPage\",\"@id\":\"https:\\\/\\\/www.booksonthemove.fr\\\/en\\\/produit\\\/transmission-in-motion-the-technologizing-of-dance\\\/\",\"url\":\"https:\\\/\\\/www.booksonthemove.fr\\\/en\\\/produit\\\/transmission-in-motion-the-technologizing-of-dance\\\/\",\"name\":\"Transmission in Motion - The Technologizing of Dance - Books on the Move\",\"isPartOf\":{\"@id\":\"https:\\\/\\\/www.booksonthemove.fr\\\/#website\"},\"primaryImageOfPage\":{\"@id\":\"https:\\\/\\\/www.booksonthemove.fr\\\/en\\\/produit\\\/transmission-in-motion-the-technologizing-of-dance\\\/#primaryimage\"},\"image\":{\"@id\":\"https:\\\/\\\/www.booksonthemove.fr\\\/en\\\/produit\\\/transmission-in-motion-the-technologizing-of-dance\\\/#primaryimage\"},\"thumbnailUrl\":\"https:\\\/\\\/www.booksonthemove.fr\\\/media\\\/bom_1725_reduced.jpeg\",\"datePublished\":\"2017-11-05T22:04:50+00:00\",\"dateModified\":\"2020-04-11T11:30:58+00:00\",\"breadcrumb\":{\"@id\":\"https:\\\/\\\/www.booksonthemove.fr\\\/en\\\/produit\\\/transmission-in-motion-the-technologizing-of-dance\\\/#breadcrumb\"},\"inLanguage\":\"en-US\",\"potentialAction\":[{\"@type\":\"ReadAction\",\"target\":[\"https:\\\/\\\/www.booksonthemove.fr\\\/en\\\/produit\\\/transmission-in-motion-the-technologizing-of-dance\\\/\"]}]},{\"@type\":\"ImageObject\",\"inLanguage\":\"en-US\",\"@id\":\"https:\\\/\\\/www.booksonthemove.fr\\\/en\\\/produit\\\/transmission-in-motion-the-technologizing-of-dance\\\/#primaryimage\",\"url\":\"https:\\\/\\\/www.booksonthemove.fr\\\/media\\\/bom_1725_reduced.jpeg\",\"contentUrl\":\"https:\\\/\\\/www.booksonthemove.fr\\\/media\\\/bom_1725_reduced.jpeg\",\"width\":900,\"height\":1355},{\"@type\":\"BreadcrumbList\",\"@id\":\"https:\\\/\\\/www.booksonthemove.fr\\\/en\\\/produit\\\/transmission-in-motion-the-technologizing-of-dance\\\/#breadcrumb\",\"itemListElement\":[{\"@type\":\"ListItem\",\"position\":1,\"name\":\"Accueil\",\"item\":\"https:\\\/\\\/www.booksonthemove.fr\\\/en\\\/\"},{\"@type\":\"ListItem\",\"position\":2,\"name\":\"online store\",\"item\":\"https:\\\/\\\/www.booksonthemove.fr\\\/en\\\/online-shop\\\/\"},{\"@type\":\"ListItem\",\"position\":3,\"name\":\"Transmission in Motion &#8211; The Technologizing of Dance\"}]},{\"@type\":\"WebSite\",\"@id\":\"https:\\\/\\\/www.booksonthemove.fr\\\/#website\",\"url\":\"https:\\\/\\\/www.booksonthemove.fr\\\/\",\"name\":\"Books on the Move\",\"description\":\"librairie nomade - danse - mouvement - performance\",\"publisher\":{\"@id\":\"https:\\\/\\\/www.booksonthemove.fr\\\/#organization\"},\"potentialAction\":[{\"@type\":\"SearchAction\",\"target\":{\"@type\":\"EntryPoint\",\"urlTemplate\":\"https:\\\/\\\/www.booksonthemove.fr\\\/?s={search_term_string}\"},\"query-input\":{\"@type\":\"PropertyValueSpecification\",\"valueRequired\":true,\"valueName\":\"search_term_string\"}}],\"inLanguage\":\"en-US\"},{\"@type\":\"Organization\",\"@id\":\"https:\\\/\\\/www.booksonthemove.fr\\\/#organization\",\"name\":\"Books on the Move\",\"url\":\"https:\\\/\\\/www.booksonthemove.fr\\\/\",\"logo\":{\"@type\":\"ImageObject\",\"inLanguage\":\"en-US\",\"@id\":\"https:\\\/\\\/www.booksonthemove.fr\\\/#\\\/schema\\\/logo\\\/image\\\/\",\"url\":\"https:\\\/\\\/www.booksonthemove.fr\\\/media\\\/logo-NB-400.jpg\",\"contentUrl\":\"https:\\\/\\\/www.booksonthemove.fr\\\/media\\\/logo-NB-400.jpg\",\"width\":400,\"height\":143,\"caption\":\"Books on the Move\"},\"image\":{\"@id\":\"https:\\\/\\\/www.booksonthemove.fr\\\/#\\\/schema\\\/logo\\\/image\\\/\"},\"sameAs\":[\"https:\\\/\\\/www.facebook.com\\\/Librairiebooksonthemove\\\/\"]}]}<\/script>\n<!-- \/ Yoast SEO plugin. -->","yoast_head_json":{"title":"Transmission in Motion - The Technologizing of Dance - Books on the Move","robots":{"index":"index","follow":"follow","max-snippet":"max-snippet:-1","max-image-preview":"max-image-preview:large","max-video-preview":"max-video-preview:-1"},"canonical":"https:\/\/www.booksonthemove.fr\/en\/produit\/transmission-in-motion-the-technologizing-of-dance\/","og_locale":"en_US","og_type":"article","og_title":"Transmission in Motion - The Technologizing of Dance - Books on the Move","og_description":"Author: Maaike Bleeker Publisher: Routledge (2017) Paperback: 244 pages Language: English ISBN13: 978 1 138 18944 7","og_url":"https:\/\/www.booksonthemove.fr\/en\/produit\/transmission-in-motion-the-technologizing-of-dance\/","og_site_name":"Books on the Move","article_publisher":"https:\/\/www.facebook.com\/Librairiebooksonthemove\/","article_modified_time":"2020-04-11T11:30:58+00:00","og_image":[{"width":900,"height":1355,"url":"https:\/\/www.booksonthemove.fr\/media\/bom_1725_reduced.jpeg","type":"image\/jpeg"}],"twitter_card":"summary_large_image","schema":{"@context":"https:\/\/schema.org","@graph":[{"@type":"WebPage","@id":"https:\/\/www.booksonthemove.fr\/en\/produit\/transmission-in-motion-the-technologizing-of-dance\/","url":"https:\/\/www.booksonthemove.fr\/en\/produit\/transmission-in-motion-the-technologizing-of-dance\/","name":"Transmission in Motion - The Technologizing of Dance - Books on the Move","isPartOf":{"@id":"https:\/\/www.booksonthemove.fr\/#website"},"primaryImageOfPage":{"@id":"https:\/\/www.booksonthemove.fr\/en\/produit\/transmission-in-motion-the-technologizing-of-dance\/#primaryimage"},"image":{"@id":"https:\/\/www.booksonthemove.fr\/en\/produit\/transmission-in-motion-the-technologizing-of-dance\/#primaryimage"},"thumbnailUrl":"https:\/\/www.booksonthemove.fr\/media\/bom_1725_reduced.jpeg","datePublished":"2017-11-05T22:04:50+00:00","dateModified":"2020-04-11T11:30:58+00:00","breadcrumb":{"@id":"https:\/\/www.booksonthemove.fr\/en\/produit\/transmission-in-motion-the-technologizing-of-dance\/#breadcrumb"},"inLanguage":"en-US","potentialAction":[{"@type":"ReadAction","target":["https:\/\/www.booksonthemove.fr\/en\/produit\/transmission-in-motion-the-technologizing-of-dance\/"]}]},{"@type":"ImageObject","inLanguage":"en-US","@id":"https:\/\/www.booksonthemove.fr\/en\/produit\/transmission-in-motion-the-technologizing-of-dance\/#primaryimage","url":"https:\/\/www.booksonthemove.fr\/media\/bom_1725_reduced.jpeg","contentUrl":"https:\/\/www.booksonthemove.fr\/media\/bom_1725_reduced.jpeg","width":900,"height":1355},{"@type":"BreadcrumbList","@id":"https:\/\/www.booksonthemove.fr\/en\/produit\/transmission-in-motion-the-technologizing-of-dance\/#breadcrumb","itemListElement":[{"@type":"ListItem","position":1,"name":"Accueil","item":"https:\/\/www.booksonthemove.fr\/en\/"},{"@type":"ListItem","position":2,"name":"online store","item":"https:\/\/www.booksonthemove.fr\/en\/online-shop\/"},{"@type":"ListItem","position":3,"name":"Transmission in Motion &#8211; The Technologizing of Dance"}]},{"@type":"WebSite","@id":"https:\/\/www.booksonthemove.fr\/#website","url":"https:\/\/www.booksonthemove.fr\/","name":"Books on the Move","description":"librairie nomade - danse - mouvement - performance","publisher":{"@id":"https:\/\/www.booksonthemove.fr\/#organization"},"potentialAction":[{"@type":"SearchAction","target":{"@type":"EntryPoint","urlTemplate":"https:\/\/www.booksonthemove.fr\/?s={search_term_string}"},"query-input":{"@type":"PropertyValueSpecification","valueRequired":true,"valueName":"search_term_string"}}],"inLanguage":"en-US"},{"@type":"Organization","@id":"https:\/\/www.booksonthemove.fr\/#organization","name":"Books on the Move","url":"https:\/\/www.booksonthemove.fr\/","logo":{"@type":"ImageObject","inLanguage":"en-US","@id":"https:\/\/www.booksonthemove.fr\/#\/schema\/logo\/image\/","url":"https:\/\/www.booksonthemove.fr\/media\/logo-NB-400.jpg","contentUrl":"https:\/\/www.booksonthemove.fr\/media\/logo-NB-400.jpg","width":400,"height":143,"caption":"Books on the Move"},"image":{"@id":"https:\/\/www.booksonthemove.fr\/#\/schema\/logo\/image\/"},"sameAs":["https:\/\/www.facebook.com\/Librairiebooksonthemove\/"]}]}},"_links":{"self":[{"href":"https:\/\/www.booksonthemove.fr\/en\/wp-json\/wp\/v2\/product\/5035","targetHints":{"allow":["GET"]}}],"collection":[{"href":"https:\/\/www.booksonthemove.fr\/en\/wp-json\/wp\/v2\/product"}],"about":[{"href":"https:\/\/www.booksonthemove.fr\/en\/wp-json\/wp\/v2\/types\/product"}],"wp:featuredmedia":[{"embeddable":true,"href":"https:\/\/www.booksonthemove.fr\/en\/wp-json\/wp\/v2\/media\/5034"}],"wp:attachment":[{"href":"https:\/\/www.booksonthemove.fr\/en\/wp-json\/wp\/v2\/media?parent=5035"}],"wp:term":[{"taxonomy":"product_brand","embeddable":true,"href":"https:\/\/www.booksonthemove.fr\/en\/wp-json\/wp\/v2\/product_brand?post=5035"},{"taxonomy":"product_cat","embeddable":true,"href":"https:\/\/www.booksonthemove.fr\/en\/wp-json\/wp\/v2\/product_cat?post=5035"},{"taxonomy":"product_tag","embeddable":true,"href":"https:\/\/www.booksonthemove.fr\/en\/wp-json\/wp\/v2\/product_tag?post=5035"}],"curies":[{"name":"wp","href":"https:\/\/api.w.org\/{rel}","templated":true}]}}