{"id":5107,"date":"2018-02-18T20:21:38","date_gmt":"2018-02-18T19:21:38","guid":{"rendered":"https:\/\/www.booksonthemove.fr\/produit\/poetiques-et-politiques-des-repertoires-les-danses-dapres-1\/"},"modified":"2025-02-07T08:56:24","modified_gmt":"2025-02-07T07:56:24","slug":"poetiques-et-politiques-des-repertoires-les-danses-dapres-1","status":"publish","type":"product","link":"https:\/\/www.booksonthemove.fr\/en\/produit\/poetiques-et-politiques-des-repertoires-les-danses-dapres-1\/","title":{"rendered":"Po\u00e9tiques et politiques des r\u00e9pertoires &#8211; Les danses d&#8217;apr\u00e8s, 1"},"content":{"rendered":"<p>Un geste dans\u00e9 n\u2019est pas n\u00e9cessairement \u00e9ph\u00e9m\u00e8re: il peut conna\u00eetre une longue vie s\u2019il trouve des milieux pour l\u2019accueillir et l\u2019entretenir. C\u2019est ainsi que des ballets \u00abclassiques\u00bb ou des chor\u00e9graphies \u00abcontemporaines\u00bb circulent, se transmettent et se transforment avec le temps. Croisant esth\u00e9tique, histoire et anthropologie, cet essai critique s\u2019attache \u00e0 la m\u00e9moire des \u0153uvres en danse. Il expose les conditions artistiques et politiques de leur survie et de leurs devenirs \u00e0 travers trois cas de r\u00e9pertoires embl\u00e9matiques : celui du Ballet de l\u2019Op\u00e9ra de Paris, de Merce Cunningham (1919-2009) et de Dominique Bagouet (1951-1992). Mettant au c\u0153ur de sa r\u00e9flexion le travail des danseurs et des chor\u00e9graphes, leur savoir-faire, les repr\u00e9sentations et les imaginaires qui nourrissent leurs pratiques, Isabelle Launay analyse et historicise diverses fa\u00e7ons d\u2019activer (voire d\u2019inventer) une tradition en danse ainsi que les d\u00e9bats contradictoires qui animent celle-ci.<\/p>\n","protected":false},"excerpt":{"rendered":"<p><strong>Auteur:<\/strong> Isabelle Launay<br \/>\n<strong>Editeur:<\/strong> Centre national de la danse (2017)<\/p>\n<p><strong>Broch\u00e9:<\/strong> 464 pages<br \/>\n<strong>Langue:<\/strong> Fran\u00e7ais<br \/>\n<strong>ISBN 13:<\/strong> 978-2-914-12476-8<\/p>\n","protected":false},"featured_media":5106,"template":"","meta":[],"product_brand":[],"product_cat":[197,281,210,240,146,162,136],"product_tag":[],"class_list":{"0":"post-5107","1":"product","2":"type-product","3":"status-publish","4":"has-post-thumbnail","6":"product_cat-analysis-of-works-en","7":"product_cat-anthropology","8":"product_cat-archivesdocumentation-en","9":"product_cat-choreography-en","10":"product_cat-theoretical-texts-en","11":"product_cat-french-en","12":"product_cat-histoire-en","14":"first","15":"instock","16":"taxable","17":"shipping-taxable","18":"purchasable","19":"product-type-simple"},"yoast_head":"<!-- This site is optimized with the Yoast SEO plugin v27.5 - https:\/\/yoast.com\/product\/yoast-seo-wordpress\/ -->\n<title>Po\u00e9tiques et politiques des r\u00e9pertoires - Les danses d&#039;apr\u00e8s, 1 - Books on the Move<\/title>\n<meta name=\"robots\" content=\"index, follow, max-snippet:-1, max-image-preview:large, max-video-preview:-1\" \/>\n<link rel=\"canonical\" href=\"https:\/\/www.booksonthemove.fr\/en\/produit\/poetiques-et-politiques-des-repertoires-les-danses-dapres-1\/\" \/>\n<meta property=\"og:locale\" content=\"en_US\" \/>\n<meta property=\"og:type\" content=\"article\" \/>\n<meta property=\"og:title\" content=\"Po\u00e9tiques et politiques des r\u00e9pertoires - Les danses d&#039;apr\u00e8s, 1 - Books on the Move\" \/>\n<meta property=\"og:description\" content=\"Auteur: Isabelle Launay Editeur: Centre national de la danse (2017) Broch\u00e9: 464 pages Langue: Fran\u00e7ais ISBN 13: 978-2-914-12476-8\" \/>\n<meta property=\"og:url\" content=\"https:\/\/www.booksonthemove.fr\/en\/produit\/poetiques-et-politiques-des-repertoires-les-danses-dapres-1\/\" \/>\n<meta property=\"og:site_name\" content=\"Books on the Move\" \/>\n<meta property=\"article:publisher\" content=\"https:\/\/www.facebook.com\/Librairiebooksonthemove\/\" \/>\n<meta property=\"article:modified_time\" content=\"2025-02-07T07:56:24+00:00\" \/>\n<meta property=\"og:image\" content=\"https:\/\/www.booksonthemove.fr\/media\/bom_1752_reduced.jpeg\" \/>\n\t<meta property=\"og:image:width\" content=\"900\" \/>\n\t<meta property=\"og:image:height\" content=\"1357\" \/>\n\t<meta property=\"og:image:type\" content=\"image\/jpeg\" \/>\n<meta name=\"twitter:card\" content=\"summary_large_image\" \/>\n<script type=\"application\/ld+json\" class=\"yoast-schema-graph\">{\"@context\":\"https:\\\/\\\/schema.org\",\"@graph\":[{\"@type\":\"WebPage\",\"@id\":\"https:\\\/\\\/www.booksonthemove.fr\\\/en\\\/produit\\\/poetiques-et-politiques-des-repertoires-les-danses-dapres-1\\\/\",\"url\":\"https:\\\/\\\/www.booksonthemove.fr\\\/en\\\/produit\\\/poetiques-et-politiques-des-repertoires-les-danses-dapres-1\\\/\",\"name\":\"Po\u00e9tiques et politiques des r\u00e9pertoires - Les danses d'apr\u00e8s, 1 - Books on the Move\",\"isPartOf\":{\"@id\":\"https:\\\/\\\/www.booksonthemove.fr\\\/#website\"},\"primaryImageOfPage\":{\"@id\":\"https:\\\/\\\/www.booksonthemove.fr\\\/en\\\/produit\\\/poetiques-et-politiques-des-repertoires-les-danses-dapres-1\\\/#primaryimage\"},\"image\":{\"@id\":\"https:\\\/\\\/www.booksonthemove.fr\\\/en\\\/produit\\\/poetiques-et-politiques-des-repertoires-les-danses-dapres-1\\\/#primaryimage\"},\"thumbnailUrl\":\"https:\\\/\\\/www.booksonthemove.fr\\\/media\\\/bom_1752_reduced.jpeg\",\"datePublished\":\"2018-02-18T19:21:38+00:00\",\"dateModified\":\"2025-02-07T07:56:24+00:00\",\"breadcrumb\":{\"@id\":\"https:\\\/\\\/www.booksonthemove.fr\\\/en\\\/produit\\\/poetiques-et-politiques-des-repertoires-les-danses-dapres-1\\\/#breadcrumb\"},\"inLanguage\":\"en-US\",\"potentialAction\":[{\"@type\":\"ReadAction\",\"target\":[\"https:\\\/\\\/www.booksonthemove.fr\\\/en\\\/produit\\\/poetiques-et-politiques-des-repertoires-les-danses-dapres-1\\\/\"]}]},{\"@type\":\"ImageObject\",\"inLanguage\":\"en-US\",\"@id\":\"https:\\\/\\\/www.booksonthemove.fr\\\/en\\\/produit\\\/poetiques-et-politiques-des-repertoires-les-danses-dapres-1\\\/#primaryimage\",\"url\":\"https:\\\/\\\/www.booksonthemove.fr\\\/media\\\/bom_1752_reduced.jpeg\",\"contentUrl\":\"https:\\\/\\\/www.booksonthemove.fr\\\/media\\\/bom_1752_reduced.jpeg\",\"width\":900,\"height\":1357},{\"@type\":\"BreadcrumbList\",\"@id\":\"https:\\\/\\\/www.booksonthemove.fr\\\/en\\\/produit\\\/poetiques-et-politiques-des-repertoires-les-danses-dapres-1\\\/#breadcrumb\",\"itemListElement\":[{\"@type\":\"ListItem\",\"position\":1,\"name\":\"Accueil\",\"item\":\"https:\\\/\\\/www.booksonthemove.fr\\\/en\\\/\"},{\"@type\":\"ListItem\",\"position\":2,\"name\":\"online store\",\"item\":\"https:\\\/\\\/www.booksonthemove.fr\\\/en\\\/online-shop\\\/\"},{\"@type\":\"ListItem\",\"position\":3,\"name\":\"Po\u00e9tiques et politiques des r\u00e9pertoires &#8211; Les danses d&#8217;apr\u00e8s, 1\"}]},{\"@type\":\"WebSite\",\"@id\":\"https:\\\/\\\/www.booksonthemove.fr\\\/#website\",\"url\":\"https:\\\/\\\/www.booksonthemove.fr\\\/\",\"name\":\"Books on the Move\",\"description\":\"librairie nomade - danse - mouvement - performance\",\"publisher\":{\"@id\":\"https:\\\/\\\/www.booksonthemove.fr\\\/#organization\"},\"potentialAction\":[{\"@type\":\"SearchAction\",\"target\":{\"@type\":\"EntryPoint\",\"urlTemplate\":\"https:\\\/\\\/www.booksonthemove.fr\\\/?s={search_term_string}\"},\"query-input\":{\"@type\":\"PropertyValueSpecification\",\"valueRequired\":true,\"valueName\":\"search_term_string\"}}],\"inLanguage\":\"en-US\"},{\"@type\":\"Organization\",\"@id\":\"https:\\\/\\\/www.booksonthemove.fr\\\/#organization\",\"name\":\"Books on the Move\",\"url\":\"https:\\\/\\\/www.booksonthemove.fr\\\/\",\"logo\":{\"@type\":\"ImageObject\",\"inLanguage\":\"en-US\",\"@id\":\"https:\\\/\\\/www.booksonthemove.fr\\\/#\\\/schema\\\/logo\\\/image\\\/\",\"url\":\"https:\\\/\\\/www.booksonthemove.fr\\\/media\\\/logo-NB-400.jpg\",\"contentUrl\":\"https:\\\/\\\/www.booksonthemove.fr\\\/media\\\/logo-NB-400.jpg\",\"width\":400,\"height\":143,\"caption\":\"Books on the Move\"},\"image\":{\"@id\":\"https:\\\/\\\/www.booksonthemove.fr\\\/#\\\/schema\\\/logo\\\/image\\\/\"},\"sameAs\":[\"https:\\\/\\\/www.facebook.com\\\/Librairiebooksonthemove\\\/\"]}]}<\/script>\n<!-- \/ Yoast SEO plugin. -->","yoast_head_json":{"title":"Po\u00e9tiques et politiques des r\u00e9pertoires - Les danses d'apr\u00e8s, 1 - Books on the Move","robots":{"index":"index","follow":"follow","max-snippet":"max-snippet:-1","max-image-preview":"max-image-preview:large","max-video-preview":"max-video-preview:-1"},"canonical":"https:\/\/www.booksonthemove.fr\/en\/produit\/poetiques-et-politiques-des-repertoires-les-danses-dapres-1\/","og_locale":"en_US","og_type":"article","og_title":"Po\u00e9tiques et politiques des r\u00e9pertoires - Les danses d'apr\u00e8s, 1 - Books on the Move","og_description":"Auteur: Isabelle Launay Editeur: Centre national de la danse (2017) Broch\u00e9: 464 pages Langue: Fran\u00e7ais ISBN 13: 978-2-914-12476-8","og_url":"https:\/\/www.booksonthemove.fr\/en\/produit\/poetiques-et-politiques-des-repertoires-les-danses-dapres-1\/","og_site_name":"Books on the Move","article_publisher":"https:\/\/www.facebook.com\/Librairiebooksonthemove\/","article_modified_time":"2025-02-07T07:56:24+00:00","og_image":[{"width":900,"height":1357,"url":"https:\/\/www.booksonthemove.fr\/media\/bom_1752_reduced.jpeg","type":"image\/jpeg"}],"twitter_card":"summary_large_image","schema":{"@context":"https:\/\/schema.org","@graph":[{"@type":"WebPage","@id":"https:\/\/www.booksonthemove.fr\/en\/produit\/poetiques-et-politiques-des-repertoires-les-danses-dapres-1\/","url":"https:\/\/www.booksonthemove.fr\/en\/produit\/poetiques-et-politiques-des-repertoires-les-danses-dapres-1\/","name":"Po\u00e9tiques et politiques des r\u00e9pertoires - Les danses d'apr\u00e8s, 1 - Books on the Move","isPartOf":{"@id":"https:\/\/www.booksonthemove.fr\/#website"},"primaryImageOfPage":{"@id":"https:\/\/www.booksonthemove.fr\/en\/produit\/poetiques-et-politiques-des-repertoires-les-danses-dapres-1\/#primaryimage"},"image":{"@id":"https:\/\/www.booksonthemove.fr\/en\/produit\/poetiques-et-politiques-des-repertoires-les-danses-dapres-1\/#primaryimage"},"thumbnailUrl":"https:\/\/www.booksonthemove.fr\/media\/bom_1752_reduced.jpeg","datePublished":"2018-02-18T19:21:38+00:00","dateModified":"2025-02-07T07:56:24+00:00","breadcrumb":{"@id":"https:\/\/www.booksonthemove.fr\/en\/produit\/poetiques-et-politiques-des-repertoires-les-danses-dapres-1\/#breadcrumb"},"inLanguage":"en-US","potentialAction":[{"@type":"ReadAction","target":["https:\/\/www.booksonthemove.fr\/en\/produit\/poetiques-et-politiques-des-repertoires-les-danses-dapres-1\/"]}]},{"@type":"ImageObject","inLanguage":"en-US","@id":"https:\/\/www.booksonthemove.fr\/en\/produit\/poetiques-et-politiques-des-repertoires-les-danses-dapres-1\/#primaryimage","url":"https:\/\/www.booksonthemove.fr\/media\/bom_1752_reduced.jpeg","contentUrl":"https:\/\/www.booksonthemove.fr\/media\/bom_1752_reduced.jpeg","width":900,"height":1357},{"@type":"BreadcrumbList","@id":"https:\/\/www.booksonthemove.fr\/en\/produit\/poetiques-et-politiques-des-repertoires-les-danses-dapres-1\/#breadcrumb","itemListElement":[{"@type":"ListItem","position":1,"name":"Accueil","item":"https:\/\/www.booksonthemove.fr\/en\/"},{"@type":"ListItem","position":2,"name":"online store","item":"https:\/\/www.booksonthemove.fr\/en\/online-shop\/"},{"@type":"ListItem","position":3,"name":"Po\u00e9tiques et politiques des r\u00e9pertoires &#8211; Les danses d&#8217;apr\u00e8s, 1"}]},{"@type":"WebSite","@id":"https:\/\/www.booksonthemove.fr\/#website","url":"https:\/\/www.booksonthemove.fr\/","name":"Books on the Move","description":"librairie nomade - danse - mouvement - performance","publisher":{"@id":"https:\/\/www.booksonthemove.fr\/#organization"},"potentialAction":[{"@type":"SearchAction","target":{"@type":"EntryPoint","urlTemplate":"https:\/\/www.booksonthemove.fr\/?s={search_term_string}"},"query-input":{"@type":"PropertyValueSpecification","valueRequired":true,"valueName":"search_term_string"}}],"inLanguage":"en-US"},{"@type":"Organization","@id":"https:\/\/www.booksonthemove.fr\/#organization","name":"Books on the Move","url":"https:\/\/www.booksonthemove.fr\/","logo":{"@type":"ImageObject","inLanguage":"en-US","@id":"https:\/\/www.booksonthemove.fr\/#\/schema\/logo\/image\/","url":"https:\/\/www.booksonthemove.fr\/media\/logo-NB-400.jpg","contentUrl":"https:\/\/www.booksonthemove.fr\/media\/logo-NB-400.jpg","width":400,"height":143,"caption":"Books on the Move"},"image":{"@id":"https:\/\/www.booksonthemove.fr\/#\/schema\/logo\/image\/"},"sameAs":["https:\/\/www.facebook.com\/Librairiebooksonthemove\/"]}]}},"_links":{"self":[{"href":"https:\/\/www.booksonthemove.fr\/en\/wp-json\/wp\/v2\/product\/5107","targetHints":{"allow":["GET"]}}],"collection":[{"href":"https:\/\/www.booksonthemove.fr\/en\/wp-json\/wp\/v2\/product"}],"about":[{"href":"https:\/\/www.booksonthemove.fr\/en\/wp-json\/wp\/v2\/types\/product"}],"wp:featuredmedia":[{"embeddable":true,"href":"https:\/\/www.booksonthemove.fr\/en\/wp-json\/wp\/v2\/media\/5106"}],"wp:attachment":[{"href":"https:\/\/www.booksonthemove.fr\/en\/wp-json\/wp\/v2\/media?parent=5107"}],"wp:term":[{"taxonomy":"product_brand","embeddable":true,"href":"https:\/\/www.booksonthemove.fr\/en\/wp-json\/wp\/v2\/product_brand?post=5107"},{"taxonomy":"product_cat","embeddable":true,"href":"https:\/\/www.booksonthemove.fr\/en\/wp-json\/wp\/v2\/product_cat?post=5107"},{"taxonomy":"product_tag","embeddable":true,"href":"https:\/\/www.booksonthemove.fr\/en\/wp-json\/wp\/v2\/product_tag?post=5107"}],"curies":[{"name":"wp","href":"https:\/\/api.w.org\/{rel}","templated":true}]}}