{"id":5116,"date":"2018-02-19T17:19:43","date_gmt":"2018-02-19T16:19:43","guid":{"rendered":"https:\/\/www.booksonthemove.fr\/produit\/pensees-du-corps-la-philosophie-a-lepreuve-des-arts-gestuels-japonais\/"},"modified":"2020-03-26T21:58:57","modified_gmt":"2020-03-26T20:58:57","slug":"pensees-du-corps-la-philosophie-a-lepreuve-des-arts-gestuels-japonais","status":"publish","type":"product","link":"https:\/\/www.booksonthemove.fr\/en\/produit\/pensees-du-corps-la-philosophie-a-lepreuve-des-arts-gestuels-japonais\/","title":{"rendered":"Pens\u00e9es du corps &#8211; La philosophie \u00e0 l&#8217;\u00e9preuve des arts gestuels japonais"},"content":{"rendered":"<p class=\"bodytext\">Pens\u00e9es du corps: se peut-il que le corps pense, qu&#8217;il ne soit pas un simple objet de r\u00e9flexion, mais un sujet de pens\u00e9e \u00e0 part enti\u00e8re?<\/p>\n<p class=\"bodytext\">La d\u00e9marche philosophique est ici confront\u00e9e \u00e0 un corpus de pratiques et d&#8217;arts gestuels japonais (danse, th\u00e9\u00e2tre, arts martiaux). Une s\u00e9rie d\u2019exp\u00e9riences significatives bousculent les id\u00e9es re\u00e7ues et poussent le penseur \u00e0 un renouvellement radical de ses m\u00e9thodes et de ses concepts. En r\u00e9sulte une philosophie de terrain, incarn\u00e9e et immanente, qui met en lumi\u00e8re la profonde rationalit\u00e9 du corps. Y compris dans ses d\u00e9ploiements qui d\u2019ordinaire r\u00e9sistent \u00e0 l\u2019analyse: sensation et action.<\/p>\n<p class=\"bodytext\">Nul besoin d\u2019avoir recours \u00e0 un relativisme culturaliste friand d\u2019exotisme, encore moins \u00e0 un quelconque irrationalisme. Les pens\u00e9es du corps dessinent un espace de publicit\u00e9 et d\u2019intelligibilit\u00e9, une forme d\u2019universalit\u00e9 que chacun peut intimement \u00e9prouver et affiner. Loin de constituer un dehors, le corps appara\u00eet comme le lieu de production d\u2019un savoir et d\u2019une pens\u00e9e universellement partageables.<\/p>\n<p class=\"bodytext\">Pr\u00e9face d&#8217;Alain Badiou.<\/p>\n","protected":false},"excerpt":{"rendered":"<p><strong>Auteur:<\/strong> Basile Doganis<br \/>\n<strong>Editeur:<\/strong> L&#8217;Harmattan (2012)<\/p>\n<p><strong>Broch\u00e9:<\/strong> 232 pages<br \/>\n<strong>Langue:<\/strong> Fran\u00e7ais<br \/>\n<strong>ISBN13:<\/strong> 978-2-251-72216-0<\/p>\n","protected":false},"featured_media":5115,"template":"","meta":[],"product_brand":[],"product_cat":[146,162,273,206],"product_tag":[],"class_list":{"0":"post-5116","1":"product","2":"type-product","3":"status-publish","4":"has-post-thumbnail","6":"product_cat-theoretical-texts-en","7":"product_cat-french-en","8":"product_cat-japan","9":"product_cat-philosophy-aesthetics-en","11":"first","12":"outofstock","13":"taxable","14":"shipping-taxable","15":"purchasable","16":"product-type-simple"},"yoast_head":"<!-- This site is optimized with the Yoast SEO plugin v27.4 - https:\/\/yoast.com\/product\/yoast-seo-wordpress\/ -->\n<title>Pens\u00e9es du corps - La philosophie \u00e0 l&#039;\u00e9preuve des arts gestuels japonais - Books on the Move<\/title>\n<meta name=\"robots\" content=\"index, follow, max-snippet:-1, max-image-preview:large, max-video-preview:-1\" \/>\n<link rel=\"canonical\" href=\"https:\/\/www.booksonthemove.fr\/en\/produit\/pensees-du-corps-la-philosophie-a-lepreuve-des-arts-gestuels-japonais\/\" \/>\n<meta property=\"og:locale\" content=\"en_US\" \/>\n<meta property=\"og:type\" content=\"article\" \/>\n<meta property=\"og:title\" content=\"Pens\u00e9es du corps - La philosophie \u00e0 l&#039;\u00e9preuve des arts gestuels japonais - Books on the Move\" \/>\n<meta property=\"og:description\" content=\"Auteur: Basile Doganis Editeur: L&#039;Harmattan (2012) Broch\u00e9: 232 pages Langue: Fran\u00e7ais ISBN13: 978-2-251-72216-0\" \/>\n<meta property=\"og:url\" content=\"https:\/\/www.booksonthemove.fr\/en\/produit\/pensees-du-corps-la-philosophie-a-lepreuve-des-arts-gestuels-japonais\/\" \/>\n<meta property=\"og:site_name\" content=\"Books on the Move\" \/>\n<meta property=\"article:publisher\" content=\"https:\/\/www.facebook.com\/Librairiebooksonthemove\/\" \/>\n<meta property=\"article:modified_time\" content=\"2020-03-26T20:58:57+00:00\" \/>\n<meta property=\"og:image\" content=\"https:\/\/www.booksonthemove.fr\/media\/bom_1688_0.jpg\" \/>\n\t<meta property=\"og:image:width\" content=\"900\" \/>\n\t<meta property=\"og:image:height\" content=\"1240\" \/>\n\t<meta property=\"og:image:type\" content=\"image\/jpeg\" \/>\n<meta name=\"twitter:card\" content=\"summary_large_image\" \/>\n<script type=\"application\/ld+json\" class=\"yoast-schema-graph\">{\"@context\":\"https:\\\/\\\/schema.org\",\"@graph\":[{\"@type\":\"WebPage\",\"@id\":\"https:\\\/\\\/www.booksonthemove.fr\\\/en\\\/produit\\\/pensees-du-corps-la-philosophie-a-lepreuve-des-arts-gestuels-japonais\\\/\",\"url\":\"https:\\\/\\\/www.booksonthemove.fr\\\/en\\\/produit\\\/pensees-du-corps-la-philosophie-a-lepreuve-des-arts-gestuels-japonais\\\/\",\"name\":\"Pens\u00e9es du corps - La philosophie \u00e0 l'\u00e9preuve des arts gestuels japonais - Books on the Move\",\"isPartOf\":{\"@id\":\"https:\\\/\\\/www.booksonthemove.fr\\\/#website\"},\"primaryImageOfPage\":{\"@id\":\"https:\\\/\\\/www.booksonthemove.fr\\\/en\\\/produit\\\/pensees-du-corps-la-philosophie-a-lepreuve-des-arts-gestuels-japonais\\\/#primaryimage\"},\"image\":{\"@id\":\"https:\\\/\\\/www.booksonthemove.fr\\\/en\\\/produit\\\/pensees-du-corps-la-philosophie-a-lepreuve-des-arts-gestuels-japonais\\\/#primaryimage\"},\"thumbnailUrl\":\"https:\\\/\\\/www.booksonthemove.fr\\\/media\\\/bom_1688_0.jpg\",\"datePublished\":\"2018-02-19T16:19:43+00:00\",\"dateModified\":\"2020-03-26T20:58:57+00:00\",\"breadcrumb\":{\"@id\":\"https:\\\/\\\/www.booksonthemove.fr\\\/en\\\/produit\\\/pensees-du-corps-la-philosophie-a-lepreuve-des-arts-gestuels-japonais\\\/#breadcrumb\"},\"inLanguage\":\"en-US\",\"potentialAction\":[{\"@type\":\"ReadAction\",\"target\":[\"https:\\\/\\\/www.booksonthemove.fr\\\/en\\\/produit\\\/pensees-du-corps-la-philosophie-a-lepreuve-des-arts-gestuels-japonais\\\/\"]}]},{\"@type\":\"ImageObject\",\"inLanguage\":\"en-US\",\"@id\":\"https:\\\/\\\/www.booksonthemove.fr\\\/en\\\/produit\\\/pensees-du-corps-la-philosophie-a-lepreuve-des-arts-gestuels-japonais\\\/#primaryimage\",\"url\":\"https:\\\/\\\/www.booksonthemove.fr\\\/media\\\/bom_1688_0.jpg\",\"contentUrl\":\"https:\\\/\\\/www.booksonthemove.fr\\\/media\\\/bom_1688_0.jpg\",\"width\":900,\"height\":1240},{\"@type\":\"BreadcrumbList\",\"@id\":\"https:\\\/\\\/www.booksonthemove.fr\\\/en\\\/produit\\\/pensees-du-corps-la-philosophie-a-lepreuve-des-arts-gestuels-japonais\\\/#breadcrumb\",\"itemListElement\":[{\"@type\":\"ListItem\",\"position\":1,\"name\":\"Accueil\",\"item\":\"https:\\\/\\\/www.booksonthemove.fr\\\/en\\\/\"},{\"@type\":\"ListItem\",\"position\":2,\"name\":\"online store\",\"item\":\"https:\\\/\\\/www.booksonthemove.fr\\\/en\\\/online-shop\\\/\"},{\"@type\":\"ListItem\",\"position\":3,\"name\":\"Pens\u00e9es du corps &#8211; La philosophie \u00e0 l&#8217;\u00e9preuve des arts gestuels japonais\"}]},{\"@type\":\"WebSite\",\"@id\":\"https:\\\/\\\/www.booksonthemove.fr\\\/#website\",\"url\":\"https:\\\/\\\/www.booksonthemove.fr\\\/\",\"name\":\"Books on the Move\",\"description\":\"librairie nomade - danse - mouvement - performance\",\"publisher\":{\"@id\":\"https:\\\/\\\/www.booksonthemove.fr\\\/#organization\"},\"potentialAction\":[{\"@type\":\"SearchAction\",\"target\":{\"@type\":\"EntryPoint\",\"urlTemplate\":\"https:\\\/\\\/www.booksonthemove.fr\\\/?s={search_term_string}\"},\"query-input\":{\"@type\":\"PropertyValueSpecification\",\"valueRequired\":true,\"valueName\":\"search_term_string\"}}],\"inLanguage\":\"en-US\"},{\"@type\":\"Organization\",\"@id\":\"https:\\\/\\\/www.booksonthemove.fr\\\/#organization\",\"name\":\"Books on the Move\",\"url\":\"https:\\\/\\\/www.booksonthemove.fr\\\/\",\"logo\":{\"@type\":\"ImageObject\",\"inLanguage\":\"en-US\",\"@id\":\"https:\\\/\\\/www.booksonthemove.fr\\\/#\\\/schema\\\/logo\\\/image\\\/\",\"url\":\"https:\\\/\\\/www.booksonthemove.fr\\\/media\\\/logo-NB-400.jpg\",\"contentUrl\":\"https:\\\/\\\/www.booksonthemove.fr\\\/media\\\/logo-NB-400.jpg\",\"width\":400,\"height\":143,\"caption\":\"Books on the Move\"},\"image\":{\"@id\":\"https:\\\/\\\/www.booksonthemove.fr\\\/#\\\/schema\\\/logo\\\/image\\\/\"},\"sameAs\":[\"https:\\\/\\\/www.facebook.com\\\/Librairiebooksonthemove\\\/\"]}]}<\/script>\n<!-- \/ Yoast SEO plugin. -->","yoast_head_json":{"title":"Pens\u00e9es du corps - La philosophie \u00e0 l'\u00e9preuve des arts gestuels japonais - Books on the Move","robots":{"index":"index","follow":"follow","max-snippet":"max-snippet:-1","max-image-preview":"max-image-preview:large","max-video-preview":"max-video-preview:-1"},"canonical":"https:\/\/www.booksonthemove.fr\/en\/produit\/pensees-du-corps-la-philosophie-a-lepreuve-des-arts-gestuels-japonais\/","og_locale":"en_US","og_type":"article","og_title":"Pens\u00e9es du corps - La philosophie \u00e0 l'\u00e9preuve des arts gestuels japonais - Books on the Move","og_description":"Auteur: Basile Doganis Editeur: L'Harmattan (2012) Broch\u00e9: 232 pages Langue: Fran\u00e7ais ISBN13: 978-2-251-72216-0","og_url":"https:\/\/www.booksonthemove.fr\/en\/produit\/pensees-du-corps-la-philosophie-a-lepreuve-des-arts-gestuels-japonais\/","og_site_name":"Books on the Move","article_publisher":"https:\/\/www.facebook.com\/Librairiebooksonthemove\/","article_modified_time":"2020-03-26T20:58:57+00:00","og_image":[{"width":900,"height":1240,"url":"https:\/\/www.booksonthemove.fr\/media\/bom_1688_0.jpg","type":"image\/jpeg"}],"twitter_card":"summary_large_image","schema":{"@context":"https:\/\/schema.org","@graph":[{"@type":"WebPage","@id":"https:\/\/www.booksonthemove.fr\/en\/produit\/pensees-du-corps-la-philosophie-a-lepreuve-des-arts-gestuels-japonais\/","url":"https:\/\/www.booksonthemove.fr\/en\/produit\/pensees-du-corps-la-philosophie-a-lepreuve-des-arts-gestuels-japonais\/","name":"Pens\u00e9es du corps - La philosophie \u00e0 l'\u00e9preuve des arts gestuels japonais - Books on the Move","isPartOf":{"@id":"https:\/\/www.booksonthemove.fr\/#website"},"primaryImageOfPage":{"@id":"https:\/\/www.booksonthemove.fr\/en\/produit\/pensees-du-corps-la-philosophie-a-lepreuve-des-arts-gestuels-japonais\/#primaryimage"},"image":{"@id":"https:\/\/www.booksonthemove.fr\/en\/produit\/pensees-du-corps-la-philosophie-a-lepreuve-des-arts-gestuels-japonais\/#primaryimage"},"thumbnailUrl":"https:\/\/www.booksonthemove.fr\/media\/bom_1688_0.jpg","datePublished":"2018-02-19T16:19:43+00:00","dateModified":"2020-03-26T20:58:57+00:00","breadcrumb":{"@id":"https:\/\/www.booksonthemove.fr\/en\/produit\/pensees-du-corps-la-philosophie-a-lepreuve-des-arts-gestuels-japonais\/#breadcrumb"},"inLanguage":"en-US","potentialAction":[{"@type":"ReadAction","target":["https:\/\/www.booksonthemove.fr\/en\/produit\/pensees-du-corps-la-philosophie-a-lepreuve-des-arts-gestuels-japonais\/"]}]},{"@type":"ImageObject","inLanguage":"en-US","@id":"https:\/\/www.booksonthemove.fr\/en\/produit\/pensees-du-corps-la-philosophie-a-lepreuve-des-arts-gestuels-japonais\/#primaryimage","url":"https:\/\/www.booksonthemove.fr\/media\/bom_1688_0.jpg","contentUrl":"https:\/\/www.booksonthemove.fr\/media\/bom_1688_0.jpg","width":900,"height":1240},{"@type":"BreadcrumbList","@id":"https:\/\/www.booksonthemove.fr\/en\/produit\/pensees-du-corps-la-philosophie-a-lepreuve-des-arts-gestuels-japonais\/#breadcrumb","itemListElement":[{"@type":"ListItem","position":1,"name":"Accueil","item":"https:\/\/www.booksonthemove.fr\/en\/"},{"@type":"ListItem","position":2,"name":"online store","item":"https:\/\/www.booksonthemove.fr\/en\/online-shop\/"},{"@type":"ListItem","position":3,"name":"Pens\u00e9es du corps &#8211; La philosophie \u00e0 l&#8217;\u00e9preuve des arts gestuels japonais"}]},{"@type":"WebSite","@id":"https:\/\/www.booksonthemove.fr\/#website","url":"https:\/\/www.booksonthemove.fr\/","name":"Books on the Move","description":"librairie nomade - danse - mouvement - performance","publisher":{"@id":"https:\/\/www.booksonthemove.fr\/#organization"},"potentialAction":[{"@type":"SearchAction","target":{"@type":"EntryPoint","urlTemplate":"https:\/\/www.booksonthemove.fr\/?s={search_term_string}"},"query-input":{"@type":"PropertyValueSpecification","valueRequired":true,"valueName":"search_term_string"}}],"inLanguage":"en-US"},{"@type":"Organization","@id":"https:\/\/www.booksonthemove.fr\/#organization","name":"Books on the Move","url":"https:\/\/www.booksonthemove.fr\/","logo":{"@type":"ImageObject","inLanguage":"en-US","@id":"https:\/\/www.booksonthemove.fr\/#\/schema\/logo\/image\/","url":"https:\/\/www.booksonthemove.fr\/media\/logo-NB-400.jpg","contentUrl":"https:\/\/www.booksonthemove.fr\/media\/logo-NB-400.jpg","width":400,"height":143,"caption":"Books on the Move"},"image":{"@id":"https:\/\/www.booksonthemove.fr\/#\/schema\/logo\/image\/"},"sameAs":["https:\/\/www.facebook.com\/Librairiebooksonthemove\/"]}]}},"_links":{"self":[{"href":"https:\/\/www.booksonthemove.fr\/en\/wp-json\/wp\/v2\/product\/5116","targetHints":{"allow":["GET"]}}],"collection":[{"href":"https:\/\/www.booksonthemove.fr\/en\/wp-json\/wp\/v2\/product"}],"about":[{"href":"https:\/\/www.booksonthemove.fr\/en\/wp-json\/wp\/v2\/types\/product"}],"wp:featuredmedia":[{"embeddable":true,"href":"https:\/\/www.booksonthemove.fr\/en\/wp-json\/wp\/v2\/media\/5115"}],"wp:attachment":[{"href":"https:\/\/www.booksonthemove.fr\/en\/wp-json\/wp\/v2\/media?parent=5116"}],"wp:term":[{"taxonomy":"product_brand","embeddable":true,"href":"https:\/\/www.booksonthemove.fr\/en\/wp-json\/wp\/v2\/product_brand?post=5116"},{"taxonomy":"product_cat","embeddable":true,"href":"https:\/\/www.booksonthemove.fr\/en\/wp-json\/wp\/v2\/product_cat?post=5116"},{"taxonomy":"product_tag","embeddable":true,"href":"https:\/\/www.booksonthemove.fr\/en\/wp-json\/wp\/v2\/product_tag?post=5116"}],"curies":[{"name":"wp","href":"https:\/\/api.w.org\/{rel}","templated":true}]}}