{"id":5127,"date":"2018-02-20T11:10:02","date_gmt":"2018-02-20T10:10:02","guid":{"rendered":"https:\/\/www.booksonthemove.fr\/produit\/corpographies-en-danse-les-traces-sensibles-du-corps-dans-lespace\/"},"modified":"2019-10-06T15:36:36","modified_gmt":"2019-10-06T13:36:36","slug":"corpographies-en-danse-les-traces-sensibles-du-corps-dans-lespace","status":"publish","type":"product","link":"https:\/\/www.booksonthemove.fr\/en\/produit\/corpographies-en-danse-les-traces-sensibles-du-corps-dans-lespace\/","title":{"rendered":"Corpographies en danse &#8211; Les traces sensibles du corps dans l&#8217;espace"},"content":{"rendered":"<p>Corpographies en danse est une recherche complexe et &#8220;indisciplin\u00e9e&#8221;. D\u00e9velopp\u00e9e entre les domaines de la science de l&#8217;information et la science du langage, l&#8217;investigation est fortement li\u00e9e \u00e9galement au terrain de la danse et s&#8217;appuie, principalement, sur des fondements philosophiques. Cette trame th\u00e9orique est d\u00e9velopp\u00e9e afin de rendre visible la pr\u00e9supposition : l&#8217;hypoth\u00e8se que le corps \u00e9prouve sensiblement l&#8217;information, et qu&#8217;\u00e0 travers la gestualit\u00e9, nous pouvons mettre en \u00e9vidence cette relation sous-jacente.<\/p>\n","protected":false},"excerpt":{"rendered":"<p><strong>Auteur:<\/strong> Graziela Andrade, traduit du portugais par Leonardo Assis<br \/>\n<strong>Editeur:<\/strong> L&#8217;Harmattan (2015)<\/p>\n<p><strong>Broch\u00e9:<\/strong> 128 pages<br \/>\n<strong>Langue:<\/strong> Fran\u00e7ais<br \/>\n<strong>ISBN13:<\/strong> 978-2-343-06406-2<\/p>\n","protected":false},"featured_media":5126,"template":"","meta":[],"product_brand":[],"product_cat":[146,162,206,294],"product_tag":[],"class_list":{"0":"post-5127","1":"product","2":"type-product","3":"status-publish","4":"has-post-thumbnail","6":"product_cat-theoretical-texts-en","7":"product_cat-french-en","8":"product_cat-philosophy-aesthetics-en","9":"product_cat-science-en","11":"first","12":"onbackorder","13":"taxable","14":"shipping-taxable","15":"purchasable","16":"product-type-simple"},"yoast_head":"<!-- This site is optimized with the Yoast SEO plugin v27.5 - https:\/\/yoast.com\/product\/yoast-seo-wordpress\/ -->\n<title>Corpographies en danse - Les traces sensibles du corps dans l&#039;espace - Books on the Move<\/title>\n<meta name=\"robots\" content=\"index, follow, max-snippet:-1, max-image-preview:large, max-video-preview:-1\" \/>\n<link rel=\"canonical\" href=\"https:\/\/www.booksonthemove.fr\/en\/produit\/corpographies-en-danse-les-traces-sensibles-du-corps-dans-lespace\/\" \/>\n<meta property=\"og:locale\" content=\"en_US\" \/>\n<meta property=\"og:type\" content=\"article\" \/>\n<meta property=\"og:title\" content=\"Corpographies en danse - Les traces sensibles du corps dans l&#039;espace - Books on the Move\" \/>\n<meta property=\"og:description\" content=\"Auteur: Graziela Andrade, traduit du portugais par Leonardo Assis Editeur: L&#039;Harmattan (2015) Broch\u00e9: 128 pages Langue: Fran\u00e7ais ISBN13: 978-2-343-06406-2\" \/>\n<meta property=\"og:url\" content=\"https:\/\/www.booksonthemove.fr\/en\/produit\/corpographies-en-danse-les-traces-sensibles-du-corps-dans-lespace\/\" \/>\n<meta property=\"og:site_name\" content=\"Books on the Move\" \/>\n<meta property=\"article:publisher\" content=\"https:\/\/www.facebook.com\/Librairiebooksonthemove\/\" \/>\n<meta property=\"article:modified_time\" content=\"2019-10-06T13:36:36+00:00\" \/>\n<meta property=\"og:image\" content=\"https:\/\/www.booksonthemove.fr\/media\/bom_1753_0_reduced.jpeg\" \/>\n\t<meta property=\"og:image:width\" content=\"900\" \/>\n\t<meta property=\"og:image:height\" content=\"1429\" \/>\n\t<meta property=\"og:image:type\" content=\"image\/jpeg\" \/>\n<meta name=\"twitter:card\" content=\"summary_large_image\" \/>\n<script type=\"application\/ld+json\" class=\"yoast-schema-graph\">{\"@context\":\"https:\\\/\\\/schema.org\",\"@graph\":[{\"@type\":\"WebPage\",\"@id\":\"https:\\\/\\\/www.booksonthemove.fr\\\/en\\\/produit\\\/corpographies-en-danse-les-traces-sensibles-du-corps-dans-lespace\\\/\",\"url\":\"https:\\\/\\\/www.booksonthemove.fr\\\/en\\\/produit\\\/corpographies-en-danse-les-traces-sensibles-du-corps-dans-lespace\\\/\",\"name\":\"Corpographies en danse - Les traces sensibles du corps dans l'espace - Books on the Move\",\"isPartOf\":{\"@id\":\"https:\\\/\\\/www.booksonthemove.fr\\\/#website\"},\"primaryImageOfPage\":{\"@id\":\"https:\\\/\\\/www.booksonthemove.fr\\\/en\\\/produit\\\/corpographies-en-danse-les-traces-sensibles-du-corps-dans-lespace\\\/#primaryimage\"},\"image\":{\"@id\":\"https:\\\/\\\/www.booksonthemove.fr\\\/en\\\/produit\\\/corpographies-en-danse-les-traces-sensibles-du-corps-dans-lespace\\\/#primaryimage\"},\"thumbnailUrl\":\"https:\\\/\\\/www.booksonthemove.fr\\\/media\\\/bom_1753_0_reduced.jpeg\",\"datePublished\":\"2018-02-20T10:10:02+00:00\",\"dateModified\":\"2019-10-06T13:36:36+00:00\",\"breadcrumb\":{\"@id\":\"https:\\\/\\\/www.booksonthemove.fr\\\/en\\\/produit\\\/corpographies-en-danse-les-traces-sensibles-du-corps-dans-lespace\\\/#breadcrumb\"},\"inLanguage\":\"en-US\",\"potentialAction\":[{\"@type\":\"ReadAction\",\"target\":[\"https:\\\/\\\/www.booksonthemove.fr\\\/en\\\/produit\\\/corpographies-en-danse-les-traces-sensibles-du-corps-dans-lespace\\\/\"]}]},{\"@type\":\"ImageObject\",\"inLanguage\":\"en-US\",\"@id\":\"https:\\\/\\\/www.booksonthemove.fr\\\/en\\\/produit\\\/corpographies-en-danse-les-traces-sensibles-du-corps-dans-lespace\\\/#primaryimage\",\"url\":\"https:\\\/\\\/www.booksonthemove.fr\\\/media\\\/bom_1753_0_reduced.jpeg\",\"contentUrl\":\"https:\\\/\\\/www.booksonthemove.fr\\\/media\\\/bom_1753_0_reduced.jpeg\",\"width\":900,\"height\":1429},{\"@type\":\"BreadcrumbList\",\"@id\":\"https:\\\/\\\/www.booksonthemove.fr\\\/en\\\/produit\\\/corpographies-en-danse-les-traces-sensibles-du-corps-dans-lespace\\\/#breadcrumb\",\"itemListElement\":[{\"@type\":\"ListItem\",\"position\":1,\"name\":\"Accueil\",\"item\":\"https:\\\/\\\/www.booksonthemove.fr\\\/en\\\/\"},{\"@type\":\"ListItem\",\"position\":2,\"name\":\"online store\",\"item\":\"https:\\\/\\\/www.booksonthemove.fr\\\/en\\\/online-shop\\\/\"},{\"@type\":\"ListItem\",\"position\":3,\"name\":\"Corpographies en danse &#8211; Les traces sensibles du corps dans l&#8217;espace\"}]},{\"@type\":\"WebSite\",\"@id\":\"https:\\\/\\\/www.booksonthemove.fr\\\/#website\",\"url\":\"https:\\\/\\\/www.booksonthemove.fr\\\/\",\"name\":\"Books on the Move\",\"description\":\"librairie nomade - danse - mouvement - performance\",\"publisher\":{\"@id\":\"https:\\\/\\\/www.booksonthemove.fr\\\/#organization\"},\"potentialAction\":[{\"@type\":\"SearchAction\",\"target\":{\"@type\":\"EntryPoint\",\"urlTemplate\":\"https:\\\/\\\/www.booksonthemove.fr\\\/?s={search_term_string}\"},\"query-input\":{\"@type\":\"PropertyValueSpecification\",\"valueRequired\":true,\"valueName\":\"search_term_string\"}}],\"inLanguage\":\"en-US\"},{\"@type\":\"Organization\",\"@id\":\"https:\\\/\\\/www.booksonthemove.fr\\\/#organization\",\"name\":\"Books on the Move\",\"url\":\"https:\\\/\\\/www.booksonthemove.fr\\\/\",\"logo\":{\"@type\":\"ImageObject\",\"inLanguage\":\"en-US\",\"@id\":\"https:\\\/\\\/www.booksonthemove.fr\\\/#\\\/schema\\\/logo\\\/image\\\/\",\"url\":\"https:\\\/\\\/www.booksonthemove.fr\\\/media\\\/logo-NB-400.jpg\",\"contentUrl\":\"https:\\\/\\\/www.booksonthemove.fr\\\/media\\\/logo-NB-400.jpg\",\"width\":400,\"height\":143,\"caption\":\"Books on the Move\"},\"image\":{\"@id\":\"https:\\\/\\\/www.booksonthemove.fr\\\/#\\\/schema\\\/logo\\\/image\\\/\"},\"sameAs\":[\"https:\\\/\\\/www.facebook.com\\\/Librairiebooksonthemove\\\/\"]}]}<\/script>\n<!-- \/ Yoast SEO plugin. -->","yoast_head_json":{"title":"Corpographies en danse - Les traces sensibles du corps dans l'espace - Books on the Move","robots":{"index":"index","follow":"follow","max-snippet":"max-snippet:-1","max-image-preview":"max-image-preview:large","max-video-preview":"max-video-preview:-1"},"canonical":"https:\/\/www.booksonthemove.fr\/en\/produit\/corpographies-en-danse-les-traces-sensibles-du-corps-dans-lespace\/","og_locale":"en_US","og_type":"article","og_title":"Corpographies en danse - Les traces sensibles du corps dans l'espace - Books on the Move","og_description":"Auteur: Graziela Andrade, traduit du portugais par Leonardo Assis Editeur: L'Harmattan (2015) Broch\u00e9: 128 pages Langue: Fran\u00e7ais ISBN13: 978-2-343-06406-2","og_url":"https:\/\/www.booksonthemove.fr\/en\/produit\/corpographies-en-danse-les-traces-sensibles-du-corps-dans-lespace\/","og_site_name":"Books on the Move","article_publisher":"https:\/\/www.facebook.com\/Librairiebooksonthemove\/","article_modified_time":"2019-10-06T13:36:36+00:00","og_image":[{"width":900,"height":1429,"url":"https:\/\/www.booksonthemove.fr\/media\/bom_1753_0_reduced.jpeg","type":"image\/jpeg"}],"twitter_card":"summary_large_image","schema":{"@context":"https:\/\/schema.org","@graph":[{"@type":"WebPage","@id":"https:\/\/www.booksonthemove.fr\/en\/produit\/corpographies-en-danse-les-traces-sensibles-du-corps-dans-lespace\/","url":"https:\/\/www.booksonthemove.fr\/en\/produit\/corpographies-en-danse-les-traces-sensibles-du-corps-dans-lespace\/","name":"Corpographies en danse - Les traces sensibles du corps dans l'espace - Books on the Move","isPartOf":{"@id":"https:\/\/www.booksonthemove.fr\/#website"},"primaryImageOfPage":{"@id":"https:\/\/www.booksonthemove.fr\/en\/produit\/corpographies-en-danse-les-traces-sensibles-du-corps-dans-lespace\/#primaryimage"},"image":{"@id":"https:\/\/www.booksonthemove.fr\/en\/produit\/corpographies-en-danse-les-traces-sensibles-du-corps-dans-lespace\/#primaryimage"},"thumbnailUrl":"https:\/\/www.booksonthemove.fr\/media\/bom_1753_0_reduced.jpeg","datePublished":"2018-02-20T10:10:02+00:00","dateModified":"2019-10-06T13:36:36+00:00","breadcrumb":{"@id":"https:\/\/www.booksonthemove.fr\/en\/produit\/corpographies-en-danse-les-traces-sensibles-du-corps-dans-lespace\/#breadcrumb"},"inLanguage":"en-US","potentialAction":[{"@type":"ReadAction","target":["https:\/\/www.booksonthemove.fr\/en\/produit\/corpographies-en-danse-les-traces-sensibles-du-corps-dans-lespace\/"]}]},{"@type":"ImageObject","inLanguage":"en-US","@id":"https:\/\/www.booksonthemove.fr\/en\/produit\/corpographies-en-danse-les-traces-sensibles-du-corps-dans-lespace\/#primaryimage","url":"https:\/\/www.booksonthemove.fr\/media\/bom_1753_0_reduced.jpeg","contentUrl":"https:\/\/www.booksonthemove.fr\/media\/bom_1753_0_reduced.jpeg","width":900,"height":1429},{"@type":"BreadcrumbList","@id":"https:\/\/www.booksonthemove.fr\/en\/produit\/corpographies-en-danse-les-traces-sensibles-du-corps-dans-lespace\/#breadcrumb","itemListElement":[{"@type":"ListItem","position":1,"name":"Accueil","item":"https:\/\/www.booksonthemove.fr\/en\/"},{"@type":"ListItem","position":2,"name":"online store","item":"https:\/\/www.booksonthemove.fr\/en\/online-shop\/"},{"@type":"ListItem","position":3,"name":"Corpographies en danse &#8211; Les traces sensibles du corps dans l&#8217;espace"}]},{"@type":"WebSite","@id":"https:\/\/www.booksonthemove.fr\/#website","url":"https:\/\/www.booksonthemove.fr\/","name":"Books on the Move","description":"librairie nomade - danse - mouvement - performance","publisher":{"@id":"https:\/\/www.booksonthemove.fr\/#organization"},"potentialAction":[{"@type":"SearchAction","target":{"@type":"EntryPoint","urlTemplate":"https:\/\/www.booksonthemove.fr\/?s={search_term_string}"},"query-input":{"@type":"PropertyValueSpecification","valueRequired":true,"valueName":"search_term_string"}}],"inLanguage":"en-US"},{"@type":"Organization","@id":"https:\/\/www.booksonthemove.fr\/#organization","name":"Books on the Move","url":"https:\/\/www.booksonthemove.fr\/","logo":{"@type":"ImageObject","inLanguage":"en-US","@id":"https:\/\/www.booksonthemove.fr\/#\/schema\/logo\/image\/","url":"https:\/\/www.booksonthemove.fr\/media\/logo-NB-400.jpg","contentUrl":"https:\/\/www.booksonthemove.fr\/media\/logo-NB-400.jpg","width":400,"height":143,"caption":"Books on the Move"},"image":{"@id":"https:\/\/www.booksonthemove.fr\/#\/schema\/logo\/image\/"},"sameAs":["https:\/\/www.facebook.com\/Librairiebooksonthemove\/"]}]}},"_links":{"self":[{"href":"https:\/\/www.booksonthemove.fr\/en\/wp-json\/wp\/v2\/product\/5127","targetHints":{"allow":["GET"]}}],"collection":[{"href":"https:\/\/www.booksonthemove.fr\/en\/wp-json\/wp\/v2\/product"}],"about":[{"href":"https:\/\/www.booksonthemove.fr\/en\/wp-json\/wp\/v2\/types\/product"}],"wp:featuredmedia":[{"embeddable":true,"href":"https:\/\/www.booksonthemove.fr\/en\/wp-json\/wp\/v2\/media\/5126"}],"wp:attachment":[{"href":"https:\/\/www.booksonthemove.fr\/en\/wp-json\/wp\/v2\/media?parent=5127"}],"wp:term":[{"taxonomy":"product_brand","embeddable":true,"href":"https:\/\/www.booksonthemove.fr\/en\/wp-json\/wp\/v2\/product_brand?post=5127"},{"taxonomy":"product_cat","embeddable":true,"href":"https:\/\/www.booksonthemove.fr\/en\/wp-json\/wp\/v2\/product_cat?post=5127"},{"taxonomy":"product_tag","embeddable":true,"href":"https:\/\/www.booksonthemove.fr\/en\/wp-json\/wp\/v2\/product_tag?post=5127"}],"curies":[{"name":"wp","href":"https:\/\/api.w.org\/{rel}","templated":true}]}}