{"id":5135,"date":"2018-02-20T12:26:07","date_gmt":"2018-02-20T11:26:07","guid":{"rendered":"https:\/\/www.booksonthemove.fr\/produit\/corporellement-vol-1-la-conscience-detre-un-corps\/"},"modified":"2020-03-21T16:32:41","modified_gmt":"2020-03-21T15:32:41","slug":"corporellement-vol-1-la-conscience-detre-un-corps","status":"publish","type":"product","link":"https:\/\/www.booksonthemove.fr\/en\/produit\/corporellement-vol-1-la-conscience-detre-un-corps\/","title":{"rendered":"Corporellement. Vol. 1 &#8211; La conscience d&#8217;\u00eatre un corps"},"content":{"rendered":"<p class=\"bodytext\">La prise de conscience par le sentir n\u2019est pas un effort mais un accueil. Elle est imm\u00e9diate, en dehors de toute pens\u00e9e, de toute \u00e9motion.<\/p>\n<p class=\"bodytext\">La lib\u00e9ration de soi est possible en prenant cette attitude d\u2019accueil qui nous fait acc\u00e9der \u00e0 une perception sans interpr\u00e9tation, gr\u00e2ce \u00e0 laquelle le syst\u00e8me nerveux se d\u00e9tend, la tension c\u00e9r\u00e9brale se rel\u00e2che, l\u2019intelligence se repose.<\/p>\n<p class=\"bodytext\">Cette perception \u00e9limine en effet tout travail intellectuel. C\u2019est l\u00e0 la premi\u00e8re difficult\u00e9 qu\u2019il faut affronter car ce travail c\u00e9r\u00e9bral est incessant chez beaucoup de personnes, limitant leur capacit\u00e9 de sentir. En agissant ainsi on permet que s\u2019\u00e9tablisse un contact intime de la personne avec la r\u00e9alit\u00e9 telle qu\u2019elle est.<\/p>\n<p class=\"bodytext\">Ce lien est profond et d\u00e9sint\u00e9ress\u00e9. On re\u00e7oit la r\u00e9alit\u00e9 en t\u00e9moin. On s\u2019accueille soi-m\u00eame sans jugement. Avec l\u2019exp\u00e9rience, par ce v\u00e9cu tr\u00e8s int\u00e9rioris\u00e9, on acquiert peu \u00e0 peu une connaissance sensorielle. &#8211; Hilde Peerboom<\/p>\n<p class=\"bodytext\">Jacques Garros, psychomotricien s\u2019est impliqu\u00e9 depuis plus de 40 ans dans la transmission de l\u2019intuition psychomotrice, aupr\u00e8s d\u2019un large public, par l\u2019\u00e9ducation de la conscience corporelle de soi et la ma\u00eetrise de la respiration. Ce livre nous parle de cette p\u00e9dagogie fond\u00e9e sur la non-s\u00e9parabilit\u00e9 du corps et de l\u2019esprit.<\/p>\n","protected":false},"excerpt":{"rendered":"<p><strong>Auteur:<\/strong> Jacques Garros<br \/>\n<strong>Editeur:<\/strong> C\u00e9padu\u00e8s\/Editions de Midi (2017, 2e \u00e9dition)<\/p>\n<p><strong>Broch\u00e9:<\/strong> 222 pages<br \/>\n<strong>Langue:<\/strong> Fran\u00e7ais<br \/>\n<strong>ISBN13:<\/strong> 979-10-90138-47-6<\/p>\n","protected":false},"featured_media":5134,"template":"","meta":[],"product_brand":[],"product_cat":[162,141],"product_tag":[],"class_list":{"0":"post-5135","1":"product","2":"type-product","3":"status-publish","4":"has-post-thumbnail","6":"product_cat-french-en","7":"product_cat-somatics-other-bodywork-practices-en","9":"first","10":"instock","11":"taxable","12":"shipping-taxable","13":"purchasable","14":"product-type-simple"},"yoast_head":"<!-- This site is optimized with the Yoast SEO plugin v27.5 - https:\/\/yoast.com\/product\/yoast-seo-wordpress\/ -->\n<title>Corporellement. Vol. 1 - La conscience d&#039;\u00eatre un corps - Books on the Move<\/title>\n<meta name=\"robots\" content=\"index, follow, max-snippet:-1, max-image-preview:large, max-video-preview:-1\" \/>\n<link rel=\"canonical\" href=\"https:\/\/www.booksonthemove.fr\/en\/produit\/corporellement-vol-1-la-conscience-detre-un-corps\/\" \/>\n<meta property=\"og:locale\" content=\"en_US\" \/>\n<meta property=\"og:type\" content=\"article\" \/>\n<meta property=\"og:title\" content=\"Corporellement. Vol. 1 - La conscience d&#039;\u00eatre un corps - Books on the Move\" \/>\n<meta property=\"og:description\" content=\"Auteur: Jacques Garros Editeur: C\u00e9padu\u00e8s\/Editions de Midi (2017, 2e \u00e9dition) Broch\u00e9: 222 pages Langue: Fran\u00e7ais ISBN13: 979-10-90138-47-6\" \/>\n<meta property=\"og:url\" content=\"https:\/\/www.booksonthemove.fr\/en\/produit\/corporellement-vol-1-la-conscience-detre-un-corps\/\" \/>\n<meta property=\"og:site_name\" content=\"Books on the Move\" \/>\n<meta property=\"article:publisher\" content=\"https:\/\/www.facebook.com\/Librairiebooksonthemove\/\" \/>\n<meta property=\"article:modified_time\" content=\"2020-03-21T15:32:41+00:00\" \/>\n<meta property=\"og:image\" content=\"https:\/\/www.booksonthemove.fr\/media\/bom_1756_0-reduced.jpeg\" \/>\n\t<meta property=\"og:image:width\" content=\"888\" \/>\n\t<meta property=\"og:image:height\" content=\"1538\" \/>\n\t<meta property=\"og:image:type\" content=\"image\/jpeg\" \/>\n<meta name=\"twitter:card\" content=\"summary_large_image\" \/>\n<script type=\"application\/ld+json\" class=\"yoast-schema-graph\">{\"@context\":\"https:\\\/\\\/schema.org\",\"@graph\":[{\"@type\":\"WebPage\",\"@id\":\"https:\\\/\\\/www.booksonthemove.fr\\\/en\\\/produit\\\/corporellement-vol-1-la-conscience-detre-un-corps\\\/\",\"url\":\"https:\\\/\\\/www.booksonthemove.fr\\\/en\\\/produit\\\/corporellement-vol-1-la-conscience-detre-un-corps\\\/\",\"name\":\"Corporellement. Vol. 1 - La conscience d'\u00eatre un corps - Books on the Move\",\"isPartOf\":{\"@id\":\"https:\\\/\\\/www.booksonthemove.fr\\\/#website\"},\"primaryImageOfPage\":{\"@id\":\"https:\\\/\\\/www.booksonthemove.fr\\\/en\\\/produit\\\/corporellement-vol-1-la-conscience-detre-un-corps\\\/#primaryimage\"},\"image\":{\"@id\":\"https:\\\/\\\/www.booksonthemove.fr\\\/en\\\/produit\\\/corporellement-vol-1-la-conscience-detre-un-corps\\\/#primaryimage\"},\"thumbnailUrl\":\"https:\\\/\\\/www.booksonthemove.fr\\\/media\\\/bom_1756_0-reduced.jpeg\",\"datePublished\":\"2018-02-20T11:26:07+00:00\",\"dateModified\":\"2020-03-21T15:32:41+00:00\",\"breadcrumb\":{\"@id\":\"https:\\\/\\\/www.booksonthemove.fr\\\/en\\\/produit\\\/corporellement-vol-1-la-conscience-detre-un-corps\\\/#breadcrumb\"},\"inLanguage\":\"en-US\",\"potentialAction\":[{\"@type\":\"ReadAction\",\"target\":[\"https:\\\/\\\/www.booksonthemove.fr\\\/en\\\/produit\\\/corporellement-vol-1-la-conscience-detre-un-corps\\\/\"]}]},{\"@type\":\"ImageObject\",\"inLanguage\":\"en-US\",\"@id\":\"https:\\\/\\\/www.booksonthemove.fr\\\/en\\\/produit\\\/corporellement-vol-1-la-conscience-detre-un-corps\\\/#primaryimage\",\"url\":\"https:\\\/\\\/www.booksonthemove.fr\\\/media\\\/bom_1756_0-reduced.jpeg\",\"contentUrl\":\"https:\\\/\\\/www.booksonthemove.fr\\\/media\\\/bom_1756_0-reduced.jpeg\",\"width\":888,\"height\":1538},{\"@type\":\"BreadcrumbList\",\"@id\":\"https:\\\/\\\/www.booksonthemove.fr\\\/en\\\/produit\\\/corporellement-vol-1-la-conscience-detre-un-corps\\\/#breadcrumb\",\"itemListElement\":[{\"@type\":\"ListItem\",\"position\":1,\"name\":\"Accueil\",\"item\":\"https:\\\/\\\/www.booksonthemove.fr\\\/en\\\/\"},{\"@type\":\"ListItem\",\"position\":2,\"name\":\"online store\",\"item\":\"https:\\\/\\\/www.booksonthemove.fr\\\/en\\\/online-shop\\\/\"},{\"@type\":\"ListItem\",\"position\":3,\"name\":\"Corporellement. Vol. 1 &#8211; La conscience d&#8217;\u00eatre un corps\"}]},{\"@type\":\"WebSite\",\"@id\":\"https:\\\/\\\/www.booksonthemove.fr\\\/#website\",\"url\":\"https:\\\/\\\/www.booksonthemove.fr\\\/\",\"name\":\"Books on the Move\",\"description\":\"librairie nomade - danse - mouvement - performance\",\"publisher\":{\"@id\":\"https:\\\/\\\/www.booksonthemove.fr\\\/#organization\"},\"potentialAction\":[{\"@type\":\"SearchAction\",\"target\":{\"@type\":\"EntryPoint\",\"urlTemplate\":\"https:\\\/\\\/www.booksonthemove.fr\\\/?s={search_term_string}\"},\"query-input\":{\"@type\":\"PropertyValueSpecification\",\"valueRequired\":true,\"valueName\":\"search_term_string\"}}],\"inLanguage\":\"en-US\"},{\"@type\":\"Organization\",\"@id\":\"https:\\\/\\\/www.booksonthemove.fr\\\/#organization\",\"name\":\"Books on the Move\",\"url\":\"https:\\\/\\\/www.booksonthemove.fr\\\/\",\"logo\":{\"@type\":\"ImageObject\",\"inLanguage\":\"en-US\",\"@id\":\"https:\\\/\\\/www.booksonthemove.fr\\\/#\\\/schema\\\/logo\\\/image\\\/\",\"url\":\"https:\\\/\\\/www.booksonthemove.fr\\\/media\\\/logo-NB-400.jpg\",\"contentUrl\":\"https:\\\/\\\/www.booksonthemove.fr\\\/media\\\/logo-NB-400.jpg\",\"width\":400,\"height\":143,\"caption\":\"Books on the Move\"},\"image\":{\"@id\":\"https:\\\/\\\/www.booksonthemove.fr\\\/#\\\/schema\\\/logo\\\/image\\\/\"},\"sameAs\":[\"https:\\\/\\\/www.facebook.com\\\/Librairiebooksonthemove\\\/\"]}]}<\/script>\n<!-- \/ Yoast SEO plugin. -->","yoast_head_json":{"title":"Corporellement. Vol. 1 - La conscience d'\u00eatre un corps - Books on the Move","robots":{"index":"index","follow":"follow","max-snippet":"max-snippet:-1","max-image-preview":"max-image-preview:large","max-video-preview":"max-video-preview:-1"},"canonical":"https:\/\/www.booksonthemove.fr\/en\/produit\/corporellement-vol-1-la-conscience-detre-un-corps\/","og_locale":"en_US","og_type":"article","og_title":"Corporellement. Vol. 1 - La conscience d'\u00eatre un corps - Books on the Move","og_description":"Auteur: Jacques Garros Editeur: C\u00e9padu\u00e8s\/Editions de Midi (2017, 2e \u00e9dition) Broch\u00e9: 222 pages Langue: Fran\u00e7ais ISBN13: 979-10-90138-47-6","og_url":"https:\/\/www.booksonthemove.fr\/en\/produit\/corporellement-vol-1-la-conscience-detre-un-corps\/","og_site_name":"Books on the Move","article_publisher":"https:\/\/www.facebook.com\/Librairiebooksonthemove\/","article_modified_time":"2020-03-21T15:32:41+00:00","og_image":[{"width":888,"height":1538,"url":"https:\/\/www.booksonthemove.fr\/media\/bom_1756_0-reduced.jpeg","type":"image\/jpeg"}],"twitter_card":"summary_large_image","schema":{"@context":"https:\/\/schema.org","@graph":[{"@type":"WebPage","@id":"https:\/\/www.booksonthemove.fr\/en\/produit\/corporellement-vol-1-la-conscience-detre-un-corps\/","url":"https:\/\/www.booksonthemove.fr\/en\/produit\/corporellement-vol-1-la-conscience-detre-un-corps\/","name":"Corporellement. Vol. 1 - La conscience d'\u00eatre un corps - Books on the Move","isPartOf":{"@id":"https:\/\/www.booksonthemove.fr\/#website"},"primaryImageOfPage":{"@id":"https:\/\/www.booksonthemove.fr\/en\/produit\/corporellement-vol-1-la-conscience-detre-un-corps\/#primaryimage"},"image":{"@id":"https:\/\/www.booksonthemove.fr\/en\/produit\/corporellement-vol-1-la-conscience-detre-un-corps\/#primaryimage"},"thumbnailUrl":"https:\/\/www.booksonthemove.fr\/media\/bom_1756_0-reduced.jpeg","datePublished":"2018-02-20T11:26:07+00:00","dateModified":"2020-03-21T15:32:41+00:00","breadcrumb":{"@id":"https:\/\/www.booksonthemove.fr\/en\/produit\/corporellement-vol-1-la-conscience-detre-un-corps\/#breadcrumb"},"inLanguage":"en-US","potentialAction":[{"@type":"ReadAction","target":["https:\/\/www.booksonthemove.fr\/en\/produit\/corporellement-vol-1-la-conscience-detre-un-corps\/"]}]},{"@type":"ImageObject","inLanguage":"en-US","@id":"https:\/\/www.booksonthemove.fr\/en\/produit\/corporellement-vol-1-la-conscience-detre-un-corps\/#primaryimage","url":"https:\/\/www.booksonthemove.fr\/media\/bom_1756_0-reduced.jpeg","contentUrl":"https:\/\/www.booksonthemove.fr\/media\/bom_1756_0-reduced.jpeg","width":888,"height":1538},{"@type":"BreadcrumbList","@id":"https:\/\/www.booksonthemove.fr\/en\/produit\/corporellement-vol-1-la-conscience-detre-un-corps\/#breadcrumb","itemListElement":[{"@type":"ListItem","position":1,"name":"Accueil","item":"https:\/\/www.booksonthemove.fr\/en\/"},{"@type":"ListItem","position":2,"name":"online store","item":"https:\/\/www.booksonthemove.fr\/en\/online-shop\/"},{"@type":"ListItem","position":3,"name":"Corporellement. Vol. 1 &#8211; La conscience d&#8217;\u00eatre un corps"}]},{"@type":"WebSite","@id":"https:\/\/www.booksonthemove.fr\/#website","url":"https:\/\/www.booksonthemove.fr\/","name":"Books on the Move","description":"librairie nomade - danse - mouvement - performance","publisher":{"@id":"https:\/\/www.booksonthemove.fr\/#organization"},"potentialAction":[{"@type":"SearchAction","target":{"@type":"EntryPoint","urlTemplate":"https:\/\/www.booksonthemove.fr\/?s={search_term_string}"},"query-input":{"@type":"PropertyValueSpecification","valueRequired":true,"valueName":"search_term_string"}}],"inLanguage":"en-US"},{"@type":"Organization","@id":"https:\/\/www.booksonthemove.fr\/#organization","name":"Books on the Move","url":"https:\/\/www.booksonthemove.fr\/","logo":{"@type":"ImageObject","inLanguage":"en-US","@id":"https:\/\/www.booksonthemove.fr\/#\/schema\/logo\/image\/","url":"https:\/\/www.booksonthemove.fr\/media\/logo-NB-400.jpg","contentUrl":"https:\/\/www.booksonthemove.fr\/media\/logo-NB-400.jpg","width":400,"height":143,"caption":"Books on the Move"},"image":{"@id":"https:\/\/www.booksonthemove.fr\/#\/schema\/logo\/image\/"},"sameAs":["https:\/\/www.facebook.com\/Librairiebooksonthemove\/"]}]}},"_links":{"self":[{"href":"https:\/\/www.booksonthemove.fr\/en\/wp-json\/wp\/v2\/product\/5135","targetHints":{"allow":["GET"]}}],"collection":[{"href":"https:\/\/www.booksonthemove.fr\/en\/wp-json\/wp\/v2\/product"}],"about":[{"href":"https:\/\/www.booksonthemove.fr\/en\/wp-json\/wp\/v2\/types\/product"}],"wp:featuredmedia":[{"embeddable":true,"href":"https:\/\/www.booksonthemove.fr\/en\/wp-json\/wp\/v2\/media\/5134"}],"wp:attachment":[{"href":"https:\/\/www.booksonthemove.fr\/en\/wp-json\/wp\/v2\/media?parent=5135"}],"wp:term":[{"taxonomy":"product_brand","embeddable":true,"href":"https:\/\/www.booksonthemove.fr\/en\/wp-json\/wp\/v2\/product_brand?post=5135"},{"taxonomy":"product_cat","embeddable":true,"href":"https:\/\/www.booksonthemove.fr\/en\/wp-json\/wp\/v2\/product_cat?post=5135"},{"taxonomy":"product_tag","embeddable":true,"href":"https:\/\/www.booksonthemove.fr\/en\/wp-json\/wp\/v2\/product_tag?post=5135"}],"curies":[{"name":"wp","href":"https:\/\/api.w.org\/{rel}","templated":true}]}}