{"id":5179,"date":"2018-04-09T22:59:36","date_gmt":"2018-04-09T20:59:36","guid":{"rendered":"https:\/\/www.booksonthemove.fr\/produit\/corporellement-vol-2-psychomotricite-ou-la-non-separabilite-des-contraires\/"},"modified":"2019-12-20T16:58:34","modified_gmt":"2019-12-20T15:58:34","slug":"corporellement-vol-2-psychomotricite-ou-la-non-separabilite-des-contraires","status":"publish","type":"product","link":"https:\/\/www.booksonthemove.fr\/en\/produit\/corporellement-vol-2-psychomotricite-ou-la-non-separabilite-des-contraires\/","title":{"rendered":"Corporellement. Vol.2 &#8211; Psychomotricit\u00e9 ou la non-s\u00e9parabilit\u00e9 des contraires"},"content":{"rendered":"<p class=\"bodytext\">Pr\u00e9face \u00e0 3 voix<br \/>\nPR\u00c9LUDE &#8211; Effacer la distance<br \/>\n1 \u2013 H\u00c9RITIERS D\u200a\u2019\u200aUNE HISTOIRE DUALISTE<br \/>\n2- LE DUALISME EST SPONTAN\u00c9 &#8211;\u00a0La popularit\u00e9 du Yoga\/Majorit\u00e9, minorit\u00e9, normalit\u00e9, probl\u00e9matique dualiste<br \/>\n3- LA NON-DUALIT\u00c9-\u00a0La sagesse chinoise\/Le handicap des Occidentaux\/La non-dualit\u00e9 chez les H\u00e9breux<br \/>\n4 \u2013 L\u200a\u2019\u200aUNIT\u00c9 DE L\u200a\u2019\u200aHOMME DANS LA TRADITION OCCIDENTALE &#8211;\u00a0La mati\u00e8re n\u200a\u2019\u200aest pas vivante, seule la structure est vivante\/La vie est une forme rendue possible par la mati\u00e8re. C\u200a\u2019\u200aest la forme qui est permanente\/La forme n\u200a\u2019\u200aest pas mati\u00e8re<br \/>\n5 \u2013 NON-S\u00c9PARABILIT\u00c9 DES CONTRAIRES ET PSYCHOMOTRICIT\u00c9 &#8211;\u00a0La psychomotricit\u00e9 accepte la r\u00e9alit\u00e9 telle qu\u200a\u2019elle est\/L\u200a\u2019\u200ainvisible est dans le visible et l\u2019immat\u00e9riel est dans le mat\u00e9riel\/Une pratique r\u00e9volutionnaire\/Le corps est le champ expressif de l\u200a\u2019\u200a\u00e2me \u2013 l\u200a\u2019\u200aart rend visible l\u200a\u2019\u200ainvisible<br \/>\n6\u2013 LE RYTHME EST FAIT DE LA NON-S\u00c9PARABILIT\u00c9 DES CONTRAIRES &#8211;\u00a0La respiration est le chemin\/La respiration \u00e9duque en nous le sens du rythme\/Le rythme est dans la structure vivante<br \/>\n7\u2013 L\u200a\u2019\u200aANATOMIE, \u00c9L\u00c9MENT CONSTITUTIF DE LA CONSCIENCE CORPORELLE &#8211;\u00a0Nous sommes des eucaryotes\/Unit\u00e9 du vivant<br \/>\n8\u2013 DIMENSION SPIRITUELLE DE LA STRUCTURE : SA FORME &#8211;\u00a0Qualit\u00e9 de la structure et espace int\u00e9rieur\/Qualit\u00e9 de la structure et bonne \u00e9nergie\/La structure demande de l\u200a\u2019\u200aattention\/Notre responsabilit\u00e9 &#8211; l\u200a\u2019\u00e9pig\u00e9n\u00e9tique<br \/>\n9\u2013 DIMENSION SYMBOLIQUE DE LA CHARPENTE OSSEUSE &#8211;\u00a0Mollusque ou vert\u00e9br\u00e9?\/\u00catre bien charpent\u00e9 est une affaire de conscience\/Les articulations, une structure qui a ses lois au service de l\u200a\u2019\u200aadaptabilit\u00e9<br \/>\n10 -LE SYST\u00c8ME MUSCULAIRE EST INTELLIGENT &#8211;\u00a0La non-s\u00e9parabilit\u00e9 contraction\/d\u00e9contraction\/Le tonus et la posture\/&#8221;\u00catre c\u200a\u2019\u200aest devenir et devenir c\u200a\u2019\u200aest \u00eatre\u00bb (D. Bohm)\/\u00catre musculairement intelligent<br \/>\n11 \u2013 DEPUIS LES ORIGINES, L\u200a\u2019\u200aART MANIFESTE LA NON-S\u00c9PARABILIT\u00c9 CORPS\/ESPRIT &#8211;\u00a0Postlude. R\u00e9concili\u00e9s et solidaires<\/p>\n","protected":false},"excerpt":{"rendered":"<p><strong>Auteur:<\/strong> Jacques Garros<br \/>\n<strong>Editeur:<\/strong> C\u00e9padu\u00e8s Editions (2016)<\/p>\n<p><strong>Broch\u00e9:<\/strong> 156 pages<br \/>\n<strong>Langue:<\/strong> Fran\u00e7ais<br \/>\n<strong>ISBN13:<\/strong> 979-1-090-13846-9<\/p>\n","protected":false},"featured_media":5178,"template":"","meta":[],"product_brand":[],"product_cat":[162,141],"product_tag":[],"class_list":{"0":"post-5179","1":"product","2":"type-product","3":"status-publish","4":"has-post-thumbnail","6":"product_cat-french-en","7":"product_cat-somatics-other-bodywork-practices-en","9":"first","10":"instock","11":"taxable","12":"shipping-taxable","13":"purchasable","14":"product-type-simple"},"yoast_head":"<!-- This site is optimized with the Yoast SEO plugin v27.5 - https:\/\/yoast.com\/product\/yoast-seo-wordpress\/ -->\n<title>Corporellement. Vol.2 - Psychomotricit\u00e9 ou la non-s\u00e9parabilit\u00e9 des contraires - Books on the Move<\/title>\n<meta name=\"robots\" content=\"index, follow, max-snippet:-1, max-image-preview:large, max-video-preview:-1\" \/>\n<link rel=\"canonical\" href=\"https:\/\/www.booksonthemove.fr\/en\/produit\/corporellement-vol-2-psychomotricite-ou-la-non-separabilite-des-contraires\/\" \/>\n<meta property=\"og:locale\" content=\"en_US\" \/>\n<meta property=\"og:type\" content=\"article\" \/>\n<meta property=\"og:title\" content=\"Corporellement. Vol.2 - Psychomotricit\u00e9 ou la non-s\u00e9parabilit\u00e9 des contraires - Books on the Move\" \/>\n<meta property=\"og:description\" content=\"Auteur: Jacques Garros Editeur: C\u00e9padu\u00e8s Editions (2016) Broch\u00e9: 156 pages Langue: Fran\u00e7ais ISBN13: 979-1-090-13846-9\" \/>\n<meta property=\"og:url\" content=\"https:\/\/www.booksonthemove.fr\/en\/produit\/corporellement-vol-2-psychomotricite-ou-la-non-separabilite-des-contraires\/\" \/>\n<meta property=\"og:site_name\" content=\"Books on the Move\" \/>\n<meta property=\"article:publisher\" content=\"https:\/\/www.facebook.com\/Librairiebooksonthemove\/\" \/>\n<meta property=\"article:modified_time\" content=\"2019-12-20T15:58:34+00:00\" \/>\n<meta property=\"og:image\" content=\"https:\/\/www.booksonthemove.fr\/media\/bom_1757_reduced.jpeg\" \/>\n\t<meta property=\"og:image:width\" content=\"900\" \/>\n\t<meta property=\"og:image:height\" content=\"1555\" \/>\n\t<meta property=\"og:image:type\" content=\"image\/jpeg\" \/>\n<meta name=\"twitter:card\" content=\"summary_large_image\" \/>\n<script type=\"application\/ld+json\" class=\"yoast-schema-graph\">{\"@context\":\"https:\\\/\\\/schema.org\",\"@graph\":[{\"@type\":\"WebPage\",\"@id\":\"https:\\\/\\\/www.booksonthemove.fr\\\/en\\\/produit\\\/corporellement-vol-2-psychomotricite-ou-la-non-separabilite-des-contraires\\\/\",\"url\":\"https:\\\/\\\/www.booksonthemove.fr\\\/en\\\/produit\\\/corporellement-vol-2-psychomotricite-ou-la-non-separabilite-des-contraires\\\/\",\"name\":\"Corporellement. Vol.2 - Psychomotricit\u00e9 ou la non-s\u00e9parabilit\u00e9 des contraires - Books on the Move\",\"isPartOf\":{\"@id\":\"https:\\\/\\\/www.booksonthemove.fr\\\/#website\"},\"primaryImageOfPage\":{\"@id\":\"https:\\\/\\\/www.booksonthemove.fr\\\/en\\\/produit\\\/corporellement-vol-2-psychomotricite-ou-la-non-separabilite-des-contraires\\\/#primaryimage\"},\"image\":{\"@id\":\"https:\\\/\\\/www.booksonthemove.fr\\\/en\\\/produit\\\/corporellement-vol-2-psychomotricite-ou-la-non-separabilite-des-contraires\\\/#primaryimage\"},\"thumbnailUrl\":\"https:\\\/\\\/www.booksonthemove.fr\\\/media\\\/bom_1757_reduced.jpeg\",\"datePublished\":\"2018-04-09T20:59:36+00:00\",\"dateModified\":\"2019-12-20T15:58:34+00:00\",\"breadcrumb\":{\"@id\":\"https:\\\/\\\/www.booksonthemove.fr\\\/en\\\/produit\\\/corporellement-vol-2-psychomotricite-ou-la-non-separabilite-des-contraires\\\/#breadcrumb\"},\"inLanguage\":\"en-US\",\"potentialAction\":[{\"@type\":\"ReadAction\",\"target\":[\"https:\\\/\\\/www.booksonthemove.fr\\\/en\\\/produit\\\/corporellement-vol-2-psychomotricite-ou-la-non-separabilite-des-contraires\\\/\"]}]},{\"@type\":\"ImageObject\",\"inLanguage\":\"en-US\",\"@id\":\"https:\\\/\\\/www.booksonthemove.fr\\\/en\\\/produit\\\/corporellement-vol-2-psychomotricite-ou-la-non-separabilite-des-contraires\\\/#primaryimage\",\"url\":\"https:\\\/\\\/www.booksonthemove.fr\\\/media\\\/bom_1757_reduced.jpeg\",\"contentUrl\":\"https:\\\/\\\/www.booksonthemove.fr\\\/media\\\/bom_1757_reduced.jpeg\",\"width\":900,\"height\":1555},{\"@type\":\"BreadcrumbList\",\"@id\":\"https:\\\/\\\/www.booksonthemove.fr\\\/en\\\/produit\\\/corporellement-vol-2-psychomotricite-ou-la-non-separabilite-des-contraires\\\/#breadcrumb\",\"itemListElement\":[{\"@type\":\"ListItem\",\"position\":1,\"name\":\"Accueil\",\"item\":\"https:\\\/\\\/www.booksonthemove.fr\\\/en\\\/\"},{\"@type\":\"ListItem\",\"position\":2,\"name\":\"online store\",\"item\":\"https:\\\/\\\/www.booksonthemove.fr\\\/en\\\/online-shop\\\/\"},{\"@type\":\"ListItem\",\"position\":3,\"name\":\"Corporellement. Vol.2 &#8211; Psychomotricit\u00e9 ou la non-s\u00e9parabilit\u00e9 des contraires\"}]},{\"@type\":\"WebSite\",\"@id\":\"https:\\\/\\\/www.booksonthemove.fr\\\/#website\",\"url\":\"https:\\\/\\\/www.booksonthemove.fr\\\/\",\"name\":\"Books on the Move\",\"description\":\"librairie nomade - danse - mouvement - performance\",\"publisher\":{\"@id\":\"https:\\\/\\\/www.booksonthemove.fr\\\/#organization\"},\"potentialAction\":[{\"@type\":\"SearchAction\",\"target\":{\"@type\":\"EntryPoint\",\"urlTemplate\":\"https:\\\/\\\/www.booksonthemove.fr\\\/?s={search_term_string}\"},\"query-input\":{\"@type\":\"PropertyValueSpecification\",\"valueRequired\":true,\"valueName\":\"search_term_string\"}}],\"inLanguage\":\"en-US\"},{\"@type\":\"Organization\",\"@id\":\"https:\\\/\\\/www.booksonthemove.fr\\\/#organization\",\"name\":\"Books on the Move\",\"url\":\"https:\\\/\\\/www.booksonthemove.fr\\\/\",\"logo\":{\"@type\":\"ImageObject\",\"inLanguage\":\"en-US\",\"@id\":\"https:\\\/\\\/www.booksonthemove.fr\\\/#\\\/schema\\\/logo\\\/image\\\/\",\"url\":\"https:\\\/\\\/www.booksonthemove.fr\\\/media\\\/logo-NB-400.jpg\",\"contentUrl\":\"https:\\\/\\\/www.booksonthemove.fr\\\/media\\\/logo-NB-400.jpg\",\"width\":400,\"height\":143,\"caption\":\"Books on the Move\"},\"image\":{\"@id\":\"https:\\\/\\\/www.booksonthemove.fr\\\/#\\\/schema\\\/logo\\\/image\\\/\"},\"sameAs\":[\"https:\\\/\\\/www.facebook.com\\\/Librairiebooksonthemove\\\/\"]}]}<\/script>\n<!-- \/ Yoast SEO plugin. -->","yoast_head_json":{"title":"Corporellement. Vol.2 - Psychomotricit\u00e9 ou la non-s\u00e9parabilit\u00e9 des contraires - Books on the Move","robots":{"index":"index","follow":"follow","max-snippet":"max-snippet:-1","max-image-preview":"max-image-preview:large","max-video-preview":"max-video-preview:-1"},"canonical":"https:\/\/www.booksonthemove.fr\/en\/produit\/corporellement-vol-2-psychomotricite-ou-la-non-separabilite-des-contraires\/","og_locale":"en_US","og_type":"article","og_title":"Corporellement. Vol.2 - Psychomotricit\u00e9 ou la non-s\u00e9parabilit\u00e9 des contraires - Books on the Move","og_description":"Auteur: Jacques Garros Editeur: C\u00e9padu\u00e8s Editions (2016) Broch\u00e9: 156 pages Langue: Fran\u00e7ais ISBN13: 979-1-090-13846-9","og_url":"https:\/\/www.booksonthemove.fr\/en\/produit\/corporellement-vol-2-psychomotricite-ou-la-non-separabilite-des-contraires\/","og_site_name":"Books on the Move","article_publisher":"https:\/\/www.facebook.com\/Librairiebooksonthemove\/","article_modified_time":"2019-12-20T15:58:34+00:00","og_image":[{"width":900,"height":1555,"url":"https:\/\/www.booksonthemove.fr\/media\/bom_1757_reduced.jpeg","type":"image\/jpeg"}],"twitter_card":"summary_large_image","schema":{"@context":"https:\/\/schema.org","@graph":[{"@type":"WebPage","@id":"https:\/\/www.booksonthemove.fr\/en\/produit\/corporellement-vol-2-psychomotricite-ou-la-non-separabilite-des-contraires\/","url":"https:\/\/www.booksonthemove.fr\/en\/produit\/corporellement-vol-2-psychomotricite-ou-la-non-separabilite-des-contraires\/","name":"Corporellement. Vol.2 - Psychomotricit\u00e9 ou la non-s\u00e9parabilit\u00e9 des contraires - Books on the Move","isPartOf":{"@id":"https:\/\/www.booksonthemove.fr\/#website"},"primaryImageOfPage":{"@id":"https:\/\/www.booksonthemove.fr\/en\/produit\/corporellement-vol-2-psychomotricite-ou-la-non-separabilite-des-contraires\/#primaryimage"},"image":{"@id":"https:\/\/www.booksonthemove.fr\/en\/produit\/corporellement-vol-2-psychomotricite-ou-la-non-separabilite-des-contraires\/#primaryimage"},"thumbnailUrl":"https:\/\/www.booksonthemove.fr\/media\/bom_1757_reduced.jpeg","datePublished":"2018-04-09T20:59:36+00:00","dateModified":"2019-12-20T15:58:34+00:00","breadcrumb":{"@id":"https:\/\/www.booksonthemove.fr\/en\/produit\/corporellement-vol-2-psychomotricite-ou-la-non-separabilite-des-contraires\/#breadcrumb"},"inLanguage":"en-US","potentialAction":[{"@type":"ReadAction","target":["https:\/\/www.booksonthemove.fr\/en\/produit\/corporellement-vol-2-psychomotricite-ou-la-non-separabilite-des-contraires\/"]}]},{"@type":"ImageObject","inLanguage":"en-US","@id":"https:\/\/www.booksonthemove.fr\/en\/produit\/corporellement-vol-2-psychomotricite-ou-la-non-separabilite-des-contraires\/#primaryimage","url":"https:\/\/www.booksonthemove.fr\/media\/bom_1757_reduced.jpeg","contentUrl":"https:\/\/www.booksonthemove.fr\/media\/bom_1757_reduced.jpeg","width":900,"height":1555},{"@type":"BreadcrumbList","@id":"https:\/\/www.booksonthemove.fr\/en\/produit\/corporellement-vol-2-psychomotricite-ou-la-non-separabilite-des-contraires\/#breadcrumb","itemListElement":[{"@type":"ListItem","position":1,"name":"Accueil","item":"https:\/\/www.booksonthemove.fr\/en\/"},{"@type":"ListItem","position":2,"name":"online store","item":"https:\/\/www.booksonthemove.fr\/en\/online-shop\/"},{"@type":"ListItem","position":3,"name":"Corporellement. Vol.2 &#8211; Psychomotricit\u00e9 ou la non-s\u00e9parabilit\u00e9 des contraires"}]},{"@type":"WebSite","@id":"https:\/\/www.booksonthemove.fr\/#website","url":"https:\/\/www.booksonthemove.fr\/","name":"Books on the Move","description":"librairie nomade - danse - mouvement - performance","publisher":{"@id":"https:\/\/www.booksonthemove.fr\/#organization"},"potentialAction":[{"@type":"SearchAction","target":{"@type":"EntryPoint","urlTemplate":"https:\/\/www.booksonthemove.fr\/?s={search_term_string}"},"query-input":{"@type":"PropertyValueSpecification","valueRequired":true,"valueName":"search_term_string"}}],"inLanguage":"en-US"},{"@type":"Organization","@id":"https:\/\/www.booksonthemove.fr\/#organization","name":"Books on the Move","url":"https:\/\/www.booksonthemove.fr\/","logo":{"@type":"ImageObject","inLanguage":"en-US","@id":"https:\/\/www.booksonthemove.fr\/#\/schema\/logo\/image\/","url":"https:\/\/www.booksonthemove.fr\/media\/logo-NB-400.jpg","contentUrl":"https:\/\/www.booksonthemove.fr\/media\/logo-NB-400.jpg","width":400,"height":143,"caption":"Books on the Move"},"image":{"@id":"https:\/\/www.booksonthemove.fr\/#\/schema\/logo\/image\/"},"sameAs":["https:\/\/www.facebook.com\/Librairiebooksonthemove\/"]}]}},"_links":{"self":[{"href":"https:\/\/www.booksonthemove.fr\/en\/wp-json\/wp\/v2\/product\/5179","targetHints":{"allow":["GET"]}}],"collection":[{"href":"https:\/\/www.booksonthemove.fr\/en\/wp-json\/wp\/v2\/product"}],"about":[{"href":"https:\/\/www.booksonthemove.fr\/en\/wp-json\/wp\/v2\/types\/product"}],"wp:featuredmedia":[{"embeddable":true,"href":"https:\/\/www.booksonthemove.fr\/en\/wp-json\/wp\/v2\/media\/5178"}],"wp:attachment":[{"href":"https:\/\/www.booksonthemove.fr\/en\/wp-json\/wp\/v2\/media?parent=5179"}],"wp:term":[{"taxonomy":"product_brand","embeddable":true,"href":"https:\/\/www.booksonthemove.fr\/en\/wp-json\/wp\/v2\/product_brand?post=5179"},{"taxonomy":"product_cat","embeddable":true,"href":"https:\/\/www.booksonthemove.fr\/en\/wp-json\/wp\/v2\/product_cat?post=5179"},{"taxonomy":"product_tag","embeddable":true,"href":"https:\/\/www.booksonthemove.fr\/en\/wp-json\/wp\/v2\/product_tag?post=5179"}],"curies":[{"name":"wp","href":"https:\/\/api.w.org\/{rel}","templated":true}]}}