{"id":7491,"date":"2019-09-20T10:45:15","date_gmt":"2019-09-20T08:45:15","guid":{"rendered":"https:\/\/www.booksonthemove.fr\/produit\/au-bois-dormant\/"},"modified":"2024-10-08T20:20:32","modified_gmt":"2024-10-08T18:20:32","slug":"au-bois-dormant","status":"publish","type":"product","link":"https:\/\/www.booksonthemove.fr\/en\/produit\/au-bois-dormant\/","title":{"rendered":"Au bois dormant"},"content":{"rendered":"<p class=\"bodytext\">Outre ses nombreuses cr\u00e9ations artistiques \u00e0 travers le monde, le chor\u00e9graphe et danseur Thierry Thieu Niang a travaill\u00e9 avec des malades alzheimer, des d\u00e9tenus et des enfants d\u2019ici et d\u2019ailleurs. L\u2019\u00e9crivain Marie Desplechin l\u2019a accompagn\u00e9 lors d\u2019une session avec de jeunes autistes qu\u2019il faisait danser. Ensemble, ils ont observ\u00e9 cette br\u00e8che de lumi\u00e8re que la danse ouvre chez ces enfants du silence.<\/p>\n<p class=\"bodytext\">Le chor\u00e9graphe et l\u2019\u00e9crivain ont rendu compte de cette bouleversante exp\u00e9rience avec leurs mots, leurs fant\u00f4mes, leurs vies. Marie Despl\u00e9chin revisite ces temps terribles o\u00f9 ses pas la portaient, d\u00e9faite, vers l\u2019h\u00f4pital psychiatrique o\u00f9 un \u00eatre aim\u00e9 \u00e9tait intern\u00e9.<\/p>\n<p class=\"bodytext\">Thierry Thie\u00fb Niang raconte les s\u00e9ances avec les enfants autistes: leurs craintes, leur peur du contact, le miracle d\u2019un mot, d\u2019un sourire, d\u2019une \u00e9treinte. A ce journal se m\u00ealent les images d\u2019un amour finissant et celles furtives du pays perdu de son p\u00e8re.<\/p>\n<p class=\"bodytext\">D\u2019une \u00e9mouvante po\u00e9sie ce double r\u00e9cit nous invite \u00e0 \u00e9couter le silence de ces enfants aux bois dormants pour qui la tendresse, l\u2019amour, la danse sont des princes charmants.<\/p>\n","protected":false},"excerpt":{"rendered":"<p><strong>Auteur\u00b7e\u00b7s :<\/strong> Marie Desplechin &amp; Thierry Thieu Niang<br \/>\n<strong>Editeur :<\/strong> Editions des Busclats (2018)<\/p>\n<p><strong>Broch\u00e9 :<\/strong> 100 pages<br \/>\n<strong>Langue :<\/strong> Fran\u00e7ais<br \/>\n<strong>ISBN13 :<\/strong> 978-2361661403<\/p>\n","protected":false},"featured_media":7490,"template":"","meta":[],"product_brand":[],"product_cat":[227,162,242],"product_tag":[],"class_list":{"0":"post-7491","1":"product","2":"type-product","3":"status-publish","4":"has-post-thumbnail","6":"product_cat-essays-en","7":"product_cat-french-en","8":"product_cat-medecine-health-en","10":"first","11":"outofstock","12":"taxable","13":"shipping-taxable","14":"purchasable","15":"product-type-simple"},"yoast_head":"<!-- This site is optimized with the Yoast SEO plugin v27.5 - https:\/\/yoast.com\/product\/yoast-seo-wordpress\/ -->\n<title>Au bois dormant - Books on the Move<\/title>\n<meta name=\"robots\" content=\"index, follow, max-snippet:-1, max-image-preview:large, max-video-preview:-1\" \/>\n<link rel=\"canonical\" href=\"https:\/\/www.booksonthemove.fr\/produit\/au-bois-dormant\/\" \/>\n<meta property=\"og:locale\" content=\"en_US\" \/>\n<meta property=\"og:type\" content=\"article\" \/>\n<meta property=\"og:title\" content=\"Au bois dormant - Books on the Move\" \/>\n<meta property=\"og:description\" content=\"Auteur\u00b7e\u00b7s : Marie Desplechin &amp; Thierry Thieu Niang Editeur : Editions des Busclats (2018)  Broch\u00e9 : 100 pages Langue : Fran\u00e7ais ISBN13 : 978-2361661403\" \/>\n<meta property=\"og:url\" content=\"https:\/\/www.booksonthemove.fr\/produit\/au-bois-dormant\/\" \/>\n<meta property=\"og:site_name\" content=\"Books on the Move\" \/>\n<meta property=\"article:publisher\" content=\"https:\/\/www.facebook.com\/Librairiebooksonthemove\/\" \/>\n<meta property=\"article:modified_time\" content=\"2024-10-08T18:20:32+00:00\" \/>\n<meta property=\"og:image\" content=\"https:\/\/www.booksonthemove.fr\/media\/1646486828-1.jpeg\" \/>\n\t<meta property=\"og:image:width\" content=\"450\" \/>\n\t<meta property=\"og:image:height\" content=\"780\" \/>\n\t<meta property=\"og:image:type\" content=\"image\/jpeg\" \/>\n<meta name=\"twitter:card\" content=\"summary_large_image\" \/>\n<script type=\"application\/ld+json\" class=\"yoast-schema-graph\">{\"@context\":\"https:\\\/\\\/schema.org\",\"@graph\":[{\"@type\":\"WebPage\",\"@id\":\"https:\\\/\\\/www.booksonthemove.fr\\\/produit\\\/au-bois-dormant\\\/\",\"url\":\"https:\\\/\\\/www.booksonthemove.fr\\\/produit\\\/au-bois-dormant\\\/\",\"name\":\"Au bois dormant - Books on the Move\",\"isPartOf\":{\"@id\":\"https:\\\/\\\/www.booksonthemove.fr\\\/#website\"},\"primaryImageOfPage\":{\"@id\":\"https:\\\/\\\/www.booksonthemove.fr\\\/produit\\\/au-bois-dormant\\\/#primaryimage\"},\"image\":{\"@id\":\"https:\\\/\\\/www.booksonthemove.fr\\\/produit\\\/au-bois-dormant\\\/#primaryimage\"},\"thumbnailUrl\":\"https:\\\/\\\/www.booksonthemove.fr\\\/media\\\/1646486828-1.jpeg\",\"datePublished\":\"2019-09-20T08:45:15+00:00\",\"dateModified\":\"2024-10-08T18:20:32+00:00\",\"breadcrumb\":{\"@id\":\"https:\\\/\\\/www.booksonthemove.fr\\\/produit\\\/au-bois-dormant\\\/#breadcrumb\"},\"inLanguage\":\"en-US\",\"potentialAction\":[{\"@type\":\"ReadAction\",\"target\":[\"https:\\\/\\\/www.booksonthemove.fr\\\/produit\\\/au-bois-dormant\\\/\"]}]},{\"@type\":\"ImageObject\",\"inLanguage\":\"en-US\",\"@id\":\"https:\\\/\\\/www.booksonthemove.fr\\\/produit\\\/au-bois-dormant\\\/#primaryimage\",\"url\":\"https:\\\/\\\/www.booksonthemove.fr\\\/media\\\/1646486828-1.jpeg\",\"contentUrl\":\"https:\\\/\\\/www.booksonthemove.fr\\\/media\\\/1646486828-1.jpeg\",\"width\":450,\"height\":780},{\"@type\":\"BreadcrumbList\",\"@id\":\"https:\\\/\\\/www.booksonthemove.fr\\\/produit\\\/au-bois-dormant\\\/#breadcrumb\",\"itemListElement\":[{\"@type\":\"ListItem\",\"position\":1,\"name\":\"Accueil\",\"item\":\"https:\\\/\\\/www.booksonthemove.fr\\\/en\\\/\"},{\"@type\":\"ListItem\",\"position\":2,\"name\":\"online store\",\"item\":\"https:\\\/\\\/www.booksonthemove.fr\\\/en\\\/online-shop\\\/\"},{\"@type\":\"ListItem\",\"position\":3,\"name\":\"Au bois dormant\"}]},{\"@type\":\"WebSite\",\"@id\":\"https:\\\/\\\/www.booksonthemove.fr\\\/#website\",\"url\":\"https:\\\/\\\/www.booksonthemove.fr\\\/\",\"name\":\"Books on the Move\",\"description\":\"librairie nomade - danse - mouvement - performance\",\"publisher\":{\"@id\":\"https:\\\/\\\/www.booksonthemove.fr\\\/#organization\"},\"potentialAction\":[{\"@type\":\"SearchAction\",\"target\":{\"@type\":\"EntryPoint\",\"urlTemplate\":\"https:\\\/\\\/www.booksonthemove.fr\\\/?s={search_term_string}\"},\"query-input\":{\"@type\":\"PropertyValueSpecification\",\"valueRequired\":true,\"valueName\":\"search_term_string\"}}],\"inLanguage\":\"en-US\"},{\"@type\":\"Organization\",\"@id\":\"https:\\\/\\\/www.booksonthemove.fr\\\/#organization\",\"name\":\"Books on the Move\",\"url\":\"https:\\\/\\\/www.booksonthemove.fr\\\/\",\"logo\":{\"@type\":\"ImageObject\",\"inLanguage\":\"en-US\",\"@id\":\"https:\\\/\\\/www.booksonthemove.fr\\\/#\\\/schema\\\/logo\\\/image\\\/\",\"url\":\"https:\\\/\\\/www.booksonthemove.fr\\\/media\\\/logo-NB-400.jpg\",\"contentUrl\":\"https:\\\/\\\/www.booksonthemove.fr\\\/media\\\/logo-NB-400.jpg\",\"width\":400,\"height\":143,\"caption\":\"Books on the Move\"},\"image\":{\"@id\":\"https:\\\/\\\/www.booksonthemove.fr\\\/#\\\/schema\\\/logo\\\/image\\\/\"},\"sameAs\":[\"https:\\\/\\\/www.facebook.com\\\/Librairiebooksonthemove\\\/\"]}]}<\/script>\n<!-- \/ Yoast SEO plugin. -->","yoast_head_json":{"title":"Au bois dormant - Books on the Move","robots":{"index":"index","follow":"follow","max-snippet":"max-snippet:-1","max-image-preview":"max-image-preview:large","max-video-preview":"max-video-preview:-1"},"canonical":"https:\/\/www.booksonthemove.fr\/produit\/au-bois-dormant\/","og_locale":"en_US","og_type":"article","og_title":"Au bois dormant - Books on the Move","og_description":"Auteur\u00b7e\u00b7s : Marie Desplechin &amp; Thierry Thieu Niang Editeur : Editions des Busclats (2018)  Broch\u00e9 : 100 pages Langue : Fran\u00e7ais ISBN13 : 978-2361661403","og_url":"https:\/\/www.booksonthemove.fr\/produit\/au-bois-dormant\/","og_site_name":"Books on the Move","article_publisher":"https:\/\/www.facebook.com\/Librairiebooksonthemove\/","article_modified_time":"2024-10-08T18:20:32+00:00","og_image":[{"width":450,"height":780,"url":"https:\/\/www.booksonthemove.fr\/media\/1646486828-1.jpeg","type":"image\/jpeg"}],"twitter_card":"summary_large_image","schema":{"@context":"https:\/\/schema.org","@graph":[{"@type":"WebPage","@id":"https:\/\/www.booksonthemove.fr\/produit\/au-bois-dormant\/","url":"https:\/\/www.booksonthemove.fr\/produit\/au-bois-dormant\/","name":"Au bois dormant - Books on the Move","isPartOf":{"@id":"https:\/\/www.booksonthemove.fr\/#website"},"primaryImageOfPage":{"@id":"https:\/\/www.booksonthemove.fr\/produit\/au-bois-dormant\/#primaryimage"},"image":{"@id":"https:\/\/www.booksonthemove.fr\/produit\/au-bois-dormant\/#primaryimage"},"thumbnailUrl":"https:\/\/www.booksonthemove.fr\/media\/1646486828-1.jpeg","datePublished":"2019-09-20T08:45:15+00:00","dateModified":"2024-10-08T18:20:32+00:00","breadcrumb":{"@id":"https:\/\/www.booksonthemove.fr\/produit\/au-bois-dormant\/#breadcrumb"},"inLanguage":"en-US","potentialAction":[{"@type":"ReadAction","target":["https:\/\/www.booksonthemove.fr\/produit\/au-bois-dormant\/"]}]},{"@type":"ImageObject","inLanguage":"en-US","@id":"https:\/\/www.booksonthemove.fr\/produit\/au-bois-dormant\/#primaryimage","url":"https:\/\/www.booksonthemove.fr\/media\/1646486828-1.jpeg","contentUrl":"https:\/\/www.booksonthemove.fr\/media\/1646486828-1.jpeg","width":450,"height":780},{"@type":"BreadcrumbList","@id":"https:\/\/www.booksonthemove.fr\/produit\/au-bois-dormant\/#breadcrumb","itemListElement":[{"@type":"ListItem","position":1,"name":"Accueil","item":"https:\/\/www.booksonthemove.fr\/en\/"},{"@type":"ListItem","position":2,"name":"online store","item":"https:\/\/www.booksonthemove.fr\/en\/online-shop\/"},{"@type":"ListItem","position":3,"name":"Au bois dormant"}]},{"@type":"WebSite","@id":"https:\/\/www.booksonthemove.fr\/#website","url":"https:\/\/www.booksonthemove.fr\/","name":"Books on the Move","description":"librairie nomade - danse - mouvement - performance","publisher":{"@id":"https:\/\/www.booksonthemove.fr\/#organization"},"potentialAction":[{"@type":"SearchAction","target":{"@type":"EntryPoint","urlTemplate":"https:\/\/www.booksonthemove.fr\/?s={search_term_string}"},"query-input":{"@type":"PropertyValueSpecification","valueRequired":true,"valueName":"search_term_string"}}],"inLanguage":"en-US"},{"@type":"Organization","@id":"https:\/\/www.booksonthemove.fr\/#organization","name":"Books on the Move","url":"https:\/\/www.booksonthemove.fr\/","logo":{"@type":"ImageObject","inLanguage":"en-US","@id":"https:\/\/www.booksonthemove.fr\/#\/schema\/logo\/image\/","url":"https:\/\/www.booksonthemove.fr\/media\/logo-NB-400.jpg","contentUrl":"https:\/\/www.booksonthemove.fr\/media\/logo-NB-400.jpg","width":400,"height":143,"caption":"Books on the Move"},"image":{"@id":"https:\/\/www.booksonthemove.fr\/#\/schema\/logo\/image\/"},"sameAs":["https:\/\/www.facebook.com\/Librairiebooksonthemove\/"]}]}},"_links":{"self":[{"href":"https:\/\/www.booksonthemove.fr\/en\/wp-json\/wp\/v2\/product\/7491","targetHints":{"allow":["GET"]}}],"collection":[{"href":"https:\/\/www.booksonthemove.fr\/en\/wp-json\/wp\/v2\/product"}],"about":[{"href":"https:\/\/www.booksonthemove.fr\/en\/wp-json\/wp\/v2\/types\/product"}],"wp:featuredmedia":[{"embeddable":true,"href":"https:\/\/www.booksonthemove.fr\/en\/wp-json\/wp\/v2\/media\/7490"}],"wp:attachment":[{"href":"https:\/\/www.booksonthemove.fr\/en\/wp-json\/wp\/v2\/media?parent=7491"}],"wp:term":[{"taxonomy":"product_brand","embeddable":true,"href":"https:\/\/www.booksonthemove.fr\/en\/wp-json\/wp\/v2\/product_brand?post=7491"},{"taxonomy":"product_cat","embeddable":true,"href":"https:\/\/www.booksonthemove.fr\/en\/wp-json\/wp\/v2\/product_cat?post=7491"},{"taxonomy":"product_tag","embeddable":true,"href":"https:\/\/www.booksonthemove.fr\/en\/wp-json\/wp\/v2\/product_tag?post=7491"}],"curies":[{"name":"wp","href":"https:\/\/api.w.org\/{rel}","templated":true}]}}