{"id":7534,"date":"2019-09-20T12:09:46","date_gmt":"2019-09-20T10:09:46","guid":{"rendered":"https:\/\/www.booksonthemove.fr\/produit\/album-francoise-dominique-dupuy\/"},"modified":"2024-10-08T20:20:19","modified_gmt":"2024-10-08T18:20:19","slug":"album-francoise-dominique-dupuy","status":"publish","type":"product","link":"https:\/\/www.booksonthemove.fr\/en\/produit\/album-francoise-dominique-dupuy\/","title":{"rendered":"Album &#8211; Fran\u00e7oise &#038; Dominique Dupuy"},"content":{"rendered":"<div class=\"teaser\">\n<p class=\"bodytext\">Retour en photographies sur un demi-si\u00e8cle de carri\u00e8re de ce couple de danseurs et chor\u00e9graphes, pionniers de la danse moderne en France.<\/p>\n<p class=\"bodytext\">M\u00eame en images, on est loin d&#8217;un r\u00e9cit de vie.<\/p>\n<p class=\"bodytext\">Des dates, oui, mais en ordre dispers\u00e9.<\/p>\n<p class=\"bodytext\">Un parcours, oui, mais en \u00e9clats, l&#8217;\u00e9tincelle des \u0153uvres provoquant l&#8217;entrechoc des ans.<\/p>\n<p class=\"bodytext\">Dislocation, qui cr\u00e9e le lieu d&#8217;\u00e9mergence d&#8217;une sorte de danse des images. Rien d&#8217;autre que ceux qui dansent, et leur profond silence, pris sur le vif, comme en flagrant d\u00e9lit ou \u00e0 l&#8217;arr\u00eat, comme pris en consid\u00e9ration.<\/p>\n<p class=\"bodytext\">Les mots, sans venir sus aux images, viennent apr\u00e8s, en sus ; ils n&#8217;expliquent rien, font une sorte de constat, n&#8217;ayant peut-\u00eatre rien \u00e0 imposer, et c&#8217;est bien ainsi.<\/p>\n<p class=\"bodytext\">Images et mots qui semblent tout simplement dire :<\/p>\n<p class=\"bodytext\">\u00ab vous dansiez, j&#8217;en suis fort aise, eh bien, dansons maintenant. \u00bb<\/p>\n<p class=\"bodytext\"><span class=\"csc-sword\">Fran\u00e7oise<\/span> &amp; <span class=\"csc-sword\">Dominique<\/span> <span class=\"csc-sword\">Dupuy<\/span>.<\/p>\n<p class=\"bodytext\">La danse de <span class=\"csc-sword\">Fran\u00e7oise<\/span> et <span class=\"csc-sword\">Dominique<\/span> <span class=\"csc-sword\">Dupuy<\/span> incarne \u00ab l&#8217;humaine pr\u00e9sence au monde \u00bb (<span class=\"csc-sword\">Fran\u00e7oise<\/span> <span class=\"csc-sword\">Dupuy<\/span>). Cet Album est construit sur la recherche d&#8217;une telle quintessence au monde de ce couple de danseurs dont le travail traverse un demi-si\u00e8cle depuis les ann\u00e9es 1950. L&#8217;ouvrage partage une \u00e9criture de la danse par l&#8217;image photographique. N+N Corsino, concepteurs de l&#8217;ouvrage, retiennent avec minutie certains portraits en action de <span class=\"csc-sword\">Fran\u00e7oise<\/span> et <span class=\"csc-sword\">Dominique<\/span> <span class=\"csc-sword\">Dupuy<\/span>, certains moments vol\u00e9s de r\u00e9p\u00e9tition ou de pause.<\/p>\n<\/div>\n","protected":false},"excerpt":{"rendered":"<p>Auteurs: N+N Corsino et Eugenia Casini Ropa<br \/>\nEditeur: Analogues (2017)<\/p>\n<p>Broch\u00e9: 192 pages<br \/>\nLangue: Fran\u00e7ais<br \/>\nISBN13: 978-2-35864-102-9<\/p>\n","protected":false},"featured_media":7532,"template":"","meta":[],"product_brand":[],"product_cat":[153],"product_tag":[],"class_list":{"0":"post-7534","1":"product","2":"type-product","3":"status-publish","4":"has-post-thumbnail","6":"product_cat-biographies-autobiographies-en","8":"first","9":"outofstock","10":"taxable","11":"shipping-taxable","12":"purchasable","13":"product-type-simple"},"yoast_head":"<!-- This site is optimized with the Yoast SEO plugin v27.4 - https:\/\/yoast.com\/product\/yoast-seo-wordpress\/ -->\n<title>Album - Fran\u00e7oise &amp; Dominique Dupuy - Books on the Move<\/title>\n<meta name=\"robots\" content=\"index, follow, max-snippet:-1, max-image-preview:large, max-video-preview:-1\" \/>\n<link rel=\"canonical\" href=\"https:\/\/www.booksonthemove.fr\/produit\/album-francoise-dominique-dupuy\/\" \/>\n<meta property=\"og:locale\" content=\"en_US\" \/>\n<meta property=\"og:type\" content=\"article\" \/>\n<meta property=\"og:title\" content=\"Album - Fran\u00e7oise &amp; Dominique Dupuy - Books on the Move\" \/>\n<meta property=\"og:description\" content=\"Auteurs: N+N Corsino et Eugenia Casini Ropa Editeur: Analogues (2017)  Broch\u00e9: 192 pages Langue: Fran\u00e7ais ISBN13: 978-2-35864-102-9\" \/>\n<meta property=\"og:url\" content=\"https:\/\/www.booksonthemove.fr\/produit\/album-francoise-dominique-dupuy\/\" \/>\n<meta property=\"og:site_name\" content=\"Books on the Move\" \/>\n<meta property=\"article:publisher\" content=\"https:\/\/www.facebook.com\/Librairiebooksonthemove\/\" \/>\n<meta property=\"article:modified_time\" content=\"2024-10-08T18:20:19+00:00\" \/>\n<meta property=\"og:image\" content=\"https:\/\/www.booksonthemove.fr\/media\/bom_1779_reduced.jpeg\" \/>\n\t<meta property=\"og:image:width\" content=\"900\" \/>\n\t<meta property=\"og:image:height\" content=\"1186\" \/>\n\t<meta property=\"og:image:type\" content=\"image\/jpeg\" \/>\n<meta name=\"twitter:card\" content=\"summary_large_image\" \/>\n<script type=\"application\/ld+json\" class=\"yoast-schema-graph\">{\"@context\":\"https:\\\/\\\/schema.org\",\"@graph\":[{\"@type\":\"WebPage\",\"@id\":\"https:\\\/\\\/www.booksonthemove.fr\\\/produit\\\/album-francoise-dominique-dupuy\\\/\",\"url\":\"https:\\\/\\\/www.booksonthemove.fr\\\/produit\\\/album-francoise-dominique-dupuy\\\/\",\"name\":\"Album - Fran\u00e7oise & Dominique Dupuy - Books on the Move\",\"isPartOf\":{\"@id\":\"https:\\\/\\\/www.booksonthemove.fr\\\/#website\"},\"primaryImageOfPage\":{\"@id\":\"https:\\\/\\\/www.booksonthemove.fr\\\/produit\\\/album-francoise-dominique-dupuy\\\/#primaryimage\"},\"image\":{\"@id\":\"https:\\\/\\\/www.booksonthemove.fr\\\/produit\\\/album-francoise-dominique-dupuy\\\/#primaryimage\"},\"thumbnailUrl\":\"https:\\\/\\\/www.booksonthemove.fr\\\/media\\\/bom_1779_reduced.jpeg\",\"datePublished\":\"2019-09-20T10:09:46+00:00\",\"dateModified\":\"2024-10-08T18:20:19+00:00\",\"breadcrumb\":{\"@id\":\"https:\\\/\\\/www.booksonthemove.fr\\\/produit\\\/album-francoise-dominique-dupuy\\\/#breadcrumb\"},\"inLanguage\":\"en-US\",\"potentialAction\":[{\"@type\":\"ReadAction\",\"target\":[\"https:\\\/\\\/www.booksonthemove.fr\\\/produit\\\/album-francoise-dominique-dupuy\\\/\"]}]},{\"@type\":\"ImageObject\",\"inLanguage\":\"en-US\",\"@id\":\"https:\\\/\\\/www.booksonthemove.fr\\\/produit\\\/album-francoise-dominique-dupuy\\\/#primaryimage\",\"url\":\"https:\\\/\\\/www.booksonthemove.fr\\\/media\\\/bom_1779_reduced.jpeg\",\"contentUrl\":\"https:\\\/\\\/www.booksonthemove.fr\\\/media\\\/bom_1779_reduced.jpeg\",\"width\":900,\"height\":1186},{\"@type\":\"BreadcrumbList\",\"@id\":\"https:\\\/\\\/www.booksonthemove.fr\\\/produit\\\/album-francoise-dominique-dupuy\\\/#breadcrumb\",\"itemListElement\":[{\"@type\":\"ListItem\",\"position\":1,\"name\":\"Accueil\",\"item\":\"https:\\\/\\\/www.booksonthemove.fr\\\/en\\\/\"},{\"@type\":\"ListItem\",\"position\":2,\"name\":\"online store\",\"item\":\"https:\\\/\\\/www.booksonthemove.fr\\\/en\\\/online-shop\\\/\"},{\"@type\":\"ListItem\",\"position\":3,\"name\":\"Album &#8211; Fran\u00e7oise &#038; Dominique Dupuy\"}]},{\"@type\":\"WebSite\",\"@id\":\"https:\\\/\\\/www.booksonthemove.fr\\\/#website\",\"url\":\"https:\\\/\\\/www.booksonthemove.fr\\\/\",\"name\":\"Books on the Move\",\"description\":\"librairie nomade - danse - mouvement - performance\",\"publisher\":{\"@id\":\"https:\\\/\\\/www.booksonthemove.fr\\\/#organization\"},\"potentialAction\":[{\"@type\":\"SearchAction\",\"target\":{\"@type\":\"EntryPoint\",\"urlTemplate\":\"https:\\\/\\\/www.booksonthemove.fr\\\/?s={search_term_string}\"},\"query-input\":{\"@type\":\"PropertyValueSpecification\",\"valueRequired\":true,\"valueName\":\"search_term_string\"}}],\"inLanguage\":\"en-US\"},{\"@type\":\"Organization\",\"@id\":\"https:\\\/\\\/www.booksonthemove.fr\\\/#organization\",\"name\":\"Books on the Move\",\"url\":\"https:\\\/\\\/www.booksonthemove.fr\\\/\",\"logo\":{\"@type\":\"ImageObject\",\"inLanguage\":\"en-US\",\"@id\":\"https:\\\/\\\/www.booksonthemove.fr\\\/#\\\/schema\\\/logo\\\/image\\\/\",\"url\":\"https:\\\/\\\/www.booksonthemove.fr\\\/media\\\/logo-NB-400.jpg\",\"contentUrl\":\"https:\\\/\\\/www.booksonthemove.fr\\\/media\\\/logo-NB-400.jpg\",\"width\":400,\"height\":143,\"caption\":\"Books on the Move\"},\"image\":{\"@id\":\"https:\\\/\\\/www.booksonthemove.fr\\\/#\\\/schema\\\/logo\\\/image\\\/\"},\"sameAs\":[\"https:\\\/\\\/www.facebook.com\\\/Librairiebooksonthemove\\\/\"]}]}<\/script>\n<!-- \/ Yoast SEO plugin. -->","yoast_head_json":{"title":"Album - Fran\u00e7oise & Dominique Dupuy - Books on the Move","robots":{"index":"index","follow":"follow","max-snippet":"max-snippet:-1","max-image-preview":"max-image-preview:large","max-video-preview":"max-video-preview:-1"},"canonical":"https:\/\/www.booksonthemove.fr\/produit\/album-francoise-dominique-dupuy\/","og_locale":"en_US","og_type":"article","og_title":"Album - Fran\u00e7oise & Dominique Dupuy - Books on the Move","og_description":"Auteurs: N+N Corsino et Eugenia Casini Ropa Editeur: Analogues (2017)  Broch\u00e9: 192 pages Langue: Fran\u00e7ais ISBN13: 978-2-35864-102-9","og_url":"https:\/\/www.booksonthemove.fr\/produit\/album-francoise-dominique-dupuy\/","og_site_name":"Books on the Move","article_publisher":"https:\/\/www.facebook.com\/Librairiebooksonthemove\/","article_modified_time":"2024-10-08T18:20:19+00:00","og_image":[{"width":900,"height":1186,"url":"https:\/\/www.booksonthemove.fr\/media\/bom_1779_reduced.jpeg","type":"image\/jpeg"}],"twitter_card":"summary_large_image","schema":{"@context":"https:\/\/schema.org","@graph":[{"@type":"WebPage","@id":"https:\/\/www.booksonthemove.fr\/produit\/album-francoise-dominique-dupuy\/","url":"https:\/\/www.booksonthemove.fr\/produit\/album-francoise-dominique-dupuy\/","name":"Album - Fran\u00e7oise & Dominique Dupuy - Books on the Move","isPartOf":{"@id":"https:\/\/www.booksonthemove.fr\/#website"},"primaryImageOfPage":{"@id":"https:\/\/www.booksonthemove.fr\/produit\/album-francoise-dominique-dupuy\/#primaryimage"},"image":{"@id":"https:\/\/www.booksonthemove.fr\/produit\/album-francoise-dominique-dupuy\/#primaryimage"},"thumbnailUrl":"https:\/\/www.booksonthemove.fr\/media\/bom_1779_reduced.jpeg","datePublished":"2019-09-20T10:09:46+00:00","dateModified":"2024-10-08T18:20:19+00:00","breadcrumb":{"@id":"https:\/\/www.booksonthemove.fr\/produit\/album-francoise-dominique-dupuy\/#breadcrumb"},"inLanguage":"en-US","potentialAction":[{"@type":"ReadAction","target":["https:\/\/www.booksonthemove.fr\/produit\/album-francoise-dominique-dupuy\/"]}]},{"@type":"ImageObject","inLanguage":"en-US","@id":"https:\/\/www.booksonthemove.fr\/produit\/album-francoise-dominique-dupuy\/#primaryimage","url":"https:\/\/www.booksonthemove.fr\/media\/bom_1779_reduced.jpeg","contentUrl":"https:\/\/www.booksonthemove.fr\/media\/bom_1779_reduced.jpeg","width":900,"height":1186},{"@type":"BreadcrumbList","@id":"https:\/\/www.booksonthemove.fr\/produit\/album-francoise-dominique-dupuy\/#breadcrumb","itemListElement":[{"@type":"ListItem","position":1,"name":"Accueil","item":"https:\/\/www.booksonthemove.fr\/en\/"},{"@type":"ListItem","position":2,"name":"online store","item":"https:\/\/www.booksonthemove.fr\/en\/online-shop\/"},{"@type":"ListItem","position":3,"name":"Album &#8211; Fran\u00e7oise &#038; Dominique Dupuy"}]},{"@type":"WebSite","@id":"https:\/\/www.booksonthemove.fr\/#website","url":"https:\/\/www.booksonthemove.fr\/","name":"Books on the Move","description":"librairie nomade - danse - mouvement - performance","publisher":{"@id":"https:\/\/www.booksonthemove.fr\/#organization"},"potentialAction":[{"@type":"SearchAction","target":{"@type":"EntryPoint","urlTemplate":"https:\/\/www.booksonthemove.fr\/?s={search_term_string}"},"query-input":{"@type":"PropertyValueSpecification","valueRequired":true,"valueName":"search_term_string"}}],"inLanguage":"en-US"},{"@type":"Organization","@id":"https:\/\/www.booksonthemove.fr\/#organization","name":"Books on the Move","url":"https:\/\/www.booksonthemove.fr\/","logo":{"@type":"ImageObject","inLanguage":"en-US","@id":"https:\/\/www.booksonthemove.fr\/#\/schema\/logo\/image\/","url":"https:\/\/www.booksonthemove.fr\/media\/logo-NB-400.jpg","contentUrl":"https:\/\/www.booksonthemove.fr\/media\/logo-NB-400.jpg","width":400,"height":143,"caption":"Books on the Move"},"image":{"@id":"https:\/\/www.booksonthemove.fr\/#\/schema\/logo\/image\/"},"sameAs":["https:\/\/www.facebook.com\/Librairiebooksonthemove\/"]}]}},"_links":{"self":[{"href":"https:\/\/www.booksonthemove.fr\/en\/wp-json\/wp\/v2\/product\/7534","targetHints":{"allow":["GET"]}}],"collection":[{"href":"https:\/\/www.booksonthemove.fr\/en\/wp-json\/wp\/v2\/product"}],"about":[{"href":"https:\/\/www.booksonthemove.fr\/en\/wp-json\/wp\/v2\/types\/product"}],"wp:featuredmedia":[{"embeddable":true,"href":"https:\/\/www.booksonthemove.fr\/en\/wp-json\/wp\/v2\/media\/7532"}],"wp:attachment":[{"href":"https:\/\/www.booksonthemove.fr\/en\/wp-json\/wp\/v2\/media?parent=7534"}],"wp:term":[{"taxonomy":"product_brand","embeddable":true,"href":"https:\/\/www.booksonthemove.fr\/en\/wp-json\/wp\/v2\/product_brand?post=7534"},{"taxonomy":"product_cat","embeddable":true,"href":"https:\/\/www.booksonthemove.fr\/en\/wp-json\/wp\/v2\/product_cat?post=7534"},{"taxonomy":"product_tag","embeddable":true,"href":"https:\/\/www.booksonthemove.fr\/en\/wp-json\/wp\/v2\/product_tag?post=7534"}],"curies":[{"name":"wp","href":"https:\/\/api.w.org\/{rel}","templated":true}]}}