{"id":7711,"date":"2019-09-24T16:29:12","date_gmt":"2019-09-24T14:29:12","guid":{"rendered":"https:\/\/www.booksonthemove.fr\/produit\/gestualites-textualites-en-danse-contemporaine\/"},"modified":"2022-09-21T21:05:01","modified_gmt":"2022-09-21T19:05:01","slug":"gestualites-textualites-en-danse-contemporaine","status":"publish","type":"product","link":"https:\/\/www.booksonthemove.fr\/en\/produit\/gestualites-textualites-en-danse-contemporaine\/","title":{"rendered":"Gestualit\u00e9s\/Textualit\u00e9s en danse contemporaine"},"content":{"rendered":"<p class=\"bodytext\">Cet ouvrage se situe \u00e0 la crois\u00e9e des recherches en danse contemporaine et des \u00e9tudes litt\u00e9raires, th\u00e9\u00e2trales et de la performance. Gestualit\u00e9s et textualit\u00e9s, leurs relations, leurs tensions, d\u00e9limitent un angle pour aborder la danse contemporaine. On voit se multiplier de nos jours, et sous toutes leurs formes, les croisements du verbal et du kin\u00e9tique, ainsi que les collaborations entre \u00e9crivains et chor\u00e9graphes. Pourquoi ces rencontres du texte et du geste ont-elles lieu ? Quels rapports entretiennent aujourd\u2019hui corps et voix, gestes et mots, danse et parole, chor\u00e9graphie et \u00e9criture ?<\/p>\n<p class=\"bodytext\">Ce volume, d\u00e9lib\u00e9r\u00e9ment interdisciplinaire, rassemble les contributions de chercheurs en danse, en litt\u00e9rature, en \u00e9tudes th\u00e9\u00e2trales et en philosophie de l\u2019art, ainsi que des entretiens avec des chor\u00e9graphes majeurs de la sc\u00e8ne contemporaine (Olivia Grandville, Maguy Marin, Mathilde Monnier, Andrea Sitter).<\/p>\n","protected":false},"excerpt":{"rendered":"<div class=\"com-single-desc\">\n<p class=\"bodytext\">Auteurs: ouvrage collectif sous la direction Stefano Genetti, Chantal Lapeyre, Fr\u00e9d\u00e9ric Pouillaude<br \/>\nEditeur: Les \u00e9ditions Hermann (2018)<\/p>\n<p>Broch\u00e9: 404 pages<br \/>\nLangue: Fran\u00e7ais<br \/>\nISBN13: 978 2 70569 722 8<\/p>\n<\/div>\n","protected":false},"featured_media":7710,"template":"","meta":[],"product_brand":[],"product_cat":[215,162,219],"product_tag":[],"class_list":{"0":"post-7711","1":"product","2":"type-product","3":"status-publish","4":"has-post-thumbnail","6":"product_cat-symposiums-conferences-en","7":"product_cat-french-en","8":"product_cat-literature-en","10":"first","11":"onbackorder","12":"taxable","13":"shipping-taxable","14":"purchasable","15":"product-type-simple"},"yoast_head":"<!-- This site is optimized with the Yoast SEO plugin v27.5 - https:\/\/yoast.com\/product\/yoast-seo-wordpress\/ -->\n<title>Gestualit\u00e9s\/Textualit\u00e9s en danse contemporaine - Books on the Move<\/title>\n<meta name=\"robots\" content=\"index, follow, max-snippet:-1, max-image-preview:large, max-video-preview:-1\" \/>\n<link rel=\"canonical\" href=\"https:\/\/www.booksonthemove.fr\/en\/produit\/gestualites-textualites-en-danse-contemporaine\/\" \/>\n<meta property=\"og:locale\" content=\"en_US\" \/>\n<meta property=\"og:type\" content=\"article\" \/>\n<meta property=\"og:title\" content=\"Gestualit\u00e9s\/Textualit\u00e9s en danse contemporaine - Books on the Move\" \/>\n<meta property=\"og:description\" content=\"Auteurs: ouvrage collectif sous la direction Stefano Genetti, Chantal Lapeyre, Fr\u00e9d\u00e9ric Pouillaude Editeur: Les \u00e9ditions Hermann (2018) Broch\u00e9: 404 pages Langue: Fran\u00e7ais ISBN13: 978 2 70569 722 8\" \/>\n<meta property=\"og:url\" content=\"https:\/\/www.booksonthemove.fr\/en\/produit\/gestualites-textualites-en-danse-contemporaine\/\" \/>\n<meta property=\"og:site_name\" content=\"Books on the Move\" \/>\n<meta property=\"article:publisher\" content=\"https:\/\/www.facebook.com\/Librairiebooksonthemove\/\" \/>\n<meta property=\"article:modified_time\" content=\"2022-09-21T19:05:01+00:00\" \/>\n<meta property=\"og:image\" content=\"https:\/\/www.booksonthemove.fr\/media\/bom_1942.jpeg\" \/>\n\t<meta property=\"og:image:width\" content=\"600\" \/>\n\t<meta property=\"og:image:height\" content=\"904\" \/>\n\t<meta property=\"og:image:type\" content=\"image\/jpeg\" \/>\n<meta name=\"twitter:card\" content=\"summary_large_image\" \/>\n<script type=\"application\/ld+json\" class=\"yoast-schema-graph\">{\"@context\":\"https:\\\/\\\/schema.org\",\"@graph\":[{\"@type\":\"WebPage\",\"@id\":\"https:\\\/\\\/www.booksonthemove.fr\\\/en\\\/produit\\\/gestualites-textualites-en-danse-contemporaine\\\/\",\"url\":\"https:\\\/\\\/www.booksonthemove.fr\\\/en\\\/produit\\\/gestualites-textualites-en-danse-contemporaine\\\/\",\"name\":\"Gestualit\u00e9s\\\/Textualit\u00e9s en danse contemporaine - Books on the Move\",\"isPartOf\":{\"@id\":\"https:\\\/\\\/www.booksonthemove.fr\\\/#website\"},\"primaryImageOfPage\":{\"@id\":\"https:\\\/\\\/www.booksonthemove.fr\\\/en\\\/produit\\\/gestualites-textualites-en-danse-contemporaine\\\/#primaryimage\"},\"image\":{\"@id\":\"https:\\\/\\\/www.booksonthemove.fr\\\/en\\\/produit\\\/gestualites-textualites-en-danse-contemporaine\\\/#primaryimage\"},\"thumbnailUrl\":\"https:\\\/\\\/www.booksonthemove.fr\\\/media\\\/bom_1942.jpeg\",\"datePublished\":\"2019-09-24T14:29:12+00:00\",\"dateModified\":\"2022-09-21T19:05:01+00:00\",\"breadcrumb\":{\"@id\":\"https:\\\/\\\/www.booksonthemove.fr\\\/en\\\/produit\\\/gestualites-textualites-en-danse-contemporaine\\\/#breadcrumb\"},\"inLanguage\":\"en-US\",\"potentialAction\":[{\"@type\":\"ReadAction\",\"target\":[\"https:\\\/\\\/www.booksonthemove.fr\\\/en\\\/produit\\\/gestualites-textualites-en-danse-contemporaine\\\/\"]}]},{\"@type\":\"ImageObject\",\"inLanguage\":\"en-US\",\"@id\":\"https:\\\/\\\/www.booksonthemove.fr\\\/en\\\/produit\\\/gestualites-textualites-en-danse-contemporaine\\\/#primaryimage\",\"url\":\"https:\\\/\\\/www.booksonthemove.fr\\\/media\\\/bom_1942.jpeg\",\"contentUrl\":\"https:\\\/\\\/www.booksonthemove.fr\\\/media\\\/bom_1942.jpeg\",\"width\":600,\"height\":904},{\"@type\":\"BreadcrumbList\",\"@id\":\"https:\\\/\\\/www.booksonthemove.fr\\\/en\\\/produit\\\/gestualites-textualites-en-danse-contemporaine\\\/#breadcrumb\",\"itemListElement\":[{\"@type\":\"ListItem\",\"position\":1,\"name\":\"Accueil\",\"item\":\"https:\\\/\\\/www.booksonthemove.fr\\\/en\\\/\"},{\"@type\":\"ListItem\",\"position\":2,\"name\":\"online store\",\"item\":\"https:\\\/\\\/www.booksonthemove.fr\\\/en\\\/online-shop\\\/\"},{\"@type\":\"ListItem\",\"position\":3,\"name\":\"Gestualit\u00e9s\\\/Textualit\u00e9s en danse contemporaine\"}]},{\"@type\":\"WebSite\",\"@id\":\"https:\\\/\\\/www.booksonthemove.fr\\\/#website\",\"url\":\"https:\\\/\\\/www.booksonthemove.fr\\\/\",\"name\":\"Books on the Move\",\"description\":\"librairie nomade - danse - mouvement - performance\",\"publisher\":{\"@id\":\"https:\\\/\\\/www.booksonthemove.fr\\\/#organization\"},\"potentialAction\":[{\"@type\":\"SearchAction\",\"target\":{\"@type\":\"EntryPoint\",\"urlTemplate\":\"https:\\\/\\\/www.booksonthemove.fr\\\/?s={search_term_string}\"},\"query-input\":{\"@type\":\"PropertyValueSpecification\",\"valueRequired\":true,\"valueName\":\"search_term_string\"}}],\"inLanguage\":\"en-US\"},{\"@type\":\"Organization\",\"@id\":\"https:\\\/\\\/www.booksonthemove.fr\\\/#organization\",\"name\":\"Books on the Move\",\"url\":\"https:\\\/\\\/www.booksonthemove.fr\\\/\",\"logo\":{\"@type\":\"ImageObject\",\"inLanguage\":\"en-US\",\"@id\":\"https:\\\/\\\/www.booksonthemove.fr\\\/#\\\/schema\\\/logo\\\/image\\\/\",\"url\":\"https:\\\/\\\/www.booksonthemove.fr\\\/media\\\/logo-NB-400.jpg\",\"contentUrl\":\"https:\\\/\\\/www.booksonthemove.fr\\\/media\\\/logo-NB-400.jpg\",\"width\":400,\"height\":143,\"caption\":\"Books on the Move\"},\"image\":{\"@id\":\"https:\\\/\\\/www.booksonthemove.fr\\\/#\\\/schema\\\/logo\\\/image\\\/\"},\"sameAs\":[\"https:\\\/\\\/www.facebook.com\\\/Librairiebooksonthemove\\\/\"]}]}<\/script>\n<!-- \/ Yoast SEO plugin. -->","yoast_head_json":{"title":"Gestualit\u00e9s\/Textualit\u00e9s en danse contemporaine - Books on the Move","robots":{"index":"index","follow":"follow","max-snippet":"max-snippet:-1","max-image-preview":"max-image-preview:large","max-video-preview":"max-video-preview:-1"},"canonical":"https:\/\/www.booksonthemove.fr\/en\/produit\/gestualites-textualites-en-danse-contemporaine\/","og_locale":"en_US","og_type":"article","og_title":"Gestualit\u00e9s\/Textualit\u00e9s en danse contemporaine - Books on the Move","og_description":"Auteurs: ouvrage collectif sous la direction Stefano Genetti, Chantal Lapeyre, Fr\u00e9d\u00e9ric Pouillaude Editeur: Les \u00e9ditions Hermann (2018) Broch\u00e9: 404 pages Langue: Fran\u00e7ais ISBN13: 978 2 70569 722 8","og_url":"https:\/\/www.booksonthemove.fr\/en\/produit\/gestualites-textualites-en-danse-contemporaine\/","og_site_name":"Books on the Move","article_publisher":"https:\/\/www.facebook.com\/Librairiebooksonthemove\/","article_modified_time":"2022-09-21T19:05:01+00:00","og_image":[{"width":600,"height":904,"url":"https:\/\/www.booksonthemove.fr\/media\/bom_1942.jpeg","type":"image\/jpeg"}],"twitter_card":"summary_large_image","schema":{"@context":"https:\/\/schema.org","@graph":[{"@type":"WebPage","@id":"https:\/\/www.booksonthemove.fr\/en\/produit\/gestualites-textualites-en-danse-contemporaine\/","url":"https:\/\/www.booksonthemove.fr\/en\/produit\/gestualites-textualites-en-danse-contemporaine\/","name":"Gestualit\u00e9s\/Textualit\u00e9s en danse contemporaine - Books on the Move","isPartOf":{"@id":"https:\/\/www.booksonthemove.fr\/#website"},"primaryImageOfPage":{"@id":"https:\/\/www.booksonthemove.fr\/en\/produit\/gestualites-textualites-en-danse-contemporaine\/#primaryimage"},"image":{"@id":"https:\/\/www.booksonthemove.fr\/en\/produit\/gestualites-textualites-en-danse-contemporaine\/#primaryimage"},"thumbnailUrl":"https:\/\/www.booksonthemove.fr\/media\/bom_1942.jpeg","datePublished":"2019-09-24T14:29:12+00:00","dateModified":"2022-09-21T19:05:01+00:00","breadcrumb":{"@id":"https:\/\/www.booksonthemove.fr\/en\/produit\/gestualites-textualites-en-danse-contemporaine\/#breadcrumb"},"inLanguage":"en-US","potentialAction":[{"@type":"ReadAction","target":["https:\/\/www.booksonthemove.fr\/en\/produit\/gestualites-textualites-en-danse-contemporaine\/"]}]},{"@type":"ImageObject","inLanguage":"en-US","@id":"https:\/\/www.booksonthemove.fr\/en\/produit\/gestualites-textualites-en-danse-contemporaine\/#primaryimage","url":"https:\/\/www.booksonthemove.fr\/media\/bom_1942.jpeg","contentUrl":"https:\/\/www.booksonthemove.fr\/media\/bom_1942.jpeg","width":600,"height":904},{"@type":"BreadcrumbList","@id":"https:\/\/www.booksonthemove.fr\/en\/produit\/gestualites-textualites-en-danse-contemporaine\/#breadcrumb","itemListElement":[{"@type":"ListItem","position":1,"name":"Accueil","item":"https:\/\/www.booksonthemove.fr\/en\/"},{"@type":"ListItem","position":2,"name":"online store","item":"https:\/\/www.booksonthemove.fr\/en\/online-shop\/"},{"@type":"ListItem","position":3,"name":"Gestualit\u00e9s\/Textualit\u00e9s en danse contemporaine"}]},{"@type":"WebSite","@id":"https:\/\/www.booksonthemove.fr\/#website","url":"https:\/\/www.booksonthemove.fr\/","name":"Books on the Move","description":"librairie nomade - danse - mouvement - performance","publisher":{"@id":"https:\/\/www.booksonthemove.fr\/#organization"},"potentialAction":[{"@type":"SearchAction","target":{"@type":"EntryPoint","urlTemplate":"https:\/\/www.booksonthemove.fr\/?s={search_term_string}"},"query-input":{"@type":"PropertyValueSpecification","valueRequired":true,"valueName":"search_term_string"}}],"inLanguage":"en-US"},{"@type":"Organization","@id":"https:\/\/www.booksonthemove.fr\/#organization","name":"Books on the Move","url":"https:\/\/www.booksonthemove.fr\/","logo":{"@type":"ImageObject","inLanguage":"en-US","@id":"https:\/\/www.booksonthemove.fr\/#\/schema\/logo\/image\/","url":"https:\/\/www.booksonthemove.fr\/media\/logo-NB-400.jpg","contentUrl":"https:\/\/www.booksonthemove.fr\/media\/logo-NB-400.jpg","width":400,"height":143,"caption":"Books on the Move"},"image":{"@id":"https:\/\/www.booksonthemove.fr\/#\/schema\/logo\/image\/"},"sameAs":["https:\/\/www.facebook.com\/Librairiebooksonthemove\/"]}]}},"_links":{"self":[{"href":"https:\/\/www.booksonthemove.fr\/en\/wp-json\/wp\/v2\/product\/7711","targetHints":{"allow":["GET"]}}],"collection":[{"href":"https:\/\/www.booksonthemove.fr\/en\/wp-json\/wp\/v2\/product"}],"about":[{"href":"https:\/\/www.booksonthemove.fr\/en\/wp-json\/wp\/v2\/types\/product"}],"wp:featuredmedia":[{"embeddable":true,"href":"https:\/\/www.booksonthemove.fr\/en\/wp-json\/wp\/v2\/media\/7710"}],"wp:attachment":[{"href":"https:\/\/www.booksonthemove.fr\/en\/wp-json\/wp\/v2\/media?parent=7711"}],"wp:term":[{"taxonomy":"product_brand","embeddable":true,"href":"https:\/\/www.booksonthemove.fr\/en\/wp-json\/wp\/v2\/product_brand?post=7711"},{"taxonomy":"product_cat","embeddable":true,"href":"https:\/\/www.booksonthemove.fr\/en\/wp-json\/wp\/v2\/product_cat?post=7711"},{"taxonomy":"product_tag","embeddable":true,"href":"https:\/\/www.booksonthemove.fr\/en\/wp-json\/wp\/v2\/product_tag?post=7711"}],"curies":[{"name":"wp","href":"https:\/\/api.w.org\/{rel}","templated":true}]}}