{"id":7757,"date":"2019-09-25T10:11:40","date_gmt":"2019-09-25T08:11:40","guid":{"rendered":"https:\/\/www.booksonthemove.fr\/?post_type=product&#038;p=7757"},"modified":"2023-11-08T18:38:43","modified_gmt":"2023-11-08T17:38:43","slug":"never-stop-moving","status":"publish","type":"product","link":"https:\/\/www.booksonthemove.fr\/en\/produit\/never-stop-moving\/","title":{"rendered":"Never stop moving"},"content":{"rendered":"<p class=\"bodytext\">Tel que l\u2019exprime Emmanuel Carr\u00e8re dans sa pr\u00e9face, Peter Goss est un ma\u00eetre, l\u2019un des grands p\u00e9dagogues actuels de la danse et du yoga.<\/p>\n<p class=\"bodytext\">Ce livre raconte son histoire, de son enfance et de sa jeunesse sud-africaines marqu\u00e9es par l\u2019apartheid au swinging London des ann\u00e9es 1960, jusqu\u2019\u00e0 ses ann\u00e9es parisiennes o\u00f9 il est devenu chor\u00e9graphe. Son parcours artistique croise de grandes figures de la danse \u2013 classique, jazz ou contemporaine \u2013 mais aussi de la culture hippie et du showbiz. Mosa\u00efque d\u2019un artiste qui s\u2019est toujours tenu \u00e0 distance des modes et des influences du milieu professionnel.<\/p>\n<p class=\"bodytext\">Ce livre nous parle de p\u00e9dagogie, de la bonne distance \u00e0 tenir entre l&#8217;enseignant et l&#8217;\u00e9l\u00e8ve, de la fa\u00e7on d&#8217;\u00e9prouver son corps et ses mouvements du savant dosage \u00e0 d\u00e9ployer entre rigueur et libert\u00e9. Il est \u00e0 mettre entre les mains de tous ceux qu sont engag\u00e9s dans l&#8217;\u00e9ducation et dans la transmission, au-del\u00e0 du monde de la danse.<\/p>\n","protected":false},"excerpt":{"rendered":"<p><strong>AUTEURS :<\/strong> Peter Goss &amp; Patrick Germain-Thomas<br \/>\n<strong>\u00c9DITEUR :<\/strong> \u00e9ditions de l&#8217;attribut\u00a0(2018)<br \/>\n<strong>COLLECTION :<\/strong> Culture Danse<\/p>\n<p><strong>BROCH\u00c9 :<\/strong> 136 pages<br \/>\n<strong>LANGUE :<\/strong> Fran\u00e7ais<br \/>\n<strong>ISBN13 :<\/strong> 978 2 916 00256 9<\/p>\n","protected":false},"featured_media":7759,"template":"","meta":[],"product_brand":[],"product_cat":[162,170,140],"product_tag":[],"class_list":{"0":"post-7757","1":"product","2":"type-product","3":"status-publish","4":"has-post-thumbnail","6":"product_cat-french-en","7":"product_cat-artists-career-en","8":"product_cat-education-dance-technique-en","10":"first","11":"instock","12":"taxable","13":"shipping-taxable","14":"purchasable","15":"product-type-simple"},"yoast_head":"<!-- This site is optimized with the Yoast SEO plugin v27.5 - https:\/\/yoast.com\/product\/yoast-seo-wordpress\/ -->\n<title>Never stop moving - Books on the Move<\/title>\n<meta name=\"robots\" content=\"index, follow, max-snippet:-1, max-image-preview:large, max-video-preview:-1\" \/>\n<link rel=\"canonical\" href=\"https:\/\/www.booksonthemove.fr\/en\/produit\/never-stop-moving\/\" \/>\n<meta property=\"og:locale\" content=\"en_US\" \/>\n<meta property=\"og:type\" content=\"article\" \/>\n<meta property=\"og:title\" content=\"Never stop moving - Books on the Move\" \/>\n<meta property=\"og:description\" content=\"AUTEURS : Peter Goss &amp; Patrick Germain-Thomas \u00c9DITEUR : \u00e9ditions de l&#039;attribut\u00a0(2018) COLLECTION : Culture Danse  BROCH\u00c9 : 136 pages LANGUE : Fran\u00e7ais ISBN13 : 978 2 916 00256 9\" \/>\n<meta property=\"og:url\" content=\"https:\/\/www.booksonthemove.fr\/en\/produit\/never-stop-moving\/\" \/>\n<meta property=\"og:site_name\" content=\"Books on the Move\" \/>\n<meta property=\"article:publisher\" content=\"https:\/\/www.facebook.com\/Librairiebooksonthemove\/\" \/>\n<meta property=\"article:modified_time\" content=\"2023-11-08T17:38:43+00:00\" \/>\n<meta property=\"og:image\" content=\"https:\/\/www.booksonthemove.fr\/media\/Capture-d\u2019\u00e9cran-2019-09-25-\u00e0-10.09.47.png\" \/>\n\t<meta property=\"og:image:width\" content=\"334\" \/>\n\t<meta property=\"og:image:height\" content=\"495\" \/>\n\t<meta property=\"og:image:type\" content=\"image\/png\" \/>\n<meta name=\"twitter:card\" content=\"summary_large_image\" \/>\n<script type=\"application\/ld+json\" class=\"yoast-schema-graph\">{\"@context\":\"https:\\\/\\\/schema.org\",\"@graph\":[{\"@type\":\"WebPage\",\"@id\":\"https:\\\/\\\/www.booksonthemove.fr\\\/en\\\/produit\\\/never-stop-moving\\\/\",\"url\":\"https:\\\/\\\/www.booksonthemove.fr\\\/en\\\/produit\\\/never-stop-moving\\\/\",\"name\":\"Never stop moving - Books on the Move\",\"isPartOf\":{\"@id\":\"https:\\\/\\\/www.booksonthemove.fr\\\/#website\"},\"primaryImageOfPage\":{\"@id\":\"https:\\\/\\\/www.booksonthemove.fr\\\/en\\\/produit\\\/never-stop-moving\\\/#primaryimage\"},\"image\":{\"@id\":\"https:\\\/\\\/www.booksonthemove.fr\\\/en\\\/produit\\\/never-stop-moving\\\/#primaryimage\"},\"thumbnailUrl\":\"https:\\\/\\\/www.booksonthemove.fr\\\/media\\\/Capture-d\u2019\u00e9cran-2019-09-25-\u00e0-10.09.47.png\",\"datePublished\":\"2019-09-25T08:11:40+00:00\",\"dateModified\":\"2023-11-08T17:38:43+00:00\",\"breadcrumb\":{\"@id\":\"https:\\\/\\\/www.booksonthemove.fr\\\/en\\\/produit\\\/never-stop-moving\\\/#breadcrumb\"},\"inLanguage\":\"en-US\",\"potentialAction\":[{\"@type\":\"ReadAction\",\"target\":[\"https:\\\/\\\/www.booksonthemove.fr\\\/en\\\/produit\\\/never-stop-moving\\\/\"]}]},{\"@type\":\"ImageObject\",\"inLanguage\":\"en-US\",\"@id\":\"https:\\\/\\\/www.booksonthemove.fr\\\/en\\\/produit\\\/never-stop-moving\\\/#primaryimage\",\"url\":\"https:\\\/\\\/www.booksonthemove.fr\\\/media\\\/Capture-d\u2019\u00e9cran-2019-09-25-\u00e0-10.09.47.png\",\"contentUrl\":\"https:\\\/\\\/www.booksonthemove.fr\\\/media\\\/Capture-d\u2019\u00e9cran-2019-09-25-\u00e0-10.09.47.png\",\"width\":334,\"height\":495},{\"@type\":\"BreadcrumbList\",\"@id\":\"https:\\\/\\\/www.booksonthemove.fr\\\/en\\\/produit\\\/never-stop-moving\\\/#breadcrumb\",\"itemListElement\":[{\"@type\":\"ListItem\",\"position\":1,\"name\":\"Accueil\",\"item\":\"https:\\\/\\\/www.booksonthemove.fr\\\/en\\\/\"},{\"@type\":\"ListItem\",\"position\":2,\"name\":\"online store\",\"item\":\"https:\\\/\\\/www.booksonthemove.fr\\\/en\\\/online-shop\\\/\"},{\"@type\":\"ListItem\",\"position\":3,\"name\":\"Never stop moving\"}]},{\"@type\":\"WebSite\",\"@id\":\"https:\\\/\\\/www.booksonthemove.fr\\\/#website\",\"url\":\"https:\\\/\\\/www.booksonthemove.fr\\\/\",\"name\":\"Books on the Move\",\"description\":\"librairie nomade - danse - mouvement - performance\",\"publisher\":{\"@id\":\"https:\\\/\\\/www.booksonthemove.fr\\\/#organization\"},\"potentialAction\":[{\"@type\":\"SearchAction\",\"target\":{\"@type\":\"EntryPoint\",\"urlTemplate\":\"https:\\\/\\\/www.booksonthemove.fr\\\/?s={search_term_string}\"},\"query-input\":{\"@type\":\"PropertyValueSpecification\",\"valueRequired\":true,\"valueName\":\"search_term_string\"}}],\"inLanguage\":\"en-US\"},{\"@type\":\"Organization\",\"@id\":\"https:\\\/\\\/www.booksonthemove.fr\\\/#organization\",\"name\":\"Books on the Move\",\"url\":\"https:\\\/\\\/www.booksonthemove.fr\\\/\",\"logo\":{\"@type\":\"ImageObject\",\"inLanguage\":\"en-US\",\"@id\":\"https:\\\/\\\/www.booksonthemove.fr\\\/#\\\/schema\\\/logo\\\/image\\\/\",\"url\":\"https:\\\/\\\/www.booksonthemove.fr\\\/media\\\/logo-NB-400.jpg\",\"contentUrl\":\"https:\\\/\\\/www.booksonthemove.fr\\\/media\\\/logo-NB-400.jpg\",\"width\":400,\"height\":143,\"caption\":\"Books on the Move\"},\"image\":{\"@id\":\"https:\\\/\\\/www.booksonthemove.fr\\\/#\\\/schema\\\/logo\\\/image\\\/\"},\"sameAs\":[\"https:\\\/\\\/www.facebook.com\\\/Librairiebooksonthemove\\\/\"]}]}<\/script>\n<!-- \/ Yoast SEO plugin. -->","yoast_head_json":{"title":"Never stop moving - Books on the Move","robots":{"index":"index","follow":"follow","max-snippet":"max-snippet:-1","max-image-preview":"max-image-preview:large","max-video-preview":"max-video-preview:-1"},"canonical":"https:\/\/www.booksonthemove.fr\/en\/produit\/never-stop-moving\/","og_locale":"en_US","og_type":"article","og_title":"Never stop moving - Books on the Move","og_description":"AUTEURS : Peter Goss &amp; Patrick Germain-Thomas \u00c9DITEUR : \u00e9ditions de l'attribut\u00a0(2018) COLLECTION : Culture Danse  BROCH\u00c9 : 136 pages LANGUE : Fran\u00e7ais ISBN13 : 978 2 916 00256 9","og_url":"https:\/\/www.booksonthemove.fr\/en\/produit\/never-stop-moving\/","og_site_name":"Books on the Move","article_publisher":"https:\/\/www.facebook.com\/Librairiebooksonthemove\/","article_modified_time":"2023-11-08T17:38:43+00:00","og_image":[{"width":334,"height":495,"url":"https:\/\/www.booksonthemove.fr\/media\/Capture-d\u2019\u00e9cran-2019-09-25-\u00e0-10.09.47.png","type":"image\/png"}],"twitter_card":"summary_large_image","schema":{"@context":"https:\/\/schema.org","@graph":[{"@type":"WebPage","@id":"https:\/\/www.booksonthemove.fr\/en\/produit\/never-stop-moving\/","url":"https:\/\/www.booksonthemove.fr\/en\/produit\/never-stop-moving\/","name":"Never stop moving - Books on the Move","isPartOf":{"@id":"https:\/\/www.booksonthemove.fr\/#website"},"primaryImageOfPage":{"@id":"https:\/\/www.booksonthemove.fr\/en\/produit\/never-stop-moving\/#primaryimage"},"image":{"@id":"https:\/\/www.booksonthemove.fr\/en\/produit\/never-stop-moving\/#primaryimage"},"thumbnailUrl":"https:\/\/www.booksonthemove.fr\/media\/Capture-d\u2019\u00e9cran-2019-09-25-\u00e0-10.09.47.png","datePublished":"2019-09-25T08:11:40+00:00","dateModified":"2023-11-08T17:38:43+00:00","breadcrumb":{"@id":"https:\/\/www.booksonthemove.fr\/en\/produit\/never-stop-moving\/#breadcrumb"},"inLanguage":"en-US","potentialAction":[{"@type":"ReadAction","target":["https:\/\/www.booksonthemove.fr\/en\/produit\/never-stop-moving\/"]}]},{"@type":"ImageObject","inLanguage":"en-US","@id":"https:\/\/www.booksonthemove.fr\/en\/produit\/never-stop-moving\/#primaryimage","url":"https:\/\/www.booksonthemove.fr\/media\/Capture-d\u2019\u00e9cran-2019-09-25-\u00e0-10.09.47.png","contentUrl":"https:\/\/www.booksonthemove.fr\/media\/Capture-d\u2019\u00e9cran-2019-09-25-\u00e0-10.09.47.png","width":334,"height":495},{"@type":"BreadcrumbList","@id":"https:\/\/www.booksonthemove.fr\/en\/produit\/never-stop-moving\/#breadcrumb","itemListElement":[{"@type":"ListItem","position":1,"name":"Accueil","item":"https:\/\/www.booksonthemove.fr\/en\/"},{"@type":"ListItem","position":2,"name":"online store","item":"https:\/\/www.booksonthemove.fr\/en\/online-shop\/"},{"@type":"ListItem","position":3,"name":"Never stop moving"}]},{"@type":"WebSite","@id":"https:\/\/www.booksonthemove.fr\/#website","url":"https:\/\/www.booksonthemove.fr\/","name":"Books on the Move","description":"librairie nomade - danse - mouvement - performance","publisher":{"@id":"https:\/\/www.booksonthemove.fr\/#organization"},"potentialAction":[{"@type":"SearchAction","target":{"@type":"EntryPoint","urlTemplate":"https:\/\/www.booksonthemove.fr\/?s={search_term_string}"},"query-input":{"@type":"PropertyValueSpecification","valueRequired":true,"valueName":"search_term_string"}}],"inLanguage":"en-US"},{"@type":"Organization","@id":"https:\/\/www.booksonthemove.fr\/#organization","name":"Books on the Move","url":"https:\/\/www.booksonthemove.fr\/","logo":{"@type":"ImageObject","inLanguage":"en-US","@id":"https:\/\/www.booksonthemove.fr\/#\/schema\/logo\/image\/","url":"https:\/\/www.booksonthemove.fr\/media\/logo-NB-400.jpg","contentUrl":"https:\/\/www.booksonthemove.fr\/media\/logo-NB-400.jpg","width":400,"height":143,"caption":"Books on the Move"},"image":{"@id":"https:\/\/www.booksonthemove.fr\/#\/schema\/logo\/image\/"},"sameAs":["https:\/\/www.facebook.com\/Librairiebooksonthemove\/"]}]}},"_links":{"self":[{"href":"https:\/\/www.booksonthemove.fr\/en\/wp-json\/wp\/v2\/product\/7757","targetHints":{"allow":["GET"]}}],"collection":[{"href":"https:\/\/www.booksonthemove.fr\/en\/wp-json\/wp\/v2\/product"}],"about":[{"href":"https:\/\/www.booksonthemove.fr\/en\/wp-json\/wp\/v2\/types\/product"}],"wp:featuredmedia":[{"embeddable":true,"href":"https:\/\/www.booksonthemove.fr\/en\/wp-json\/wp\/v2\/media\/7759"}],"wp:attachment":[{"href":"https:\/\/www.booksonthemove.fr\/en\/wp-json\/wp\/v2\/media?parent=7757"}],"wp:term":[{"taxonomy":"product_brand","embeddable":true,"href":"https:\/\/www.booksonthemove.fr\/en\/wp-json\/wp\/v2\/product_brand?post=7757"},{"taxonomy":"product_cat","embeddable":true,"href":"https:\/\/www.booksonthemove.fr\/en\/wp-json\/wp\/v2\/product_cat?post=7757"},{"taxonomy":"product_tag","embeddable":true,"href":"https:\/\/www.booksonthemove.fr\/en\/wp-json\/wp\/v2\/product_tag?post=7757"}],"curies":[{"name":"wp","href":"https:\/\/api.w.org\/{rel}","templated":true}]}}