{"id":7928,"date":"2019-09-27T15:08:00","date_gmt":"2019-09-27T13:08:00","guid":{"rendered":"https:\/\/www.booksonthemove.fr\/produit\/anne-teresa-de-keersmaeker-rosas-2007-2017\/"},"modified":"2021-11-23T15:16:08","modified_gmt":"2021-11-23T14:16:08","slug":"anne-teresa-de-keersmaeker-rosas-2007-2017","status":"publish","type":"product","link":"https:\/\/www.booksonthemove.fr\/en\/produit\/anne-teresa-de-keersmaeker-rosas-2007-2017\/","title":{"rendered":"Anne Teresa de Keersmaeker : Rosas 2007-2017"},"content":{"rendered":"<div class=\"teaser\">\n<p class=\"bodytext\">Anne Teresa De Keersmaeker (\u00b01960) a fond\u00e9 la compagnie de danse Rosas en 1983. Son travail chor\u00e9graphique est ax\u00e9 sur une exploration minutieuse du lien entre la danse et la musique. Avec Rosas, elle a cr\u00e9\u00e9 une oeuvre de grande ampleur, qui exploite des structures et partitions musicales de diff\u00e9rentes \u00e9poques, de la musique ancienne aux compositions contemporaines et \u00e0 la musique pop. Dans sa pratique chor\u00e9graphique, elle emprunte aussi des principes formels \u00e0 la g\u00e9om\u00e9trie, aux mod\u00e8les math\u00e9matiques, aux ph\u00e9nom\u00e8nes naturels et aux structures sociales, afin d&#8217;offrir au public une perspective hors du commun sur le mouvement du corps dans le temps et l&#8217;espace.<\/p>\n<p class=\"bodytext\">En <span class=\"csc-sword\">2007<\/span>, apr\u00e8s s&#8217;\u00eatre consacr\u00e9e pendant un certain temps \u00e0 des performances avec de grands ensembles, De Keersmaeker a modifi\u00e9 son orientation artistique, adoptant d&#8217;autres principes, se posant d&#8217;autres questions, \u00e9laborant d&#8217;autres m\u00e9thodes de travail et d\u00e9veloppant d&#8217;autres points de vue. La photographe Anne Van Aerschot a \u00e9t\u00e9 un t\u00e9moin privil\u00e9gi\u00e9 de ce processus. Assistante artistique de De Keersmaeker depuis de longues ann\u00e9es, elle a pu suivre son \u00e9volution cr\u00e9atrice d&#8217;un bout \u00e0 l&#8217;autre. Le langage et l&#8217;itin\u00e9raire de la chor\u00e9graphe lui sont plus familiers qu&#8217;\u00e0 quiconque. \u00c0 travers ses photos, r\u00e9unies en un seul et m\u00eame ouvrage pour la premi\u00e8re fois depuis dix ans, elle pose un regard d&#8217;une acuit\u00e9 exceptionnelle sur l&#8217;univers de la danse de Rosas.<\/p>\n<\/div>\n","protected":false},"excerpt":{"rendered":"<p>Auteurs: sous la direction de Christian Lvowski. Photos &#8211; Anne Van Aerschot<br \/>\nEditeurs: Fonds Mercator &amp; Actes Sud (2018)<\/p>\n<p>Reli\u00e9: 240 pages<br \/>\nLangue: Fran\u00e7ais<br \/>\nISBN13: 978-2-330-10930-1<\/p>\n","protected":false},"featured_media":7927,"template":"","meta":[],"product_brand":[],"product_cat":[240,162,296,170],"product_tag":[],"class_list":{"0":"post-7928","1":"product","2":"type-product","3":"status-publish","4":"has-post-thumbnail","6":"product_cat-choreography-en","7":"product_cat-french-en","8":"product_cat-nice-big-books","9":"product_cat-artists-career-en","11":"first","12":"instock","13":"taxable","14":"shipping-taxable","15":"purchasable","16":"product-type-simple"},"yoast_head":"<!-- This site is optimized with the Yoast SEO plugin v27.5 - https:\/\/yoast.com\/product\/yoast-seo-wordpress\/ -->\n<title>Anne Teresa de Keersmaeker : Rosas 2007-2017 - Books on the Move<\/title>\n<meta name=\"robots\" content=\"index, follow, max-snippet:-1, max-image-preview:large, max-video-preview:-1\" \/>\n<link rel=\"canonical\" href=\"https:\/\/www.booksonthemove.fr\/en\/produit\/anne-teresa-de-keersmaeker-rosas-2007-2017\/\" \/>\n<meta property=\"og:locale\" content=\"en_US\" \/>\n<meta property=\"og:type\" content=\"article\" \/>\n<meta property=\"og:title\" content=\"Anne Teresa de Keersmaeker : Rosas 2007-2017 - Books on the Move\" \/>\n<meta property=\"og:description\" content=\"Auteurs: sous la direction de Christian Lvowski. Photos - Anne Van Aerschot Editeurs: Fonds Mercator &amp; Actes Sud (2018)  Reli\u00e9: 240 pages Langue: Fran\u00e7ais ISBN13: 978-2-330-10930-1\" \/>\n<meta property=\"og:url\" content=\"https:\/\/www.booksonthemove.fr\/en\/produit\/anne-teresa-de-keersmaeker-rosas-2007-2017\/\" \/>\n<meta property=\"og:site_name\" content=\"Books on the Move\" \/>\n<meta property=\"article:publisher\" content=\"https:\/\/www.facebook.com\/Librairiebooksonthemove\/\" \/>\n<meta property=\"article:modified_time\" content=\"2021-11-23T14:16:08+00:00\" \/>\n<meta property=\"og:image\" content=\"https:\/\/www.booksonthemove.fr\/media\/bom_1848_reduced.jpeg\" \/>\n\t<meta property=\"og:image:width\" content=\"450\" \/>\n\t<meta property=\"og:image:height\" content=\"626\" \/>\n\t<meta property=\"og:image:type\" content=\"image\/jpeg\" \/>\n<meta name=\"twitter:card\" content=\"summary_large_image\" \/>\n<script type=\"application\/ld+json\" class=\"yoast-schema-graph\">{\"@context\":\"https:\\\/\\\/schema.org\",\"@graph\":[{\"@type\":\"WebPage\",\"@id\":\"https:\\\/\\\/www.booksonthemove.fr\\\/en\\\/produit\\\/anne-teresa-de-keersmaeker-rosas-2007-2017\\\/\",\"url\":\"https:\\\/\\\/www.booksonthemove.fr\\\/en\\\/produit\\\/anne-teresa-de-keersmaeker-rosas-2007-2017\\\/\",\"name\":\"Anne Teresa de Keersmaeker : Rosas 2007-2017 - Books on the Move\",\"isPartOf\":{\"@id\":\"https:\\\/\\\/www.booksonthemove.fr\\\/#website\"},\"primaryImageOfPage\":{\"@id\":\"https:\\\/\\\/www.booksonthemove.fr\\\/en\\\/produit\\\/anne-teresa-de-keersmaeker-rosas-2007-2017\\\/#primaryimage\"},\"image\":{\"@id\":\"https:\\\/\\\/www.booksonthemove.fr\\\/en\\\/produit\\\/anne-teresa-de-keersmaeker-rosas-2007-2017\\\/#primaryimage\"},\"thumbnailUrl\":\"https:\\\/\\\/www.booksonthemove.fr\\\/media\\\/bom_1848_reduced.jpeg\",\"datePublished\":\"2019-09-27T13:08:00+00:00\",\"dateModified\":\"2021-11-23T14:16:08+00:00\",\"breadcrumb\":{\"@id\":\"https:\\\/\\\/www.booksonthemove.fr\\\/en\\\/produit\\\/anne-teresa-de-keersmaeker-rosas-2007-2017\\\/#breadcrumb\"},\"inLanguage\":\"en-US\",\"potentialAction\":[{\"@type\":\"ReadAction\",\"target\":[\"https:\\\/\\\/www.booksonthemove.fr\\\/en\\\/produit\\\/anne-teresa-de-keersmaeker-rosas-2007-2017\\\/\"]}]},{\"@type\":\"ImageObject\",\"inLanguage\":\"en-US\",\"@id\":\"https:\\\/\\\/www.booksonthemove.fr\\\/en\\\/produit\\\/anne-teresa-de-keersmaeker-rosas-2007-2017\\\/#primaryimage\",\"url\":\"https:\\\/\\\/www.booksonthemove.fr\\\/media\\\/bom_1848_reduced.jpeg\",\"contentUrl\":\"https:\\\/\\\/www.booksonthemove.fr\\\/media\\\/bom_1848_reduced.jpeg\",\"width\":450,\"height\":626},{\"@type\":\"BreadcrumbList\",\"@id\":\"https:\\\/\\\/www.booksonthemove.fr\\\/en\\\/produit\\\/anne-teresa-de-keersmaeker-rosas-2007-2017\\\/#breadcrumb\",\"itemListElement\":[{\"@type\":\"ListItem\",\"position\":1,\"name\":\"Accueil\",\"item\":\"https:\\\/\\\/www.booksonthemove.fr\\\/en\\\/\"},{\"@type\":\"ListItem\",\"position\":2,\"name\":\"online store\",\"item\":\"https:\\\/\\\/www.booksonthemove.fr\\\/en\\\/online-shop\\\/\"},{\"@type\":\"ListItem\",\"position\":3,\"name\":\"Anne Teresa de Keersmaeker : Rosas 2007-2017\"}]},{\"@type\":\"WebSite\",\"@id\":\"https:\\\/\\\/www.booksonthemove.fr\\\/#website\",\"url\":\"https:\\\/\\\/www.booksonthemove.fr\\\/\",\"name\":\"Books on the Move\",\"description\":\"librairie nomade - danse - mouvement - performance\",\"publisher\":{\"@id\":\"https:\\\/\\\/www.booksonthemove.fr\\\/#organization\"},\"potentialAction\":[{\"@type\":\"SearchAction\",\"target\":{\"@type\":\"EntryPoint\",\"urlTemplate\":\"https:\\\/\\\/www.booksonthemove.fr\\\/?s={search_term_string}\"},\"query-input\":{\"@type\":\"PropertyValueSpecification\",\"valueRequired\":true,\"valueName\":\"search_term_string\"}}],\"inLanguage\":\"en-US\"},{\"@type\":\"Organization\",\"@id\":\"https:\\\/\\\/www.booksonthemove.fr\\\/#organization\",\"name\":\"Books on the Move\",\"url\":\"https:\\\/\\\/www.booksonthemove.fr\\\/\",\"logo\":{\"@type\":\"ImageObject\",\"inLanguage\":\"en-US\",\"@id\":\"https:\\\/\\\/www.booksonthemove.fr\\\/#\\\/schema\\\/logo\\\/image\\\/\",\"url\":\"https:\\\/\\\/www.booksonthemove.fr\\\/media\\\/logo-NB-400.jpg\",\"contentUrl\":\"https:\\\/\\\/www.booksonthemove.fr\\\/media\\\/logo-NB-400.jpg\",\"width\":400,\"height\":143,\"caption\":\"Books on the Move\"},\"image\":{\"@id\":\"https:\\\/\\\/www.booksonthemove.fr\\\/#\\\/schema\\\/logo\\\/image\\\/\"},\"sameAs\":[\"https:\\\/\\\/www.facebook.com\\\/Librairiebooksonthemove\\\/\"]}]}<\/script>\n<!-- \/ Yoast SEO plugin. -->","yoast_head_json":{"title":"Anne Teresa de Keersmaeker : Rosas 2007-2017 - Books on the Move","robots":{"index":"index","follow":"follow","max-snippet":"max-snippet:-1","max-image-preview":"max-image-preview:large","max-video-preview":"max-video-preview:-1"},"canonical":"https:\/\/www.booksonthemove.fr\/en\/produit\/anne-teresa-de-keersmaeker-rosas-2007-2017\/","og_locale":"en_US","og_type":"article","og_title":"Anne Teresa de Keersmaeker : Rosas 2007-2017 - Books on the Move","og_description":"Auteurs: sous la direction de Christian Lvowski. Photos - Anne Van Aerschot Editeurs: Fonds Mercator &amp; Actes Sud (2018)  Reli\u00e9: 240 pages Langue: Fran\u00e7ais ISBN13: 978-2-330-10930-1","og_url":"https:\/\/www.booksonthemove.fr\/en\/produit\/anne-teresa-de-keersmaeker-rosas-2007-2017\/","og_site_name":"Books on the Move","article_publisher":"https:\/\/www.facebook.com\/Librairiebooksonthemove\/","article_modified_time":"2021-11-23T14:16:08+00:00","og_image":[{"width":450,"height":626,"url":"https:\/\/www.booksonthemove.fr\/media\/bom_1848_reduced.jpeg","type":"image\/jpeg"}],"twitter_card":"summary_large_image","schema":{"@context":"https:\/\/schema.org","@graph":[{"@type":"WebPage","@id":"https:\/\/www.booksonthemove.fr\/en\/produit\/anne-teresa-de-keersmaeker-rosas-2007-2017\/","url":"https:\/\/www.booksonthemove.fr\/en\/produit\/anne-teresa-de-keersmaeker-rosas-2007-2017\/","name":"Anne Teresa de Keersmaeker : Rosas 2007-2017 - Books on the Move","isPartOf":{"@id":"https:\/\/www.booksonthemove.fr\/#website"},"primaryImageOfPage":{"@id":"https:\/\/www.booksonthemove.fr\/en\/produit\/anne-teresa-de-keersmaeker-rosas-2007-2017\/#primaryimage"},"image":{"@id":"https:\/\/www.booksonthemove.fr\/en\/produit\/anne-teresa-de-keersmaeker-rosas-2007-2017\/#primaryimage"},"thumbnailUrl":"https:\/\/www.booksonthemove.fr\/media\/bom_1848_reduced.jpeg","datePublished":"2019-09-27T13:08:00+00:00","dateModified":"2021-11-23T14:16:08+00:00","breadcrumb":{"@id":"https:\/\/www.booksonthemove.fr\/en\/produit\/anne-teresa-de-keersmaeker-rosas-2007-2017\/#breadcrumb"},"inLanguage":"en-US","potentialAction":[{"@type":"ReadAction","target":["https:\/\/www.booksonthemove.fr\/en\/produit\/anne-teresa-de-keersmaeker-rosas-2007-2017\/"]}]},{"@type":"ImageObject","inLanguage":"en-US","@id":"https:\/\/www.booksonthemove.fr\/en\/produit\/anne-teresa-de-keersmaeker-rosas-2007-2017\/#primaryimage","url":"https:\/\/www.booksonthemove.fr\/media\/bom_1848_reduced.jpeg","contentUrl":"https:\/\/www.booksonthemove.fr\/media\/bom_1848_reduced.jpeg","width":450,"height":626},{"@type":"BreadcrumbList","@id":"https:\/\/www.booksonthemove.fr\/en\/produit\/anne-teresa-de-keersmaeker-rosas-2007-2017\/#breadcrumb","itemListElement":[{"@type":"ListItem","position":1,"name":"Accueil","item":"https:\/\/www.booksonthemove.fr\/en\/"},{"@type":"ListItem","position":2,"name":"online store","item":"https:\/\/www.booksonthemove.fr\/en\/online-shop\/"},{"@type":"ListItem","position":3,"name":"Anne Teresa de Keersmaeker : Rosas 2007-2017"}]},{"@type":"WebSite","@id":"https:\/\/www.booksonthemove.fr\/#website","url":"https:\/\/www.booksonthemove.fr\/","name":"Books on the Move","description":"librairie nomade - danse - mouvement - performance","publisher":{"@id":"https:\/\/www.booksonthemove.fr\/#organization"},"potentialAction":[{"@type":"SearchAction","target":{"@type":"EntryPoint","urlTemplate":"https:\/\/www.booksonthemove.fr\/?s={search_term_string}"},"query-input":{"@type":"PropertyValueSpecification","valueRequired":true,"valueName":"search_term_string"}}],"inLanguage":"en-US"},{"@type":"Organization","@id":"https:\/\/www.booksonthemove.fr\/#organization","name":"Books on the Move","url":"https:\/\/www.booksonthemove.fr\/","logo":{"@type":"ImageObject","inLanguage":"en-US","@id":"https:\/\/www.booksonthemove.fr\/#\/schema\/logo\/image\/","url":"https:\/\/www.booksonthemove.fr\/media\/logo-NB-400.jpg","contentUrl":"https:\/\/www.booksonthemove.fr\/media\/logo-NB-400.jpg","width":400,"height":143,"caption":"Books on the Move"},"image":{"@id":"https:\/\/www.booksonthemove.fr\/#\/schema\/logo\/image\/"},"sameAs":["https:\/\/www.facebook.com\/Librairiebooksonthemove\/"]}]}},"_links":{"self":[{"href":"https:\/\/www.booksonthemove.fr\/en\/wp-json\/wp\/v2\/product\/7928","targetHints":{"allow":["GET"]}}],"collection":[{"href":"https:\/\/www.booksonthemove.fr\/en\/wp-json\/wp\/v2\/product"}],"about":[{"href":"https:\/\/www.booksonthemove.fr\/en\/wp-json\/wp\/v2\/types\/product"}],"wp:featuredmedia":[{"embeddable":true,"href":"https:\/\/www.booksonthemove.fr\/en\/wp-json\/wp\/v2\/media\/7927"}],"wp:attachment":[{"href":"https:\/\/www.booksonthemove.fr\/en\/wp-json\/wp\/v2\/media?parent=7928"}],"wp:term":[{"taxonomy":"product_brand","embeddable":true,"href":"https:\/\/www.booksonthemove.fr\/en\/wp-json\/wp\/v2\/product_brand?post=7928"},{"taxonomy":"product_cat","embeddable":true,"href":"https:\/\/www.booksonthemove.fr\/en\/wp-json\/wp\/v2\/product_cat?post=7928"},{"taxonomy":"product_tag","embeddable":true,"href":"https:\/\/www.booksonthemove.fr\/en\/wp-json\/wp\/v2\/product_tag?post=7928"}],"curies":[{"name":"wp","href":"https:\/\/api.w.org\/{rel}","templated":true}]}}