{"id":7932,"date":"2019-09-27T15:16:19","date_gmt":"2019-09-27T13:16:19","guid":{"rendered":"https:\/\/www.booksonthemove.fr\/produit\/articuler-danse-et-poeme-enjeux-contemporains\/"},"modified":"2024-04-24T11:24:10","modified_gmt":"2024-04-24T09:24:10","slug":"articuler-danse-et-poeme-enjeux-contemporains","status":"publish","type":"product","link":"https:\/\/www.booksonthemove.fr\/en\/produit\/articuler-danse-et-poeme-enjeux-contemporains\/","title":{"rendered":"Articuler danse et po\u00e8me &#8211; Enjeux contemporains"},"content":{"rendered":"<p>La question des liens entre danse et po\u00e9sie renvoie \u00e0 l&#8217;une des g\u00e9mellit\u00e9s artistiques les plus singuli\u00e8res du si\u00e8cle pass\u00e9. Si les po\u00e8tes de la modernit\u00e9 &#8211; tels Mallarm\u00e9, Val\u00e9ry ou Rilke &#8211; ont \u00e9rig\u00e9 la figure de la danseuse en objet de culte po\u00e9tologique, les danseurs modernes n&#8217;ont que tr\u00e8s rarement donn\u00e9 suite \u00e0 cet enthousiasme. De m\u00eame, la plume des po\u00e8tes semble avoir de nos jours d\u00e9sert\u00e9 le champ th\u00e9matique de la danse. Le pr\u00e9sent ouvrage appelle ainsi \u00e0 la r\u00e9ouverture du dialogue danse\/po\u00e9sie.<\/p>\n","protected":false},"excerpt":{"rendered":"<p><strong>Auteur\u00b7e\u00b7s :<\/strong> B\u00e9atrice Bonhomme, Alice Godfroy, R\u00e9gis Lefort &amp; Jo\u00eblle Vellet<br \/>\n<strong>Editeur :<\/strong> L&#8217;Harmattan (2018)<br \/>\n<strong>Collection :\u00a0<\/strong>Thyrse (Universit\u00e9 Nice-Sophia-Antipolis)<\/p>\n<p><strong>Broch\u00e9 :<\/strong> 360 pages<br \/>\n<strong>Langue :<\/strong> Fran\u00e7ais<br \/>\n<strong>ISBN13 :<\/strong> 978-2-343-16343-7<\/p>\n","protected":false},"featured_media":25713,"template":"","meta":[],"product_brand":[],"product_cat":[215,240,198,162,206,199],"product_tag":[],"class_list":{"0":"post-7932","1":"product","2":"type-product","3":"status-publish","4":"has-post-thumbnail","6":"product_cat-symposiums-conferences-en","7":"product_cat-choreography-en","8":"product_cat-collaborations-collectives-en","9":"product_cat-french-en","10":"product_cat-philosophy-aesthetics-en","11":"product_cat-poetry-en","13":"first","14":"instock","15":"taxable","16":"shipping-taxable","17":"purchasable","18":"product-type-simple"},"yoast_head":"<!-- This site is optimized with the Yoast SEO plugin v27.5 - https:\/\/yoast.com\/product\/yoast-seo-wordpress\/ -->\n<title>Articuler danse et po\u00e8me - Enjeux contemporains - Books on the Move<\/title>\n<meta name=\"robots\" content=\"index, follow, max-snippet:-1, max-image-preview:large, max-video-preview:-1\" \/>\n<link rel=\"canonical\" href=\"https:\/\/www.booksonthemove.fr\/produit\/articuler-danse-et-poeme-enjeux-contemporains\/\" \/>\n<meta property=\"og:locale\" content=\"en_US\" \/>\n<meta property=\"og:type\" content=\"article\" \/>\n<meta property=\"og:title\" content=\"Articuler danse et po\u00e8me - Enjeux contemporains - Books on the Move\" \/>\n<meta property=\"og:description\" content=\"Auteur\u00b7e\u00b7s : B\u00e9atrice Bonhomme, Alice Godfroy, R\u00e9gis Lefort &amp; Jo\u00eblle Vellet Editeur : L&#039;Harmattan (2018) Collection :\u00a0Thyrse (Universit\u00e9 Nice-Sophia-Antipolis)  Broch\u00e9 : 360 pages Langue : Fran\u00e7ais ISBN13 : 978-2-343-16343-7\" \/>\n<meta property=\"og:url\" content=\"https:\/\/www.booksonthemove.fr\/produit\/articuler-danse-et-poeme-enjeux-contemporains\/\" \/>\n<meta property=\"og:site_name\" content=\"Books on the Move\" \/>\n<meta property=\"article:publisher\" content=\"https:\/\/www.facebook.com\/Librairiebooksonthemove\/\" \/>\n<meta property=\"article:modified_time\" content=\"2024-04-24T09:24:10+00:00\" \/>\n<meta property=\"og:image\" content=\"https:\/\/www.booksonthemove.fr\/media\/bom_1900.jpg\" \/>\n\t<meta property=\"og:image:width\" content=\"900\" \/>\n\t<meta property=\"og:image:height\" content=\"1400\" \/>\n\t<meta property=\"og:image:type\" content=\"image\/jpeg\" \/>\n<meta name=\"twitter:card\" content=\"summary_large_image\" \/>\n<script type=\"application\/ld+json\" class=\"yoast-schema-graph\">{\"@context\":\"https:\\\/\\\/schema.org\",\"@graph\":[{\"@type\":\"WebPage\",\"@id\":\"https:\\\/\\\/www.booksonthemove.fr\\\/produit\\\/articuler-danse-et-poeme-enjeux-contemporains\\\/\",\"url\":\"https:\\\/\\\/www.booksonthemove.fr\\\/produit\\\/articuler-danse-et-poeme-enjeux-contemporains\\\/\",\"name\":\"Articuler danse et po\u00e8me - Enjeux contemporains - Books on the Move\",\"isPartOf\":{\"@id\":\"https:\\\/\\\/www.booksonthemove.fr\\\/#website\"},\"primaryImageOfPage\":{\"@id\":\"https:\\\/\\\/www.booksonthemove.fr\\\/produit\\\/articuler-danse-et-poeme-enjeux-contemporains\\\/#primaryimage\"},\"image\":{\"@id\":\"https:\\\/\\\/www.booksonthemove.fr\\\/produit\\\/articuler-danse-et-poeme-enjeux-contemporains\\\/#primaryimage\"},\"thumbnailUrl\":\"https:\\\/\\\/www.booksonthemove.fr\\\/media\\\/bom_1900.jpg\",\"datePublished\":\"2019-09-27T13:16:19+00:00\",\"dateModified\":\"2024-04-24T09:24:10+00:00\",\"breadcrumb\":{\"@id\":\"https:\\\/\\\/www.booksonthemove.fr\\\/produit\\\/articuler-danse-et-poeme-enjeux-contemporains\\\/#breadcrumb\"},\"inLanguage\":\"en-US\",\"potentialAction\":[{\"@type\":\"ReadAction\",\"target\":[\"https:\\\/\\\/www.booksonthemove.fr\\\/produit\\\/articuler-danse-et-poeme-enjeux-contemporains\\\/\"]}]},{\"@type\":\"ImageObject\",\"inLanguage\":\"en-US\",\"@id\":\"https:\\\/\\\/www.booksonthemove.fr\\\/produit\\\/articuler-danse-et-poeme-enjeux-contemporains\\\/#primaryimage\",\"url\":\"https:\\\/\\\/www.booksonthemove.fr\\\/media\\\/bom_1900.jpg\",\"contentUrl\":\"https:\\\/\\\/www.booksonthemove.fr\\\/media\\\/bom_1900.jpg\",\"width\":900,\"height\":1400},{\"@type\":\"BreadcrumbList\",\"@id\":\"https:\\\/\\\/www.booksonthemove.fr\\\/produit\\\/articuler-danse-et-poeme-enjeux-contemporains\\\/#breadcrumb\",\"itemListElement\":[{\"@type\":\"ListItem\",\"position\":1,\"name\":\"Accueil\",\"item\":\"https:\\\/\\\/www.booksonthemove.fr\\\/en\\\/\"},{\"@type\":\"ListItem\",\"position\":2,\"name\":\"online store\",\"item\":\"https:\\\/\\\/www.booksonthemove.fr\\\/en\\\/online-shop\\\/\"},{\"@type\":\"ListItem\",\"position\":3,\"name\":\"Articuler danse et po\u00e8me &#8211; Enjeux contemporains\"}]},{\"@type\":\"WebSite\",\"@id\":\"https:\\\/\\\/www.booksonthemove.fr\\\/#website\",\"url\":\"https:\\\/\\\/www.booksonthemove.fr\\\/\",\"name\":\"Books on the Move\",\"description\":\"librairie nomade - danse - mouvement - performance\",\"publisher\":{\"@id\":\"https:\\\/\\\/www.booksonthemove.fr\\\/#organization\"},\"potentialAction\":[{\"@type\":\"SearchAction\",\"target\":{\"@type\":\"EntryPoint\",\"urlTemplate\":\"https:\\\/\\\/www.booksonthemove.fr\\\/?s={search_term_string}\"},\"query-input\":{\"@type\":\"PropertyValueSpecification\",\"valueRequired\":true,\"valueName\":\"search_term_string\"}}],\"inLanguage\":\"en-US\"},{\"@type\":\"Organization\",\"@id\":\"https:\\\/\\\/www.booksonthemove.fr\\\/#organization\",\"name\":\"Books on the Move\",\"url\":\"https:\\\/\\\/www.booksonthemove.fr\\\/\",\"logo\":{\"@type\":\"ImageObject\",\"inLanguage\":\"en-US\",\"@id\":\"https:\\\/\\\/www.booksonthemove.fr\\\/#\\\/schema\\\/logo\\\/image\\\/\",\"url\":\"https:\\\/\\\/www.booksonthemove.fr\\\/media\\\/logo-NB-400.jpg\",\"contentUrl\":\"https:\\\/\\\/www.booksonthemove.fr\\\/media\\\/logo-NB-400.jpg\",\"width\":400,\"height\":143,\"caption\":\"Books on the Move\"},\"image\":{\"@id\":\"https:\\\/\\\/www.booksonthemove.fr\\\/#\\\/schema\\\/logo\\\/image\\\/\"},\"sameAs\":[\"https:\\\/\\\/www.facebook.com\\\/Librairiebooksonthemove\\\/\"]}]}<\/script>\n<!-- \/ Yoast SEO plugin. -->","yoast_head_json":{"title":"Articuler danse et po\u00e8me - Enjeux contemporains - Books on the Move","robots":{"index":"index","follow":"follow","max-snippet":"max-snippet:-1","max-image-preview":"max-image-preview:large","max-video-preview":"max-video-preview:-1"},"canonical":"https:\/\/www.booksonthemove.fr\/produit\/articuler-danse-et-poeme-enjeux-contemporains\/","og_locale":"en_US","og_type":"article","og_title":"Articuler danse et po\u00e8me - Enjeux contemporains - Books on the Move","og_description":"Auteur\u00b7e\u00b7s : B\u00e9atrice Bonhomme, Alice Godfroy, R\u00e9gis Lefort &amp; Jo\u00eblle Vellet Editeur : L'Harmattan (2018) Collection :\u00a0Thyrse (Universit\u00e9 Nice-Sophia-Antipolis)  Broch\u00e9 : 360 pages Langue : Fran\u00e7ais ISBN13 : 978-2-343-16343-7","og_url":"https:\/\/www.booksonthemove.fr\/produit\/articuler-danse-et-poeme-enjeux-contemporains\/","og_site_name":"Books on the Move","article_publisher":"https:\/\/www.facebook.com\/Librairiebooksonthemove\/","article_modified_time":"2024-04-24T09:24:10+00:00","og_image":[{"width":900,"height":1400,"url":"https:\/\/www.booksonthemove.fr\/media\/bom_1900.jpg","type":"image\/jpeg"}],"twitter_card":"summary_large_image","schema":{"@context":"https:\/\/schema.org","@graph":[{"@type":"WebPage","@id":"https:\/\/www.booksonthemove.fr\/produit\/articuler-danse-et-poeme-enjeux-contemporains\/","url":"https:\/\/www.booksonthemove.fr\/produit\/articuler-danse-et-poeme-enjeux-contemporains\/","name":"Articuler danse et po\u00e8me - Enjeux contemporains - Books on the Move","isPartOf":{"@id":"https:\/\/www.booksonthemove.fr\/#website"},"primaryImageOfPage":{"@id":"https:\/\/www.booksonthemove.fr\/produit\/articuler-danse-et-poeme-enjeux-contemporains\/#primaryimage"},"image":{"@id":"https:\/\/www.booksonthemove.fr\/produit\/articuler-danse-et-poeme-enjeux-contemporains\/#primaryimage"},"thumbnailUrl":"https:\/\/www.booksonthemove.fr\/media\/bom_1900.jpg","datePublished":"2019-09-27T13:16:19+00:00","dateModified":"2024-04-24T09:24:10+00:00","breadcrumb":{"@id":"https:\/\/www.booksonthemove.fr\/produit\/articuler-danse-et-poeme-enjeux-contemporains\/#breadcrumb"},"inLanguage":"en-US","potentialAction":[{"@type":"ReadAction","target":["https:\/\/www.booksonthemove.fr\/produit\/articuler-danse-et-poeme-enjeux-contemporains\/"]}]},{"@type":"ImageObject","inLanguage":"en-US","@id":"https:\/\/www.booksonthemove.fr\/produit\/articuler-danse-et-poeme-enjeux-contemporains\/#primaryimage","url":"https:\/\/www.booksonthemove.fr\/media\/bom_1900.jpg","contentUrl":"https:\/\/www.booksonthemove.fr\/media\/bom_1900.jpg","width":900,"height":1400},{"@type":"BreadcrumbList","@id":"https:\/\/www.booksonthemove.fr\/produit\/articuler-danse-et-poeme-enjeux-contemporains\/#breadcrumb","itemListElement":[{"@type":"ListItem","position":1,"name":"Accueil","item":"https:\/\/www.booksonthemove.fr\/en\/"},{"@type":"ListItem","position":2,"name":"online store","item":"https:\/\/www.booksonthemove.fr\/en\/online-shop\/"},{"@type":"ListItem","position":3,"name":"Articuler danse et po\u00e8me &#8211; Enjeux contemporains"}]},{"@type":"WebSite","@id":"https:\/\/www.booksonthemove.fr\/#website","url":"https:\/\/www.booksonthemove.fr\/","name":"Books on the Move","description":"librairie nomade - danse - mouvement - performance","publisher":{"@id":"https:\/\/www.booksonthemove.fr\/#organization"},"potentialAction":[{"@type":"SearchAction","target":{"@type":"EntryPoint","urlTemplate":"https:\/\/www.booksonthemove.fr\/?s={search_term_string}"},"query-input":{"@type":"PropertyValueSpecification","valueRequired":true,"valueName":"search_term_string"}}],"inLanguage":"en-US"},{"@type":"Organization","@id":"https:\/\/www.booksonthemove.fr\/#organization","name":"Books on the Move","url":"https:\/\/www.booksonthemove.fr\/","logo":{"@type":"ImageObject","inLanguage":"en-US","@id":"https:\/\/www.booksonthemove.fr\/#\/schema\/logo\/image\/","url":"https:\/\/www.booksonthemove.fr\/media\/logo-NB-400.jpg","contentUrl":"https:\/\/www.booksonthemove.fr\/media\/logo-NB-400.jpg","width":400,"height":143,"caption":"Books on the Move"},"image":{"@id":"https:\/\/www.booksonthemove.fr\/#\/schema\/logo\/image\/"},"sameAs":["https:\/\/www.facebook.com\/Librairiebooksonthemove\/"]}]}},"_links":{"self":[{"href":"https:\/\/www.booksonthemove.fr\/en\/wp-json\/wp\/v2\/product\/7932","targetHints":{"allow":["GET"]}}],"collection":[{"href":"https:\/\/www.booksonthemove.fr\/en\/wp-json\/wp\/v2\/product"}],"about":[{"href":"https:\/\/www.booksonthemove.fr\/en\/wp-json\/wp\/v2\/types\/product"}],"wp:featuredmedia":[{"embeddable":true,"href":"https:\/\/www.booksonthemove.fr\/en\/wp-json\/wp\/v2\/media\/25713"}],"wp:attachment":[{"href":"https:\/\/www.booksonthemove.fr\/en\/wp-json\/wp\/v2\/media?parent=7932"}],"wp:term":[{"taxonomy":"product_brand","embeddable":true,"href":"https:\/\/www.booksonthemove.fr\/en\/wp-json\/wp\/v2\/product_brand?post=7932"},{"taxonomy":"product_cat","embeddable":true,"href":"https:\/\/www.booksonthemove.fr\/en\/wp-json\/wp\/v2\/product_cat?post=7932"},{"taxonomy":"product_tag","embeddable":true,"href":"https:\/\/www.booksonthemove.fr\/en\/wp-json\/wp\/v2\/product_tag?post=7932"}],"curies":[{"name":"wp","href":"https:\/\/api.w.org\/{rel}","templated":true}]}}