{"id":8248,"date":"2019-10-06T15:27:13","date_gmt":"2019-10-06T13:27:13","guid":{"rendered":"https:\/\/www.booksonthemove.fr\/produit\/composition-en-temps-reel-anatomie-dune-decision\/"},"modified":"2024-03-27T10:21:33","modified_gmt":"2024-03-27T09:21:33","slug":"composition-en-temps-reel-anatomie-dune-decision","status":"publish","type":"product","link":"https:\/\/www.booksonthemove.fr\/en\/produit\/composition-en-temps-reel-anatomie-dune-decision\/","title":{"rendered":"Composition en Temps R\u00e9el: Anatomie d&#8217;une d\u00e9cision"},"content":{"rendered":"<div class=\"teaser\">\n<p class=\"bodytext\">La publication &#8220;<span class=\"csc-sword\">Composition<\/span> <span class=\"csc-sword\">en<\/span> <span class=\"csc-sword\">Temps<\/span> <span class=\"csc-sword\">R\u00e9el<\/span>: Anatomie d&#8217;une d\u00e9cision&#8221; vise \u00e0 recr\u00e9er les premi\u00e8res heures qui occup<span class=\"csc-sword\">en<\/span>t g\u00e9n\u00e9ralem<span class=\"csc-sword\">en<\/span>t les workshops dirig\u00e9s par le chor\u00e9graphe Jo\u00e3o Fiadeiro. Elle propose une pr\u00e9s<span class=\"csc-sword\">en<\/span>tation illustr\u00e9e et comm<span class=\"csc-sword\">en<\/span>t\u00e9e des diff\u00e9r<span class=\"csc-sword\">en<\/span>tes phases du processus de d\u00e9cision g\u00e9n\u00e9ralem<span class=\"csc-sword\">en<\/span>t associ\u00e9es \u00e0 l\u2019improvisation, c\u2019est-\u00e0-dire aux suites d\u2019une r<span class=\"csc-sword\">en<\/span>contre avec l\u2019impr\u00e9vu.<\/p>\n<p class=\"bodytext\">Jo\u00e3o Fiadeiro apparti<span class=\"csc-sword\">en<\/span>t \u00e0 la g\u00e9n\u00e9ration des chor\u00e9graphes portugais apparue \u00e0 la fin des ann\u00e9es 1980 et \u00e0 l\u2019origine de la Nouvelle Danse Portugaise. Il a comm<span class=\"csc-sword\">en<\/span>c\u00e9 \u00e0 syst\u00e9matiser sa r\u00e9flexion et \u00e0 structurer ses recherches sur la <span class=\"csc-sword\">Composition<\/span> <span class=\"csc-sword\">en<\/span> <span class=\"csc-sword\">Temps<\/span> <span class=\"csc-sword\">R\u00e9el<\/span> dans les ann\u00e9es 1990, qui l\u2019ont conduit, depuis lors, \u00e0 donner de nombreuses conf\u00e9r<span class=\"csc-sword\">en<\/span>ces et \u00e0 diriger des cours et des ateliers dans des \u00e9coles et des universit\u00e9s internationales.<\/p>\n<p class=\"bodytext\">Design: Marco Balesteros, qui a remport\u00e9 le Prix du Design de Livre 2018, d\u00e9cern\u00e9 par la Direction g\u00e9n\u00e9rale du livre, des archives et des biblioth\u00e8ques, pour la conception de cette publication.<\/p>\n<\/div>\n","protected":false},"excerpt":{"rendered":"<p>Auteurs: Jo\u00e3o Fiadeiro, Romain Big\u00e9 &amp; David-Alexandre Gu\u00e9niot<br \/>\nEditeur: Ghost Editions (2019)<\/p>\n<p>Broch\u00e9: 120 pages<br \/>\nLangue: Fran\u00e7ais<br \/>\nISBN13: 978-989-20-7985-1<\/p>\n","protected":false},"featured_media":15797,"template":"","meta":[],"product_brand":[],"product_cat":[212,162,138,140],"product_tag":[],"class_list":{"0":"post-8248","1":"product","2":"type-product","3":"status-publish","4":"has-post-thumbnail","6":"product_cat-artists-books-en","7":"product_cat-french-en","8":"product_cat-improvisation-en","9":"product_cat-education-dance-technique-en","11":"first","12":"outofstock","13":"taxable","14":"shipping-taxable","15":"purchasable","16":"product-type-simple"},"yoast_head":"<!-- This site is optimized with the Yoast SEO plugin v27.4 - https:\/\/yoast.com\/product\/yoast-seo-wordpress\/ -->\n<title>Composition en Temps R\u00e9el: Anatomie d&#039;une d\u00e9cision - Books on the Move<\/title>\n<meta name=\"robots\" content=\"index, follow, max-snippet:-1, max-image-preview:large, max-video-preview:-1\" \/>\n<link rel=\"canonical\" href=\"https:\/\/www.booksonthemove.fr\/produit\/composition-en-temps-reel-anatomie-dune-decision\/\" \/>\n<meta property=\"og:locale\" content=\"en_US\" \/>\n<meta property=\"og:type\" content=\"article\" \/>\n<meta property=\"og:title\" content=\"Composition en Temps R\u00e9el: Anatomie d&#039;une d\u00e9cision - Books on the Move\" \/>\n<meta property=\"og:description\" content=\"Auteurs: Jo\u00e3o Fiadeiro, Romain Big\u00e9 &amp; David-Alexandre Gu\u00e9niot Editeur: Ghost Editions (2019)  Broch\u00e9: 120 pages Langue: Fran\u00e7ais ISBN13: 978-989-20-7985-1\" \/>\n<meta property=\"og:url\" content=\"https:\/\/www.booksonthemove.fr\/produit\/composition-en-temps-reel-anatomie-dune-decision\/\" \/>\n<meta property=\"og:site_name\" content=\"Books on the Move\" \/>\n<meta property=\"article:publisher\" content=\"https:\/\/www.facebook.com\/Librairiebooksonthemove\/\" \/>\n<meta property=\"article:modified_time\" content=\"2024-03-27T09:21:33+00:00\" \/>\n<meta property=\"og:image\" content=\"https:\/\/www.booksonthemove.fr\/media\/bom_2120.jpg\" \/>\n\t<meta property=\"og:image:width\" content=\"859\" \/>\n\t<meta property=\"og:image:height\" content=\"644\" \/>\n\t<meta property=\"og:image:type\" content=\"image\/jpeg\" \/>\n<meta name=\"twitter:card\" content=\"summary_large_image\" \/>\n<script type=\"application\/ld+json\" class=\"yoast-schema-graph\">{\"@context\":\"https:\\\/\\\/schema.org\",\"@graph\":[{\"@type\":\"WebPage\",\"@id\":\"https:\\\/\\\/www.booksonthemove.fr\\\/produit\\\/composition-en-temps-reel-anatomie-dune-decision\\\/\",\"url\":\"https:\\\/\\\/www.booksonthemove.fr\\\/produit\\\/composition-en-temps-reel-anatomie-dune-decision\\\/\",\"name\":\"Composition en Temps R\u00e9el: Anatomie d'une d\u00e9cision - Books on the Move\",\"isPartOf\":{\"@id\":\"https:\\\/\\\/www.booksonthemove.fr\\\/#website\"},\"primaryImageOfPage\":{\"@id\":\"https:\\\/\\\/www.booksonthemove.fr\\\/produit\\\/composition-en-temps-reel-anatomie-dune-decision\\\/#primaryimage\"},\"image\":{\"@id\":\"https:\\\/\\\/www.booksonthemove.fr\\\/produit\\\/composition-en-temps-reel-anatomie-dune-decision\\\/#primaryimage\"},\"thumbnailUrl\":\"https:\\\/\\\/www.booksonthemove.fr\\\/media\\\/bom_2120.jpg\",\"datePublished\":\"2019-10-06T13:27:13+00:00\",\"dateModified\":\"2024-03-27T09:21:33+00:00\",\"breadcrumb\":{\"@id\":\"https:\\\/\\\/www.booksonthemove.fr\\\/produit\\\/composition-en-temps-reel-anatomie-dune-decision\\\/#breadcrumb\"},\"inLanguage\":\"en-US\",\"potentialAction\":[{\"@type\":\"ReadAction\",\"target\":[\"https:\\\/\\\/www.booksonthemove.fr\\\/produit\\\/composition-en-temps-reel-anatomie-dune-decision\\\/\"]}]},{\"@type\":\"ImageObject\",\"inLanguage\":\"en-US\",\"@id\":\"https:\\\/\\\/www.booksonthemove.fr\\\/produit\\\/composition-en-temps-reel-anatomie-dune-decision\\\/#primaryimage\",\"url\":\"https:\\\/\\\/www.booksonthemove.fr\\\/media\\\/bom_2120.jpg\",\"contentUrl\":\"https:\\\/\\\/www.booksonthemove.fr\\\/media\\\/bom_2120.jpg\",\"width\":859,\"height\":644},{\"@type\":\"BreadcrumbList\",\"@id\":\"https:\\\/\\\/www.booksonthemove.fr\\\/produit\\\/composition-en-temps-reel-anatomie-dune-decision\\\/#breadcrumb\",\"itemListElement\":[{\"@type\":\"ListItem\",\"position\":1,\"name\":\"Accueil\",\"item\":\"https:\\\/\\\/www.booksonthemove.fr\\\/en\\\/\"},{\"@type\":\"ListItem\",\"position\":2,\"name\":\"online store\",\"item\":\"https:\\\/\\\/www.booksonthemove.fr\\\/en\\\/online-shop\\\/\"},{\"@type\":\"ListItem\",\"position\":3,\"name\":\"Composition en Temps R\u00e9el: Anatomie d&rsquo;une d\u00e9cision\"}]},{\"@type\":\"WebSite\",\"@id\":\"https:\\\/\\\/www.booksonthemove.fr\\\/#website\",\"url\":\"https:\\\/\\\/www.booksonthemove.fr\\\/\",\"name\":\"Books on the Move\",\"description\":\"librairie nomade - danse - mouvement - performance\",\"publisher\":{\"@id\":\"https:\\\/\\\/www.booksonthemove.fr\\\/#organization\"},\"potentialAction\":[{\"@type\":\"SearchAction\",\"target\":{\"@type\":\"EntryPoint\",\"urlTemplate\":\"https:\\\/\\\/www.booksonthemove.fr\\\/?s={search_term_string}\"},\"query-input\":{\"@type\":\"PropertyValueSpecification\",\"valueRequired\":true,\"valueName\":\"search_term_string\"}}],\"inLanguage\":\"en-US\"},{\"@type\":\"Organization\",\"@id\":\"https:\\\/\\\/www.booksonthemove.fr\\\/#organization\",\"name\":\"Books on the Move\",\"url\":\"https:\\\/\\\/www.booksonthemove.fr\\\/\",\"logo\":{\"@type\":\"ImageObject\",\"inLanguage\":\"en-US\",\"@id\":\"https:\\\/\\\/www.booksonthemove.fr\\\/#\\\/schema\\\/logo\\\/image\\\/\",\"url\":\"https:\\\/\\\/www.booksonthemove.fr\\\/media\\\/logo-NB-400.jpg\",\"contentUrl\":\"https:\\\/\\\/www.booksonthemove.fr\\\/media\\\/logo-NB-400.jpg\",\"width\":400,\"height\":143,\"caption\":\"Books on the Move\"},\"image\":{\"@id\":\"https:\\\/\\\/www.booksonthemove.fr\\\/#\\\/schema\\\/logo\\\/image\\\/\"},\"sameAs\":[\"https:\\\/\\\/www.facebook.com\\\/Librairiebooksonthemove\\\/\"]}]}<\/script>\n<!-- \/ Yoast SEO plugin. -->","yoast_head_json":{"title":"Composition en Temps R\u00e9el: Anatomie d'une d\u00e9cision - Books on the Move","robots":{"index":"index","follow":"follow","max-snippet":"max-snippet:-1","max-image-preview":"max-image-preview:large","max-video-preview":"max-video-preview:-1"},"canonical":"https:\/\/www.booksonthemove.fr\/produit\/composition-en-temps-reel-anatomie-dune-decision\/","og_locale":"en_US","og_type":"article","og_title":"Composition en Temps R\u00e9el: Anatomie d'une d\u00e9cision - Books on the Move","og_description":"Auteurs: Jo\u00e3o Fiadeiro, Romain Big\u00e9 &amp; David-Alexandre Gu\u00e9niot Editeur: Ghost Editions (2019)  Broch\u00e9: 120 pages Langue: Fran\u00e7ais ISBN13: 978-989-20-7985-1","og_url":"https:\/\/www.booksonthemove.fr\/produit\/composition-en-temps-reel-anatomie-dune-decision\/","og_site_name":"Books on the Move","article_publisher":"https:\/\/www.facebook.com\/Librairiebooksonthemove\/","article_modified_time":"2024-03-27T09:21:33+00:00","og_image":[{"width":859,"height":644,"url":"https:\/\/www.booksonthemove.fr\/media\/bom_2120.jpg","type":"image\/jpeg"}],"twitter_card":"summary_large_image","schema":{"@context":"https:\/\/schema.org","@graph":[{"@type":"WebPage","@id":"https:\/\/www.booksonthemove.fr\/produit\/composition-en-temps-reel-anatomie-dune-decision\/","url":"https:\/\/www.booksonthemove.fr\/produit\/composition-en-temps-reel-anatomie-dune-decision\/","name":"Composition en Temps R\u00e9el: Anatomie d'une d\u00e9cision - Books on the Move","isPartOf":{"@id":"https:\/\/www.booksonthemove.fr\/#website"},"primaryImageOfPage":{"@id":"https:\/\/www.booksonthemove.fr\/produit\/composition-en-temps-reel-anatomie-dune-decision\/#primaryimage"},"image":{"@id":"https:\/\/www.booksonthemove.fr\/produit\/composition-en-temps-reel-anatomie-dune-decision\/#primaryimage"},"thumbnailUrl":"https:\/\/www.booksonthemove.fr\/media\/bom_2120.jpg","datePublished":"2019-10-06T13:27:13+00:00","dateModified":"2024-03-27T09:21:33+00:00","breadcrumb":{"@id":"https:\/\/www.booksonthemove.fr\/produit\/composition-en-temps-reel-anatomie-dune-decision\/#breadcrumb"},"inLanguage":"en-US","potentialAction":[{"@type":"ReadAction","target":["https:\/\/www.booksonthemove.fr\/produit\/composition-en-temps-reel-anatomie-dune-decision\/"]}]},{"@type":"ImageObject","inLanguage":"en-US","@id":"https:\/\/www.booksonthemove.fr\/produit\/composition-en-temps-reel-anatomie-dune-decision\/#primaryimage","url":"https:\/\/www.booksonthemove.fr\/media\/bom_2120.jpg","contentUrl":"https:\/\/www.booksonthemove.fr\/media\/bom_2120.jpg","width":859,"height":644},{"@type":"BreadcrumbList","@id":"https:\/\/www.booksonthemove.fr\/produit\/composition-en-temps-reel-anatomie-dune-decision\/#breadcrumb","itemListElement":[{"@type":"ListItem","position":1,"name":"Accueil","item":"https:\/\/www.booksonthemove.fr\/en\/"},{"@type":"ListItem","position":2,"name":"online store","item":"https:\/\/www.booksonthemove.fr\/en\/online-shop\/"},{"@type":"ListItem","position":3,"name":"Composition en Temps R\u00e9el: Anatomie d&rsquo;une d\u00e9cision"}]},{"@type":"WebSite","@id":"https:\/\/www.booksonthemove.fr\/#website","url":"https:\/\/www.booksonthemove.fr\/","name":"Books on the Move","description":"librairie nomade - danse - mouvement - performance","publisher":{"@id":"https:\/\/www.booksonthemove.fr\/#organization"},"potentialAction":[{"@type":"SearchAction","target":{"@type":"EntryPoint","urlTemplate":"https:\/\/www.booksonthemove.fr\/?s={search_term_string}"},"query-input":{"@type":"PropertyValueSpecification","valueRequired":true,"valueName":"search_term_string"}}],"inLanguage":"en-US"},{"@type":"Organization","@id":"https:\/\/www.booksonthemove.fr\/#organization","name":"Books on the Move","url":"https:\/\/www.booksonthemove.fr\/","logo":{"@type":"ImageObject","inLanguage":"en-US","@id":"https:\/\/www.booksonthemove.fr\/#\/schema\/logo\/image\/","url":"https:\/\/www.booksonthemove.fr\/media\/logo-NB-400.jpg","contentUrl":"https:\/\/www.booksonthemove.fr\/media\/logo-NB-400.jpg","width":400,"height":143,"caption":"Books on the Move"},"image":{"@id":"https:\/\/www.booksonthemove.fr\/#\/schema\/logo\/image\/"},"sameAs":["https:\/\/www.facebook.com\/Librairiebooksonthemove\/"]}]}},"_links":{"self":[{"href":"https:\/\/www.booksonthemove.fr\/en\/wp-json\/wp\/v2\/product\/8248","targetHints":{"allow":["GET"]}}],"collection":[{"href":"https:\/\/www.booksonthemove.fr\/en\/wp-json\/wp\/v2\/product"}],"about":[{"href":"https:\/\/www.booksonthemove.fr\/en\/wp-json\/wp\/v2\/types\/product"}],"wp:featuredmedia":[{"embeddable":true,"href":"https:\/\/www.booksonthemove.fr\/en\/wp-json\/wp\/v2\/media\/15797"}],"wp:attachment":[{"href":"https:\/\/www.booksonthemove.fr\/en\/wp-json\/wp\/v2\/media?parent=8248"}],"wp:term":[{"taxonomy":"product_brand","embeddable":true,"href":"https:\/\/www.booksonthemove.fr\/en\/wp-json\/wp\/v2\/product_brand?post=8248"},{"taxonomy":"product_cat","embeddable":true,"href":"https:\/\/www.booksonthemove.fr\/en\/wp-json\/wp\/v2\/product_cat?post=8248"},{"taxonomy":"product_tag","embeddable":true,"href":"https:\/\/www.booksonthemove.fr\/en\/wp-json\/wp\/v2\/product_tag?post=8248"}],"curies":[{"name":"wp","href":"https:\/\/api.w.org\/{rel}","templated":true}]}}