{"id":8252,"date":"2019-10-06T15:48:31","date_gmt":"2019-10-06T13:48:31","guid":{"rendered":"https:\/\/www.booksonthemove.fr\/produit\/corps-de-pierre-corps-de-chair-sculpture-et-theatre\/"},"modified":"2020-11-17T14:09:11","modified_gmt":"2020-11-17T13:09:11","slug":"corps-de-pierre-corps-de-chair-sculpture-et-theatre","status":"publish","type":"product","link":"https:\/\/www.booksonthemove.fr\/en\/produit\/corps-de-pierre-corps-de-chair-sculpture-et-theatre\/","title":{"rendered":"Corps de pierre, corps de chair : Sculpture et th\u00e9\u00e2tre"},"content":{"rendered":"<p>Une interrogation traverse les gran<span class=\"csc-sword\">de<\/span>s r\u00e9formes du th\u00e9\u00e2tre mo<span class=\"csc-sword\">de<\/span>rne : le rapport <span class=\"csc-sword\">de<\/span> l&#8217;acteur, <span class=\"csc-sword\">corps<\/span> <span class=\"csc-sword\">de<\/span> chair, \u00e0 la sculpture, <span class=\"csc-sword\">corps<\/span> <span class=\"csc-sword\">de<\/span> <span class=\"csc-sword\">pierre<\/span>. Pour <span class=\"csc-sword\">de<\/span>venir &#8220;art&#8221;, la sc\u00e8ne engage le dialogue avec les autres arts et c&#8217;est \u00e0 sa relation, jamais \u00e9tudi\u00e9e auparavant, avec la sculpture, que ce livre se consacre. Il s&#8217;agit ici <span class=\"csc-sword\">de<\/span> placer le th\u00e9\u00e2tre au coeur du dialogue avec l&#8217;art <span class=\"csc-sword\">de<\/span> la sculpture et <span class=\"csc-sword\">de<\/span> convoquer les propos et les visions <span class=\"csc-sword\">de<\/span>s historiens <span class=\"csc-sword\">de<\/span> l&#8217;art ou d&#8217;un Auguste Rodin, Antoine Bour<span class=\"csc-sword\">de<\/span>lle ou Alberto Giacometti afin d&#8217;\u00e9clairer conjointement la qu\u00eate du th\u00e9\u00e2tre et <span class=\"csc-sword\">de<\/span> la sculpture. Monique Borie interroge les enjeux <span class=\"csc-sword\">de<\/span> la mati\u00e8re aussi bien que les tensions entre le vivant et l&#8217;inerte, le mouvement et l&#8217;immobilit\u00e9, la vie et la mort. Elle se situe au carrefour <span class=\"csc-sword\">de<\/span>s arts en d\u00e9couvrant comment le <span class=\"csc-sword\">corps<\/span> <span class=\"csc-sword\">de<\/span> <span class=\"csc-sword\">pierre<\/span> regar<span class=\"csc-sword\">de<\/span> du c\u00f4t\u00e9 du <span class=\"csc-sword\">corps<\/span> <span class=\"csc-sword\">de<\/span> chair. Tandis que le th\u00e9\u00e2tre, lui, art du <span class=\"csc-sword\">corps<\/span> <span class=\"csc-sword\">de<\/span> chair, regar<span class=\"csc-sword\">de<\/span> du c\u00f4t\u00e9 du <span class=\"csc-sword\">corps<\/span> <span class=\"csc-sword\">de<\/span> <span class=\"csc-sword\">pierre<\/span>.<\/p>\n","protected":false},"excerpt":{"rendered":"<p>Auteur: Monique Borie<br \/>\nEditeur:\u00a0<span class=\"csc-sword\">De<\/span>uxi\u00e8me\u00a0\u00e9poque\u00a0(2017)<\/p>\n<p>Broch\u00e9: 110 pages<br \/>\nLangue: Fran\u00e7ais<br \/>\nISBN13: 978-2377690220<\/p>\n","protected":false},"featured_media":8251,"template":"","meta":[],"product_brand":[],"product_cat":[197,301,146,227,162,206,241],"product_tag":[],"class_list":{"0":"post-8252","1":"product","2":"type-product","3":"status-publish","4":"has-post-thumbnail","6":"product_cat-analysis-of-works-en","7":"product_cat-arts-plastiques-en","8":"product_cat-theoretical-texts-en","9":"product_cat-essays-en","10":"product_cat-french-en","11":"product_cat-philosophy-aesthetics-en","12":"product_cat-theater-en","14":"first","15":"outofstock","16":"taxable","17":"shipping-taxable","18":"purchasable","19":"product-type-simple"},"yoast_head":"<!-- This site is optimized with the Yoast SEO plugin v27.5 - https:\/\/yoast.com\/product\/yoast-seo-wordpress\/ -->\n<title>Corps de pierre, corps de chair : Sculpture et th\u00e9\u00e2tre - Books on the Move<\/title>\n<meta name=\"robots\" content=\"index, follow, max-snippet:-1, max-image-preview:large, max-video-preview:-1\" \/>\n<link rel=\"canonical\" href=\"https:\/\/www.booksonthemove.fr\/en\/produit\/corps-de-pierre-corps-de-chair-sculpture-et-theatre\/\" \/>\n<meta property=\"og:locale\" content=\"en_US\" \/>\n<meta property=\"og:type\" content=\"article\" \/>\n<meta property=\"og:title\" content=\"Corps de pierre, corps de chair : Sculpture et th\u00e9\u00e2tre - Books on the Move\" \/>\n<meta property=\"og:description\" content=\"Auteur: Monique Borie Editeur:\u00a0Deuxi\u00e8me\u00a0\u00e9poque\u00a0(2017)  Broch\u00e9: 110 pages Langue: Fran\u00e7ais ISBN13: 978-2377690220\" \/>\n<meta property=\"og:url\" content=\"https:\/\/www.booksonthemove.fr\/en\/produit\/corps-de-pierre-corps-de-chair-sculpture-et-theatre\/\" \/>\n<meta property=\"og:site_name\" content=\"Books on the Move\" \/>\n<meta property=\"article:publisher\" content=\"https:\/\/www.facebook.com\/Librairiebooksonthemove\/\" \/>\n<meta property=\"article:modified_time\" content=\"2020-11-17T13:09:11+00:00\" \/>\n<meta property=\"og:image\" content=\"https:\/\/www.booksonthemove.fr\/media\/bom_1872_reduced.jpeg\" \/>\n\t<meta property=\"og:image:width\" content=\"450\" \/>\n\t<meta property=\"og:image:height\" content=\"625\" \/>\n\t<meta property=\"og:image:type\" content=\"image\/jpeg\" \/>\n<meta name=\"twitter:card\" content=\"summary_large_image\" \/>\n<script type=\"application\/ld+json\" class=\"yoast-schema-graph\">{\"@context\":\"https:\\\/\\\/schema.org\",\"@graph\":[{\"@type\":\"WebPage\",\"@id\":\"https:\\\/\\\/www.booksonthemove.fr\\\/en\\\/produit\\\/corps-de-pierre-corps-de-chair-sculpture-et-theatre\\\/\",\"url\":\"https:\\\/\\\/www.booksonthemove.fr\\\/en\\\/produit\\\/corps-de-pierre-corps-de-chair-sculpture-et-theatre\\\/\",\"name\":\"Corps de pierre, corps de chair : Sculpture et th\u00e9\u00e2tre - Books on the Move\",\"isPartOf\":{\"@id\":\"https:\\\/\\\/www.booksonthemove.fr\\\/#website\"},\"primaryImageOfPage\":{\"@id\":\"https:\\\/\\\/www.booksonthemove.fr\\\/en\\\/produit\\\/corps-de-pierre-corps-de-chair-sculpture-et-theatre\\\/#primaryimage\"},\"image\":{\"@id\":\"https:\\\/\\\/www.booksonthemove.fr\\\/en\\\/produit\\\/corps-de-pierre-corps-de-chair-sculpture-et-theatre\\\/#primaryimage\"},\"thumbnailUrl\":\"https:\\\/\\\/www.booksonthemove.fr\\\/media\\\/bom_1872_reduced.jpeg\",\"datePublished\":\"2019-10-06T13:48:31+00:00\",\"dateModified\":\"2020-11-17T13:09:11+00:00\",\"breadcrumb\":{\"@id\":\"https:\\\/\\\/www.booksonthemove.fr\\\/en\\\/produit\\\/corps-de-pierre-corps-de-chair-sculpture-et-theatre\\\/#breadcrumb\"},\"inLanguage\":\"en-US\",\"potentialAction\":[{\"@type\":\"ReadAction\",\"target\":[\"https:\\\/\\\/www.booksonthemove.fr\\\/en\\\/produit\\\/corps-de-pierre-corps-de-chair-sculpture-et-theatre\\\/\"]}]},{\"@type\":\"ImageObject\",\"inLanguage\":\"en-US\",\"@id\":\"https:\\\/\\\/www.booksonthemove.fr\\\/en\\\/produit\\\/corps-de-pierre-corps-de-chair-sculpture-et-theatre\\\/#primaryimage\",\"url\":\"https:\\\/\\\/www.booksonthemove.fr\\\/media\\\/bom_1872_reduced.jpeg\",\"contentUrl\":\"https:\\\/\\\/www.booksonthemove.fr\\\/media\\\/bom_1872_reduced.jpeg\",\"width\":450,\"height\":625},{\"@type\":\"BreadcrumbList\",\"@id\":\"https:\\\/\\\/www.booksonthemove.fr\\\/en\\\/produit\\\/corps-de-pierre-corps-de-chair-sculpture-et-theatre\\\/#breadcrumb\",\"itemListElement\":[{\"@type\":\"ListItem\",\"position\":1,\"name\":\"Accueil\",\"item\":\"https:\\\/\\\/www.booksonthemove.fr\\\/en\\\/\"},{\"@type\":\"ListItem\",\"position\":2,\"name\":\"online store\",\"item\":\"https:\\\/\\\/www.booksonthemove.fr\\\/en\\\/online-shop\\\/\"},{\"@type\":\"ListItem\",\"position\":3,\"name\":\"Corps de pierre, corps de chair : Sculpture et th\u00e9\u00e2tre\"}]},{\"@type\":\"WebSite\",\"@id\":\"https:\\\/\\\/www.booksonthemove.fr\\\/#website\",\"url\":\"https:\\\/\\\/www.booksonthemove.fr\\\/\",\"name\":\"Books on the Move\",\"description\":\"librairie nomade - danse - mouvement - performance\",\"publisher\":{\"@id\":\"https:\\\/\\\/www.booksonthemove.fr\\\/#organization\"},\"potentialAction\":[{\"@type\":\"SearchAction\",\"target\":{\"@type\":\"EntryPoint\",\"urlTemplate\":\"https:\\\/\\\/www.booksonthemove.fr\\\/?s={search_term_string}\"},\"query-input\":{\"@type\":\"PropertyValueSpecification\",\"valueRequired\":true,\"valueName\":\"search_term_string\"}}],\"inLanguage\":\"en-US\"},{\"@type\":\"Organization\",\"@id\":\"https:\\\/\\\/www.booksonthemove.fr\\\/#organization\",\"name\":\"Books on the Move\",\"url\":\"https:\\\/\\\/www.booksonthemove.fr\\\/\",\"logo\":{\"@type\":\"ImageObject\",\"inLanguage\":\"en-US\",\"@id\":\"https:\\\/\\\/www.booksonthemove.fr\\\/#\\\/schema\\\/logo\\\/image\\\/\",\"url\":\"https:\\\/\\\/www.booksonthemove.fr\\\/media\\\/logo-NB-400.jpg\",\"contentUrl\":\"https:\\\/\\\/www.booksonthemove.fr\\\/media\\\/logo-NB-400.jpg\",\"width\":400,\"height\":143,\"caption\":\"Books on the Move\"},\"image\":{\"@id\":\"https:\\\/\\\/www.booksonthemove.fr\\\/#\\\/schema\\\/logo\\\/image\\\/\"},\"sameAs\":[\"https:\\\/\\\/www.facebook.com\\\/Librairiebooksonthemove\\\/\"]}]}<\/script>\n<!-- \/ Yoast SEO plugin. -->","yoast_head_json":{"title":"Corps de pierre, corps de chair : Sculpture et th\u00e9\u00e2tre - Books on the Move","robots":{"index":"index","follow":"follow","max-snippet":"max-snippet:-1","max-image-preview":"max-image-preview:large","max-video-preview":"max-video-preview:-1"},"canonical":"https:\/\/www.booksonthemove.fr\/en\/produit\/corps-de-pierre-corps-de-chair-sculpture-et-theatre\/","og_locale":"en_US","og_type":"article","og_title":"Corps de pierre, corps de chair : Sculpture et th\u00e9\u00e2tre - Books on the Move","og_description":"Auteur: Monique Borie Editeur:\u00a0Deuxi\u00e8me\u00a0\u00e9poque\u00a0(2017)  Broch\u00e9: 110 pages Langue: Fran\u00e7ais ISBN13: 978-2377690220","og_url":"https:\/\/www.booksonthemove.fr\/en\/produit\/corps-de-pierre-corps-de-chair-sculpture-et-theatre\/","og_site_name":"Books on the Move","article_publisher":"https:\/\/www.facebook.com\/Librairiebooksonthemove\/","article_modified_time":"2020-11-17T13:09:11+00:00","og_image":[{"width":450,"height":625,"url":"https:\/\/www.booksonthemove.fr\/media\/bom_1872_reduced.jpeg","type":"image\/jpeg"}],"twitter_card":"summary_large_image","schema":{"@context":"https:\/\/schema.org","@graph":[{"@type":"WebPage","@id":"https:\/\/www.booksonthemove.fr\/en\/produit\/corps-de-pierre-corps-de-chair-sculpture-et-theatre\/","url":"https:\/\/www.booksonthemove.fr\/en\/produit\/corps-de-pierre-corps-de-chair-sculpture-et-theatre\/","name":"Corps de pierre, corps de chair : Sculpture et th\u00e9\u00e2tre - Books on the Move","isPartOf":{"@id":"https:\/\/www.booksonthemove.fr\/#website"},"primaryImageOfPage":{"@id":"https:\/\/www.booksonthemove.fr\/en\/produit\/corps-de-pierre-corps-de-chair-sculpture-et-theatre\/#primaryimage"},"image":{"@id":"https:\/\/www.booksonthemove.fr\/en\/produit\/corps-de-pierre-corps-de-chair-sculpture-et-theatre\/#primaryimage"},"thumbnailUrl":"https:\/\/www.booksonthemove.fr\/media\/bom_1872_reduced.jpeg","datePublished":"2019-10-06T13:48:31+00:00","dateModified":"2020-11-17T13:09:11+00:00","breadcrumb":{"@id":"https:\/\/www.booksonthemove.fr\/en\/produit\/corps-de-pierre-corps-de-chair-sculpture-et-theatre\/#breadcrumb"},"inLanguage":"en-US","potentialAction":[{"@type":"ReadAction","target":["https:\/\/www.booksonthemove.fr\/en\/produit\/corps-de-pierre-corps-de-chair-sculpture-et-theatre\/"]}]},{"@type":"ImageObject","inLanguage":"en-US","@id":"https:\/\/www.booksonthemove.fr\/en\/produit\/corps-de-pierre-corps-de-chair-sculpture-et-theatre\/#primaryimage","url":"https:\/\/www.booksonthemove.fr\/media\/bom_1872_reduced.jpeg","contentUrl":"https:\/\/www.booksonthemove.fr\/media\/bom_1872_reduced.jpeg","width":450,"height":625},{"@type":"BreadcrumbList","@id":"https:\/\/www.booksonthemove.fr\/en\/produit\/corps-de-pierre-corps-de-chair-sculpture-et-theatre\/#breadcrumb","itemListElement":[{"@type":"ListItem","position":1,"name":"Accueil","item":"https:\/\/www.booksonthemove.fr\/en\/"},{"@type":"ListItem","position":2,"name":"online store","item":"https:\/\/www.booksonthemove.fr\/en\/online-shop\/"},{"@type":"ListItem","position":3,"name":"Corps de pierre, corps de chair : Sculpture et th\u00e9\u00e2tre"}]},{"@type":"WebSite","@id":"https:\/\/www.booksonthemove.fr\/#website","url":"https:\/\/www.booksonthemove.fr\/","name":"Books on the Move","description":"librairie nomade - danse - mouvement - performance","publisher":{"@id":"https:\/\/www.booksonthemove.fr\/#organization"},"potentialAction":[{"@type":"SearchAction","target":{"@type":"EntryPoint","urlTemplate":"https:\/\/www.booksonthemove.fr\/?s={search_term_string}"},"query-input":{"@type":"PropertyValueSpecification","valueRequired":true,"valueName":"search_term_string"}}],"inLanguage":"en-US"},{"@type":"Organization","@id":"https:\/\/www.booksonthemove.fr\/#organization","name":"Books on the Move","url":"https:\/\/www.booksonthemove.fr\/","logo":{"@type":"ImageObject","inLanguage":"en-US","@id":"https:\/\/www.booksonthemove.fr\/#\/schema\/logo\/image\/","url":"https:\/\/www.booksonthemove.fr\/media\/logo-NB-400.jpg","contentUrl":"https:\/\/www.booksonthemove.fr\/media\/logo-NB-400.jpg","width":400,"height":143,"caption":"Books on the Move"},"image":{"@id":"https:\/\/www.booksonthemove.fr\/#\/schema\/logo\/image\/"},"sameAs":["https:\/\/www.facebook.com\/Librairiebooksonthemove\/"]}]}},"_links":{"self":[{"href":"https:\/\/www.booksonthemove.fr\/en\/wp-json\/wp\/v2\/product\/8252","targetHints":{"allow":["GET"]}}],"collection":[{"href":"https:\/\/www.booksonthemove.fr\/en\/wp-json\/wp\/v2\/product"}],"about":[{"href":"https:\/\/www.booksonthemove.fr\/en\/wp-json\/wp\/v2\/types\/product"}],"wp:featuredmedia":[{"embeddable":true,"href":"https:\/\/www.booksonthemove.fr\/en\/wp-json\/wp\/v2\/media\/8251"}],"wp:attachment":[{"href":"https:\/\/www.booksonthemove.fr\/en\/wp-json\/wp\/v2\/media?parent=8252"}],"wp:term":[{"taxonomy":"product_brand","embeddable":true,"href":"https:\/\/www.booksonthemove.fr\/en\/wp-json\/wp\/v2\/product_brand?post=8252"},{"taxonomy":"product_cat","embeddable":true,"href":"https:\/\/www.booksonthemove.fr\/en\/wp-json\/wp\/v2\/product_cat?post=8252"},{"taxonomy":"product_tag","embeddable":true,"href":"https:\/\/www.booksonthemove.fr\/en\/wp-json\/wp\/v2\/product_tag?post=8252"}],"curies":[{"name":"wp","href":"https:\/\/api.w.org\/{rel}","templated":true}]}}