{"id":8256,"date":"2019-10-06T15:56:05","date_gmt":"2019-10-06T13:56:05","guid":{"rendered":"https:\/\/www.booksonthemove.fr\/produit\/corps-objet-image-n-3-re-animation\/"},"modified":"2024-10-22T17:46:46","modified_gmt":"2024-10-22T15:46:46","slug":"corps-objet-image-n-3-re-animation","status":"publish","type":"product","link":"https:\/\/www.booksonthemove.fr\/en\/produit\/corps-objet-image-n-3-re-animation\/","title":{"rendered":"Corps-Objet-Image &#8211; N\u00b0 3 \/ R\u00e9-Animation"},"content":{"rendered":"<div class=\"teaser\">\n<p class=\"bodytext\">La Revue <span class=\"csc-sword\">Corps<\/span>&#8211;<span class=\"csc-sword\">Objet<\/span>&#8211;<span class=\"csc-sword\">Image<\/span>, du TJP, Centre Dramatique National &#8211; Strasbourg est une publication bisannuelle p\u00e9ridisciplinaire r\u00e9unissant artistes et chercheurs pour explorer les territoires et les pens\u00e9es plurielles des arts de la sc\u00e8ne contemporaine.<\/p>\n<p class=\"bodytext\">Apr\u00e8s, Infra, l\u2019en-de\u00e7\u00e0 du visible et Alter, l\u2019autre de la mati\u00e8re, le troisi\u00e8me num\u00e9ro de la revue d\u00e9ploie la th\u00e9matique de la R\u00e9-animation en se faisant l\u2019\u00e9cho des r\u00e9investissements de l\u2019animisme et de ses r\u00e9surgences \u00e9tranges (weird !), dans les champs artistiques, politiques, scientifiques et anthropologiques.<\/p>\n<p class=\"bodytext\">SOMMAIRE<\/p>\n<p class=\"bodytext\">EDITO &#8211; Renaud Herbin<\/p>\n<p class=\"bodytext\">Weird Animisms &#8211; J\u00e9r\u00e9my Damian<\/p>\n<p class=\"bodytext\">Portfolio &#8211; Julien Bruneau<\/p>\n<p class=\"bodytext\">Cartographie de l&#8217;animation &#8211; Emma Merabet<\/p>\n<p class=\"bodytext\">DOSSIER TH\u00c9MATIQUE<\/p>\n<p class=\"bodytext\">La c\u00e2mera pythagorique, De l\u2019animisme qui nous est propre &#8211; Jacopo Rasmi<\/p>\n<p class=\"bodytext\">Le hors-champ est dedans, Conversation avec Michelangelo Frammartino &#8211; Jacopo Rasmi<\/p>\n<p class=\"bodytext\">De la pr\u00e9sence des choses au cin\u00e9ma &#8211; Benjamin Thomas<\/p>\n<p class=\"bodytext\">Fabriquer le sens qui nous requiert &#8211; Julien Bruneau<\/p>\n<p class=\"bodytext\">La terre et l&#8217;acrobate, R\u00e9cit d&#8217;une collision &#8211; Martin Givors<\/p>\n<p class=\"bodytext\">Mais qu&#8217;est-ce qu&#8217;il lui arrive? Intrusions animistes des personnages de fiction &#8211; Thierry Drumm<\/p>\n<p class=\"bodytext\">The Lighthouse Project, Brouhaha de l&#8217;inframonde &#8211; Duncan Evennou<\/p>\n<p class=\"bodytext\">Cr\u00e9atures marines \/ Of Marines Creatures &#8211; FR\/EN &#8211; Emily Johnson<\/p>\n<p class=\"bodytext\">CAHIER D&#8217;INTERF\u00c9RENCES<\/p>\n<p class=\"bodytext\">Boucles de r\u00e9troaction et Ricochets &#8211; Une cinquantaine de contributeurs de la plateforme <span class=\"csc-sword\">Corps<\/span>&#8211;<span class=\"csc-sword\">Objet<\/span>&#8211;<span class=\"csc-sword\">Image<\/span><\/p>\n<p class=\"bodytext\">Les Hasardeux &#8211; Labo des interf\u00e9rents #2 &#8211; Marguerite Bordat et Aur\u00e9lien Bory (Labo janvier 2017)<\/p>\n<p class=\"bodytext\">BIOGRAPHIES DES CONTRIBUTEURS<\/p>\n<\/div>\n","protected":false},"excerpt":{"rendered":"<p><strong>DIRECTEUR DE PUBLICATION :<\/strong> Renaud Herbin<br \/>\n<strong>\u00c9DITEUR :<\/strong> TJP \u00c9ditions (2018)<\/p>\n<p><strong>BROCH\u00c9 :<\/strong> 176 pages<br \/>\n<strong>LANGUE :<\/strong> Fran\u00e7ais<br \/>\n<strong>ISBN :<\/strong> 978-2-952815-7-3<\/p>\n","protected":false},"featured_media":8255,"template":"","meta":[],"product_brand":[],"product_cat":[162,291,211],"product_tag":[],"class_list":{"0":"post-8256","1":"product","2":"type-product","3":"status-publish","4":"has-post-thumbnail","6":"product_cat-french-en","7":"product_cat-pluridisciplinarity","8":"product_cat-magazines-en","10":"first","11":"outofstock","12":"taxable","13":"shipping-taxable","14":"purchasable","15":"product-type-simple"},"yoast_head":"<!-- This site is optimized with the Yoast SEO plugin v27.4 - https:\/\/yoast.com\/product\/yoast-seo-wordpress\/ -->\n<title>Corps-Objet-Image - N\u00b0 3 \/ R\u00e9-Animation - Books on the Move<\/title>\n<meta name=\"robots\" content=\"index, follow, max-snippet:-1, max-image-preview:large, max-video-preview:-1\" \/>\n<link rel=\"canonical\" href=\"https:\/\/www.booksonthemove.fr\/produit\/corps-objet-image-n-3-re-animation\/\" \/>\n<meta property=\"og:locale\" content=\"en_US\" \/>\n<meta property=\"og:type\" content=\"article\" \/>\n<meta property=\"og:title\" content=\"Corps-Objet-Image - N\u00b0 3 \/ R\u00e9-Animation - Books on the Move\" \/>\n<meta property=\"og:description\" content=\"DIRECTEUR DE PUBLICATION : Renaud Herbin \u00c9DITEUR : TJP \u00c9ditions (2018)  BROCH\u00c9 : 176 pages LANGUE : Fran\u00e7ais ISBN : 978-2-952815-7-3\" \/>\n<meta property=\"og:url\" content=\"https:\/\/www.booksonthemove.fr\/produit\/corps-objet-image-n-3-re-animation\/\" \/>\n<meta property=\"og:site_name\" content=\"Books on the Move\" \/>\n<meta property=\"article:publisher\" content=\"https:\/\/www.facebook.com\/Librairiebooksonthemove\/\" \/>\n<meta property=\"article:modified_time\" content=\"2024-10-22T15:46:46+00:00\" \/>\n<meta property=\"og:image\" content=\"https:\/\/www.booksonthemove.fr\/media\/RevueCOI-03-premiere.jpg\" \/>\n\t<meta property=\"og:image:width\" content=\"300\" \/>\n\t<meta property=\"og:image:height\" content=\"438\" \/>\n\t<meta property=\"og:image:type\" content=\"image\/jpeg\" \/>\n<meta name=\"twitter:card\" content=\"summary_large_image\" \/>\n<script type=\"application\/ld+json\" class=\"yoast-schema-graph\">{\"@context\":\"https:\\\/\\\/schema.org\",\"@graph\":[{\"@type\":\"WebPage\",\"@id\":\"https:\\\/\\\/www.booksonthemove.fr\\\/produit\\\/corps-objet-image-n-3-re-animation\\\/\",\"url\":\"https:\\\/\\\/www.booksonthemove.fr\\\/produit\\\/corps-objet-image-n-3-re-animation\\\/\",\"name\":\"Corps-Objet-Image - N\u00b0 3 \\\/ R\u00e9-Animation - Books on the Move\",\"isPartOf\":{\"@id\":\"https:\\\/\\\/www.booksonthemove.fr\\\/#website\"},\"primaryImageOfPage\":{\"@id\":\"https:\\\/\\\/www.booksonthemove.fr\\\/produit\\\/corps-objet-image-n-3-re-animation\\\/#primaryimage\"},\"image\":{\"@id\":\"https:\\\/\\\/www.booksonthemove.fr\\\/produit\\\/corps-objet-image-n-3-re-animation\\\/#primaryimage\"},\"thumbnailUrl\":\"https:\\\/\\\/www.booksonthemove.fr\\\/media\\\/RevueCOI-03-premiere.jpg\",\"datePublished\":\"2019-10-06T13:56:05+00:00\",\"dateModified\":\"2024-10-22T15:46:46+00:00\",\"breadcrumb\":{\"@id\":\"https:\\\/\\\/www.booksonthemove.fr\\\/produit\\\/corps-objet-image-n-3-re-animation\\\/#breadcrumb\"},\"inLanguage\":\"en-US\",\"potentialAction\":[{\"@type\":\"ReadAction\",\"target\":[\"https:\\\/\\\/www.booksonthemove.fr\\\/produit\\\/corps-objet-image-n-3-re-animation\\\/\"]}]},{\"@type\":\"ImageObject\",\"inLanguage\":\"en-US\",\"@id\":\"https:\\\/\\\/www.booksonthemove.fr\\\/produit\\\/corps-objet-image-n-3-re-animation\\\/#primaryimage\",\"url\":\"https:\\\/\\\/www.booksonthemove.fr\\\/media\\\/RevueCOI-03-premiere.jpg\",\"contentUrl\":\"https:\\\/\\\/www.booksonthemove.fr\\\/media\\\/RevueCOI-03-premiere.jpg\",\"width\":300,\"height\":438},{\"@type\":\"BreadcrumbList\",\"@id\":\"https:\\\/\\\/www.booksonthemove.fr\\\/produit\\\/corps-objet-image-n-3-re-animation\\\/#breadcrumb\",\"itemListElement\":[{\"@type\":\"ListItem\",\"position\":1,\"name\":\"Accueil\",\"item\":\"https:\\\/\\\/www.booksonthemove.fr\\\/en\\\/\"},{\"@type\":\"ListItem\",\"position\":2,\"name\":\"online store\",\"item\":\"https:\\\/\\\/www.booksonthemove.fr\\\/en\\\/online-shop\\\/\"},{\"@type\":\"ListItem\",\"position\":3,\"name\":\"Corps-Objet-Image &#8211; N\u00b0 3 \\\/ R\u00e9-Animation\"}]},{\"@type\":\"WebSite\",\"@id\":\"https:\\\/\\\/www.booksonthemove.fr\\\/#website\",\"url\":\"https:\\\/\\\/www.booksonthemove.fr\\\/\",\"name\":\"Books on the Move\",\"description\":\"librairie nomade - danse - mouvement - performance\",\"publisher\":{\"@id\":\"https:\\\/\\\/www.booksonthemove.fr\\\/#organization\"},\"potentialAction\":[{\"@type\":\"SearchAction\",\"target\":{\"@type\":\"EntryPoint\",\"urlTemplate\":\"https:\\\/\\\/www.booksonthemove.fr\\\/?s={search_term_string}\"},\"query-input\":{\"@type\":\"PropertyValueSpecification\",\"valueRequired\":true,\"valueName\":\"search_term_string\"}}],\"inLanguage\":\"en-US\"},{\"@type\":\"Organization\",\"@id\":\"https:\\\/\\\/www.booksonthemove.fr\\\/#organization\",\"name\":\"Books on the Move\",\"url\":\"https:\\\/\\\/www.booksonthemove.fr\\\/\",\"logo\":{\"@type\":\"ImageObject\",\"inLanguage\":\"en-US\",\"@id\":\"https:\\\/\\\/www.booksonthemove.fr\\\/#\\\/schema\\\/logo\\\/image\\\/\",\"url\":\"https:\\\/\\\/www.booksonthemove.fr\\\/media\\\/logo-NB-400.jpg\",\"contentUrl\":\"https:\\\/\\\/www.booksonthemove.fr\\\/media\\\/logo-NB-400.jpg\",\"width\":400,\"height\":143,\"caption\":\"Books on the Move\"},\"image\":{\"@id\":\"https:\\\/\\\/www.booksonthemove.fr\\\/#\\\/schema\\\/logo\\\/image\\\/\"},\"sameAs\":[\"https:\\\/\\\/www.facebook.com\\\/Librairiebooksonthemove\\\/\"]}]}<\/script>\n<!-- \/ Yoast SEO plugin. -->","yoast_head_json":{"title":"Corps-Objet-Image - N\u00b0 3 \/ R\u00e9-Animation - Books on the Move","robots":{"index":"index","follow":"follow","max-snippet":"max-snippet:-1","max-image-preview":"max-image-preview:large","max-video-preview":"max-video-preview:-1"},"canonical":"https:\/\/www.booksonthemove.fr\/produit\/corps-objet-image-n-3-re-animation\/","og_locale":"en_US","og_type":"article","og_title":"Corps-Objet-Image - N\u00b0 3 \/ R\u00e9-Animation - Books on the Move","og_description":"DIRECTEUR DE PUBLICATION : Renaud Herbin \u00c9DITEUR : TJP \u00c9ditions (2018)  BROCH\u00c9 : 176 pages LANGUE : Fran\u00e7ais ISBN : 978-2-952815-7-3","og_url":"https:\/\/www.booksonthemove.fr\/produit\/corps-objet-image-n-3-re-animation\/","og_site_name":"Books on the Move","article_publisher":"https:\/\/www.facebook.com\/Librairiebooksonthemove\/","article_modified_time":"2024-10-22T15:46:46+00:00","og_image":[{"width":300,"height":438,"url":"https:\/\/www.booksonthemove.fr\/media\/RevueCOI-03-premiere.jpg","type":"image\/jpeg"}],"twitter_card":"summary_large_image","schema":{"@context":"https:\/\/schema.org","@graph":[{"@type":"WebPage","@id":"https:\/\/www.booksonthemove.fr\/produit\/corps-objet-image-n-3-re-animation\/","url":"https:\/\/www.booksonthemove.fr\/produit\/corps-objet-image-n-3-re-animation\/","name":"Corps-Objet-Image - N\u00b0 3 \/ R\u00e9-Animation - Books on the Move","isPartOf":{"@id":"https:\/\/www.booksonthemove.fr\/#website"},"primaryImageOfPage":{"@id":"https:\/\/www.booksonthemove.fr\/produit\/corps-objet-image-n-3-re-animation\/#primaryimage"},"image":{"@id":"https:\/\/www.booksonthemove.fr\/produit\/corps-objet-image-n-3-re-animation\/#primaryimage"},"thumbnailUrl":"https:\/\/www.booksonthemove.fr\/media\/RevueCOI-03-premiere.jpg","datePublished":"2019-10-06T13:56:05+00:00","dateModified":"2024-10-22T15:46:46+00:00","breadcrumb":{"@id":"https:\/\/www.booksonthemove.fr\/produit\/corps-objet-image-n-3-re-animation\/#breadcrumb"},"inLanguage":"en-US","potentialAction":[{"@type":"ReadAction","target":["https:\/\/www.booksonthemove.fr\/produit\/corps-objet-image-n-3-re-animation\/"]}]},{"@type":"ImageObject","inLanguage":"en-US","@id":"https:\/\/www.booksonthemove.fr\/produit\/corps-objet-image-n-3-re-animation\/#primaryimage","url":"https:\/\/www.booksonthemove.fr\/media\/RevueCOI-03-premiere.jpg","contentUrl":"https:\/\/www.booksonthemove.fr\/media\/RevueCOI-03-premiere.jpg","width":300,"height":438},{"@type":"BreadcrumbList","@id":"https:\/\/www.booksonthemove.fr\/produit\/corps-objet-image-n-3-re-animation\/#breadcrumb","itemListElement":[{"@type":"ListItem","position":1,"name":"Accueil","item":"https:\/\/www.booksonthemove.fr\/en\/"},{"@type":"ListItem","position":2,"name":"online store","item":"https:\/\/www.booksonthemove.fr\/en\/online-shop\/"},{"@type":"ListItem","position":3,"name":"Corps-Objet-Image &#8211; N\u00b0 3 \/ R\u00e9-Animation"}]},{"@type":"WebSite","@id":"https:\/\/www.booksonthemove.fr\/#website","url":"https:\/\/www.booksonthemove.fr\/","name":"Books on the Move","description":"librairie nomade - danse - mouvement - performance","publisher":{"@id":"https:\/\/www.booksonthemove.fr\/#organization"},"potentialAction":[{"@type":"SearchAction","target":{"@type":"EntryPoint","urlTemplate":"https:\/\/www.booksonthemove.fr\/?s={search_term_string}"},"query-input":{"@type":"PropertyValueSpecification","valueRequired":true,"valueName":"search_term_string"}}],"inLanguage":"en-US"},{"@type":"Organization","@id":"https:\/\/www.booksonthemove.fr\/#organization","name":"Books on the Move","url":"https:\/\/www.booksonthemove.fr\/","logo":{"@type":"ImageObject","inLanguage":"en-US","@id":"https:\/\/www.booksonthemove.fr\/#\/schema\/logo\/image\/","url":"https:\/\/www.booksonthemove.fr\/media\/logo-NB-400.jpg","contentUrl":"https:\/\/www.booksonthemove.fr\/media\/logo-NB-400.jpg","width":400,"height":143,"caption":"Books on the Move"},"image":{"@id":"https:\/\/www.booksonthemove.fr\/#\/schema\/logo\/image\/"},"sameAs":["https:\/\/www.facebook.com\/Librairiebooksonthemove\/"]}]}},"_links":{"self":[{"href":"https:\/\/www.booksonthemove.fr\/en\/wp-json\/wp\/v2\/product\/8256","targetHints":{"allow":["GET"]}}],"collection":[{"href":"https:\/\/www.booksonthemove.fr\/en\/wp-json\/wp\/v2\/product"}],"about":[{"href":"https:\/\/www.booksonthemove.fr\/en\/wp-json\/wp\/v2\/types\/product"}],"wp:featuredmedia":[{"embeddable":true,"href":"https:\/\/www.booksonthemove.fr\/en\/wp-json\/wp\/v2\/media\/8255"}],"wp:attachment":[{"href":"https:\/\/www.booksonthemove.fr\/en\/wp-json\/wp\/v2\/media?parent=8256"}],"wp:term":[{"taxonomy":"product_brand","embeddable":true,"href":"https:\/\/www.booksonthemove.fr\/en\/wp-json\/wp\/v2\/product_brand?post=8256"},{"taxonomy":"product_cat","embeddable":true,"href":"https:\/\/www.booksonthemove.fr\/en\/wp-json\/wp\/v2\/product_cat?post=8256"},{"taxonomy":"product_tag","embeddable":true,"href":"https:\/\/www.booksonthemove.fr\/en\/wp-json\/wp\/v2\/product_tag?post=8256"}],"curies":[{"name":"wp","href":"https:\/\/api.w.org\/{rel}","templated":true}]}}