{"id":8310,"date":"2019-10-07T18:00:38","date_gmt":"2019-10-07T16:00:38","guid":{"rendered":"https:\/\/www.booksonthemove.fr\/produit\/danse-contemporaine-le-guide\/"},"modified":"2026-03-28T10:16:59","modified_gmt":"2026-03-28T09:16:59","slug":"danse-contemporaine-le-guide","status":"publish","type":"product","link":"https:\/\/www.booksonthemove.fr\/en\/produit\/danse-contemporaine-le-guide\/","title":{"rendered":"Danse contemporaine &#8211; le guide"},"content":{"rendered":"<div class=\"teaser\">\n<p class=\"bodytext\">20 chor\u00e9graphes phares<\/p>\n<p class=\"bodytext\">Renouer les fils avec le pass\u00e9.<\/p>\n<p class=\"bodytext\">Cr\u00e9\u00e9e et dirig\u00e9e par \u00c9lisabeth Couturier, cette collection d\u00e9crypte le monde contemporain \u00e0 travers ses expressions artistiques et ses modes de pens\u00e9es.<\/p>\n<p class=\"bodytext\">Changer sa fa\u00e7on de voir.<\/p>\n<p class=\"bodytext\">La <span class=\"csc-sword\">danse<\/span> <span class=\"csc-sword\">contemporaine<\/span>, quel int\u00e9r\u00eat ?<\/p>\n<p class=\"bodytext\">La <span class=\"csc-sword\">danse<\/span> <span class=\"csc-sword\">contemporaine<\/span>, c&#8217;est quoi ?<\/p>\n<p class=\"bodytext\">Retenir quelques dates rep\u00e8res.<\/p>\n<p class=\"bodytext\">Ils l&#8217;ont fait pour la premi\u00e8re fois.<\/p>\n<p class=\"bodytext\">Conna\u00eetre les mots cl\u00e9.<\/p>\n<p class=\"bodytext\">Comment approcher la <span class=\"csc-sword\">danse<\/span> <span class=\"csc-sword\">contemporaine<\/span> ?<\/p>\n<\/div>\n","protected":false},"excerpt":{"rendered":"<p><strong>Auteur:<\/strong> Philippe Noisette<br \/>\n<strong>Editeur:<\/strong> Flammarion (2015)<\/p>\n<p><strong>Broch\u00e9:<\/strong> 224 pages<br \/>\n<strong>Langue:<\/strong> Fran\u00e7ais<br \/>\n<strong>ISBN13:<\/strong> 978-2-08133-925-5<\/p>\n","protected":false},"featured_media":8309,"template":"","meta":[],"product_brand":[],"product_cat":[197,240,146,162,136],"product_tag":[],"class_list":{"0":"post-8310","1":"product","2":"type-product","3":"status-publish","4":"has-post-thumbnail","6":"product_cat-analysis-of-works-en","7":"product_cat-choreography-en","8":"product_cat-theoretical-texts-en","9":"product_cat-french-en","10":"product_cat-histoire-en","12":"first","13":"outofstock","14":"taxable","15":"shipping-taxable","16":"purchasable","17":"product-type-simple"},"yoast_head":"<!-- This site is optimized with the Yoast SEO plugin v27.5 - https:\/\/yoast.com\/product\/yoast-seo-wordpress\/ -->\n<title>Danse contemporaine - le guide - Books on the Move<\/title>\n<meta name=\"robots\" content=\"index, follow, max-snippet:-1, max-image-preview:large, max-video-preview:-1\" \/>\n<link rel=\"canonical\" href=\"https:\/\/www.booksonthemove.fr\/en\/produit\/danse-contemporaine-le-guide\/\" \/>\n<meta property=\"og:locale\" content=\"en_US\" \/>\n<meta property=\"og:type\" content=\"article\" \/>\n<meta property=\"og:title\" content=\"Danse contemporaine - le guide - Books on the Move\" \/>\n<meta property=\"og:description\" content=\"Auteur: Philippe Noisette Editeur: Flammarion (2015)  Broch\u00e9: 224 pages Langue: Fran\u00e7ais ISBN13: 978-2-08133-925-5\" \/>\n<meta property=\"og:url\" content=\"https:\/\/www.booksonthemove.fr\/en\/produit\/danse-contemporaine-le-guide\/\" \/>\n<meta property=\"og:site_name\" content=\"Books on the Move\" \/>\n<meta property=\"article:publisher\" content=\"https:\/\/www.facebook.com\/Librairiebooksonthemove\/\" \/>\n<meta property=\"article:modified_time\" content=\"2026-03-28T09:16:59+00:00\" \/>\n<meta property=\"og:image\" content=\"https:\/\/www.booksonthemove.fr\/media\/41J_DNXfE0L._SX349_BO1_204_203_200_.jpg\" \/>\n\t<meta property=\"og:image:width\" content=\"351\" \/>\n\t<meta property=\"og:image:height\" content=\"499\" \/>\n\t<meta property=\"og:image:type\" content=\"image\/jpeg\" \/>\n<meta name=\"twitter:card\" content=\"summary_large_image\" \/>\n<script type=\"application\/ld+json\" class=\"yoast-schema-graph\">{\"@context\":\"https:\\\/\\\/schema.org\",\"@graph\":[{\"@type\":\"WebPage\",\"@id\":\"https:\\\/\\\/www.booksonthemove.fr\\\/en\\\/produit\\\/danse-contemporaine-le-guide\\\/\",\"url\":\"https:\\\/\\\/www.booksonthemove.fr\\\/en\\\/produit\\\/danse-contemporaine-le-guide\\\/\",\"name\":\"Danse contemporaine - le guide - Books on the Move\",\"isPartOf\":{\"@id\":\"https:\\\/\\\/www.booksonthemove.fr\\\/#website\"},\"primaryImageOfPage\":{\"@id\":\"https:\\\/\\\/www.booksonthemove.fr\\\/en\\\/produit\\\/danse-contemporaine-le-guide\\\/#primaryimage\"},\"image\":{\"@id\":\"https:\\\/\\\/www.booksonthemove.fr\\\/en\\\/produit\\\/danse-contemporaine-le-guide\\\/#primaryimage\"},\"thumbnailUrl\":\"https:\\\/\\\/www.booksonthemove.fr\\\/media\\\/41J_DNXfE0L._SX349_BO1_204_203_200_.jpg\",\"datePublished\":\"2019-10-07T16:00:38+00:00\",\"dateModified\":\"2026-03-28T09:16:59+00:00\",\"breadcrumb\":{\"@id\":\"https:\\\/\\\/www.booksonthemove.fr\\\/en\\\/produit\\\/danse-contemporaine-le-guide\\\/#breadcrumb\"},\"inLanguage\":\"en-US\",\"potentialAction\":[{\"@type\":\"ReadAction\",\"target\":[\"https:\\\/\\\/www.booksonthemove.fr\\\/en\\\/produit\\\/danse-contemporaine-le-guide\\\/\"]}]},{\"@type\":\"ImageObject\",\"inLanguage\":\"en-US\",\"@id\":\"https:\\\/\\\/www.booksonthemove.fr\\\/en\\\/produit\\\/danse-contemporaine-le-guide\\\/#primaryimage\",\"url\":\"https:\\\/\\\/www.booksonthemove.fr\\\/media\\\/41J_DNXfE0L._SX349_BO1_204_203_200_.jpg\",\"contentUrl\":\"https:\\\/\\\/www.booksonthemove.fr\\\/media\\\/41J_DNXfE0L._SX349_BO1_204_203_200_.jpg\",\"width\":351,\"height\":499},{\"@type\":\"BreadcrumbList\",\"@id\":\"https:\\\/\\\/www.booksonthemove.fr\\\/en\\\/produit\\\/danse-contemporaine-le-guide\\\/#breadcrumb\",\"itemListElement\":[{\"@type\":\"ListItem\",\"position\":1,\"name\":\"Accueil\",\"item\":\"https:\\\/\\\/www.booksonthemove.fr\\\/en\\\/\"},{\"@type\":\"ListItem\",\"position\":2,\"name\":\"online store\",\"item\":\"https:\\\/\\\/www.booksonthemove.fr\\\/en\\\/online-shop\\\/\"},{\"@type\":\"ListItem\",\"position\":3,\"name\":\"Danse contemporaine &#8211; le guide\"}]},{\"@type\":\"WebSite\",\"@id\":\"https:\\\/\\\/www.booksonthemove.fr\\\/#website\",\"url\":\"https:\\\/\\\/www.booksonthemove.fr\\\/\",\"name\":\"Books on the Move\",\"description\":\"librairie nomade - danse - mouvement - performance\",\"publisher\":{\"@id\":\"https:\\\/\\\/www.booksonthemove.fr\\\/#organization\"},\"potentialAction\":[{\"@type\":\"SearchAction\",\"target\":{\"@type\":\"EntryPoint\",\"urlTemplate\":\"https:\\\/\\\/www.booksonthemove.fr\\\/?s={search_term_string}\"},\"query-input\":{\"@type\":\"PropertyValueSpecification\",\"valueRequired\":true,\"valueName\":\"search_term_string\"}}],\"inLanguage\":\"en-US\"},{\"@type\":\"Organization\",\"@id\":\"https:\\\/\\\/www.booksonthemove.fr\\\/#organization\",\"name\":\"Books on the Move\",\"url\":\"https:\\\/\\\/www.booksonthemove.fr\\\/\",\"logo\":{\"@type\":\"ImageObject\",\"inLanguage\":\"en-US\",\"@id\":\"https:\\\/\\\/www.booksonthemove.fr\\\/#\\\/schema\\\/logo\\\/image\\\/\",\"url\":\"https:\\\/\\\/www.booksonthemove.fr\\\/media\\\/logo-NB-400.jpg\",\"contentUrl\":\"https:\\\/\\\/www.booksonthemove.fr\\\/media\\\/logo-NB-400.jpg\",\"width\":400,\"height\":143,\"caption\":\"Books on the Move\"},\"image\":{\"@id\":\"https:\\\/\\\/www.booksonthemove.fr\\\/#\\\/schema\\\/logo\\\/image\\\/\"},\"sameAs\":[\"https:\\\/\\\/www.facebook.com\\\/Librairiebooksonthemove\\\/\"]}]}<\/script>\n<!-- \/ Yoast SEO plugin. -->","yoast_head_json":{"title":"Danse contemporaine - le guide - Books on the Move","robots":{"index":"index","follow":"follow","max-snippet":"max-snippet:-1","max-image-preview":"max-image-preview:large","max-video-preview":"max-video-preview:-1"},"canonical":"https:\/\/www.booksonthemove.fr\/en\/produit\/danse-contemporaine-le-guide\/","og_locale":"en_US","og_type":"article","og_title":"Danse contemporaine - le guide - Books on the Move","og_description":"Auteur: Philippe Noisette Editeur: Flammarion (2015)  Broch\u00e9: 224 pages Langue: Fran\u00e7ais ISBN13: 978-2-08133-925-5","og_url":"https:\/\/www.booksonthemove.fr\/en\/produit\/danse-contemporaine-le-guide\/","og_site_name":"Books on the Move","article_publisher":"https:\/\/www.facebook.com\/Librairiebooksonthemove\/","article_modified_time":"2026-03-28T09:16:59+00:00","og_image":[{"width":351,"height":499,"url":"https:\/\/www.booksonthemove.fr\/media\/41J_DNXfE0L._SX349_BO1_204_203_200_.jpg","type":"image\/jpeg"}],"twitter_card":"summary_large_image","schema":{"@context":"https:\/\/schema.org","@graph":[{"@type":"WebPage","@id":"https:\/\/www.booksonthemove.fr\/en\/produit\/danse-contemporaine-le-guide\/","url":"https:\/\/www.booksonthemove.fr\/en\/produit\/danse-contemporaine-le-guide\/","name":"Danse contemporaine - le guide - Books on the Move","isPartOf":{"@id":"https:\/\/www.booksonthemove.fr\/#website"},"primaryImageOfPage":{"@id":"https:\/\/www.booksonthemove.fr\/en\/produit\/danse-contemporaine-le-guide\/#primaryimage"},"image":{"@id":"https:\/\/www.booksonthemove.fr\/en\/produit\/danse-contemporaine-le-guide\/#primaryimage"},"thumbnailUrl":"https:\/\/www.booksonthemove.fr\/media\/41J_DNXfE0L._SX349_BO1_204_203_200_.jpg","datePublished":"2019-10-07T16:00:38+00:00","dateModified":"2026-03-28T09:16:59+00:00","breadcrumb":{"@id":"https:\/\/www.booksonthemove.fr\/en\/produit\/danse-contemporaine-le-guide\/#breadcrumb"},"inLanguage":"en-US","potentialAction":[{"@type":"ReadAction","target":["https:\/\/www.booksonthemove.fr\/en\/produit\/danse-contemporaine-le-guide\/"]}]},{"@type":"ImageObject","inLanguage":"en-US","@id":"https:\/\/www.booksonthemove.fr\/en\/produit\/danse-contemporaine-le-guide\/#primaryimage","url":"https:\/\/www.booksonthemove.fr\/media\/41J_DNXfE0L._SX349_BO1_204_203_200_.jpg","contentUrl":"https:\/\/www.booksonthemove.fr\/media\/41J_DNXfE0L._SX349_BO1_204_203_200_.jpg","width":351,"height":499},{"@type":"BreadcrumbList","@id":"https:\/\/www.booksonthemove.fr\/en\/produit\/danse-contemporaine-le-guide\/#breadcrumb","itemListElement":[{"@type":"ListItem","position":1,"name":"Accueil","item":"https:\/\/www.booksonthemove.fr\/en\/"},{"@type":"ListItem","position":2,"name":"online store","item":"https:\/\/www.booksonthemove.fr\/en\/online-shop\/"},{"@type":"ListItem","position":3,"name":"Danse contemporaine &#8211; le guide"}]},{"@type":"WebSite","@id":"https:\/\/www.booksonthemove.fr\/#website","url":"https:\/\/www.booksonthemove.fr\/","name":"Books on the Move","description":"librairie nomade - danse - mouvement - performance","publisher":{"@id":"https:\/\/www.booksonthemove.fr\/#organization"},"potentialAction":[{"@type":"SearchAction","target":{"@type":"EntryPoint","urlTemplate":"https:\/\/www.booksonthemove.fr\/?s={search_term_string}"},"query-input":{"@type":"PropertyValueSpecification","valueRequired":true,"valueName":"search_term_string"}}],"inLanguage":"en-US"},{"@type":"Organization","@id":"https:\/\/www.booksonthemove.fr\/#organization","name":"Books on the Move","url":"https:\/\/www.booksonthemove.fr\/","logo":{"@type":"ImageObject","inLanguage":"en-US","@id":"https:\/\/www.booksonthemove.fr\/#\/schema\/logo\/image\/","url":"https:\/\/www.booksonthemove.fr\/media\/logo-NB-400.jpg","contentUrl":"https:\/\/www.booksonthemove.fr\/media\/logo-NB-400.jpg","width":400,"height":143,"caption":"Books on the Move"},"image":{"@id":"https:\/\/www.booksonthemove.fr\/#\/schema\/logo\/image\/"},"sameAs":["https:\/\/www.facebook.com\/Librairiebooksonthemove\/"]}]}},"_links":{"self":[{"href":"https:\/\/www.booksonthemove.fr\/en\/wp-json\/wp\/v2\/product\/8310","targetHints":{"allow":["GET"]}}],"collection":[{"href":"https:\/\/www.booksonthemove.fr\/en\/wp-json\/wp\/v2\/product"}],"about":[{"href":"https:\/\/www.booksonthemove.fr\/en\/wp-json\/wp\/v2\/types\/product"}],"wp:featuredmedia":[{"embeddable":true,"href":"https:\/\/www.booksonthemove.fr\/en\/wp-json\/wp\/v2\/media\/8309"}],"wp:attachment":[{"href":"https:\/\/www.booksonthemove.fr\/en\/wp-json\/wp\/v2\/media?parent=8310"}],"wp:term":[{"taxonomy":"product_brand","embeddable":true,"href":"https:\/\/www.booksonthemove.fr\/en\/wp-json\/wp\/v2\/product_brand?post=8310"},{"taxonomy":"product_cat","embeddable":true,"href":"https:\/\/www.booksonthemove.fr\/en\/wp-json\/wp\/v2\/product_cat?post=8310"},{"taxonomy":"product_tag","embeddable":true,"href":"https:\/\/www.booksonthemove.fr\/en\/wp-json\/wp\/v2\/product_tag?post=8310"}],"curies":[{"name":"wp","href":"https:\/\/api.w.org\/{rel}","templated":true}]}}