{"id":8410,"date":"2019-10-09T21:30:46","date_gmt":"2019-10-09T19:30:46","guid":{"rendered":"https:\/\/www.booksonthemove.fr\/produit\/le-corps-est-il-soluble-dans-lecrit\/"},"modified":"2026-03-01T21:24:04","modified_gmt":"2026-03-01T20:24:04","slug":"le-corps-est-il-soluble-dans-lecrit","status":"publish","type":"product","link":"https:\/\/www.booksonthemove.fr\/en\/produit\/le-corps-est-il-soluble-dans-lecrit\/","title":{"rendered":"Le corps est-il soluble dans l&#8217;\u00e9crit?"},"content":{"rendered":"<p>Dans\u00e9e dans de nombreux festivals litt\u00e9raires, sc\u00e8nes nationa<span class=\"csc-sword\">le<\/span>s, centres d&#8217;arts contemporains et autres lieux aussi secrets et magiques que La petite librairie des champs \u00e0 Boulbon ou <span class=\"csc-sword\">le<\/span>s ateliers municipaux de S\u00e9n\u00e9chas, la conf\u00e9rence, cr\u00e9\u00e9e et perform\u00e9e depuis 2013 par Louise Desbrusses, est devenue livre par <span class=\"csc-sword\">le<\/span>s bons soins du studio lillois Surfaces, et film, gr\u00e2ce au ta<span class=\"csc-sword\">le<\/span>nt de Victoria Donnet, r\u00e9alisatrice.<\/p>\n","protected":false},"excerpt":{"rendered":"<p>Auteur: Louise Desbrusses<br \/>\nEditeur: Principe d&#8217;Incertitude (2018)<br \/>\nCol<span class=\"csc-sword\">le<\/span>ction: Pulsar<\/p>\n<p>Reli\u00e9: 32 pages et DVD de 40 minutes<br \/>\nLangue: Fran\u00e7ais<br \/>\nISBN13: 979-10-699-1773-6<br \/>\nPrix initial : 35\u20ac TTC &#8211; <strong><span style=\"color: #ff0000;\">Nouveau prix : 21\u20ac TTC<\/span><\/strong><\/p>\n","protected":false},"featured_media":8409,"template":"","meta":[],"product_brand":[],"product_cat":[304,157,162],"product_tag":[],"class_list":{"0":"post-8410","1":"product","2":"type-product","3":"status-publish","4":"has-post-thumbnail","6":"product_cat-livres-avec-dvd-en","7":"product_cat-artists-writings-en","8":"product_cat-french-en","10":"first","11":"instock","12":"taxable","13":"shipping-taxable","14":"purchasable","15":"product-type-simple"},"yoast_head":"<!-- This site is optimized with the Yoast SEO plugin v27.4 - https:\/\/yoast.com\/product\/yoast-seo-wordpress\/ -->\n<title>Le corps est-il soluble dans l&#039;\u00e9crit? - Books on the Move<\/title>\n<meta name=\"robots\" content=\"index, follow, max-snippet:-1, max-image-preview:large, max-video-preview:-1\" \/>\n<link rel=\"canonical\" href=\"https:\/\/www.booksonthemove.fr\/en\/produit\/le-corps-est-il-soluble-dans-lecrit\/\" \/>\n<meta property=\"og:locale\" content=\"en_US\" \/>\n<meta property=\"og:type\" content=\"article\" \/>\n<meta property=\"og:title\" content=\"Le corps est-il soluble dans l&#039;\u00e9crit? - Books on the Move\" \/>\n<meta property=\"og:description\" content=\"Auteur: Louise Desbrusses Editeur: Principe d&#039;Incertitude (2018) Collection: Pulsar  Reli\u00e9: 32 pages et DVD de 40 minutes Langue: Fran\u00e7ais ISBN13: 979-10-699-1773-6 Prix initial : 35\u20ac TTC - Nouveau prix : 21\u20ac TTC\" \/>\n<meta property=\"og:url\" content=\"https:\/\/www.booksonthemove.fr\/en\/produit\/le-corps-est-il-soluble-dans-lecrit\/\" \/>\n<meta property=\"og:site_name\" content=\"Books on the Move\" \/>\n<meta property=\"article:publisher\" content=\"https:\/\/www.facebook.com\/Librairiebooksonthemove\/\" \/>\n<meta property=\"article:modified_time\" content=\"2026-03-01T20:24:04+00:00\" \/>\n<meta property=\"og:image\" content=\"https:\/\/www.booksonthemove.fr\/media\/bom_1799_reduced.jpeg\" \/>\n\t<meta property=\"og:image:width\" content=\"450\" \/>\n\t<meta property=\"og:image:height\" content=\"711\" \/>\n\t<meta property=\"og:image:type\" content=\"image\/jpeg\" \/>\n<meta name=\"twitter:card\" content=\"summary_large_image\" \/>\n<script type=\"application\/ld+json\" class=\"yoast-schema-graph\">{\"@context\":\"https:\\\/\\\/schema.org\",\"@graph\":[{\"@type\":\"WebPage\",\"@id\":\"https:\\\/\\\/www.booksonthemove.fr\\\/en\\\/produit\\\/le-corps-est-il-soluble-dans-lecrit\\\/\",\"url\":\"https:\\\/\\\/www.booksonthemove.fr\\\/en\\\/produit\\\/le-corps-est-il-soluble-dans-lecrit\\\/\",\"name\":\"Le corps est-il soluble dans l'\u00e9crit? - Books on the Move\",\"isPartOf\":{\"@id\":\"https:\\\/\\\/www.booksonthemove.fr\\\/#website\"},\"primaryImageOfPage\":{\"@id\":\"https:\\\/\\\/www.booksonthemove.fr\\\/en\\\/produit\\\/le-corps-est-il-soluble-dans-lecrit\\\/#primaryimage\"},\"image\":{\"@id\":\"https:\\\/\\\/www.booksonthemove.fr\\\/en\\\/produit\\\/le-corps-est-il-soluble-dans-lecrit\\\/#primaryimage\"},\"thumbnailUrl\":\"https:\\\/\\\/www.booksonthemove.fr\\\/media\\\/bom_1799_reduced.jpeg\",\"datePublished\":\"2019-10-09T19:30:46+00:00\",\"dateModified\":\"2026-03-01T20:24:04+00:00\",\"breadcrumb\":{\"@id\":\"https:\\\/\\\/www.booksonthemove.fr\\\/en\\\/produit\\\/le-corps-est-il-soluble-dans-lecrit\\\/#breadcrumb\"},\"inLanguage\":\"en-US\",\"potentialAction\":[{\"@type\":\"ReadAction\",\"target\":[\"https:\\\/\\\/www.booksonthemove.fr\\\/en\\\/produit\\\/le-corps-est-il-soluble-dans-lecrit\\\/\"]}]},{\"@type\":\"ImageObject\",\"inLanguage\":\"en-US\",\"@id\":\"https:\\\/\\\/www.booksonthemove.fr\\\/en\\\/produit\\\/le-corps-est-il-soluble-dans-lecrit\\\/#primaryimage\",\"url\":\"https:\\\/\\\/www.booksonthemove.fr\\\/media\\\/bom_1799_reduced.jpeg\",\"contentUrl\":\"https:\\\/\\\/www.booksonthemove.fr\\\/media\\\/bom_1799_reduced.jpeg\",\"width\":450,\"height\":711},{\"@type\":\"BreadcrumbList\",\"@id\":\"https:\\\/\\\/www.booksonthemove.fr\\\/en\\\/produit\\\/le-corps-est-il-soluble-dans-lecrit\\\/#breadcrumb\",\"itemListElement\":[{\"@type\":\"ListItem\",\"position\":1,\"name\":\"Accueil\",\"item\":\"https:\\\/\\\/www.booksonthemove.fr\\\/en\\\/\"},{\"@type\":\"ListItem\",\"position\":2,\"name\":\"online store\",\"item\":\"https:\\\/\\\/www.booksonthemove.fr\\\/en\\\/online-shop\\\/\"},{\"@type\":\"ListItem\",\"position\":3,\"name\":\"Le corps est-il soluble dans l&rsquo;\u00e9crit?\"}]},{\"@type\":\"WebSite\",\"@id\":\"https:\\\/\\\/www.booksonthemove.fr\\\/#website\",\"url\":\"https:\\\/\\\/www.booksonthemove.fr\\\/\",\"name\":\"Books on the Move\",\"description\":\"librairie nomade - danse - mouvement - performance\",\"publisher\":{\"@id\":\"https:\\\/\\\/www.booksonthemove.fr\\\/#organization\"},\"potentialAction\":[{\"@type\":\"SearchAction\",\"target\":{\"@type\":\"EntryPoint\",\"urlTemplate\":\"https:\\\/\\\/www.booksonthemove.fr\\\/?s={search_term_string}\"},\"query-input\":{\"@type\":\"PropertyValueSpecification\",\"valueRequired\":true,\"valueName\":\"search_term_string\"}}],\"inLanguage\":\"en-US\"},{\"@type\":\"Organization\",\"@id\":\"https:\\\/\\\/www.booksonthemove.fr\\\/#organization\",\"name\":\"Books on the Move\",\"url\":\"https:\\\/\\\/www.booksonthemove.fr\\\/\",\"logo\":{\"@type\":\"ImageObject\",\"inLanguage\":\"en-US\",\"@id\":\"https:\\\/\\\/www.booksonthemove.fr\\\/#\\\/schema\\\/logo\\\/image\\\/\",\"url\":\"https:\\\/\\\/www.booksonthemove.fr\\\/media\\\/logo-NB-400.jpg\",\"contentUrl\":\"https:\\\/\\\/www.booksonthemove.fr\\\/media\\\/logo-NB-400.jpg\",\"width\":400,\"height\":143,\"caption\":\"Books on the Move\"},\"image\":{\"@id\":\"https:\\\/\\\/www.booksonthemove.fr\\\/#\\\/schema\\\/logo\\\/image\\\/\"},\"sameAs\":[\"https:\\\/\\\/www.facebook.com\\\/Librairiebooksonthemove\\\/\"]}]}<\/script>\n<!-- \/ Yoast SEO plugin. -->","yoast_head_json":{"title":"Le corps est-il soluble dans l'\u00e9crit? - Books on the Move","robots":{"index":"index","follow":"follow","max-snippet":"max-snippet:-1","max-image-preview":"max-image-preview:large","max-video-preview":"max-video-preview:-1"},"canonical":"https:\/\/www.booksonthemove.fr\/en\/produit\/le-corps-est-il-soluble-dans-lecrit\/","og_locale":"en_US","og_type":"article","og_title":"Le corps est-il soluble dans l'\u00e9crit? - Books on the Move","og_description":"Auteur: Louise Desbrusses Editeur: Principe d'Incertitude (2018) Collection: Pulsar  Reli\u00e9: 32 pages et DVD de 40 minutes Langue: Fran\u00e7ais ISBN13: 979-10-699-1773-6 Prix initial : 35\u20ac TTC - Nouveau prix : 21\u20ac TTC","og_url":"https:\/\/www.booksonthemove.fr\/en\/produit\/le-corps-est-il-soluble-dans-lecrit\/","og_site_name":"Books on the Move","article_publisher":"https:\/\/www.facebook.com\/Librairiebooksonthemove\/","article_modified_time":"2026-03-01T20:24:04+00:00","og_image":[{"width":450,"height":711,"url":"https:\/\/www.booksonthemove.fr\/media\/bom_1799_reduced.jpeg","type":"image\/jpeg"}],"twitter_card":"summary_large_image","schema":{"@context":"https:\/\/schema.org","@graph":[{"@type":"WebPage","@id":"https:\/\/www.booksonthemove.fr\/en\/produit\/le-corps-est-il-soluble-dans-lecrit\/","url":"https:\/\/www.booksonthemove.fr\/en\/produit\/le-corps-est-il-soluble-dans-lecrit\/","name":"Le corps est-il soluble dans l'\u00e9crit? - Books on the Move","isPartOf":{"@id":"https:\/\/www.booksonthemove.fr\/#website"},"primaryImageOfPage":{"@id":"https:\/\/www.booksonthemove.fr\/en\/produit\/le-corps-est-il-soluble-dans-lecrit\/#primaryimage"},"image":{"@id":"https:\/\/www.booksonthemove.fr\/en\/produit\/le-corps-est-il-soluble-dans-lecrit\/#primaryimage"},"thumbnailUrl":"https:\/\/www.booksonthemove.fr\/media\/bom_1799_reduced.jpeg","datePublished":"2019-10-09T19:30:46+00:00","dateModified":"2026-03-01T20:24:04+00:00","breadcrumb":{"@id":"https:\/\/www.booksonthemove.fr\/en\/produit\/le-corps-est-il-soluble-dans-lecrit\/#breadcrumb"},"inLanguage":"en-US","potentialAction":[{"@type":"ReadAction","target":["https:\/\/www.booksonthemove.fr\/en\/produit\/le-corps-est-il-soluble-dans-lecrit\/"]}]},{"@type":"ImageObject","inLanguage":"en-US","@id":"https:\/\/www.booksonthemove.fr\/en\/produit\/le-corps-est-il-soluble-dans-lecrit\/#primaryimage","url":"https:\/\/www.booksonthemove.fr\/media\/bom_1799_reduced.jpeg","contentUrl":"https:\/\/www.booksonthemove.fr\/media\/bom_1799_reduced.jpeg","width":450,"height":711},{"@type":"BreadcrumbList","@id":"https:\/\/www.booksonthemove.fr\/en\/produit\/le-corps-est-il-soluble-dans-lecrit\/#breadcrumb","itemListElement":[{"@type":"ListItem","position":1,"name":"Accueil","item":"https:\/\/www.booksonthemove.fr\/en\/"},{"@type":"ListItem","position":2,"name":"online store","item":"https:\/\/www.booksonthemove.fr\/en\/online-shop\/"},{"@type":"ListItem","position":3,"name":"Le corps est-il soluble dans l&rsquo;\u00e9crit?"}]},{"@type":"WebSite","@id":"https:\/\/www.booksonthemove.fr\/#website","url":"https:\/\/www.booksonthemove.fr\/","name":"Books on the Move","description":"librairie nomade - danse - mouvement - performance","publisher":{"@id":"https:\/\/www.booksonthemove.fr\/#organization"},"potentialAction":[{"@type":"SearchAction","target":{"@type":"EntryPoint","urlTemplate":"https:\/\/www.booksonthemove.fr\/?s={search_term_string}"},"query-input":{"@type":"PropertyValueSpecification","valueRequired":true,"valueName":"search_term_string"}}],"inLanguage":"en-US"},{"@type":"Organization","@id":"https:\/\/www.booksonthemove.fr\/#organization","name":"Books on the Move","url":"https:\/\/www.booksonthemove.fr\/","logo":{"@type":"ImageObject","inLanguage":"en-US","@id":"https:\/\/www.booksonthemove.fr\/#\/schema\/logo\/image\/","url":"https:\/\/www.booksonthemove.fr\/media\/logo-NB-400.jpg","contentUrl":"https:\/\/www.booksonthemove.fr\/media\/logo-NB-400.jpg","width":400,"height":143,"caption":"Books on the Move"},"image":{"@id":"https:\/\/www.booksonthemove.fr\/#\/schema\/logo\/image\/"},"sameAs":["https:\/\/www.facebook.com\/Librairiebooksonthemove\/"]}]}},"_links":{"self":[{"href":"https:\/\/www.booksonthemove.fr\/en\/wp-json\/wp\/v2\/product\/8410","targetHints":{"allow":["GET"]}}],"collection":[{"href":"https:\/\/www.booksonthemove.fr\/en\/wp-json\/wp\/v2\/product"}],"about":[{"href":"https:\/\/www.booksonthemove.fr\/en\/wp-json\/wp\/v2\/types\/product"}],"wp:featuredmedia":[{"embeddable":true,"href":"https:\/\/www.booksonthemove.fr\/en\/wp-json\/wp\/v2\/media\/8409"}],"wp:attachment":[{"href":"https:\/\/www.booksonthemove.fr\/en\/wp-json\/wp\/v2\/media?parent=8410"}],"wp:term":[{"taxonomy":"product_brand","embeddable":true,"href":"https:\/\/www.booksonthemove.fr\/en\/wp-json\/wp\/v2\/product_brand?post=8410"},{"taxonomy":"product_cat","embeddable":true,"href":"https:\/\/www.booksonthemove.fr\/en\/wp-json\/wp\/v2\/product_cat?post=8410"},{"taxonomy":"product_tag","embeddable":true,"href":"https:\/\/www.booksonthemove.fr\/en\/wp-json\/wp\/v2\/product_tag?post=8410"}],"curies":[{"name":"wp","href":"https:\/\/api.w.org\/{rel}","templated":true}]}}