{"id":8422,"date":"2019-10-09T21:52:40","date_gmt":"2019-10-09T19:52:40","guid":{"rendered":"https:\/\/www.booksonthemove.fr\/produit\/le-geste-unique\/"},"modified":"2025-07-12T16:32:29","modified_gmt":"2025-07-12T14:32:29","slug":"le-geste-unique","status":"publish","type":"product","link":"https:\/\/www.booksonthemove.fr\/en\/produit\/le-geste-unique\/","title":{"rendered":"Le Geste unique"},"content":{"rendered":"<p class=\"bodytext\">Cr\u00e9ateur majeur du XXe si\u00e8cle et homme de spectacle virtuose, Nikolais fut l&#8217;inventeur d&#8217;un th\u00e9\u00e2tre dans\u00e9 original o\u00f9 mouvements, sons, lumi\u00e8res, couleurs et formes sont compl\u00e9mentaires, avec un appel fr\u00e9quent \u00e0 l&#8217;illusion. Adepte d&#8217;une danse abstraite qu&#8217;il mit au point d\u00e8s les ann\u00e9es cinquante, il personnalisa le lien germano-am\u00e9ricain de la modern dance et excella autant sur sc\u00e8ne (o\u00f9 il r\u00e9gna en ma\u00eetre en tant que chor\u00e9graphe, compositeur, \u00e9clairagiste et sc\u00e9nographe) que dans le studio de danse. Son enseignement, ax\u00e9 sur la triade technique-improvisation-composition, fut en effet tr\u00e8s couru et reste d&#8217;actualit\u00e9 aujourd&#8217;hui. Dans le sillage des &#8220;ambassadrices&#8221; que furent Susan Buirge et Carolyn Carlson, Nikolais forma en France de nombreux danseurs-chor\u00e9graphes comme Philippe Decoufl\u00e9 ou Marcia Barcellos et, comme d&#8217;autres artistes de son temps (Wassily Kandinsky, Oskar Schlemmer ; Mary Wigman, Martha Graham..,), sentit le besoin de coucher sa pens\u00e9e par \u00e9crit. Ces textes, qui l\u00e9gitiment Nikolais et le ram\u00e8nent en pleine lumi\u00e8re, refl\u00e8tent \u00e0 la fois sa recherche de p\u00e9dagogue et ses oeuvres sc\u00e9niques. Ces \u00e9crits, quasiment inconnus du public fran\u00e7ais, sont ici traduits presque tous pour la premi\u00e8re fois et concerneront autant les danseurs, enseignants et chercheurs que les journalistes et les curieux amoureux des arts. Nikolais y fait alterner th\u00e9orie et exemples concrets, profondeur et humour. Il nous donne une nouvelle d\u00e9finition de la danse, s&#8217;appuyant sur les fondamentaux du temps, de l&#8217;espace, de la forme et du motion. Ceux-ci sont activ\u00e9s par des notions essentielles comme le d\u00e9centrement et l&#8217;intelligence du mouvement, permettant l&#8217;av\u00e8nement d&#8217;un danseur mobile, sensible et autonome qualifi\u00e9 de &#8220;m\u00e9taphorique&#8221;.<\/p>\n<p class=\"bodytext\">Traduit de l&#8217;am\u00e9ricain, dirig\u00e9 et annot\u00e9 par Marc Lawton, avec la collaboration de Julien Bambaggi. Le livre comporte \u00e9galement une contribution de Susan Buirge et une calligraphie \u00e0 l&#8217;encre de Chine de Carolyn Carlson.<\/p>\n","protected":false},"excerpt":{"rendered":"<p>Auteur: Alwin Nikolais. Traduction de Marc Lawton<br \/>\nEditeur:\u00a0Deuxi\u00e8me\u00a0\u00e9poque\u00a0(2018)<br \/>\nCollection: Linearis<\/p>\n<p>Broch\u00e9: 240 pages<br \/>\nLangue: Fran\u00e7ais<br \/>\nISBN13: 978-2-37769-038-1<\/p>\n","protected":false},"featured_media":8421,"template":"","meta":[],"product_brand":[],"product_cat":[157,150,162,145],"product_tag":[],"class_list":{"0":"post-8422","1":"product","2":"type-product","3":"status-publish","4":"has-post-thumbnail","6":"product_cat-artists-writings-en","7":"product_cat-united-states-en","8":"product_cat-french-en","9":"product_cat-modern-dance-en","11":"first","12":"outofstock","13":"taxable","14":"shipping-taxable","15":"purchasable","16":"product-type-simple"},"yoast_head":"<!-- This site is optimized with the Yoast SEO plugin v27.4 - https:\/\/yoast.com\/product\/yoast-seo-wordpress\/ -->\n<title>Le Geste unique - Books on the Move<\/title>\n<meta name=\"robots\" content=\"index, follow, max-snippet:-1, max-image-preview:large, max-video-preview:-1\" \/>\n<link rel=\"canonical\" href=\"https:\/\/www.booksonthemove.fr\/en\/produit\/le-geste-unique\/\" \/>\n<meta property=\"og:locale\" content=\"en_US\" \/>\n<meta property=\"og:type\" content=\"article\" \/>\n<meta property=\"og:title\" content=\"Le Geste unique - Books on the Move\" \/>\n<meta property=\"og:description\" content=\"Auteur: Alwin Nikolais. Traduction de Marc Lawton Editeur:\u00a0Deuxi\u00e8me\u00a0\u00e9poque\u00a0(2018) Collection: Linearis  Broch\u00e9: 240 pages Langue: Fran\u00e7ais ISBN13: 978-2-37769-038-1\" \/>\n<meta property=\"og:url\" content=\"https:\/\/www.booksonthemove.fr\/en\/produit\/le-geste-unique\/\" \/>\n<meta property=\"og:site_name\" content=\"Books on the Move\" \/>\n<meta property=\"article:publisher\" content=\"https:\/\/www.facebook.com\/Librairiebooksonthemove\/\" \/>\n<meta property=\"article:modified_time\" content=\"2025-07-12T14:32:29+00:00\" \/>\n<meta property=\"og:image\" content=\"https:\/\/www.booksonthemove.fr\/media\/bom_1854.jpg\" \/>\n\t<meta property=\"og:image:width\" content=\"339\" \/>\n\t<meta property=\"og:image:height\" content=\"499\" \/>\n\t<meta property=\"og:image:type\" content=\"image\/jpeg\" \/>\n<meta name=\"twitter:card\" content=\"summary_large_image\" \/>\n<script type=\"application\/ld+json\" class=\"yoast-schema-graph\">{\"@context\":\"https:\\\/\\\/schema.org\",\"@graph\":[{\"@type\":\"WebPage\",\"@id\":\"https:\\\/\\\/www.booksonthemove.fr\\\/en\\\/produit\\\/le-geste-unique\\\/\",\"url\":\"https:\\\/\\\/www.booksonthemove.fr\\\/en\\\/produit\\\/le-geste-unique\\\/\",\"name\":\"Le Geste unique - Books on the Move\",\"isPartOf\":{\"@id\":\"https:\\\/\\\/www.booksonthemove.fr\\\/#website\"},\"primaryImageOfPage\":{\"@id\":\"https:\\\/\\\/www.booksonthemove.fr\\\/en\\\/produit\\\/le-geste-unique\\\/#primaryimage\"},\"image\":{\"@id\":\"https:\\\/\\\/www.booksonthemove.fr\\\/en\\\/produit\\\/le-geste-unique\\\/#primaryimage\"},\"thumbnailUrl\":\"https:\\\/\\\/www.booksonthemove.fr\\\/media\\\/bom_1854.jpg\",\"datePublished\":\"2019-10-09T19:52:40+00:00\",\"dateModified\":\"2025-07-12T14:32:29+00:00\",\"breadcrumb\":{\"@id\":\"https:\\\/\\\/www.booksonthemove.fr\\\/en\\\/produit\\\/le-geste-unique\\\/#breadcrumb\"},\"inLanguage\":\"en-US\",\"potentialAction\":[{\"@type\":\"ReadAction\",\"target\":[\"https:\\\/\\\/www.booksonthemove.fr\\\/en\\\/produit\\\/le-geste-unique\\\/\"]}]},{\"@type\":\"ImageObject\",\"inLanguage\":\"en-US\",\"@id\":\"https:\\\/\\\/www.booksonthemove.fr\\\/en\\\/produit\\\/le-geste-unique\\\/#primaryimage\",\"url\":\"https:\\\/\\\/www.booksonthemove.fr\\\/media\\\/bom_1854.jpg\",\"contentUrl\":\"https:\\\/\\\/www.booksonthemove.fr\\\/media\\\/bom_1854.jpg\",\"width\":339,\"height\":499},{\"@type\":\"BreadcrumbList\",\"@id\":\"https:\\\/\\\/www.booksonthemove.fr\\\/en\\\/produit\\\/le-geste-unique\\\/#breadcrumb\",\"itemListElement\":[{\"@type\":\"ListItem\",\"position\":1,\"name\":\"Accueil\",\"item\":\"https:\\\/\\\/www.booksonthemove.fr\\\/en\\\/\"},{\"@type\":\"ListItem\",\"position\":2,\"name\":\"online store\",\"item\":\"https:\\\/\\\/www.booksonthemove.fr\\\/en\\\/online-shop\\\/\"},{\"@type\":\"ListItem\",\"position\":3,\"name\":\"Le Geste unique\"}]},{\"@type\":\"WebSite\",\"@id\":\"https:\\\/\\\/www.booksonthemove.fr\\\/#website\",\"url\":\"https:\\\/\\\/www.booksonthemove.fr\\\/\",\"name\":\"Books on the Move\",\"description\":\"librairie nomade - danse - mouvement - performance\",\"publisher\":{\"@id\":\"https:\\\/\\\/www.booksonthemove.fr\\\/#organization\"},\"potentialAction\":[{\"@type\":\"SearchAction\",\"target\":{\"@type\":\"EntryPoint\",\"urlTemplate\":\"https:\\\/\\\/www.booksonthemove.fr\\\/?s={search_term_string}\"},\"query-input\":{\"@type\":\"PropertyValueSpecification\",\"valueRequired\":true,\"valueName\":\"search_term_string\"}}],\"inLanguage\":\"en-US\"},{\"@type\":\"Organization\",\"@id\":\"https:\\\/\\\/www.booksonthemove.fr\\\/#organization\",\"name\":\"Books on the Move\",\"url\":\"https:\\\/\\\/www.booksonthemove.fr\\\/\",\"logo\":{\"@type\":\"ImageObject\",\"inLanguage\":\"en-US\",\"@id\":\"https:\\\/\\\/www.booksonthemove.fr\\\/#\\\/schema\\\/logo\\\/image\\\/\",\"url\":\"https:\\\/\\\/www.booksonthemove.fr\\\/media\\\/logo-NB-400.jpg\",\"contentUrl\":\"https:\\\/\\\/www.booksonthemove.fr\\\/media\\\/logo-NB-400.jpg\",\"width\":400,\"height\":143,\"caption\":\"Books on the Move\"},\"image\":{\"@id\":\"https:\\\/\\\/www.booksonthemove.fr\\\/#\\\/schema\\\/logo\\\/image\\\/\"},\"sameAs\":[\"https:\\\/\\\/www.facebook.com\\\/Librairiebooksonthemove\\\/\"]}]}<\/script>\n<!-- \/ Yoast SEO plugin. -->","yoast_head_json":{"title":"Le Geste unique - Books on the Move","robots":{"index":"index","follow":"follow","max-snippet":"max-snippet:-1","max-image-preview":"max-image-preview:large","max-video-preview":"max-video-preview:-1"},"canonical":"https:\/\/www.booksonthemove.fr\/en\/produit\/le-geste-unique\/","og_locale":"en_US","og_type":"article","og_title":"Le Geste unique - Books on the Move","og_description":"Auteur: Alwin Nikolais. Traduction de Marc Lawton Editeur:\u00a0Deuxi\u00e8me\u00a0\u00e9poque\u00a0(2018) Collection: Linearis  Broch\u00e9: 240 pages Langue: Fran\u00e7ais ISBN13: 978-2-37769-038-1","og_url":"https:\/\/www.booksonthemove.fr\/en\/produit\/le-geste-unique\/","og_site_name":"Books on the Move","article_publisher":"https:\/\/www.facebook.com\/Librairiebooksonthemove\/","article_modified_time":"2025-07-12T14:32:29+00:00","og_image":[{"width":339,"height":499,"url":"https:\/\/www.booksonthemove.fr\/media\/bom_1854.jpg","type":"image\/jpeg"}],"twitter_card":"summary_large_image","schema":{"@context":"https:\/\/schema.org","@graph":[{"@type":"WebPage","@id":"https:\/\/www.booksonthemove.fr\/en\/produit\/le-geste-unique\/","url":"https:\/\/www.booksonthemove.fr\/en\/produit\/le-geste-unique\/","name":"Le Geste unique - Books on the Move","isPartOf":{"@id":"https:\/\/www.booksonthemove.fr\/#website"},"primaryImageOfPage":{"@id":"https:\/\/www.booksonthemove.fr\/en\/produit\/le-geste-unique\/#primaryimage"},"image":{"@id":"https:\/\/www.booksonthemove.fr\/en\/produit\/le-geste-unique\/#primaryimage"},"thumbnailUrl":"https:\/\/www.booksonthemove.fr\/media\/bom_1854.jpg","datePublished":"2019-10-09T19:52:40+00:00","dateModified":"2025-07-12T14:32:29+00:00","breadcrumb":{"@id":"https:\/\/www.booksonthemove.fr\/en\/produit\/le-geste-unique\/#breadcrumb"},"inLanguage":"en-US","potentialAction":[{"@type":"ReadAction","target":["https:\/\/www.booksonthemove.fr\/en\/produit\/le-geste-unique\/"]}]},{"@type":"ImageObject","inLanguage":"en-US","@id":"https:\/\/www.booksonthemove.fr\/en\/produit\/le-geste-unique\/#primaryimage","url":"https:\/\/www.booksonthemove.fr\/media\/bom_1854.jpg","contentUrl":"https:\/\/www.booksonthemove.fr\/media\/bom_1854.jpg","width":339,"height":499},{"@type":"BreadcrumbList","@id":"https:\/\/www.booksonthemove.fr\/en\/produit\/le-geste-unique\/#breadcrumb","itemListElement":[{"@type":"ListItem","position":1,"name":"Accueil","item":"https:\/\/www.booksonthemove.fr\/en\/"},{"@type":"ListItem","position":2,"name":"online store","item":"https:\/\/www.booksonthemove.fr\/en\/online-shop\/"},{"@type":"ListItem","position":3,"name":"Le Geste unique"}]},{"@type":"WebSite","@id":"https:\/\/www.booksonthemove.fr\/#website","url":"https:\/\/www.booksonthemove.fr\/","name":"Books on the Move","description":"librairie nomade - danse - mouvement - performance","publisher":{"@id":"https:\/\/www.booksonthemove.fr\/#organization"},"potentialAction":[{"@type":"SearchAction","target":{"@type":"EntryPoint","urlTemplate":"https:\/\/www.booksonthemove.fr\/?s={search_term_string}"},"query-input":{"@type":"PropertyValueSpecification","valueRequired":true,"valueName":"search_term_string"}}],"inLanguage":"en-US"},{"@type":"Organization","@id":"https:\/\/www.booksonthemove.fr\/#organization","name":"Books on the Move","url":"https:\/\/www.booksonthemove.fr\/","logo":{"@type":"ImageObject","inLanguage":"en-US","@id":"https:\/\/www.booksonthemove.fr\/#\/schema\/logo\/image\/","url":"https:\/\/www.booksonthemove.fr\/media\/logo-NB-400.jpg","contentUrl":"https:\/\/www.booksonthemove.fr\/media\/logo-NB-400.jpg","width":400,"height":143,"caption":"Books on the Move"},"image":{"@id":"https:\/\/www.booksonthemove.fr\/#\/schema\/logo\/image\/"},"sameAs":["https:\/\/www.facebook.com\/Librairiebooksonthemove\/"]}]}},"_links":{"self":[{"href":"https:\/\/www.booksonthemove.fr\/en\/wp-json\/wp\/v2\/product\/8422","targetHints":{"allow":["GET"]}}],"collection":[{"href":"https:\/\/www.booksonthemove.fr\/en\/wp-json\/wp\/v2\/product"}],"about":[{"href":"https:\/\/www.booksonthemove.fr\/en\/wp-json\/wp\/v2\/types\/product"}],"wp:featuredmedia":[{"embeddable":true,"href":"https:\/\/www.booksonthemove.fr\/en\/wp-json\/wp\/v2\/media\/8421"}],"wp:attachment":[{"href":"https:\/\/www.booksonthemove.fr\/en\/wp-json\/wp\/v2\/media?parent=8422"}],"wp:term":[{"taxonomy":"product_brand","embeddable":true,"href":"https:\/\/www.booksonthemove.fr\/en\/wp-json\/wp\/v2\/product_brand?post=8422"},{"taxonomy":"product_cat","embeddable":true,"href":"https:\/\/www.booksonthemove.fr\/en\/wp-json\/wp\/v2\/product_cat?post=8422"},{"taxonomy":"product_tag","embeddable":true,"href":"https:\/\/www.booksonthemove.fr\/en\/wp-json\/wp\/v2\/product_tag?post=8422"}],"curies":[{"name":"wp","href":"https:\/\/api.w.org\/{rel}","templated":true}]}}