{"id":8451,"date":"2019-10-09T22:34:00","date_gmt":"2019-10-09T20:34:00","guid":{"rendered":"https:\/\/www.booksonthemove.fr\/produit\/les-defis-universels-de-lart-choregraphique-africain\/"},"modified":"2020-12-22T17:23:31","modified_gmt":"2020-12-22T16:23:31","slug":"les-defis-universels-de-lart-choregraphique-africain","status":"publish","type":"product","link":"https:\/\/www.booksonthemove.fr\/en\/produit\/les-defis-universels-de-lart-choregraphique-africain\/","title":{"rendered":"Les d\u00e9fis universels de l&#8217;art chor\u00e9graphique africain"},"content":{"rendered":"<p>En Afrique, la danse est synonyme de vie, de puissance. Elle fait partie int\u00e9grante de la vie quotidienne qui en jaillit \u00e0 chaque mouvement des danseurs. Les danses africaines sont intemporelles et chacune symbolise les particularit\u00e9s, les richesses et les traditions des peuples qui la pratiquent. Ces danses sont un subtil m\u00e9lange de gestes chor\u00e9graphi\u00e9s, d\u00e9finis depuis des si\u00e8cles, et d&#8217;improvisations qui \u00e9voluent avec le temps. Parler de la danse en Afrique c&#8217;est donc \u00e9voquer aussi l&#8217;histoire et la culture vivante d&#8217;un continent.<\/p>\n","protected":false},"excerpt":{"rendered":"<p>Auteur: Paul Nibasenge N&#8217;kodia<br \/>\nEditeur: L&#8217;Harmattan (2016)<\/p>\n<p>Broch\u00e9: 244 pages<br \/>\nLangue: Fran\u00e7ais<br \/>\nISBN13: 978-2-343-09157-0<\/p>\n","protected":false},"featured_media":8450,"template":"","meta":[],"product_brand":[],"product_cat":[260,306,146,162],"product_tag":[],"class_list":{"0":"post-8451","1":"product","2":"type-product","3":"status-publish","4":"has-post-thumbnail","6":"product_cat-africa","7":"product_cat-african-dance","8":"product_cat-theoretical-texts-en","9":"product_cat-french-en","11":"first","12":"outofstock","13":"taxable","14":"shipping-taxable","15":"purchasable","16":"product-type-simple"},"yoast_head":"<!-- This site is optimized with the Yoast SEO plugin v27.5 - https:\/\/yoast.com\/product\/yoast-seo-wordpress\/ -->\n<title>Les d\u00e9fis universels de l&#039;art chor\u00e9graphique africain - Books on the Move<\/title>\n<meta name=\"robots\" content=\"index, follow, max-snippet:-1, max-image-preview:large, max-video-preview:-1\" \/>\n<link rel=\"canonical\" href=\"https:\/\/www.booksonthemove.fr\/en\/produit\/les-defis-universels-de-lart-choregraphique-africain\/\" \/>\n<meta property=\"og:locale\" content=\"en_US\" \/>\n<meta property=\"og:type\" content=\"article\" \/>\n<meta property=\"og:title\" content=\"Les d\u00e9fis universels de l&#039;art chor\u00e9graphique africain - Books on the Move\" \/>\n<meta property=\"og:description\" content=\"Auteur: Paul Nibasenge N&#039;kodia Editeur: L&#039;Harmattan (2016)  Broch\u00e9: 244 pages Langue: Fran\u00e7ais ISBN13: 978-2-343-09157-0\" \/>\n<meta property=\"og:url\" content=\"https:\/\/www.booksonthemove.fr\/en\/produit\/les-defis-universels-de-lart-choregraphique-africain\/\" \/>\n<meta property=\"og:site_name\" content=\"Books on the Move\" \/>\n<meta property=\"article:publisher\" content=\"https:\/\/www.facebook.com\/Librairiebooksonthemove\/\" \/>\n<meta property=\"article:modified_time\" content=\"2020-12-22T16:23:31+00:00\" \/>\n<meta property=\"og:image\" content=\"https:\/\/www.booksonthemove.fr\/media\/bom_1950.jpg\" \/>\n\t<meta property=\"og:image:width\" content=\"450\" \/>\n\t<meta property=\"og:image:height\" content=\"708\" \/>\n\t<meta property=\"og:image:type\" content=\"image\/jpeg\" \/>\n<meta name=\"twitter:card\" content=\"summary_large_image\" \/>\n<script type=\"application\/ld+json\" class=\"yoast-schema-graph\">{\"@context\":\"https:\\\/\\\/schema.org\",\"@graph\":[{\"@type\":\"WebPage\",\"@id\":\"https:\\\/\\\/www.booksonthemove.fr\\\/en\\\/produit\\\/les-defis-universels-de-lart-choregraphique-africain\\\/\",\"url\":\"https:\\\/\\\/www.booksonthemove.fr\\\/en\\\/produit\\\/les-defis-universels-de-lart-choregraphique-africain\\\/\",\"name\":\"Les d\u00e9fis universels de l'art chor\u00e9graphique africain - Books on the Move\",\"isPartOf\":{\"@id\":\"https:\\\/\\\/www.booksonthemove.fr\\\/#website\"},\"primaryImageOfPage\":{\"@id\":\"https:\\\/\\\/www.booksonthemove.fr\\\/en\\\/produit\\\/les-defis-universels-de-lart-choregraphique-africain\\\/#primaryimage\"},\"image\":{\"@id\":\"https:\\\/\\\/www.booksonthemove.fr\\\/en\\\/produit\\\/les-defis-universels-de-lart-choregraphique-africain\\\/#primaryimage\"},\"thumbnailUrl\":\"https:\\\/\\\/www.booksonthemove.fr\\\/media\\\/bom_1950.jpg\",\"datePublished\":\"2019-10-09T20:34:00+00:00\",\"dateModified\":\"2020-12-22T16:23:31+00:00\",\"breadcrumb\":{\"@id\":\"https:\\\/\\\/www.booksonthemove.fr\\\/en\\\/produit\\\/les-defis-universels-de-lart-choregraphique-africain\\\/#breadcrumb\"},\"inLanguage\":\"en-US\",\"potentialAction\":[{\"@type\":\"ReadAction\",\"target\":[\"https:\\\/\\\/www.booksonthemove.fr\\\/en\\\/produit\\\/les-defis-universels-de-lart-choregraphique-africain\\\/\"]}]},{\"@type\":\"ImageObject\",\"inLanguage\":\"en-US\",\"@id\":\"https:\\\/\\\/www.booksonthemove.fr\\\/en\\\/produit\\\/les-defis-universels-de-lart-choregraphique-africain\\\/#primaryimage\",\"url\":\"https:\\\/\\\/www.booksonthemove.fr\\\/media\\\/bom_1950.jpg\",\"contentUrl\":\"https:\\\/\\\/www.booksonthemove.fr\\\/media\\\/bom_1950.jpg\",\"width\":450,\"height\":708},{\"@type\":\"BreadcrumbList\",\"@id\":\"https:\\\/\\\/www.booksonthemove.fr\\\/en\\\/produit\\\/les-defis-universels-de-lart-choregraphique-africain\\\/#breadcrumb\",\"itemListElement\":[{\"@type\":\"ListItem\",\"position\":1,\"name\":\"Accueil\",\"item\":\"https:\\\/\\\/www.booksonthemove.fr\\\/en\\\/\"},{\"@type\":\"ListItem\",\"position\":2,\"name\":\"online store\",\"item\":\"https:\\\/\\\/www.booksonthemove.fr\\\/en\\\/online-shop\\\/\"},{\"@type\":\"ListItem\",\"position\":3,\"name\":\"Les d\u00e9fis universels de l&#8217;art chor\u00e9graphique africain\"}]},{\"@type\":\"WebSite\",\"@id\":\"https:\\\/\\\/www.booksonthemove.fr\\\/#website\",\"url\":\"https:\\\/\\\/www.booksonthemove.fr\\\/\",\"name\":\"Books on the Move\",\"description\":\"librairie nomade - danse - mouvement - performance\",\"publisher\":{\"@id\":\"https:\\\/\\\/www.booksonthemove.fr\\\/#organization\"},\"potentialAction\":[{\"@type\":\"SearchAction\",\"target\":{\"@type\":\"EntryPoint\",\"urlTemplate\":\"https:\\\/\\\/www.booksonthemove.fr\\\/?s={search_term_string}\"},\"query-input\":{\"@type\":\"PropertyValueSpecification\",\"valueRequired\":true,\"valueName\":\"search_term_string\"}}],\"inLanguage\":\"en-US\"},{\"@type\":\"Organization\",\"@id\":\"https:\\\/\\\/www.booksonthemove.fr\\\/#organization\",\"name\":\"Books on the Move\",\"url\":\"https:\\\/\\\/www.booksonthemove.fr\\\/\",\"logo\":{\"@type\":\"ImageObject\",\"inLanguage\":\"en-US\",\"@id\":\"https:\\\/\\\/www.booksonthemove.fr\\\/#\\\/schema\\\/logo\\\/image\\\/\",\"url\":\"https:\\\/\\\/www.booksonthemove.fr\\\/media\\\/logo-NB-400.jpg\",\"contentUrl\":\"https:\\\/\\\/www.booksonthemove.fr\\\/media\\\/logo-NB-400.jpg\",\"width\":400,\"height\":143,\"caption\":\"Books on the Move\"},\"image\":{\"@id\":\"https:\\\/\\\/www.booksonthemove.fr\\\/#\\\/schema\\\/logo\\\/image\\\/\"},\"sameAs\":[\"https:\\\/\\\/www.facebook.com\\\/Librairiebooksonthemove\\\/\"]}]}<\/script>\n<!-- \/ Yoast SEO plugin. -->","yoast_head_json":{"title":"Les d\u00e9fis universels de l'art chor\u00e9graphique africain - Books on the Move","robots":{"index":"index","follow":"follow","max-snippet":"max-snippet:-1","max-image-preview":"max-image-preview:large","max-video-preview":"max-video-preview:-1"},"canonical":"https:\/\/www.booksonthemove.fr\/en\/produit\/les-defis-universels-de-lart-choregraphique-africain\/","og_locale":"en_US","og_type":"article","og_title":"Les d\u00e9fis universels de l'art chor\u00e9graphique africain - Books on the Move","og_description":"Auteur: Paul Nibasenge N'kodia Editeur: L'Harmattan (2016)  Broch\u00e9: 244 pages Langue: Fran\u00e7ais ISBN13: 978-2-343-09157-0","og_url":"https:\/\/www.booksonthemove.fr\/en\/produit\/les-defis-universels-de-lart-choregraphique-africain\/","og_site_name":"Books on the Move","article_publisher":"https:\/\/www.facebook.com\/Librairiebooksonthemove\/","article_modified_time":"2020-12-22T16:23:31+00:00","og_image":[{"width":450,"height":708,"url":"https:\/\/www.booksonthemove.fr\/media\/bom_1950.jpg","type":"image\/jpeg"}],"twitter_card":"summary_large_image","schema":{"@context":"https:\/\/schema.org","@graph":[{"@type":"WebPage","@id":"https:\/\/www.booksonthemove.fr\/en\/produit\/les-defis-universels-de-lart-choregraphique-africain\/","url":"https:\/\/www.booksonthemove.fr\/en\/produit\/les-defis-universels-de-lart-choregraphique-africain\/","name":"Les d\u00e9fis universels de l'art chor\u00e9graphique africain - Books on the Move","isPartOf":{"@id":"https:\/\/www.booksonthemove.fr\/#website"},"primaryImageOfPage":{"@id":"https:\/\/www.booksonthemove.fr\/en\/produit\/les-defis-universels-de-lart-choregraphique-africain\/#primaryimage"},"image":{"@id":"https:\/\/www.booksonthemove.fr\/en\/produit\/les-defis-universels-de-lart-choregraphique-africain\/#primaryimage"},"thumbnailUrl":"https:\/\/www.booksonthemove.fr\/media\/bom_1950.jpg","datePublished":"2019-10-09T20:34:00+00:00","dateModified":"2020-12-22T16:23:31+00:00","breadcrumb":{"@id":"https:\/\/www.booksonthemove.fr\/en\/produit\/les-defis-universels-de-lart-choregraphique-africain\/#breadcrumb"},"inLanguage":"en-US","potentialAction":[{"@type":"ReadAction","target":["https:\/\/www.booksonthemove.fr\/en\/produit\/les-defis-universels-de-lart-choregraphique-africain\/"]}]},{"@type":"ImageObject","inLanguage":"en-US","@id":"https:\/\/www.booksonthemove.fr\/en\/produit\/les-defis-universels-de-lart-choregraphique-africain\/#primaryimage","url":"https:\/\/www.booksonthemove.fr\/media\/bom_1950.jpg","contentUrl":"https:\/\/www.booksonthemove.fr\/media\/bom_1950.jpg","width":450,"height":708},{"@type":"BreadcrumbList","@id":"https:\/\/www.booksonthemove.fr\/en\/produit\/les-defis-universels-de-lart-choregraphique-africain\/#breadcrumb","itemListElement":[{"@type":"ListItem","position":1,"name":"Accueil","item":"https:\/\/www.booksonthemove.fr\/en\/"},{"@type":"ListItem","position":2,"name":"online store","item":"https:\/\/www.booksonthemove.fr\/en\/online-shop\/"},{"@type":"ListItem","position":3,"name":"Les d\u00e9fis universels de l&#8217;art chor\u00e9graphique africain"}]},{"@type":"WebSite","@id":"https:\/\/www.booksonthemove.fr\/#website","url":"https:\/\/www.booksonthemove.fr\/","name":"Books on the Move","description":"librairie nomade - danse - mouvement - performance","publisher":{"@id":"https:\/\/www.booksonthemove.fr\/#organization"},"potentialAction":[{"@type":"SearchAction","target":{"@type":"EntryPoint","urlTemplate":"https:\/\/www.booksonthemove.fr\/?s={search_term_string}"},"query-input":{"@type":"PropertyValueSpecification","valueRequired":true,"valueName":"search_term_string"}}],"inLanguage":"en-US"},{"@type":"Organization","@id":"https:\/\/www.booksonthemove.fr\/#organization","name":"Books on the Move","url":"https:\/\/www.booksonthemove.fr\/","logo":{"@type":"ImageObject","inLanguage":"en-US","@id":"https:\/\/www.booksonthemove.fr\/#\/schema\/logo\/image\/","url":"https:\/\/www.booksonthemove.fr\/media\/logo-NB-400.jpg","contentUrl":"https:\/\/www.booksonthemove.fr\/media\/logo-NB-400.jpg","width":400,"height":143,"caption":"Books on the Move"},"image":{"@id":"https:\/\/www.booksonthemove.fr\/#\/schema\/logo\/image\/"},"sameAs":["https:\/\/www.facebook.com\/Librairiebooksonthemove\/"]}]}},"_links":{"self":[{"href":"https:\/\/www.booksonthemove.fr\/en\/wp-json\/wp\/v2\/product\/8451","targetHints":{"allow":["GET"]}}],"collection":[{"href":"https:\/\/www.booksonthemove.fr\/en\/wp-json\/wp\/v2\/product"}],"about":[{"href":"https:\/\/www.booksonthemove.fr\/en\/wp-json\/wp\/v2\/types\/product"}],"wp:featuredmedia":[{"embeddable":true,"href":"https:\/\/www.booksonthemove.fr\/en\/wp-json\/wp\/v2\/media\/8450"}],"wp:attachment":[{"href":"https:\/\/www.booksonthemove.fr\/en\/wp-json\/wp\/v2\/media?parent=8451"}],"wp:term":[{"taxonomy":"product_brand","embeddable":true,"href":"https:\/\/www.booksonthemove.fr\/en\/wp-json\/wp\/v2\/product_brand?post=8451"},{"taxonomy":"product_cat","embeddable":true,"href":"https:\/\/www.booksonthemove.fr\/en\/wp-json\/wp\/v2\/product_cat?post=8451"},{"taxonomy":"product_tag","embeddable":true,"href":"https:\/\/www.booksonthemove.fr\/en\/wp-json\/wp\/v2\/product_tag?post=8451"}],"curies":[{"name":"wp","href":"https:\/\/api.w.org\/{rel}","templated":true}]}}