{"id":8459,"date":"2019-10-09T22:45:16","date_gmt":"2019-10-09T20:45:16","guid":{"rendered":"https:\/\/www.booksonthemove.fr\/produit\/les-ecritures-bougees-une-anthologie\/"},"modified":"2022-08-19T17:40:11","modified_gmt":"2022-08-19T15:40:11","slug":"les-ecritures-bougees-une-anthologie","status":"publish","type":"product","link":"https:\/\/www.booksonthemove.fr\/en\/produit\/les-ecritures-bougees-une-anthologie\/","title":{"rendered":"Les \u00c9critures boug\u00e9es \u2013 Une anthologie"},"content":{"rendered":"<p class=\"bodytext\">Une anthologie de textes d&#8217;\u00e9crivains, d&#8217;artistes, de chor\u00e9graphes, de po\u00e8tes et de performeurs qui pensent les rapports entre corps, \u00e9criture et textualit\u00e9.<\/p>\n<p class=\"bodytext\">Comment bouge-t-on un texte ? Pourquoi parle-t-on en bougeant ? Dans quels types d&#8217;espaces et pour combien de temps ? Pourquoi parlet- on immobile ? De quel type d&#8217;immobilit\u00e9 s&#8217;agit-il ? De quel type de mouvement ? De quels types de mots en fonction de quel mouvement ? L&#8217;Anthologie des \u00c9critures boug\u00e9es rassemble quarante-deux textes d&#8217;\u00e9crivains, artistes, chor\u00e9graphes, po\u00e8tes et performeurs, de plusieurs g\u00e9n\u00e9rations (certains ayant connu Bernard Heidsieck et le festival Polyphonix, d&#8217;autres r\u00e9cemment dipl\u00f4m\u00e9s d&#8217;\u00e9coles d&#8217;art), qui pensent les rapports entre corps et \u00e9criture, corps et textualit\u00e9.<\/p>\n<p class=\"bodytext\">Contributions de Carla Adra, C\u00e9line Ahond, Pierre Alferi, Sarah Bahr, Ya\u00efr Barelli, Rim Battal, Aziyad\u00e9 Baudouin-Talec, Maya Boquet, Pauline Le Boulba, Antoine Boute, Olivier Cadiot, Thomas Clerc, Fr\u00e9d\u00e9ric Danos, Marcelline Delbecq &amp; R\u00e9mi H\u00e9ritier, Cl\u00e9ment Delhomme, Antoine Dufeu, Daniel Foucard, Anne-Lise Le Gac, Gabriel Gauthier, Grand Magasin, Jo\u00ebl Hubaut, William Jay, Caroline Kervern, Sarah Klingemann, Arnaud Labelle-Rojoux, Helena de Laurens &amp; Esm\u00e9 Planchon, S\u00e9bastien Lespinasse, Yuhang Li, Sabine Macher, Mathieu Maimbourg, Barbara Manzetti, Laure Mathieu, Joseph Mouton, Jeanne Moynot, Val\u00e9rie Mr\u00e9jen, Th\u00e9o Robine-Langlois, Fabrice Reymond, Anna Serra, Yoann Thommerel, Beno\u00eet Toqu\u00e9, Valentina Tra\u00efanova, Florian de Vaulchier.<\/p>\n","protected":false},"excerpt":{"rendered":"<p>Auteur: Aziyad\u00e9 Baudouin-Talec<br \/>\nEditeur: Editions Mix (2018)<\/p>\n<p>Broch\u00e9: 328 pages<br \/>\nLangue: Fran\u00e7ais<br \/>\nISBN13: 979-10-90951-19-8<\/p>\n","protected":false},"featured_media":8458,"template":"","meta":[],"product_brand":[],"product_cat":[226,162,219,330],"product_tag":[],"class_list":{"0":"post-8459","1":"product","2":"type-product","3":"status-publish","4":"has-post-thumbnail","6":"product_cat-anthologies-en","7":"product_cat-french-en","8":"product_cat-literature-en","9":"product_cat-non-classe","11":"first","12":"outofstock","13":"taxable","14":"shipping-taxable","15":"purchasable","16":"product-type-simple"},"yoast_head":"<!-- This site is optimized with the Yoast SEO plugin v27.4 - https:\/\/yoast.com\/product\/yoast-seo-wordpress\/ -->\n<title>Les \u00c9critures boug\u00e9es \u2013 Une anthologie - Books on the Move<\/title>\n<meta name=\"robots\" content=\"index, follow, max-snippet:-1, max-image-preview:large, max-video-preview:-1\" \/>\n<link rel=\"canonical\" href=\"https:\/\/www.booksonthemove.fr\/en\/produit\/les-ecritures-bougees-une-anthologie\/\" \/>\n<meta property=\"og:locale\" content=\"en_US\" \/>\n<meta property=\"og:type\" content=\"article\" \/>\n<meta property=\"og:title\" content=\"Les \u00c9critures boug\u00e9es \u2013 Une anthologie - Books on the Move\" \/>\n<meta property=\"og:description\" content=\"Auteur: Aziyad\u00e9 Baudouin-Talec Editeur: Editions Mix (2018)  Broch\u00e9: 328 pages Langue: Fran\u00e7ais ISBN13: 979-10-90951-19-8\" \/>\n<meta property=\"og:url\" content=\"https:\/\/www.booksonthemove.fr\/en\/produit\/les-ecritures-bougees-une-anthologie\/\" \/>\n<meta property=\"og:site_name\" content=\"Books on the Move\" \/>\n<meta property=\"article:publisher\" content=\"https:\/\/www.facebook.com\/Librairiebooksonthemove\/\" \/>\n<meta property=\"article:modified_time\" content=\"2022-08-19T15:40:11+00:00\" \/>\n<meta property=\"og:image\" content=\"https:\/\/www.booksonthemove.fr\/media\/bom_1874_reduced.jpeg\" \/>\n\t<meta property=\"og:image:width\" content=\"450\" \/>\n\t<meta property=\"og:image:height\" content=\"624\" \/>\n\t<meta property=\"og:image:type\" content=\"image\/jpeg\" \/>\n<meta name=\"twitter:card\" content=\"summary_large_image\" \/>\n<script type=\"application\/ld+json\" class=\"yoast-schema-graph\">{\"@context\":\"https:\\\/\\\/schema.org\",\"@graph\":[{\"@type\":\"WebPage\",\"@id\":\"https:\\\/\\\/www.booksonthemove.fr\\\/en\\\/produit\\\/les-ecritures-bougees-une-anthologie\\\/\",\"url\":\"https:\\\/\\\/www.booksonthemove.fr\\\/en\\\/produit\\\/les-ecritures-bougees-une-anthologie\\\/\",\"name\":\"Les \u00c9critures boug\u00e9es \u2013 Une anthologie - Books on the Move\",\"isPartOf\":{\"@id\":\"https:\\\/\\\/www.booksonthemove.fr\\\/#website\"},\"primaryImageOfPage\":{\"@id\":\"https:\\\/\\\/www.booksonthemove.fr\\\/en\\\/produit\\\/les-ecritures-bougees-une-anthologie\\\/#primaryimage\"},\"image\":{\"@id\":\"https:\\\/\\\/www.booksonthemove.fr\\\/en\\\/produit\\\/les-ecritures-bougees-une-anthologie\\\/#primaryimage\"},\"thumbnailUrl\":\"https:\\\/\\\/www.booksonthemove.fr\\\/media\\\/bom_1874_reduced.jpeg\",\"datePublished\":\"2019-10-09T20:45:16+00:00\",\"dateModified\":\"2022-08-19T15:40:11+00:00\",\"breadcrumb\":{\"@id\":\"https:\\\/\\\/www.booksonthemove.fr\\\/en\\\/produit\\\/les-ecritures-bougees-une-anthologie\\\/#breadcrumb\"},\"inLanguage\":\"en-US\",\"potentialAction\":[{\"@type\":\"ReadAction\",\"target\":[\"https:\\\/\\\/www.booksonthemove.fr\\\/en\\\/produit\\\/les-ecritures-bougees-une-anthologie\\\/\"]}]},{\"@type\":\"ImageObject\",\"inLanguage\":\"en-US\",\"@id\":\"https:\\\/\\\/www.booksonthemove.fr\\\/en\\\/produit\\\/les-ecritures-bougees-une-anthologie\\\/#primaryimage\",\"url\":\"https:\\\/\\\/www.booksonthemove.fr\\\/media\\\/bom_1874_reduced.jpeg\",\"contentUrl\":\"https:\\\/\\\/www.booksonthemove.fr\\\/media\\\/bom_1874_reduced.jpeg\",\"width\":450,\"height\":624},{\"@type\":\"BreadcrumbList\",\"@id\":\"https:\\\/\\\/www.booksonthemove.fr\\\/en\\\/produit\\\/les-ecritures-bougees-une-anthologie\\\/#breadcrumb\",\"itemListElement\":[{\"@type\":\"ListItem\",\"position\":1,\"name\":\"Accueil\",\"item\":\"https:\\\/\\\/www.booksonthemove.fr\\\/en\\\/\"},{\"@type\":\"ListItem\",\"position\":2,\"name\":\"online store\",\"item\":\"https:\\\/\\\/www.booksonthemove.fr\\\/en\\\/online-shop\\\/\"},{\"@type\":\"ListItem\",\"position\":3,\"name\":\"Les \u00c9critures boug\u00e9es \u2013 Une anthologie\"}]},{\"@type\":\"WebSite\",\"@id\":\"https:\\\/\\\/www.booksonthemove.fr\\\/#website\",\"url\":\"https:\\\/\\\/www.booksonthemove.fr\\\/\",\"name\":\"Books on the Move\",\"description\":\"librairie nomade - danse - mouvement - performance\",\"publisher\":{\"@id\":\"https:\\\/\\\/www.booksonthemove.fr\\\/#organization\"},\"potentialAction\":[{\"@type\":\"SearchAction\",\"target\":{\"@type\":\"EntryPoint\",\"urlTemplate\":\"https:\\\/\\\/www.booksonthemove.fr\\\/?s={search_term_string}\"},\"query-input\":{\"@type\":\"PropertyValueSpecification\",\"valueRequired\":true,\"valueName\":\"search_term_string\"}}],\"inLanguage\":\"en-US\"},{\"@type\":\"Organization\",\"@id\":\"https:\\\/\\\/www.booksonthemove.fr\\\/#organization\",\"name\":\"Books on the Move\",\"url\":\"https:\\\/\\\/www.booksonthemove.fr\\\/\",\"logo\":{\"@type\":\"ImageObject\",\"inLanguage\":\"en-US\",\"@id\":\"https:\\\/\\\/www.booksonthemove.fr\\\/#\\\/schema\\\/logo\\\/image\\\/\",\"url\":\"https:\\\/\\\/www.booksonthemove.fr\\\/media\\\/logo-NB-400.jpg\",\"contentUrl\":\"https:\\\/\\\/www.booksonthemove.fr\\\/media\\\/logo-NB-400.jpg\",\"width\":400,\"height\":143,\"caption\":\"Books on the Move\"},\"image\":{\"@id\":\"https:\\\/\\\/www.booksonthemove.fr\\\/#\\\/schema\\\/logo\\\/image\\\/\"},\"sameAs\":[\"https:\\\/\\\/www.facebook.com\\\/Librairiebooksonthemove\\\/\"]}]}<\/script>\n<!-- \/ Yoast SEO plugin. -->","yoast_head_json":{"title":"Les \u00c9critures boug\u00e9es \u2013 Une anthologie - Books on the Move","robots":{"index":"index","follow":"follow","max-snippet":"max-snippet:-1","max-image-preview":"max-image-preview:large","max-video-preview":"max-video-preview:-1"},"canonical":"https:\/\/www.booksonthemove.fr\/en\/produit\/les-ecritures-bougees-une-anthologie\/","og_locale":"en_US","og_type":"article","og_title":"Les \u00c9critures boug\u00e9es \u2013 Une anthologie - Books on the Move","og_description":"Auteur: Aziyad\u00e9 Baudouin-Talec Editeur: Editions Mix (2018)  Broch\u00e9: 328 pages Langue: Fran\u00e7ais ISBN13: 979-10-90951-19-8","og_url":"https:\/\/www.booksonthemove.fr\/en\/produit\/les-ecritures-bougees-une-anthologie\/","og_site_name":"Books on the Move","article_publisher":"https:\/\/www.facebook.com\/Librairiebooksonthemove\/","article_modified_time":"2022-08-19T15:40:11+00:00","og_image":[{"width":450,"height":624,"url":"https:\/\/www.booksonthemove.fr\/media\/bom_1874_reduced.jpeg","type":"image\/jpeg"}],"twitter_card":"summary_large_image","schema":{"@context":"https:\/\/schema.org","@graph":[{"@type":"WebPage","@id":"https:\/\/www.booksonthemove.fr\/en\/produit\/les-ecritures-bougees-une-anthologie\/","url":"https:\/\/www.booksonthemove.fr\/en\/produit\/les-ecritures-bougees-une-anthologie\/","name":"Les \u00c9critures boug\u00e9es \u2013 Une anthologie - Books on the Move","isPartOf":{"@id":"https:\/\/www.booksonthemove.fr\/#website"},"primaryImageOfPage":{"@id":"https:\/\/www.booksonthemove.fr\/en\/produit\/les-ecritures-bougees-une-anthologie\/#primaryimage"},"image":{"@id":"https:\/\/www.booksonthemove.fr\/en\/produit\/les-ecritures-bougees-une-anthologie\/#primaryimage"},"thumbnailUrl":"https:\/\/www.booksonthemove.fr\/media\/bom_1874_reduced.jpeg","datePublished":"2019-10-09T20:45:16+00:00","dateModified":"2022-08-19T15:40:11+00:00","breadcrumb":{"@id":"https:\/\/www.booksonthemove.fr\/en\/produit\/les-ecritures-bougees-une-anthologie\/#breadcrumb"},"inLanguage":"en-US","potentialAction":[{"@type":"ReadAction","target":["https:\/\/www.booksonthemove.fr\/en\/produit\/les-ecritures-bougees-une-anthologie\/"]}]},{"@type":"ImageObject","inLanguage":"en-US","@id":"https:\/\/www.booksonthemove.fr\/en\/produit\/les-ecritures-bougees-une-anthologie\/#primaryimage","url":"https:\/\/www.booksonthemove.fr\/media\/bom_1874_reduced.jpeg","contentUrl":"https:\/\/www.booksonthemove.fr\/media\/bom_1874_reduced.jpeg","width":450,"height":624},{"@type":"BreadcrumbList","@id":"https:\/\/www.booksonthemove.fr\/en\/produit\/les-ecritures-bougees-une-anthologie\/#breadcrumb","itemListElement":[{"@type":"ListItem","position":1,"name":"Accueil","item":"https:\/\/www.booksonthemove.fr\/en\/"},{"@type":"ListItem","position":2,"name":"online store","item":"https:\/\/www.booksonthemove.fr\/en\/online-shop\/"},{"@type":"ListItem","position":3,"name":"Les \u00c9critures boug\u00e9es \u2013 Une anthologie"}]},{"@type":"WebSite","@id":"https:\/\/www.booksonthemove.fr\/#website","url":"https:\/\/www.booksonthemove.fr\/","name":"Books on the Move","description":"librairie nomade - danse - mouvement - performance","publisher":{"@id":"https:\/\/www.booksonthemove.fr\/#organization"},"potentialAction":[{"@type":"SearchAction","target":{"@type":"EntryPoint","urlTemplate":"https:\/\/www.booksonthemove.fr\/?s={search_term_string}"},"query-input":{"@type":"PropertyValueSpecification","valueRequired":true,"valueName":"search_term_string"}}],"inLanguage":"en-US"},{"@type":"Organization","@id":"https:\/\/www.booksonthemove.fr\/#organization","name":"Books on the Move","url":"https:\/\/www.booksonthemove.fr\/","logo":{"@type":"ImageObject","inLanguage":"en-US","@id":"https:\/\/www.booksonthemove.fr\/#\/schema\/logo\/image\/","url":"https:\/\/www.booksonthemove.fr\/media\/logo-NB-400.jpg","contentUrl":"https:\/\/www.booksonthemove.fr\/media\/logo-NB-400.jpg","width":400,"height":143,"caption":"Books on the Move"},"image":{"@id":"https:\/\/www.booksonthemove.fr\/#\/schema\/logo\/image\/"},"sameAs":["https:\/\/www.facebook.com\/Librairiebooksonthemove\/"]}]}},"_links":{"self":[{"href":"https:\/\/www.booksonthemove.fr\/en\/wp-json\/wp\/v2\/product\/8459","targetHints":{"allow":["GET"]}}],"collection":[{"href":"https:\/\/www.booksonthemove.fr\/en\/wp-json\/wp\/v2\/product"}],"about":[{"href":"https:\/\/www.booksonthemove.fr\/en\/wp-json\/wp\/v2\/types\/product"}],"wp:featuredmedia":[{"embeddable":true,"href":"https:\/\/www.booksonthemove.fr\/en\/wp-json\/wp\/v2\/media\/8458"}],"wp:attachment":[{"href":"https:\/\/www.booksonthemove.fr\/en\/wp-json\/wp\/v2\/media?parent=8459"}],"wp:term":[{"taxonomy":"product_brand","embeddable":true,"href":"https:\/\/www.booksonthemove.fr\/en\/wp-json\/wp\/v2\/product_brand?post=8459"},{"taxonomy":"product_cat","embeddable":true,"href":"https:\/\/www.booksonthemove.fr\/en\/wp-json\/wp\/v2\/product_cat?post=8459"},{"taxonomy":"product_tag","embeddable":true,"href":"https:\/\/www.booksonthemove.fr\/en\/wp-json\/wp\/v2\/product_tag?post=8459"}],"curies":[{"name":"wp","href":"https:\/\/api.w.org\/{rel}","templated":true}]}}