{"id":8481,"date":"2019-10-09T23:30:42","date_gmt":"2019-10-09T21:30:42","guid":{"rendered":"https:\/\/www.booksonthemove.fr\/produit\/prendre-corps-et-langue-etude-pour-une-dansite-de-lecriture-poetique\/"},"modified":"2026-02-02T12:08:03","modified_gmt":"2026-02-02T11:08:03","slug":"prendre-corps-et-langue-etude-pour-une-dansite-de-lecriture-poetique","status":"publish","type":"product","link":"https:\/\/www.booksonthemove.fr\/en\/produit\/prendre-corps-et-langue-etude-pour-une-dansite-de-lecriture-poetique\/","title":{"rendered":"Prendre corps et langue &#8211; \u00e9tude pour une dansit\u00e9 de l\u2019\u00e9criture po\u00e9tique"},"content":{"rendered":"<p class=\"bodytext\">Voir une convergence intime entre la danse et la po\u00e9sie \u00e0 l\u2019instant de l\u2019\u00e9mergence du geste: celui d\u2019\u00e9crire, celui de danser.<\/p>\n<p class=\"bodytext\">Appeler dansit\u00e9 ce ph\u00e9nom\u00e8ne de mouvementement premier qui convie po\u00e8tes et danseurs \u00e0 une m\u00eame exp\u00e9rience du corps interne, de ses sentis infra-motiles et de ses inchoations de mouvement.<\/p>\n<p class=\"bodytext\">Reconstituer ces \u00e9preuves communes en composant un ab\u00e9c\u00e9daire et une grammaire de la dansit\u00e9 qui permettent de lire nouvellement la po\u00e9sie \u00e0 la lumi\u00e8re des savoirs du corps dansant contemporain.<\/p>\n<p class=\"bodytext\">Puis ouvrir la voie \u00e0 une po\u00e9tique des arts qui fasse de la danse rien de moins que la clef de vo\u00fbte d\u2019une possible r\u00e9\u00e9valuation esth\u00e9tique.<\/p>\n","protected":false},"excerpt":{"rendered":"<p>Auteur: Alice Godfroy<br \/>\nEditeurs: \u00c9ditions Ganse Arts et Lettres (2015)<\/p>\n<p>Broch\u00e9: 500 pages<br \/>\nLangue: Fran\u00e7ais<br \/>\nISBN13: 978-2-95310744-4-9<\/p>\n","protected":false},"featured_media":8480,"template":"","meta":[],"product_brand":[],"product_cat":[146,162,330,199],"product_tag":[],"class_list":{"0":"post-8481","1":"product","2":"type-product","3":"status-publish","4":"has-post-thumbnail","6":"product_cat-theoretical-texts-en","7":"product_cat-french-en","8":"product_cat-non-classe","9":"product_cat-poetry-en","11":"first","12":"instock","13":"taxable","14":"shipping-taxable","15":"purchasable","16":"product-type-simple"},"yoast_head":"<!-- This site is optimized with the Yoast SEO plugin v27.4 - https:\/\/yoast.com\/product\/yoast-seo-wordpress\/ -->\n<title>Prendre corps et langue - \u00e9tude pour une dansit\u00e9 de l\u2019\u00e9criture po\u00e9tique - Books on the Move<\/title>\n<meta name=\"robots\" content=\"index, follow, max-snippet:-1, max-image-preview:large, max-video-preview:-1\" \/>\n<link rel=\"canonical\" href=\"https:\/\/www.booksonthemove.fr\/en\/produit\/prendre-corps-et-langue-etude-pour-une-dansite-de-lecriture-poetique\/\" \/>\n<meta property=\"og:locale\" content=\"en_US\" \/>\n<meta property=\"og:type\" content=\"article\" \/>\n<meta property=\"og:title\" content=\"Prendre corps et langue - \u00e9tude pour une dansit\u00e9 de l\u2019\u00e9criture po\u00e9tique - Books on the Move\" \/>\n<meta property=\"og:description\" content=\"Auteur: Alice Godfroy Editeurs: \u00c9ditions Ganse Arts et Lettres (2015)  Broch\u00e9: 500 pages Langue: Fran\u00e7ais ISBN13: 978-2-95310744-4-9\" \/>\n<meta property=\"og:url\" content=\"https:\/\/www.booksonthemove.fr\/en\/produit\/prendre-corps-et-langue-etude-pour-une-dansite-de-lecriture-poetique\/\" \/>\n<meta property=\"og:site_name\" content=\"Books on the Move\" \/>\n<meta property=\"article:publisher\" content=\"https:\/\/www.facebook.com\/Librairiebooksonthemove\/\" \/>\n<meta property=\"article:modified_time\" content=\"2026-02-02T11:08:03+00:00\" \/>\n<meta property=\"og:image\" content=\"https:\/\/www.booksonthemove.fr\/media\/bom_1919.jpeg\" \/>\n\t<meta property=\"og:image:width\" content=\"493\" \/>\n\t<meta property=\"og:image:height\" content=\"698\" \/>\n\t<meta property=\"og:image:type\" content=\"image\/jpeg\" \/>\n<meta name=\"twitter:card\" content=\"summary_large_image\" \/>\n<script type=\"application\/ld+json\" class=\"yoast-schema-graph\">{\"@context\":\"https:\\\/\\\/schema.org\",\"@graph\":[{\"@type\":\"WebPage\",\"@id\":\"https:\\\/\\\/www.booksonthemove.fr\\\/en\\\/produit\\\/prendre-corps-et-langue-etude-pour-une-dansite-de-lecriture-poetique\\\/\",\"url\":\"https:\\\/\\\/www.booksonthemove.fr\\\/en\\\/produit\\\/prendre-corps-et-langue-etude-pour-une-dansite-de-lecriture-poetique\\\/\",\"name\":\"Prendre corps et langue - \u00e9tude pour une dansit\u00e9 de l\u2019\u00e9criture po\u00e9tique - Books on the Move\",\"isPartOf\":{\"@id\":\"https:\\\/\\\/www.booksonthemove.fr\\\/#website\"},\"primaryImageOfPage\":{\"@id\":\"https:\\\/\\\/www.booksonthemove.fr\\\/en\\\/produit\\\/prendre-corps-et-langue-etude-pour-une-dansite-de-lecriture-poetique\\\/#primaryimage\"},\"image\":{\"@id\":\"https:\\\/\\\/www.booksonthemove.fr\\\/en\\\/produit\\\/prendre-corps-et-langue-etude-pour-une-dansite-de-lecriture-poetique\\\/#primaryimage\"},\"thumbnailUrl\":\"https:\\\/\\\/www.booksonthemove.fr\\\/media\\\/bom_1919.jpeg\",\"datePublished\":\"2019-10-09T21:30:42+00:00\",\"dateModified\":\"2026-02-02T11:08:03+00:00\",\"breadcrumb\":{\"@id\":\"https:\\\/\\\/www.booksonthemove.fr\\\/en\\\/produit\\\/prendre-corps-et-langue-etude-pour-une-dansite-de-lecriture-poetique\\\/#breadcrumb\"},\"inLanguage\":\"en-US\",\"potentialAction\":[{\"@type\":\"ReadAction\",\"target\":[\"https:\\\/\\\/www.booksonthemove.fr\\\/en\\\/produit\\\/prendre-corps-et-langue-etude-pour-une-dansite-de-lecriture-poetique\\\/\"]}]},{\"@type\":\"ImageObject\",\"inLanguage\":\"en-US\",\"@id\":\"https:\\\/\\\/www.booksonthemove.fr\\\/en\\\/produit\\\/prendre-corps-et-langue-etude-pour-une-dansite-de-lecriture-poetique\\\/#primaryimage\",\"url\":\"https:\\\/\\\/www.booksonthemove.fr\\\/media\\\/bom_1919.jpeg\",\"contentUrl\":\"https:\\\/\\\/www.booksonthemove.fr\\\/media\\\/bom_1919.jpeg\",\"width\":493,\"height\":698},{\"@type\":\"BreadcrumbList\",\"@id\":\"https:\\\/\\\/www.booksonthemove.fr\\\/en\\\/produit\\\/prendre-corps-et-langue-etude-pour-une-dansite-de-lecriture-poetique\\\/#breadcrumb\",\"itemListElement\":[{\"@type\":\"ListItem\",\"position\":1,\"name\":\"Accueil\",\"item\":\"https:\\\/\\\/www.booksonthemove.fr\\\/en\\\/\"},{\"@type\":\"ListItem\",\"position\":2,\"name\":\"online store\",\"item\":\"https:\\\/\\\/www.booksonthemove.fr\\\/en\\\/online-shop\\\/\"},{\"@type\":\"ListItem\",\"position\":3,\"name\":\"Prendre corps et langue &#8211; \u00e9tude pour une dansit\u00e9 de l\u2019\u00e9criture po\u00e9tique\"}]},{\"@type\":\"WebSite\",\"@id\":\"https:\\\/\\\/www.booksonthemove.fr\\\/#website\",\"url\":\"https:\\\/\\\/www.booksonthemove.fr\\\/\",\"name\":\"Books on the Move\",\"description\":\"librairie nomade - danse - mouvement - performance\",\"publisher\":{\"@id\":\"https:\\\/\\\/www.booksonthemove.fr\\\/#organization\"},\"potentialAction\":[{\"@type\":\"SearchAction\",\"target\":{\"@type\":\"EntryPoint\",\"urlTemplate\":\"https:\\\/\\\/www.booksonthemove.fr\\\/?s={search_term_string}\"},\"query-input\":{\"@type\":\"PropertyValueSpecification\",\"valueRequired\":true,\"valueName\":\"search_term_string\"}}],\"inLanguage\":\"en-US\"},{\"@type\":\"Organization\",\"@id\":\"https:\\\/\\\/www.booksonthemove.fr\\\/#organization\",\"name\":\"Books on the Move\",\"url\":\"https:\\\/\\\/www.booksonthemove.fr\\\/\",\"logo\":{\"@type\":\"ImageObject\",\"inLanguage\":\"en-US\",\"@id\":\"https:\\\/\\\/www.booksonthemove.fr\\\/#\\\/schema\\\/logo\\\/image\\\/\",\"url\":\"https:\\\/\\\/www.booksonthemove.fr\\\/media\\\/logo-NB-400.jpg\",\"contentUrl\":\"https:\\\/\\\/www.booksonthemove.fr\\\/media\\\/logo-NB-400.jpg\",\"width\":400,\"height\":143,\"caption\":\"Books on the Move\"},\"image\":{\"@id\":\"https:\\\/\\\/www.booksonthemove.fr\\\/#\\\/schema\\\/logo\\\/image\\\/\"},\"sameAs\":[\"https:\\\/\\\/www.facebook.com\\\/Librairiebooksonthemove\\\/\"]}]}<\/script>\n<!-- \/ Yoast SEO plugin. -->","yoast_head_json":{"title":"Prendre corps et langue - \u00e9tude pour une dansit\u00e9 de l\u2019\u00e9criture po\u00e9tique - Books on the Move","robots":{"index":"index","follow":"follow","max-snippet":"max-snippet:-1","max-image-preview":"max-image-preview:large","max-video-preview":"max-video-preview:-1"},"canonical":"https:\/\/www.booksonthemove.fr\/en\/produit\/prendre-corps-et-langue-etude-pour-une-dansite-de-lecriture-poetique\/","og_locale":"en_US","og_type":"article","og_title":"Prendre corps et langue - \u00e9tude pour une dansit\u00e9 de l\u2019\u00e9criture po\u00e9tique - Books on the Move","og_description":"Auteur: Alice Godfroy Editeurs: \u00c9ditions Ganse Arts et Lettres (2015)  Broch\u00e9: 500 pages Langue: Fran\u00e7ais ISBN13: 978-2-95310744-4-9","og_url":"https:\/\/www.booksonthemove.fr\/en\/produit\/prendre-corps-et-langue-etude-pour-une-dansite-de-lecriture-poetique\/","og_site_name":"Books on the Move","article_publisher":"https:\/\/www.facebook.com\/Librairiebooksonthemove\/","article_modified_time":"2026-02-02T11:08:03+00:00","og_image":[{"width":493,"height":698,"url":"https:\/\/www.booksonthemove.fr\/media\/bom_1919.jpeg","type":"image\/jpeg"}],"twitter_card":"summary_large_image","schema":{"@context":"https:\/\/schema.org","@graph":[{"@type":"WebPage","@id":"https:\/\/www.booksonthemove.fr\/en\/produit\/prendre-corps-et-langue-etude-pour-une-dansite-de-lecriture-poetique\/","url":"https:\/\/www.booksonthemove.fr\/en\/produit\/prendre-corps-et-langue-etude-pour-une-dansite-de-lecriture-poetique\/","name":"Prendre corps et langue - \u00e9tude pour une dansit\u00e9 de l\u2019\u00e9criture po\u00e9tique - Books on the Move","isPartOf":{"@id":"https:\/\/www.booksonthemove.fr\/#website"},"primaryImageOfPage":{"@id":"https:\/\/www.booksonthemove.fr\/en\/produit\/prendre-corps-et-langue-etude-pour-une-dansite-de-lecriture-poetique\/#primaryimage"},"image":{"@id":"https:\/\/www.booksonthemove.fr\/en\/produit\/prendre-corps-et-langue-etude-pour-une-dansite-de-lecriture-poetique\/#primaryimage"},"thumbnailUrl":"https:\/\/www.booksonthemove.fr\/media\/bom_1919.jpeg","datePublished":"2019-10-09T21:30:42+00:00","dateModified":"2026-02-02T11:08:03+00:00","breadcrumb":{"@id":"https:\/\/www.booksonthemove.fr\/en\/produit\/prendre-corps-et-langue-etude-pour-une-dansite-de-lecriture-poetique\/#breadcrumb"},"inLanguage":"en-US","potentialAction":[{"@type":"ReadAction","target":["https:\/\/www.booksonthemove.fr\/en\/produit\/prendre-corps-et-langue-etude-pour-une-dansite-de-lecriture-poetique\/"]}]},{"@type":"ImageObject","inLanguage":"en-US","@id":"https:\/\/www.booksonthemove.fr\/en\/produit\/prendre-corps-et-langue-etude-pour-une-dansite-de-lecriture-poetique\/#primaryimage","url":"https:\/\/www.booksonthemove.fr\/media\/bom_1919.jpeg","contentUrl":"https:\/\/www.booksonthemove.fr\/media\/bom_1919.jpeg","width":493,"height":698},{"@type":"BreadcrumbList","@id":"https:\/\/www.booksonthemove.fr\/en\/produit\/prendre-corps-et-langue-etude-pour-une-dansite-de-lecriture-poetique\/#breadcrumb","itemListElement":[{"@type":"ListItem","position":1,"name":"Accueil","item":"https:\/\/www.booksonthemove.fr\/en\/"},{"@type":"ListItem","position":2,"name":"online store","item":"https:\/\/www.booksonthemove.fr\/en\/online-shop\/"},{"@type":"ListItem","position":3,"name":"Prendre corps et langue &#8211; \u00e9tude pour une dansit\u00e9 de l\u2019\u00e9criture po\u00e9tique"}]},{"@type":"WebSite","@id":"https:\/\/www.booksonthemove.fr\/#website","url":"https:\/\/www.booksonthemove.fr\/","name":"Books on the Move","description":"librairie nomade - danse - mouvement - performance","publisher":{"@id":"https:\/\/www.booksonthemove.fr\/#organization"},"potentialAction":[{"@type":"SearchAction","target":{"@type":"EntryPoint","urlTemplate":"https:\/\/www.booksonthemove.fr\/?s={search_term_string}"},"query-input":{"@type":"PropertyValueSpecification","valueRequired":true,"valueName":"search_term_string"}}],"inLanguage":"en-US"},{"@type":"Organization","@id":"https:\/\/www.booksonthemove.fr\/#organization","name":"Books on the Move","url":"https:\/\/www.booksonthemove.fr\/","logo":{"@type":"ImageObject","inLanguage":"en-US","@id":"https:\/\/www.booksonthemove.fr\/#\/schema\/logo\/image\/","url":"https:\/\/www.booksonthemove.fr\/media\/logo-NB-400.jpg","contentUrl":"https:\/\/www.booksonthemove.fr\/media\/logo-NB-400.jpg","width":400,"height":143,"caption":"Books on the Move"},"image":{"@id":"https:\/\/www.booksonthemove.fr\/#\/schema\/logo\/image\/"},"sameAs":["https:\/\/www.facebook.com\/Librairiebooksonthemove\/"]}]}},"_links":{"self":[{"href":"https:\/\/www.booksonthemove.fr\/en\/wp-json\/wp\/v2\/product\/8481","targetHints":{"allow":["GET"]}}],"collection":[{"href":"https:\/\/www.booksonthemove.fr\/en\/wp-json\/wp\/v2\/product"}],"about":[{"href":"https:\/\/www.booksonthemove.fr\/en\/wp-json\/wp\/v2\/types\/product"}],"wp:featuredmedia":[{"embeddable":true,"href":"https:\/\/www.booksonthemove.fr\/en\/wp-json\/wp\/v2\/media\/8480"}],"wp:attachment":[{"href":"https:\/\/www.booksonthemove.fr\/en\/wp-json\/wp\/v2\/media?parent=8481"}],"wp:term":[{"taxonomy":"product_brand","embeddable":true,"href":"https:\/\/www.booksonthemove.fr\/en\/wp-json\/wp\/v2\/product_brand?post=8481"},{"taxonomy":"product_cat","embeddable":true,"href":"https:\/\/www.booksonthemove.fr\/en\/wp-json\/wp\/v2\/product_cat?post=8481"},{"taxonomy":"product_tag","embeddable":true,"href":"https:\/\/www.booksonthemove.fr\/en\/wp-json\/wp\/v2\/product_tag?post=8481"}],"curies":[{"name":"wp","href":"https:\/\/api.w.org\/{rel}","templated":true}]}}