{"id":8569,"date":"2019-10-11T16:57:27","date_gmt":"2019-10-11T14:57:27","guid":{"rendered":"https:\/\/www.booksonthemove.fr\/produit\/de-pas-en-pas-ou-labrege-fertile-des-pas-de-danse\/"},"modified":"2023-09-02T17:47:06","modified_gmt":"2023-09-02T15:47:06","slug":"de-pas-en-pas-ou-labrege-fertile-des-pas-de-danse","status":"publish","type":"product","link":"https:\/\/www.booksonthemove.fr\/en\/produit\/de-pas-en-pas-ou-labrege-fertile-des-pas-de-danse\/","title":{"rendered":"De pas en pas ou l&#8217;abr\u00e9g\u00e9 fertile des pas de danse"},"content":{"rendered":"<div class=\"teaser\">\n<p class=\"bodytext\">Cet ouvrage invite \u00e0 sentir la richesse physique et imaginative des pas de danse qui se sont invent\u00e9s au fil du temps, en parcourant une vingtaine d\u2019entre eux \u00e0 travers des personnages aux yeux ferm\u00e9s et des phrases imag\u00e9es.<\/p>\n<p class=\"bodytext\">72 p. couleur, reli\u00e9.<\/p>\n<p class=\"bodytext\">24 pas alliant textes et dessins<\/p>\n<p class=\"bodytext\">3 jeux \u00e0 dessiner et danser (d\u00e8s 7\/8 ans), con\u00e7us par B\u00e9reng\u00e8re Valour.<\/p>\n<p class=\"bodytext\">1 prolongement d\u00e9clinant un lexique inachev\u00e9 autour de diff\u00e9rents pas de danse utilis\u00e9s dans l\u2019art chor\u00e9graphique d\u2019hier et d\u2019aujourd\u2019hui.<\/p>\n<\/div>\n","protected":false},"excerpt":{"rendered":"<p>Auteur: Daphne Koutsafti et Mary Chebbah<br \/>\nEditeur: collection dan\u00e7er, Quadrille (2018)<\/p>\n<p>Reli\u00e9: 72 pages<br \/>\nLangue: Fran\u00e7ais<br \/>\nISBN13: <span class=\"csc-sword\">978<\/span> 2 <span class=\"csc-sword\">956<\/span> <span class=\"csc-sword\">33031<\/span> 8<\/p>\n","protected":false},"featured_media":8568,"template":"","meta":[],"product_brand":[],"product_cat":[213,298,162,140],"product_tag":[],"class_list":{"0":"post-8569","1":"product","2":"type-product","3":"status-publish","4":"has-post-thumbnail","6":"product_cat-comics-en","7":"product_cat-childrens-and-youth-books","8":"product_cat-french-en","9":"product_cat-education-dance-technique-en","11":"first","12":"outofstock","13":"taxable","14":"shipping-taxable","15":"purchasable","16":"product-type-simple"},"yoast_head":"<!-- This site is optimized with the Yoast SEO plugin v27.5 - https:\/\/yoast.com\/product\/yoast-seo-wordpress\/ -->\n<title>De pas en pas ou l&#039;abr\u00e9g\u00e9 fertile des pas de danse - Books on the Move<\/title>\n<meta name=\"robots\" content=\"index, follow, max-snippet:-1, max-image-preview:large, max-video-preview:-1\" \/>\n<link rel=\"canonical\" href=\"https:\/\/www.booksonthemove.fr\/produit\/de-pas-en-pas-ou-labrege-fertile-des-pas-de-danse\/\" \/>\n<meta property=\"og:locale\" content=\"en_US\" \/>\n<meta property=\"og:type\" content=\"article\" \/>\n<meta property=\"og:title\" content=\"De pas en pas ou l&#039;abr\u00e9g\u00e9 fertile des pas de danse - Books on the Move\" \/>\n<meta property=\"og:description\" content=\"Auteur: Daphne Koutsafti et Mary Chebbah Editeur: collection dan\u00e7er, Quadrille (2018)  Reli\u00e9: 72 pages Langue: Fran\u00e7ais ISBN13: 978 2 956 33031 8\" \/>\n<meta property=\"og:url\" content=\"https:\/\/www.booksonthemove.fr\/produit\/de-pas-en-pas-ou-labrege-fertile-des-pas-de-danse\/\" \/>\n<meta property=\"og:site_name\" content=\"Books on the Move\" \/>\n<meta property=\"article:publisher\" content=\"https:\/\/www.facebook.com\/Librairiebooksonthemove\/\" \/>\n<meta property=\"article:modified_time\" content=\"2023-09-02T15:47:06+00:00\" \/>\n<meta property=\"og:image\" content=\"https:\/\/www.booksonthemove.fr\/media\/pas.jpeg\" \/>\n\t<meta property=\"og:image:width\" content=\"450\" \/>\n\t<meta property=\"og:image:height\" content=\"631\" \/>\n\t<meta property=\"og:image:type\" content=\"image\/jpeg\" \/>\n<meta name=\"twitter:card\" content=\"summary_large_image\" \/>\n<script type=\"application\/ld+json\" class=\"yoast-schema-graph\">{\"@context\":\"https:\\\/\\\/schema.org\",\"@graph\":[{\"@type\":\"WebPage\",\"@id\":\"https:\\\/\\\/www.booksonthemove.fr\\\/produit\\\/de-pas-en-pas-ou-labrege-fertile-des-pas-de-danse\\\/\",\"url\":\"https:\\\/\\\/www.booksonthemove.fr\\\/produit\\\/de-pas-en-pas-ou-labrege-fertile-des-pas-de-danse\\\/\",\"name\":\"De pas en pas ou l'abr\u00e9g\u00e9 fertile des pas de danse - Books on the Move\",\"isPartOf\":{\"@id\":\"https:\\\/\\\/www.booksonthemove.fr\\\/#website\"},\"primaryImageOfPage\":{\"@id\":\"https:\\\/\\\/www.booksonthemove.fr\\\/produit\\\/de-pas-en-pas-ou-labrege-fertile-des-pas-de-danse\\\/#primaryimage\"},\"image\":{\"@id\":\"https:\\\/\\\/www.booksonthemove.fr\\\/produit\\\/de-pas-en-pas-ou-labrege-fertile-des-pas-de-danse\\\/#primaryimage\"},\"thumbnailUrl\":\"https:\\\/\\\/www.booksonthemove.fr\\\/media\\\/pas.jpeg\",\"datePublished\":\"2019-10-11T14:57:27+00:00\",\"dateModified\":\"2023-09-02T15:47:06+00:00\",\"breadcrumb\":{\"@id\":\"https:\\\/\\\/www.booksonthemove.fr\\\/produit\\\/de-pas-en-pas-ou-labrege-fertile-des-pas-de-danse\\\/#breadcrumb\"},\"inLanguage\":\"en-US\",\"potentialAction\":[{\"@type\":\"ReadAction\",\"target\":[\"https:\\\/\\\/www.booksonthemove.fr\\\/produit\\\/de-pas-en-pas-ou-labrege-fertile-des-pas-de-danse\\\/\"]}]},{\"@type\":\"ImageObject\",\"inLanguage\":\"en-US\",\"@id\":\"https:\\\/\\\/www.booksonthemove.fr\\\/produit\\\/de-pas-en-pas-ou-labrege-fertile-des-pas-de-danse\\\/#primaryimage\",\"url\":\"https:\\\/\\\/www.booksonthemove.fr\\\/media\\\/pas.jpeg\",\"contentUrl\":\"https:\\\/\\\/www.booksonthemove.fr\\\/media\\\/pas.jpeg\",\"width\":450,\"height\":631},{\"@type\":\"BreadcrumbList\",\"@id\":\"https:\\\/\\\/www.booksonthemove.fr\\\/produit\\\/de-pas-en-pas-ou-labrege-fertile-des-pas-de-danse\\\/#breadcrumb\",\"itemListElement\":[{\"@type\":\"ListItem\",\"position\":1,\"name\":\"Accueil\",\"item\":\"https:\\\/\\\/www.booksonthemove.fr\\\/en\\\/\"},{\"@type\":\"ListItem\",\"position\":2,\"name\":\"online store\",\"item\":\"https:\\\/\\\/www.booksonthemove.fr\\\/en\\\/online-shop\\\/\"},{\"@type\":\"ListItem\",\"position\":3,\"name\":\"De pas en pas ou l&rsquo;abr\u00e9g\u00e9 fertile des pas de danse\"}]},{\"@type\":\"WebSite\",\"@id\":\"https:\\\/\\\/www.booksonthemove.fr\\\/#website\",\"url\":\"https:\\\/\\\/www.booksonthemove.fr\\\/\",\"name\":\"Books on the Move\",\"description\":\"librairie nomade - danse - mouvement - performance\",\"publisher\":{\"@id\":\"https:\\\/\\\/www.booksonthemove.fr\\\/#organization\"},\"potentialAction\":[{\"@type\":\"SearchAction\",\"target\":{\"@type\":\"EntryPoint\",\"urlTemplate\":\"https:\\\/\\\/www.booksonthemove.fr\\\/?s={search_term_string}\"},\"query-input\":{\"@type\":\"PropertyValueSpecification\",\"valueRequired\":true,\"valueName\":\"search_term_string\"}}],\"inLanguage\":\"en-US\"},{\"@type\":\"Organization\",\"@id\":\"https:\\\/\\\/www.booksonthemove.fr\\\/#organization\",\"name\":\"Books on the Move\",\"url\":\"https:\\\/\\\/www.booksonthemove.fr\\\/\",\"logo\":{\"@type\":\"ImageObject\",\"inLanguage\":\"en-US\",\"@id\":\"https:\\\/\\\/www.booksonthemove.fr\\\/#\\\/schema\\\/logo\\\/image\\\/\",\"url\":\"https:\\\/\\\/www.booksonthemove.fr\\\/media\\\/logo-NB-400.jpg\",\"contentUrl\":\"https:\\\/\\\/www.booksonthemove.fr\\\/media\\\/logo-NB-400.jpg\",\"width\":400,\"height\":143,\"caption\":\"Books on the Move\"},\"image\":{\"@id\":\"https:\\\/\\\/www.booksonthemove.fr\\\/#\\\/schema\\\/logo\\\/image\\\/\"},\"sameAs\":[\"https:\\\/\\\/www.facebook.com\\\/Librairiebooksonthemove\\\/\"]}]}<\/script>\n<!-- \/ Yoast SEO plugin. -->","yoast_head_json":{"title":"De pas en pas ou l'abr\u00e9g\u00e9 fertile des pas de danse - Books on the Move","robots":{"index":"index","follow":"follow","max-snippet":"max-snippet:-1","max-image-preview":"max-image-preview:large","max-video-preview":"max-video-preview:-1"},"canonical":"https:\/\/www.booksonthemove.fr\/produit\/de-pas-en-pas-ou-labrege-fertile-des-pas-de-danse\/","og_locale":"en_US","og_type":"article","og_title":"De pas en pas ou l'abr\u00e9g\u00e9 fertile des pas de danse - Books on the Move","og_description":"Auteur: Daphne Koutsafti et Mary Chebbah Editeur: collection dan\u00e7er, Quadrille (2018)  Reli\u00e9: 72 pages Langue: Fran\u00e7ais ISBN13: 978 2 956 33031 8","og_url":"https:\/\/www.booksonthemove.fr\/produit\/de-pas-en-pas-ou-labrege-fertile-des-pas-de-danse\/","og_site_name":"Books on the Move","article_publisher":"https:\/\/www.facebook.com\/Librairiebooksonthemove\/","article_modified_time":"2023-09-02T15:47:06+00:00","og_image":[{"width":450,"height":631,"url":"https:\/\/www.booksonthemove.fr\/media\/pas.jpeg","type":"image\/jpeg"}],"twitter_card":"summary_large_image","schema":{"@context":"https:\/\/schema.org","@graph":[{"@type":"WebPage","@id":"https:\/\/www.booksonthemove.fr\/produit\/de-pas-en-pas-ou-labrege-fertile-des-pas-de-danse\/","url":"https:\/\/www.booksonthemove.fr\/produit\/de-pas-en-pas-ou-labrege-fertile-des-pas-de-danse\/","name":"De pas en pas ou l'abr\u00e9g\u00e9 fertile des pas de danse - Books on the Move","isPartOf":{"@id":"https:\/\/www.booksonthemove.fr\/#website"},"primaryImageOfPage":{"@id":"https:\/\/www.booksonthemove.fr\/produit\/de-pas-en-pas-ou-labrege-fertile-des-pas-de-danse\/#primaryimage"},"image":{"@id":"https:\/\/www.booksonthemove.fr\/produit\/de-pas-en-pas-ou-labrege-fertile-des-pas-de-danse\/#primaryimage"},"thumbnailUrl":"https:\/\/www.booksonthemove.fr\/media\/pas.jpeg","datePublished":"2019-10-11T14:57:27+00:00","dateModified":"2023-09-02T15:47:06+00:00","breadcrumb":{"@id":"https:\/\/www.booksonthemove.fr\/produit\/de-pas-en-pas-ou-labrege-fertile-des-pas-de-danse\/#breadcrumb"},"inLanguage":"en-US","potentialAction":[{"@type":"ReadAction","target":["https:\/\/www.booksonthemove.fr\/produit\/de-pas-en-pas-ou-labrege-fertile-des-pas-de-danse\/"]}]},{"@type":"ImageObject","inLanguage":"en-US","@id":"https:\/\/www.booksonthemove.fr\/produit\/de-pas-en-pas-ou-labrege-fertile-des-pas-de-danse\/#primaryimage","url":"https:\/\/www.booksonthemove.fr\/media\/pas.jpeg","contentUrl":"https:\/\/www.booksonthemove.fr\/media\/pas.jpeg","width":450,"height":631},{"@type":"BreadcrumbList","@id":"https:\/\/www.booksonthemove.fr\/produit\/de-pas-en-pas-ou-labrege-fertile-des-pas-de-danse\/#breadcrumb","itemListElement":[{"@type":"ListItem","position":1,"name":"Accueil","item":"https:\/\/www.booksonthemove.fr\/en\/"},{"@type":"ListItem","position":2,"name":"online store","item":"https:\/\/www.booksonthemove.fr\/en\/online-shop\/"},{"@type":"ListItem","position":3,"name":"De pas en pas ou l&rsquo;abr\u00e9g\u00e9 fertile des pas de danse"}]},{"@type":"WebSite","@id":"https:\/\/www.booksonthemove.fr\/#website","url":"https:\/\/www.booksonthemove.fr\/","name":"Books on the Move","description":"librairie nomade - danse - mouvement - performance","publisher":{"@id":"https:\/\/www.booksonthemove.fr\/#organization"},"potentialAction":[{"@type":"SearchAction","target":{"@type":"EntryPoint","urlTemplate":"https:\/\/www.booksonthemove.fr\/?s={search_term_string}"},"query-input":{"@type":"PropertyValueSpecification","valueRequired":true,"valueName":"search_term_string"}}],"inLanguage":"en-US"},{"@type":"Organization","@id":"https:\/\/www.booksonthemove.fr\/#organization","name":"Books on the Move","url":"https:\/\/www.booksonthemove.fr\/","logo":{"@type":"ImageObject","inLanguage":"en-US","@id":"https:\/\/www.booksonthemove.fr\/#\/schema\/logo\/image\/","url":"https:\/\/www.booksonthemove.fr\/media\/logo-NB-400.jpg","contentUrl":"https:\/\/www.booksonthemove.fr\/media\/logo-NB-400.jpg","width":400,"height":143,"caption":"Books on the Move"},"image":{"@id":"https:\/\/www.booksonthemove.fr\/#\/schema\/logo\/image\/"},"sameAs":["https:\/\/www.facebook.com\/Librairiebooksonthemove\/"]}]}},"_links":{"self":[{"href":"https:\/\/www.booksonthemove.fr\/en\/wp-json\/wp\/v2\/product\/8569","targetHints":{"allow":["GET"]}}],"collection":[{"href":"https:\/\/www.booksonthemove.fr\/en\/wp-json\/wp\/v2\/product"}],"about":[{"href":"https:\/\/www.booksonthemove.fr\/en\/wp-json\/wp\/v2\/types\/product"}],"wp:featuredmedia":[{"embeddable":true,"href":"https:\/\/www.booksonthemove.fr\/en\/wp-json\/wp\/v2\/media\/8568"}],"wp:attachment":[{"href":"https:\/\/www.booksonthemove.fr\/en\/wp-json\/wp\/v2\/media?parent=8569"}],"wp:term":[{"taxonomy":"product_brand","embeddable":true,"href":"https:\/\/www.booksonthemove.fr\/en\/wp-json\/wp\/v2\/product_brand?post=8569"},{"taxonomy":"product_cat","embeddable":true,"href":"https:\/\/www.booksonthemove.fr\/en\/wp-json\/wp\/v2\/product_cat?post=8569"},{"taxonomy":"product_tag","embeddable":true,"href":"https:\/\/www.booksonthemove.fr\/en\/wp-json\/wp\/v2\/product_tag?post=8569"}],"curies":[{"name":"wp","href":"https:\/\/api.w.org\/{rel}","templated":true}]}}