{"id":8573,"date":"2019-10-11T17:07:19","date_gmt":"2019-10-11T15:07:19","guid":{"rendered":"https:\/\/www.booksonthemove.fr\/produit\/devenir-spectateur-invention-et-mutation-du-public-culturel\/"},"modified":"2024-04-24T12:21:08","modified_gmt":"2024-04-24T10:21:08","slug":"devenir-spectateur-invention-et-mutation-du-public-culturel","status":"publish","type":"product","link":"https:\/\/www.booksonthemove.fr\/en\/produit\/devenir-spectateur-invention-et-mutation-du-public-culturel\/","title":{"rendered":"Devenir spectateur &#8211; Invention et mutation du public culturel"},"content":{"rendered":"<div class=\"teaser\">\n<p class=\"bodytext\">Qu\u2019est-\u00ad\u2010ce qu\u2019un <span class=\"csc-sword\">spectateur<\/span> ? Na\u00eet-\u00adon <span class=\"csc-sword\">spectateur<\/span> ? Quel <span class=\"csc-sword\">spectateur<\/span> devient-\u00adon face \u00e0 une \u0153uvre d\u2019art ou un spectacle ? Cat\u00e9goris\u00e9 dans les \u00e9tudes, sollicit\u00e9 par les publicitaires, compt\u00e9 par les subventionneurs, le <span class=\"csc-sword\">spectateur<\/span> est rest\u00e9 trop longtemps un objet de pens\u00e9e secondaire.<\/p>\n<p class=\"bodytext\">Auteur de plusieurs ouvrages sur un sujet dont il est l\u2019un des penseurs les plus accomplis, Christian Ruby \u00e9tablit ici une th\u00e9orie du <span class=\"csc-sword\">spectateur<\/span>, philosophique et politique. Il d\u00e9construit le pr\u00e9jug\u00e9 selon lequel on serait <span class=\"csc-sword\">spectateur<\/span> \u00ab par nature \u00bb. Le concept lui-\u00adm\u00eame est d\u2019ailleurs dat\u00e9 et contextualis\u00e9 : l\u2019Occident moderne et contemporain ; cette figure est absente des cultures extra-\u00ad\u2010europ\u00e9ennes ou a \u00e9t\u00e9 import\u00e9e sous la colonisation.<\/p>\n<p class=\"bodytext\">En prouvant que le concept de <span class=\"csc-sword\">spectateur<\/span> est historique et non \u00ab naturel \u00bb, Christian Ruby met \u00e0 mal un certain nombre d\u2019\u00e9vidences : des mani\u00e8res de faire normatives, une hi\u00e9rarchie des <span class=\"csc-sword\">spectateur<\/span>s dans la hi\u00e9rarchie des arts\u2026 Nous sommes d\u00e9sormais pass\u00e9s de la tradition classique du face\u00ad\u2010\u00e0-\u00adface silencieux avec l\u2019\u0153uvre, du jugement de go\u00fbt et d\u2019une d\u00e9mocratie r\u00eavant d\u2019unit\u00e9-\u2010homog\u00e9n\u00e9it\u00e9, \u00e0 un <span class=\"csc-sword\">spectateur<\/span> contemporain regardeur (selon Marcel Duchamp), participant, activateur, d\u00e9ambulateur, impliqu\u00e9, etc., au nom de la d\u00e9mocratie pens\u00e9e autrement.<\/p>\n<p class=\"bodytext\">Voil\u00e0 qui incite chacun \u00e0 s\u2019interroger : Comment l\u2019\u0153uvre me fait-\u00ad\u2010elle <span class=\"csc-sword\">spectateur<\/span> et quel <span class=\"csc-sword\">spectateur<\/span> me fait-\u00adelle \u00eatre ? Quel <span class=\"csc-sword\">spectateur<\/span> veux-\u00adje <span class=\"csc-sword\">devenir<\/span> ?<\/p>\n<\/div>\n","protected":false},"excerpt":{"rendered":"<p><strong>AUTEUR :<\/strong> Christian Ruby<br \/>\n<strong>\u00c9DITEUR :<\/strong> \u00e9ditions de l&#8217;attribut (2017)<\/p>\n<p><strong>BROCH\u00c9 :<\/strong> 180 pages<br \/>\n<strong>LANGUE :<\/strong> Fran\u00e7ais<br \/>\n<strong>ISBN13 :<\/strong> 978-2-916-00242-2<\/p>\n","protected":false},"featured_media":8572,"template":"","meta":[],"product_brand":[],"product_cat":[146,162,228,206],"product_tag":[],"class_list":{"0":"post-8573","1":"product","2":"type-product","3":"status-publish","4":"has-post-thumbnail","6":"product_cat-theoretical-texts-en","7":"product_cat-french-en","8":"product_cat-spectatorship-en","9":"product_cat-philosophy-aesthetics-en","11":"first","12":"instock","13":"taxable","14":"shipping-taxable","15":"purchasable","16":"product-type-simple"},"yoast_head":"<!-- This site is optimized with the Yoast SEO plugin v27.4 - https:\/\/yoast.com\/product\/yoast-seo-wordpress\/ -->\n<title>Devenir spectateur - Invention et mutation du public culturel - Books on the Move<\/title>\n<meta name=\"robots\" content=\"index, follow, max-snippet:-1, max-image-preview:large, max-video-preview:-1\" \/>\n<link rel=\"canonical\" href=\"https:\/\/www.booksonthemove.fr\/produit\/devenir-spectateur-invention-et-mutation-du-public-culturel\/\" \/>\n<meta property=\"og:locale\" content=\"en_US\" \/>\n<meta property=\"og:type\" content=\"article\" \/>\n<meta property=\"og:title\" content=\"Devenir spectateur - Invention et mutation du public culturel - Books on the Move\" \/>\n<meta property=\"og:description\" content=\"AUTEUR : Christian Ruby \u00c9DITEUR : \u00e9ditions de l&#039;attribut (2017)  BROCH\u00c9 : 180 pages LANGUE : Fran\u00e7ais ISBN13 : 978-2-916-00242-2\" \/>\n<meta property=\"og:url\" content=\"https:\/\/www.booksonthemove.fr\/produit\/devenir-spectateur-invention-et-mutation-du-public-culturel\/\" \/>\n<meta property=\"og:site_name\" content=\"Books on the Move\" \/>\n<meta property=\"article:publisher\" content=\"https:\/\/www.facebook.com\/Librairiebooksonthemove\/\" \/>\n<meta property=\"article:modified_time\" content=\"2024-04-24T10:21:08+00:00\" \/>\n<meta property=\"og:image\" content=\"https:\/\/www.booksonthemove.fr\/media\/51Ewr-yeGfL.jpg\" \/>\n\t<meta property=\"og:image:width\" content=\"328\" \/>\n\t<meta property=\"og:image:height\" content=\"500\" \/>\n\t<meta property=\"og:image:type\" content=\"image\/jpeg\" \/>\n<meta name=\"twitter:card\" content=\"summary_large_image\" \/>\n<script type=\"application\/ld+json\" class=\"yoast-schema-graph\">{\"@context\":\"https:\\\/\\\/schema.org\",\"@graph\":[{\"@type\":\"WebPage\",\"@id\":\"https:\\\/\\\/www.booksonthemove.fr\\\/produit\\\/devenir-spectateur-invention-et-mutation-du-public-culturel\\\/\",\"url\":\"https:\\\/\\\/www.booksonthemove.fr\\\/produit\\\/devenir-spectateur-invention-et-mutation-du-public-culturel\\\/\",\"name\":\"Devenir spectateur - Invention et mutation du public culturel - Books on the Move\",\"isPartOf\":{\"@id\":\"https:\\\/\\\/www.booksonthemove.fr\\\/#website\"},\"primaryImageOfPage\":{\"@id\":\"https:\\\/\\\/www.booksonthemove.fr\\\/produit\\\/devenir-spectateur-invention-et-mutation-du-public-culturel\\\/#primaryimage\"},\"image\":{\"@id\":\"https:\\\/\\\/www.booksonthemove.fr\\\/produit\\\/devenir-spectateur-invention-et-mutation-du-public-culturel\\\/#primaryimage\"},\"thumbnailUrl\":\"https:\\\/\\\/www.booksonthemove.fr\\\/media\\\/51Ewr-yeGfL.jpg\",\"datePublished\":\"2019-10-11T15:07:19+00:00\",\"dateModified\":\"2024-04-24T10:21:08+00:00\",\"breadcrumb\":{\"@id\":\"https:\\\/\\\/www.booksonthemove.fr\\\/produit\\\/devenir-spectateur-invention-et-mutation-du-public-culturel\\\/#breadcrumb\"},\"inLanguage\":\"en-US\",\"potentialAction\":[{\"@type\":\"ReadAction\",\"target\":[\"https:\\\/\\\/www.booksonthemove.fr\\\/produit\\\/devenir-spectateur-invention-et-mutation-du-public-culturel\\\/\"]}]},{\"@type\":\"ImageObject\",\"inLanguage\":\"en-US\",\"@id\":\"https:\\\/\\\/www.booksonthemove.fr\\\/produit\\\/devenir-spectateur-invention-et-mutation-du-public-culturel\\\/#primaryimage\",\"url\":\"https:\\\/\\\/www.booksonthemove.fr\\\/media\\\/51Ewr-yeGfL.jpg\",\"contentUrl\":\"https:\\\/\\\/www.booksonthemove.fr\\\/media\\\/51Ewr-yeGfL.jpg\",\"width\":328,\"height\":500},{\"@type\":\"BreadcrumbList\",\"@id\":\"https:\\\/\\\/www.booksonthemove.fr\\\/produit\\\/devenir-spectateur-invention-et-mutation-du-public-culturel\\\/#breadcrumb\",\"itemListElement\":[{\"@type\":\"ListItem\",\"position\":1,\"name\":\"Accueil\",\"item\":\"https:\\\/\\\/www.booksonthemove.fr\\\/en\\\/\"},{\"@type\":\"ListItem\",\"position\":2,\"name\":\"online store\",\"item\":\"https:\\\/\\\/www.booksonthemove.fr\\\/en\\\/online-shop\\\/\"},{\"@type\":\"ListItem\",\"position\":3,\"name\":\"Devenir spectateur &#8211; Invention et mutation du public culturel\"}]},{\"@type\":\"WebSite\",\"@id\":\"https:\\\/\\\/www.booksonthemove.fr\\\/#website\",\"url\":\"https:\\\/\\\/www.booksonthemove.fr\\\/\",\"name\":\"Books on the Move\",\"description\":\"librairie nomade - danse - mouvement - performance\",\"publisher\":{\"@id\":\"https:\\\/\\\/www.booksonthemove.fr\\\/#organization\"},\"potentialAction\":[{\"@type\":\"SearchAction\",\"target\":{\"@type\":\"EntryPoint\",\"urlTemplate\":\"https:\\\/\\\/www.booksonthemove.fr\\\/?s={search_term_string}\"},\"query-input\":{\"@type\":\"PropertyValueSpecification\",\"valueRequired\":true,\"valueName\":\"search_term_string\"}}],\"inLanguage\":\"en-US\"},{\"@type\":\"Organization\",\"@id\":\"https:\\\/\\\/www.booksonthemove.fr\\\/#organization\",\"name\":\"Books on the Move\",\"url\":\"https:\\\/\\\/www.booksonthemove.fr\\\/\",\"logo\":{\"@type\":\"ImageObject\",\"inLanguage\":\"en-US\",\"@id\":\"https:\\\/\\\/www.booksonthemove.fr\\\/#\\\/schema\\\/logo\\\/image\\\/\",\"url\":\"https:\\\/\\\/www.booksonthemove.fr\\\/media\\\/logo-NB-400.jpg\",\"contentUrl\":\"https:\\\/\\\/www.booksonthemove.fr\\\/media\\\/logo-NB-400.jpg\",\"width\":400,\"height\":143,\"caption\":\"Books on the Move\"},\"image\":{\"@id\":\"https:\\\/\\\/www.booksonthemove.fr\\\/#\\\/schema\\\/logo\\\/image\\\/\"},\"sameAs\":[\"https:\\\/\\\/www.facebook.com\\\/Librairiebooksonthemove\\\/\"]}]}<\/script>\n<!-- \/ Yoast SEO plugin. -->","yoast_head_json":{"title":"Devenir spectateur - Invention et mutation du public culturel - Books on the Move","robots":{"index":"index","follow":"follow","max-snippet":"max-snippet:-1","max-image-preview":"max-image-preview:large","max-video-preview":"max-video-preview:-1"},"canonical":"https:\/\/www.booksonthemove.fr\/produit\/devenir-spectateur-invention-et-mutation-du-public-culturel\/","og_locale":"en_US","og_type":"article","og_title":"Devenir spectateur - Invention et mutation du public culturel - Books on the Move","og_description":"AUTEUR : Christian Ruby \u00c9DITEUR : \u00e9ditions de l'attribut (2017)  BROCH\u00c9 : 180 pages LANGUE : Fran\u00e7ais ISBN13 : 978-2-916-00242-2","og_url":"https:\/\/www.booksonthemove.fr\/produit\/devenir-spectateur-invention-et-mutation-du-public-culturel\/","og_site_name":"Books on the Move","article_publisher":"https:\/\/www.facebook.com\/Librairiebooksonthemove\/","article_modified_time":"2024-04-24T10:21:08+00:00","og_image":[{"width":328,"height":500,"url":"https:\/\/www.booksonthemove.fr\/media\/51Ewr-yeGfL.jpg","type":"image\/jpeg"}],"twitter_card":"summary_large_image","schema":{"@context":"https:\/\/schema.org","@graph":[{"@type":"WebPage","@id":"https:\/\/www.booksonthemove.fr\/produit\/devenir-spectateur-invention-et-mutation-du-public-culturel\/","url":"https:\/\/www.booksonthemove.fr\/produit\/devenir-spectateur-invention-et-mutation-du-public-culturel\/","name":"Devenir spectateur - Invention et mutation du public culturel - Books on the Move","isPartOf":{"@id":"https:\/\/www.booksonthemove.fr\/#website"},"primaryImageOfPage":{"@id":"https:\/\/www.booksonthemove.fr\/produit\/devenir-spectateur-invention-et-mutation-du-public-culturel\/#primaryimage"},"image":{"@id":"https:\/\/www.booksonthemove.fr\/produit\/devenir-spectateur-invention-et-mutation-du-public-culturel\/#primaryimage"},"thumbnailUrl":"https:\/\/www.booksonthemove.fr\/media\/51Ewr-yeGfL.jpg","datePublished":"2019-10-11T15:07:19+00:00","dateModified":"2024-04-24T10:21:08+00:00","breadcrumb":{"@id":"https:\/\/www.booksonthemove.fr\/produit\/devenir-spectateur-invention-et-mutation-du-public-culturel\/#breadcrumb"},"inLanguage":"en-US","potentialAction":[{"@type":"ReadAction","target":["https:\/\/www.booksonthemove.fr\/produit\/devenir-spectateur-invention-et-mutation-du-public-culturel\/"]}]},{"@type":"ImageObject","inLanguage":"en-US","@id":"https:\/\/www.booksonthemove.fr\/produit\/devenir-spectateur-invention-et-mutation-du-public-culturel\/#primaryimage","url":"https:\/\/www.booksonthemove.fr\/media\/51Ewr-yeGfL.jpg","contentUrl":"https:\/\/www.booksonthemove.fr\/media\/51Ewr-yeGfL.jpg","width":328,"height":500},{"@type":"BreadcrumbList","@id":"https:\/\/www.booksonthemove.fr\/produit\/devenir-spectateur-invention-et-mutation-du-public-culturel\/#breadcrumb","itemListElement":[{"@type":"ListItem","position":1,"name":"Accueil","item":"https:\/\/www.booksonthemove.fr\/en\/"},{"@type":"ListItem","position":2,"name":"online store","item":"https:\/\/www.booksonthemove.fr\/en\/online-shop\/"},{"@type":"ListItem","position":3,"name":"Devenir spectateur &#8211; Invention et mutation du public culturel"}]},{"@type":"WebSite","@id":"https:\/\/www.booksonthemove.fr\/#website","url":"https:\/\/www.booksonthemove.fr\/","name":"Books on the Move","description":"librairie nomade - danse - mouvement - performance","publisher":{"@id":"https:\/\/www.booksonthemove.fr\/#organization"},"potentialAction":[{"@type":"SearchAction","target":{"@type":"EntryPoint","urlTemplate":"https:\/\/www.booksonthemove.fr\/?s={search_term_string}"},"query-input":{"@type":"PropertyValueSpecification","valueRequired":true,"valueName":"search_term_string"}}],"inLanguage":"en-US"},{"@type":"Organization","@id":"https:\/\/www.booksonthemove.fr\/#organization","name":"Books on the Move","url":"https:\/\/www.booksonthemove.fr\/","logo":{"@type":"ImageObject","inLanguage":"en-US","@id":"https:\/\/www.booksonthemove.fr\/#\/schema\/logo\/image\/","url":"https:\/\/www.booksonthemove.fr\/media\/logo-NB-400.jpg","contentUrl":"https:\/\/www.booksonthemove.fr\/media\/logo-NB-400.jpg","width":400,"height":143,"caption":"Books on the Move"},"image":{"@id":"https:\/\/www.booksonthemove.fr\/#\/schema\/logo\/image\/"},"sameAs":["https:\/\/www.facebook.com\/Librairiebooksonthemove\/"]}]}},"_links":{"self":[{"href":"https:\/\/www.booksonthemove.fr\/en\/wp-json\/wp\/v2\/product\/8573","targetHints":{"allow":["GET"]}}],"collection":[{"href":"https:\/\/www.booksonthemove.fr\/en\/wp-json\/wp\/v2\/product"}],"about":[{"href":"https:\/\/www.booksonthemove.fr\/en\/wp-json\/wp\/v2\/types\/product"}],"wp:featuredmedia":[{"embeddable":true,"href":"https:\/\/www.booksonthemove.fr\/en\/wp-json\/wp\/v2\/media\/8572"}],"wp:attachment":[{"href":"https:\/\/www.booksonthemove.fr\/en\/wp-json\/wp\/v2\/media?parent=8573"}],"wp:term":[{"taxonomy":"product_brand","embeddable":true,"href":"https:\/\/www.booksonthemove.fr\/en\/wp-json\/wp\/v2\/product_brand?post=8573"},{"taxonomy":"product_cat","embeddable":true,"href":"https:\/\/www.booksonthemove.fr\/en\/wp-json\/wp\/v2\/product_cat?post=8573"},{"taxonomy":"product_tag","embeddable":true,"href":"https:\/\/www.booksonthemove.fr\/en\/wp-json\/wp\/v2\/product_tag?post=8573"}],"curies":[{"name":"wp","href":"https:\/\/api.w.org\/{rel}","templated":true}]}}