{"id":9434,"date":"2019-11-04T10:50:03","date_gmt":"2019-11-04T09:50:03","guid":{"rendered":"https:\/\/www.booksonthemove.fr\/produit\/du-flou-dans-la-ville\/"},"modified":"2019-12-22T07:57:10","modified_gmt":"2019-12-22T06:57:10","slug":"du-flou-dans-la-ville","status":"publish","type":"product","link":"https:\/\/www.booksonthemove.fr\/en\/produit\/du-flou-dans-la-ville\/","title":{"rendered":"Du flou dans la ville"},"content":{"rendered":"<div class=\"teaser\">\n<p class=\"bodytext\"><span class=\"csc-sword\">Dans<\/span> chaque <span class=\"csc-sword\">ville<\/span>, il existe un espace <span class=\"csc-sword\">flou<\/span>. Cet espace cach\u00e9 s\u2019ouvre \u00e0 celui qui souhaite modifier ses habitudes perceptives, c\u2019est le lieu <span class=\"csc-sword\">du<\/span> sensible. Cet espace est partout et pourtant il est presque syst\u00e9matiquement mis de c\u00f4t\u00e9 par <span class=\"csc-sword\">la<\/span> raison. Ce livre avance une hypoth\u00e8se : voir <span class=\"csc-sword\">flou<\/span> permettrait d\u2019ouvrir d\u2019autres modes re<span class=\"csc-sword\">la<\/span>tionnels \u00e0 l\u2019environnement et de consid\u00e9rer l\u2019espace urbain <span class=\"csc-sword\">dans<\/span> une plurisensorialit\u00e9 cr\u00e9ative.<\/p>\n<p class=\"bodytext\">A<span class=\"csc-sword\">la<\/span>in Michard et Mathias Poisson m\u00e8nent depuis 2002 des exp\u00e9riences artistiques <span class=\"csc-sword\">dans<\/span> des <span class=\"csc-sword\">ville<\/span>s aussi diff\u00e9rentes qu\u2019Istanbul, Naples, Tokyo ou Paris. Ils reviennent sur leurs cr\u00e9ations communes et atypiques, entre <span class=\"csc-sword\">dans<\/span>e contemporaine, cartographie et \u00e9criture. Ils font \u00e9tat, <span class=\"csc-sword\">dans<\/span> cet ouvrage, de leurs m\u00e9thodes d\u2019auscultation et d\u2019appropriation de <span class=\"csc-sword\">la<\/span> <span class=\"csc-sword\">ville<\/span>. Pour d\u00e9crire et pr\u00e9senter leurs outils de travail, ils s\u2019appuient sur une de leurs \u0153uvres majeures : les Promenades b<span class=\"csc-sword\">la<\/span>nches.<\/p>\n<p class=\"bodytext\">Contributions: Julie Perrin, \u00c9lise Olmedo, A<span class=\"csc-sword\">la<\/span>in Michard et Mathias Poisson.<\/p>\n<\/div>\n","protected":false},"excerpt":{"rendered":"<p>Auteurs: A<span class=\"csc-sword\">la<\/span>in Michard &amp; Mathias Poisson<br \/>\nEditeur: Eterotopia France (2018)<\/p>\n<p>Broch\u00e9: 120 pages<br \/>\n<span class=\"csc-sword\">La<\/span>ngue: Fran\u00e7ais<br \/>\nISBN13: 979 10 93250 26 7<\/p>\n","protected":false},"featured_media":9433,"template":"","meta":[],"product_brand":[],"product_cat":[207,198,149,208,162,352,228,139],"product_tag":[],"class_list":{"0":"post-9434","1":"product","2":"type-product","3":"status-publish","4":"has-post-thumbnail","6":"product_cat-architecture-en","7":"product_cat-collaborations-collectives-en","8":"product_cat-contemporary-dance-en","9":"product_cat-public-space-en","10":"product_cat-french-en","11":"product_cat-la-marche-en","12":"product_cat-spectatorship-en","13":"product_cat-work-process-en","15":"first","16":"instock","17":"taxable","18":"shipping-taxable","19":"purchasable","20":"product-type-simple"},"yoast_head":"<!-- This site is optimized with the Yoast SEO plugin v27.5 - https:\/\/yoast.com\/product\/yoast-seo-wordpress\/ -->\n<title>Du flou dans la ville - Books on the Move<\/title>\n<meta name=\"robots\" content=\"index, follow, max-snippet:-1, max-image-preview:large, max-video-preview:-1\" \/>\n<link rel=\"canonical\" href=\"https:\/\/www.booksonthemove.fr\/en\/produit\/du-flou-dans-la-ville\/\" \/>\n<meta property=\"og:locale\" content=\"en_US\" \/>\n<meta property=\"og:type\" content=\"article\" \/>\n<meta property=\"og:title\" content=\"Du flou dans la ville - Books on the Move\" \/>\n<meta property=\"og:description\" content=\"Auteurs: Alain Michard &amp; Mathias Poisson Editeur: Eterotopia France (2018)  Broch\u00e9: 120 pages Langue: Fran\u00e7ais ISBN13: 979 10 93250 26 7\" \/>\n<meta property=\"og:url\" content=\"https:\/\/www.booksonthemove.fr\/en\/produit\/du-flou-dans-la-ville\/\" \/>\n<meta property=\"og:site_name\" content=\"Books on the Move\" \/>\n<meta property=\"article:publisher\" content=\"https:\/\/www.facebook.com\/Librairiebooksonthemove\/\" \/>\n<meta property=\"article:modified_time\" content=\"2019-12-22T06:57:10+00:00\" \/>\n<meta property=\"og:image\" content=\"https:\/\/www.booksonthemove.fr\/media\/bom_1859.jpg\" \/>\n\t<meta property=\"og:image:width\" content=\"357\" \/>\n\t<meta property=\"og:image:height\" content=\"499\" \/>\n\t<meta property=\"og:image:type\" content=\"image\/jpeg\" \/>\n<meta name=\"twitter:card\" content=\"summary_large_image\" \/>\n<script type=\"application\/ld+json\" class=\"yoast-schema-graph\">{\"@context\":\"https:\\\/\\\/schema.org\",\"@graph\":[{\"@type\":\"WebPage\",\"@id\":\"https:\\\/\\\/www.booksonthemove.fr\\\/en\\\/produit\\\/du-flou-dans-la-ville\\\/\",\"url\":\"https:\\\/\\\/www.booksonthemove.fr\\\/en\\\/produit\\\/du-flou-dans-la-ville\\\/\",\"name\":\"Du flou dans la ville - Books on the Move\",\"isPartOf\":{\"@id\":\"https:\\\/\\\/www.booksonthemove.fr\\\/#website\"},\"primaryImageOfPage\":{\"@id\":\"https:\\\/\\\/www.booksonthemove.fr\\\/en\\\/produit\\\/du-flou-dans-la-ville\\\/#primaryimage\"},\"image\":{\"@id\":\"https:\\\/\\\/www.booksonthemove.fr\\\/en\\\/produit\\\/du-flou-dans-la-ville\\\/#primaryimage\"},\"thumbnailUrl\":\"https:\\\/\\\/www.booksonthemove.fr\\\/media\\\/bom_1859.jpg\",\"datePublished\":\"2019-11-04T09:50:03+00:00\",\"dateModified\":\"2019-12-22T06:57:10+00:00\",\"breadcrumb\":{\"@id\":\"https:\\\/\\\/www.booksonthemove.fr\\\/en\\\/produit\\\/du-flou-dans-la-ville\\\/#breadcrumb\"},\"inLanguage\":\"en-US\",\"potentialAction\":[{\"@type\":\"ReadAction\",\"target\":[\"https:\\\/\\\/www.booksonthemove.fr\\\/en\\\/produit\\\/du-flou-dans-la-ville\\\/\"]}]},{\"@type\":\"ImageObject\",\"inLanguage\":\"en-US\",\"@id\":\"https:\\\/\\\/www.booksonthemove.fr\\\/en\\\/produit\\\/du-flou-dans-la-ville\\\/#primaryimage\",\"url\":\"https:\\\/\\\/www.booksonthemove.fr\\\/media\\\/bom_1859.jpg\",\"contentUrl\":\"https:\\\/\\\/www.booksonthemove.fr\\\/media\\\/bom_1859.jpg\",\"width\":357,\"height\":499},{\"@type\":\"BreadcrumbList\",\"@id\":\"https:\\\/\\\/www.booksonthemove.fr\\\/en\\\/produit\\\/du-flou-dans-la-ville\\\/#breadcrumb\",\"itemListElement\":[{\"@type\":\"ListItem\",\"position\":1,\"name\":\"Accueil\",\"item\":\"https:\\\/\\\/www.booksonthemove.fr\\\/en\\\/\"},{\"@type\":\"ListItem\",\"position\":2,\"name\":\"online store\",\"item\":\"https:\\\/\\\/www.booksonthemove.fr\\\/en\\\/online-shop\\\/\"},{\"@type\":\"ListItem\",\"position\":3,\"name\":\"Du flou dans la ville\"}]},{\"@type\":\"WebSite\",\"@id\":\"https:\\\/\\\/www.booksonthemove.fr\\\/#website\",\"url\":\"https:\\\/\\\/www.booksonthemove.fr\\\/\",\"name\":\"Books on the Move\",\"description\":\"librairie nomade - danse - mouvement - performance\",\"publisher\":{\"@id\":\"https:\\\/\\\/www.booksonthemove.fr\\\/#organization\"},\"potentialAction\":[{\"@type\":\"SearchAction\",\"target\":{\"@type\":\"EntryPoint\",\"urlTemplate\":\"https:\\\/\\\/www.booksonthemove.fr\\\/?s={search_term_string}\"},\"query-input\":{\"@type\":\"PropertyValueSpecification\",\"valueRequired\":true,\"valueName\":\"search_term_string\"}}],\"inLanguage\":\"en-US\"},{\"@type\":\"Organization\",\"@id\":\"https:\\\/\\\/www.booksonthemove.fr\\\/#organization\",\"name\":\"Books on the Move\",\"url\":\"https:\\\/\\\/www.booksonthemove.fr\\\/\",\"logo\":{\"@type\":\"ImageObject\",\"inLanguage\":\"en-US\",\"@id\":\"https:\\\/\\\/www.booksonthemove.fr\\\/#\\\/schema\\\/logo\\\/image\\\/\",\"url\":\"https:\\\/\\\/www.booksonthemove.fr\\\/media\\\/logo-NB-400.jpg\",\"contentUrl\":\"https:\\\/\\\/www.booksonthemove.fr\\\/media\\\/logo-NB-400.jpg\",\"width\":400,\"height\":143,\"caption\":\"Books on the Move\"},\"image\":{\"@id\":\"https:\\\/\\\/www.booksonthemove.fr\\\/#\\\/schema\\\/logo\\\/image\\\/\"},\"sameAs\":[\"https:\\\/\\\/www.facebook.com\\\/Librairiebooksonthemove\\\/\"]}]}<\/script>\n<!-- \/ Yoast SEO plugin. -->","yoast_head_json":{"title":"Du flou dans la ville - Books on the Move","robots":{"index":"index","follow":"follow","max-snippet":"max-snippet:-1","max-image-preview":"max-image-preview:large","max-video-preview":"max-video-preview:-1"},"canonical":"https:\/\/www.booksonthemove.fr\/en\/produit\/du-flou-dans-la-ville\/","og_locale":"en_US","og_type":"article","og_title":"Du flou dans la ville - Books on the Move","og_description":"Auteurs: Alain Michard &amp; Mathias Poisson Editeur: Eterotopia France (2018)  Broch\u00e9: 120 pages Langue: Fran\u00e7ais ISBN13: 979 10 93250 26 7","og_url":"https:\/\/www.booksonthemove.fr\/en\/produit\/du-flou-dans-la-ville\/","og_site_name":"Books on the Move","article_publisher":"https:\/\/www.facebook.com\/Librairiebooksonthemove\/","article_modified_time":"2019-12-22T06:57:10+00:00","og_image":[{"width":357,"height":499,"url":"https:\/\/www.booksonthemove.fr\/media\/bom_1859.jpg","type":"image\/jpeg"}],"twitter_card":"summary_large_image","schema":{"@context":"https:\/\/schema.org","@graph":[{"@type":"WebPage","@id":"https:\/\/www.booksonthemove.fr\/en\/produit\/du-flou-dans-la-ville\/","url":"https:\/\/www.booksonthemove.fr\/en\/produit\/du-flou-dans-la-ville\/","name":"Du flou dans la ville - Books on the Move","isPartOf":{"@id":"https:\/\/www.booksonthemove.fr\/#website"},"primaryImageOfPage":{"@id":"https:\/\/www.booksonthemove.fr\/en\/produit\/du-flou-dans-la-ville\/#primaryimage"},"image":{"@id":"https:\/\/www.booksonthemove.fr\/en\/produit\/du-flou-dans-la-ville\/#primaryimage"},"thumbnailUrl":"https:\/\/www.booksonthemove.fr\/media\/bom_1859.jpg","datePublished":"2019-11-04T09:50:03+00:00","dateModified":"2019-12-22T06:57:10+00:00","breadcrumb":{"@id":"https:\/\/www.booksonthemove.fr\/en\/produit\/du-flou-dans-la-ville\/#breadcrumb"},"inLanguage":"en-US","potentialAction":[{"@type":"ReadAction","target":["https:\/\/www.booksonthemove.fr\/en\/produit\/du-flou-dans-la-ville\/"]}]},{"@type":"ImageObject","inLanguage":"en-US","@id":"https:\/\/www.booksonthemove.fr\/en\/produit\/du-flou-dans-la-ville\/#primaryimage","url":"https:\/\/www.booksonthemove.fr\/media\/bom_1859.jpg","contentUrl":"https:\/\/www.booksonthemove.fr\/media\/bom_1859.jpg","width":357,"height":499},{"@type":"BreadcrumbList","@id":"https:\/\/www.booksonthemove.fr\/en\/produit\/du-flou-dans-la-ville\/#breadcrumb","itemListElement":[{"@type":"ListItem","position":1,"name":"Accueil","item":"https:\/\/www.booksonthemove.fr\/en\/"},{"@type":"ListItem","position":2,"name":"online store","item":"https:\/\/www.booksonthemove.fr\/en\/online-shop\/"},{"@type":"ListItem","position":3,"name":"Du flou dans la ville"}]},{"@type":"WebSite","@id":"https:\/\/www.booksonthemove.fr\/#website","url":"https:\/\/www.booksonthemove.fr\/","name":"Books on the Move","description":"librairie nomade - danse - mouvement - performance","publisher":{"@id":"https:\/\/www.booksonthemove.fr\/#organization"},"potentialAction":[{"@type":"SearchAction","target":{"@type":"EntryPoint","urlTemplate":"https:\/\/www.booksonthemove.fr\/?s={search_term_string}"},"query-input":{"@type":"PropertyValueSpecification","valueRequired":true,"valueName":"search_term_string"}}],"inLanguage":"en-US"},{"@type":"Organization","@id":"https:\/\/www.booksonthemove.fr\/#organization","name":"Books on the Move","url":"https:\/\/www.booksonthemove.fr\/","logo":{"@type":"ImageObject","inLanguage":"en-US","@id":"https:\/\/www.booksonthemove.fr\/#\/schema\/logo\/image\/","url":"https:\/\/www.booksonthemove.fr\/media\/logo-NB-400.jpg","contentUrl":"https:\/\/www.booksonthemove.fr\/media\/logo-NB-400.jpg","width":400,"height":143,"caption":"Books on the Move"},"image":{"@id":"https:\/\/www.booksonthemove.fr\/#\/schema\/logo\/image\/"},"sameAs":["https:\/\/www.facebook.com\/Librairiebooksonthemove\/"]}]}},"_links":{"self":[{"href":"https:\/\/www.booksonthemove.fr\/en\/wp-json\/wp\/v2\/product\/9434","targetHints":{"allow":["GET"]}}],"collection":[{"href":"https:\/\/www.booksonthemove.fr\/en\/wp-json\/wp\/v2\/product"}],"about":[{"href":"https:\/\/www.booksonthemove.fr\/en\/wp-json\/wp\/v2\/types\/product"}],"wp:featuredmedia":[{"embeddable":true,"href":"https:\/\/www.booksonthemove.fr\/en\/wp-json\/wp\/v2\/media\/9433"}],"wp:attachment":[{"href":"https:\/\/www.booksonthemove.fr\/en\/wp-json\/wp\/v2\/media?parent=9434"}],"wp:term":[{"taxonomy":"product_brand","embeddable":true,"href":"https:\/\/www.booksonthemove.fr\/en\/wp-json\/wp\/v2\/product_brand?post=9434"},{"taxonomy":"product_cat","embeddable":true,"href":"https:\/\/www.booksonthemove.fr\/en\/wp-json\/wp\/v2\/product_cat?post=9434"},{"taxonomy":"product_tag","embeddable":true,"href":"https:\/\/www.booksonthemove.fr\/en\/wp-json\/wp\/v2\/product_tag?post=9434"}],"curies":[{"name":"wp","href":"https:\/\/api.w.org\/{rel}","templated":true}]}}