{"id":9454,"date":"2019-11-04T22:09:52","date_gmt":"2019-11-04T21:09:52","guid":{"rendered":"https:\/\/www.booksonthemove.fr\/produit\/ecosomatiques-penser-lecologie-depuis-le-geste\/"},"modified":"2023-08-18T23:14:06","modified_gmt":"2023-08-18T21:14:06","slug":"ecosomatiques-penser-lecologie-depuis-le-geste","status":"publish","type":"product","link":"https:\/\/www.booksonthemove.fr\/en\/produit\/ecosomatiques-penser-lecologie-depuis-le-geste\/","title":{"rendered":"\u00c9cosomatiques &#8211; Penser l\u2019\u00e9cologie depuis le geste"},"content":{"rendered":"<p>\u00c9cosomatiques se penche sur l\u2019interp\u00e9n\u00e9tration et la circulation de savoirs longtemps indiff\u00e9rents les uns aux autres : ceux issus des pratiques somatiques et d\u2019une pens\u00e9e des savoirs du corps exp\u00e9rientiels, et ceux issus d\u2019une pens\u00e9e \u00e9cologique et politique qui se soucie du devenir de nos soci\u00e9t\u00e9s et de la plan\u00e8te, et cherche des ressources \u00e0 la fois scientifiques, \u00e9conomiques, politiques. Les artistes, et en particulier les danseurs contemporains, ainsi que les praticiens des somatiques sont les acteurs de cette circulation. Ainsi se d\u00e9veloppent, depuis plus d\u2019une vingtaine d\u2019ann\u00e9es, des projets artistiques mobilisant conjointement les \u00e9l\u00e9ments d\u2019une \u00ab esth\u00e9tique verte \u00bb, des pratiques somatiques qui pensent le corps \u00e0 partir de son exp\u00e9rience \u2014 c\u2019est \u00e0 dire comme immerg\u00e9e dans un milieu. Dans la diversit\u00e9 de ces pratiques, se distinguent des pratiques corporelles qui remettent en cause les normes techniques et esth\u00e9tiques ; des performances tourn\u00e9es vers une lecture des espaces (urbains, naturels, priv\u00e9s, publics) rendant visibles la multitude des \u00e9prouv\u00e9s et des savoirs du corps en jeu ; des formes d\u2019activismes socio-\u00e9cologistes empruntant des m\u00e9thodologies de l\u2019artiste ou des somatiques ; des pratiques somatiques tourn\u00e9es vers le prendre soin des plus vuln\u00e9rables (de la petite enfance \u00e0 la pauvret\u00e9), des scientifiques qui cherchent de nouvelles ressources dans les pratiques des danseurs&#8230; il s\u2019agit l\u00e0 d\u2019un mouvement diffus, tr\u00e8s contemporain, mais de plus en plus visible, qui porte des questions aussi bien d\u2019esth\u00e9tique que de sciences du vivant ou de lecture politique.2<\/p>\n","protected":false},"excerpt":{"rendered":"<p><strong>Auteurs:<\/strong> ouvrage collectif dirig\u00e9 par Marie Bardet, Joanne Clavel et Isabelle Ginot<br \/>\n<strong>Editeur:<\/strong> Deuxi\u00e8me \u00e9poque (2018)<\/p>\n<p><strong>Broch\u00e9:<\/strong> 360 pages<br \/>\n<strong>Langue:<\/strong> Fran\u00e7ais<br \/>\n<strong>ISBN13:<\/strong> 978-2-37769-062-6<\/p>\n","protected":false},"featured_media":25298,"template":"","meta":[],"product_brand":[],"product_cat":[198,146,162,141],"product_tag":[],"class_list":{"0":"post-9454","1":"product","2":"type-product","3":"status-publish","4":"has-post-thumbnail","6":"product_cat-collaborations-collectives-en","7":"product_cat-theoretical-texts-en","8":"product_cat-french-en","9":"product_cat-somatics-other-bodywork-practices-en","11":"first","12":"outofstock","13":"taxable","14":"shipping-taxable","15":"purchasable","16":"product-type-simple"},"yoast_head":"<!-- This site is optimized with the Yoast SEO plugin v27.5 - https:\/\/yoast.com\/product\/yoast-seo-wordpress\/ -->\n<title>\u00c9cosomatiques - Penser l\u2019\u00e9cologie depuis le geste - Books on the Move<\/title>\n<meta name=\"robots\" content=\"index, follow, max-snippet:-1, max-image-preview:large, max-video-preview:-1\" \/>\n<link rel=\"canonical\" href=\"https:\/\/www.booksonthemove.fr\/produit\/ecosomatiques-penser-lecologie-depuis-le-geste\/\" \/>\n<meta property=\"og:locale\" content=\"en_US\" \/>\n<meta property=\"og:type\" content=\"article\" \/>\n<meta property=\"og:title\" content=\"\u00c9cosomatiques - Penser l\u2019\u00e9cologie depuis le geste - Books on the Move\" \/>\n<meta property=\"og:description\" content=\"Auteurs: ouvrage collectif dirig\u00e9 par Marie Bardet, Joanne Clavel et Isabelle Ginot Editeur: Deuxi\u00e8me \u00e9poque (2018)  Broch\u00e9: 360 pages Langue: Fran\u00e7ais ISBN13: 978-2-37769-062-6\" \/>\n<meta property=\"og:url\" content=\"https:\/\/www.booksonthemove.fr\/produit\/ecosomatiques-penser-lecologie-depuis-le-geste\/\" \/>\n<meta property=\"og:site_name\" content=\"Books on the Move\" \/>\n<meta property=\"article:publisher\" content=\"https:\/\/www.facebook.com\/Librairiebooksonthemove\/\" \/>\n<meta property=\"article:modified_time\" content=\"2023-08-18T21:14:06+00:00\" \/>\n<meta property=\"og:image\" content=\"https:\/\/www.booksonthemove.fr\/media\/bom_1922.jpg\" \/>\n\t<meta property=\"og:image:width\" content=\"900\" \/>\n\t<meta property=\"og:image:height\" content=\"1269\" \/>\n\t<meta property=\"og:image:type\" content=\"image\/jpeg\" \/>\n<meta name=\"twitter:card\" content=\"summary_large_image\" \/>\n<script type=\"application\/ld+json\" class=\"yoast-schema-graph\">{\"@context\":\"https:\\\/\\\/schema.org\",\"@graph\":[{\"@type\":\"WebPage\",\"@id\":\"https:\\\/\\\/www.booksonthemove.fr\\\/produit\\\/ecosomatiques-penser-lecologie-depuis-le-geste\\\/\",\"url\":\"https:\\\/\\\/www.booksonthemove.fr\\\/produit\\\/ecosomatiques-penser-lecologie-depuis-le-geste\\\/\",\"name\":\"\u00c9cosomatiques - Penser l\u2019\u00e9cologie depuis le geste - Books on the Move\",\"isPartOf\":{\"@id\":\"https:\\\/\\\/www.booksonthemove.fr\\\/#website\"},\"primaryImageOfPage\":{\"@id\":\"https:\\\/\\\/www.booksonthemove.fr\\\/produit\\\/ecosomatiques-penser-lecologie-depuis-le-geste\\\/#primaryimage\"},\"image\":{\"@id\":\"https:\\\/\\\/www.booksonthemove.fr\\\/produit\\\/ecosomatiques-penser-lecologie-depuis-le-geste\\\/#primaryimage\"},\"thumbnailUrl\":\"https:\\\/\\\/www.booksonthemove.fr\\\/media\\\/bom_1922.jpg\",\"datePublished\":\"2019-11-04T21:09:52+00:00\",\"dateModified\":\"2023-08-18T21:14:06+00:00\",\"breadcrumb\":{\"@id\":\"https:\\\/\\\/www.booksonthemove.fr\\\/produit\\\/ecosomatiques-penser-lecologie-depuis-le-geste\\\/#breadcrumb\"},\"inLanguage\":\"en-US\",\"potentialAction\":[{\"@type\":\"ReadAction\",\"target\":[\"https:\\\/\\\/www.booksonthemove.fr\\\/produit\\\/ecosomatiques-penser-lecologie-depuis-le-geste\\\/\"]}]},{\"@type\":\"ImageObject\",\"inLanguage\":\"en-US\",\"@id\":\"https:\\\/\\\/www.booksonthemove.fr\\\/produit\\\/ecosomatiques-penser-lecologie-depuis-le-geste\\\/#primaryimage\",\"url\":\"https:\\\/\\\/www.booksonthemove.fr\\\/media\\\/bom_1922.jpg\",\"contentUrl\":\"https:\\\/\\\/www.booksonthemove.fr\\\/media\\\/bom_1922.jpg\",\"width\":900,\"height\":1269},{\"@type\":\"BreadcrumbList\",\"@id\":\"https:\\\/\\\/www.booksonthemove.fr\\\/produit\\\/ecosomatiques-penser-lecologie-depuis-le-geste\\\/#breadcrumb\",\"itemListElement\":[{\"@type\":\"ListItem\",\"position\":1,\"name\":\"Accueil\",\"item\":\"https:\\\/\\\/www.booksonthemove.fr\\\/en\\\/\"},{\"@type\":\"ListItem\",\"position\":2,\"name\":\"online store\",\"item\":\"https:\\\/\\\/www.booksonthemove.fr\\\/en\\\/online-shop\\\/\"},{\"@type\":\"ListItem\",\"position\":3,\"name\":\"\u00c9cosomatiques &#8211; Penser l\u2019\u00e9cologie depuis le geste\"}]},{\"@type\":\"WebSite\",\"@id\":\"https:\\\/\\\/www.booksonthemove.fr\\\/#website\",\"url\":\"https:\\\/\\\/www.booksonthemove.fr\\\/\",\"name\":\"Books on the Move\",\"description\":\"librairie nomade - danse - mouvement - performance\",\"publisher\":{\"@id\":\"https:\\\/\\\/www.booksonthemove.fr\\\/#organization\"},\"potentialAction\":[{\"@type\":\"SearchAction\",\"target\":{\"@type\":\"EntryPoint\",\"urlTemplate\":\"https:\\\/\\\/www.booksonthemove.fr\\\/?s={search_term_string}\"},\"query-input\":{\"@type\":\"PropertyValueSpecification\",\"valueRequired\":true,\"valueName\":\"search_term_string\"}}],\"inLanguage\":\"en-US\"},{\"@type\":\"Organization\",\"@id\":\"https:\\\/\\\/www.booksonthemove.fr\\\/#organization\",\"name\":\"Books on the Move\",\"url\":\"https:\\\/\\\/www.booksonthemove.fr\\\/\",\"logo\":{\"@type\":\"ImageObject\",\"inLanguage\":\"en-US\",\"@id\":\"https:\\\/\\\/www.booksonthemove.fr\\\/#\\\/schema\\\/logo\\\/image\\\/\",\"url\":\"https:\\\/\\\/www.booksonthemove.fr\\\/media\\\/logo-NB-400.jpg\",\"contentUrl\":\"https:\\\/\\\/www.booksonthemove.fr\\\/media\\\/logo-NB-400.jpg\",\"width\":400,\"height\":143,\"caption\":\"Books on the Move\"},\"image\":{\"@id\":\"https:\\\/\\\/www.booksonthemove.fr\\\/#\\\/schema\\\/logo\\\/image\\\/\"},\"sameAs\":[\"https:\\\/\\\/www.facebook.com\\\/Librairiebooksonthemove\\\/\"]}]}<\/script>\n<!-- \/ Yoast SEO plugin. -->","yoast_head_json":{"title":"\u00c9cosomatiques - Penser l\u2019\u00e9cologie depuis le geste - Books on the Move","robots":{"index":"index","follow":"follow","max-snippet":"max-snippet:-1","max-image-preview":"max-image-preview:large","max-video-preview":"max-video-preview:-1"},"canonical":"https:\/\/www.booksonthemove.fr\/produit\/ecosomatiques-penser-lecologie-depuis-le-geste\/","og_locale":"en_US","og_type":"article","og_title":"\u00c9cosomatiques - Penser l\u2019\u00e9cologie depuis le geste - Books on the Move","og_description":"Auteurs: ouvrage collectif dirig\u00e9 par Marie Bardet, Joanne Clavel et Isabelle Ginot Editeur: Deuxi\u00e8me \u00e9poque (2018)  Broch\u00e9: 360 pages Langue: Fran\u00e7ais ISBN13: 978-2-37769-062-6","og_url":"https:\/\/www.booksonthemove.fr\/produit\/ecosomatiques-penser-lecologie-depuis-le-geste\/","og_site_name":"Books on the Move","article_publisher":"https:\/\/www.facebook.com\/Librairiebooksonthemove\/","article_modified_time":"2023-08-18T21:14:06+00:00","og_image":[{"width":900,"height":1269,"url":"https:\/\/www.booksonthemove.fr\/media\/bom_1922.jpg","type":"image\/jpeg"}],"twitter_card":"summary_large_image","schema":{"@context":"https:\/\/schema.org","@graph":[{"@type":"WebPage","@id":"https:\/\/www.booksonthemove.fr\/produit\/ecosomatiques-penser-lecologie-depuis-le-geste\/","url":"https:\/\/www.booksonthemove.fr\/produit\/ecosomatiques-penser-lecologie-depuis-le-geste\/","name":"\u00c9cosomatiques - Penser l\u2019\u00e9cologie depuis le geste - Books on the Move","isPartOf":{"@id":"https:\/\/www.booksonthemove.fr\/#website"},"primaryImageOfPage":{"@id":"https:\/\/www.booksonthemove.fr\/produit\/ecosomatiques-penser-lecologie-depuis-le-geste\/#primaryimage"},"image":{"@id":"https:\/\/www.booksonthemove.fr\/produit\/ecosomatiques-penser-lecologie-depuis-le-geste\/#primaryimage"},"thumbnailUrl":"https:\/\/www.booksonthemove.fr\/media\/bom_1922.jpg","datePublished":"2019-11-04T21:09:52+00:00","dateModified":"2023-08-18T21:14:06+00:00","breadcrumb":{"@id":"https:\/\/www.booksonthemove.fr\/produit\/ecosomatiques-penser-lecologie-depuis-le-geste\/#breadcrumb"},"inLanguage":"en-US","potentialAction":[{"@type":"ReadAction","target":["https:\/\/www.booksonthemove.fr\/produit\/ecosomatiques-penser-lecologie-depuis-le-geste\/"]}]},{"@type":"ImageObject","inLanguage":"en-US","@id":"https:\/\/www.booksonthemove.fr\/produit\/ecosomatiques-penser-lecologie-depuis-le-geste\/#primaryimage","url":"https:\/\/www.booksonthemove.fr\/media\/bom_1922.jpg","contentUrl":"https:\/\/www.booksonthemove.fr\/media\/bom_1922.jpg","width":900,"height":1269},{"@type":"BreadcrumbList","@id":"https:\/\/www.booksonthemove.fr\/produit\/ecosomatiques-penser-lecologie-depuis-le-geste\/#breadcrumb","itemListElement":[{"@type":"ListItem","position":1,"name":"Accueil","item":"https:\/\/www.booksonthemove.fr\/en\/"},{"@type":"ListItem","position":2,"name":"online store","item":"https:\/\/www.booksonthemove.fr\/en\/online-shop\/"},{"@type":"ListItem","position":3,"name":"\u00c9cosomatiques &#8211; Penser l\u2019\u00e9cologie depuis le geste"}]},{"@type":"WebSite","@id":"https:\/\/www.booksonthemove.fr\/#website","url":"https:\/\/www.booksonthemove.fr\/","name":"Books on the Move","description":"librairie nomade - danse - mouvement - performance","publisher":{"@id":"https:\/\/www.booksonthemove.fr\/#organization"},"potentialAction":[{"@type":"SearchAction","target":{"@type":"EntryPoint","urlTemplate":"https:\/\/www.booksonthemove.fr\/?s={search_term_string}"},"query-input":{"@type":"PropertyValueSpecification","valueRequired":true,"valueName":"search_term_string"}}],"inLanguage":"en-US"},{"@type":"Organization","@id":"https:\/\/www.booksonthemove.fr\/#organization","name":"Books on the Move","url":"https:\/\/www.booksonthemove.fr\/","logo":{"@type":"ImageObject","inLanguage":"en-US","@id":"https:\/\/www.booksonthemove.fr\/#\/schema\/logo\/image\/","url":"https:\/\/www.booksonthemove.fr\/media\/logo-NB-400.jpg","contentUrl":"https:\/\/www.booksonthemove.fr\/media\/logo-NB-400.jpg","width":400,"height":143,"caption":"Books on the Move"},"image":{"@id":"https:\/\/www.booksonthemove.fr\/#\/schema\/logo\/image\/"},"sameAs":["https:\/\/www.facebook.com\/Librairiebooksonthemove\/"]}]}},"_links":{"self":[{"href":"https:\/\/www.booksonthemove.fr\/en\/wp-json\/wp\/v2\/product\/9454","targetHints":{"allow":["GET"]}}],"collection":[{"href":"https:\/\/www.booksonthemove.fr\/en\/wp-json\/wp\/v2\/product"}],"about":[{"href":"https:\/\/www.booksonthemove.fr\/en\/wp-json\/wp\/v2\/types\/product"}],"wp:featuredmedia":[{"embeddable":true,"href":"https:\/\/www.booksonthemove.fr\/en\/wp-json\/wp\/v2\/media\/25298"}],"wp:attachment":[{"href":"https:\/\/www.booksonthemove.fr\/en\/wp-json\/wp\/v2\/media?parent=9454"}],"wp:term":[{"taxonomy":"product_brand","embeddable":true,"href":"https:\/\/www.booksonthemove.fr\/en\/wp-json\/wp\/v2\/product_brand?post=9454"},{"taxonomy":"product_cat","embeddable":true,"href":"https:\/\/www.booksonthemove.fr\/en\/wp-json\/wp\/v2\/product_cat?post=9454"},{"taxonomy":"product_tag","embeddable":true,"href":"https:\/\/www.booksonthemove.fr\/en\/wp-json\/wp\/v2\/product_tag?post=9454"}],"curies":[{"name":"wp","href":"https:\/\/api.w.org\/{rel}","templated":true}]}}