{"id":9462,"date":"2019-11-04T22:22:23","date_gmt":"2019-11-04T21:22:23","guid":{"rendered":"https:\/\/www.booksonthemove.fr\/produit\/etre-fil\/"},"modified":"2025-03-27T15:37:22","modified_gmt":"2025-03-27T14:37:22","slug":"etre-fil","status":"publish","type":"product","link":"https:\/\/www.booksonthemove.fr\/en\/produit\/etre-fil\/","title":{"rendered":"\u00catre fil"},"content":{"rendered":"<div class=\"teaser\">\n<p class=\"bodytext\"><span class=\"csc-sword\">Marion<\/span> <span class=\"csc-sword\">Coll\u00e9<\/span> proc\u00e8de par reptations, \u00e9tirements, enroulements, r\u00e9p\u00e9titions. Elle \u00e9crit avec son corps, lib\u00e8re des mots et les regarde grandir, avant de reprendre souffle dans un appui. Depuis des ann\u00e9es, <span class=\"csc-sword\">Marion<\/span> <span class=\"csc-sword\">Coll\u00e9<\/span> m\u00eale la po\u00e9sie \u00e0 la pratique du fil. Pour \u00e9crire ce premier recueil, elle a cherch\u00e9 le fragile point d\u2019\u00e9quilibre \u00e0 partir duquel la vibration du langage pouvait lui permettre d\u2019avancer. Elle s\u2019y est hasard\u00e9e, aventur\u00e9e, dans un tempo qui n\u2019appartient qu\u2019\u00e0 elle. L\u2019artiste se joue des lignes de tension que font na\u00eetre les mots, s\u2019empare de leur \u00e9lasticit\u00e9, trouvant le moyen d\u2019inventer des travers\u00e9es entre deux plates-formes. Des paysages \u00e9mergent de ses figures; un spectacle na\u00eet de ses po\u00e8mes.<\/p>\n<p class=\"bodytext\">Extrait :<\/p>\n<p class=\"bodytext\">\u00ab D\u00e9fil\u00e9, d\u00e9roul\u00e9,<\/p>\n<p class=\"bodytext\">abandonn\u00e9, pr\u00e9cipit\u00e9 \u2013<\/p>\n<p class=\"bodytext\">ce qui autour fait sens :<\/p>\n<p class=\"bodytext\">le paysage<\/p>\n<p class=\"bodytext\">la terre<\/p>\n<p class=\"bodytext\">la page.<\/p>\n<p class=\"bodytext\">J\u2019avance \u00e0 travers,<\/p>\n<p class=\"bodytext\">je me faufile,<\/p>\n<p class=\"bodytext\">profuse. \u00bb<\/p>\n<\/div>\n","protected":false},"excerpt":{"rendered":"<p>Auteur: <span class=\"csc-sword\">Marion<\/span> <span class=\"csc-sword\">Coll\u00e9<\/span>, avec une illustration de Suzanne Seb\u00f6<br \/>\nEditeur: Editions Bruno Doucey (2018)<\/p>\n<p>Broch\u00e9: 80 pages<br \/>\nLangue: Fran\u00e7ais<br \/>\nISBN13: 978-2-36229-169-2<\/p>\n","protected":false},"featured_media":9857,"template":"","meta":[],"product_brand":[],"product_cat":[157,162,219,291,199],"product_tag":[],"class_list":{"0":"post-9462","1":"product","2":"type-product","3":"status-publish","4":"has-post-thumbnail","6":"product_cat-artists-writings-en","7":"product_cat-french-en","8":"product_cat-literature-en","9":"product_cat-pluridisciplinarity","10":"product_cat-poetry-en","12":"first","13":"instock","14":"taxable","15":"shipping-taxable","16":"purchasable","17":"product-type-simple"},"yoast_head":"<!-- This site is optimized with the Yoast SEO plugin v27.5 - https:\/\/yoast.com\/product\/yoast-seo-wordpress\/ -->\n<title>\u00catre fil - Books on the Move<\/title>\n<meta name=\"robots\" content=\"index, follow, max-snippet:-1, max-image-preview:large, max-video-preview:-1\" \/>\n<link rel=\"canonical\" href=\"https:\/\/www.booksonthemove.fr\/produit\/etre-fil\/\" \/>\n<meta property=\"og:locale\" content=\"en_US\" \/>\n<meta property=\"og:type\" content=\"article\" \/>\n<meta property=\"og:title\" content=\"\u00catre fil - Books on the Move\" \/>\n<meta property=\"og:description\" content=\"Auteur: Marion Coll\u00e9, avec une illustration de Suzanne Seb\u00f6 Editeur: Editions Bruno Doucey (2018)  Broch\u00e9: 80 pages Langue: Fran\u00e7ais ISBN13: 978-2-36229-169-2\" \/>\n<meta property=\"og:url\" content=\"https:\/\/www.booksonthemove.fr\/produit\/etre-fil\/\" \/>\n<meta property=\"og:site_name\" content=\"Books on the Move\" \/>\n<meta property=\"article:publisher\" content=\"https:\/\/www.facebook.com\/Librairiebooksonthemove\/\" \/>\n<meta property=\"article:modified_time\" content=\"2025-03-27T14:37:22+00:00\" \/>\n<meta property=\"og:image\" content=\"https:\/\/www.booksonthemove.fr\/media\/\u00catre-fil_300dpi-790x1024.jpg\" \/>\n\t<meta property=\"og:image:width\" content=\"230\" \/>\n\t<meta property=\"og:image:height\" content=\"298\" \/>\n\t<meta property=\"og:image:type\" content=\"image\/jpeg\" \/>\n<meta name=\"twitter:card\" content=\"summary_large_image\" \/>\n<script type=\"application\/ld+json\" class=\"yoast-schema-graph\">{\"@context\":\"https:\\\/\\\/schema.org\",\"@graph\":[{\"@type\":\"WebPage\",\"@id\":\"https:\\\/\\\/www.booksonthemove.fr\\\/produit\\\/etre-fil\\\/\",\"url\":\"https:\\\/\\\/www.booksonthemove.fr\\\/produit\\\/etre-fil\\\/\",\"name\":\"\u00catre fil - Books on the Move\",\"isPartOf\":{\"@id\":\"https:\\\/\\\/www.booksonthemove.fr\\\/#website\"},\"primaryImageOfPage\":{\"@id\":\"https:\\\/\\\/www.booksonthemove.fr\\\/produit\\\/etre-fil\\\/#primaryimage\"},\"image\":{\"@id\":\"https:\\\/\\\/www.booksonthemove.fr\\\/produit\\\/etre-fil\\\/#primaryimage\"},\"thumbnailUrl\":\"https:\\\/\\\/www.booksonthemove.fr\\\/media\\\/\u00catre-fil_300dpi-790x1024.jpg\",\"datePublished\":\"2019-11-04T21:22:23+00:00\",\"dateModified\":\"2025-03-27T14:37:22+00:00\",\"breadcrumb\":{\"@id\":\"https:\\\/\\\/www.booksonthemove.fr\\\/produit\\\/etre-fil\\\/#breadcrumb\"},\"inLanguage\":\"en-US\",\"potentialAction\":[{\"@type\":\"ReadAction\",\"target\":[\"https:\\\/\\\/www.booksonthemove.fr\\\/produit\\\/etre-fil\\\/\"]}]},{\"@type\":\"ImageObject\",\"inLanguage\":\"en-US\",\"@id\":\"https:\\\/\\\/www.booksonthemove.fr\\\/produit\\\/etre-fil\\\/#primaryimage\",\"url\":\"https:\\\/\\\/www.booksonthemove.fr\\\/media\\\/\u00catre-fil_300dpi-790x1024.jpg\",\"contentUrl\":\"https:\\\/\\\/www.booksonthemove.fr\\\/media\\\/\u00catre-fil_300dpi-790x1024.jpg\",\"width\":230,\"height\":298},{\"@type\":\"BreadcrumbList\",\"@id\":\"https:\\\/\\\/www.booksonthemove.fr\\\/produit\\\/etre-fil\\\/#breadcrumb\",\"itemListElement\":[{\"@type\":\"ListItem\",\"position\":1,\"name\":\"Accueil\",\"item\":\"https:\\\/\\\/www.booksonthemove.fr\\\/en\\\/\"},{\"@type\":\"ListItem\",\"position\":2,\"name\":\"online store\",\"item\":\"https:\\\/\\\/www.booksonthemove.fr\\\/en\\\/online-shop\\\/\"},{\"@type\":\"ListItem\",\"position\":3,\"name\":\"\u00catre fil\"}]},{\"@type\":\"WebSite\",\"@id\":\"https:\\\/\\\/www.booksonthemove.fr\\\/#website\",\"url\":\"https:\\\/\\\/www.booksonthemove.fr\\\/\",\"name\":\"Books on the Move\",\"description\":\"librairie nomade - danse - mouvement - performance\",\"publisher\":{\"@id\":\"https:\\\/\\\/www.booksonthemove.fr\\\/#organization\"},\"potentialAction\":[{\"@type\":\"SearchAction\",\"target\":{\"@type\":\"EntryPoint\",\"urlTemplate\":\"https:\\\/\\\/www.booksonthemove.fr\\\/?s={search_term_string}\"},\"query-input\":{\"@type\":\"PropertyValueSpecification\",\"valueRequired\":true,\"valueName\":\"search_term_string\"}}],\"inLanguage\":\"en-US\"},{\"@type\":\"Organization\",\"@id\":\"https:\\\/\\\/www.booksonthemove.fr\\\/#organization\",\"name\":\"Books on the Move\",\"url\":\"https:\\\/\\\/www.booksonthemove.fr\\\/\",\"logo\":{\"@type\":\"ImageObject\",\"inLanguage\":\"en-US\",\"@id\":\"https:\\\/\\\/www.booksonthemove.fr\\\/#\\\/schema\\\/logo\\\/image\\\/\",\"url\":\"https:\\\/\\\/www.booksonthemove.fr\\\/media\\\/logo-NB-400.jpg\",\"contentUrl\":\"https:\\\/\\\/www.booksonthemove.fr\\\/media\\\/logo-NB-400.jpg\",\"width\":400,\"height\":143,\"caption\":\"Books on the Move\"},\"image\":{\"@id\":\"https:\\\/\\\/www.booksonthemove.fr\\\/#\\\/schema\\\/logo\\\/image\\\/\"},\"sameAs\":[\"https:\\\/\\\/www.facebook.com\\\/Librairiebooksonthemove\\\/\"]}]}<\/script>\n<!-- \/ Yoast SEO plugin. -->","yoast_head_json":{"title":"\u00catre fil - Books on the Move","robots":{"index":"index","follow":"follow","max-snippet":"max-snippet:-1","max-image-preview":"max-image-preview:large","max-video-preview":"max-video-preview:-1"},"canonical":"https:\/\/www.booksonthemove.fr\/produit\/etre-fil\/","og_locale":"en_US","og_type":"article","og_title":"\u00catre fil - Books on the Move","og_description":"Auteur: Marion Coll\u00e9, avec une illustration de Suzanne Seb\u00f6 Editeur: Editions Bruno Doucey (2018)  Broch\u00e9: 80 pages Langue: Fran\u00e7ais ISBN13: 978-2-36229-169-2","og_url":"https:\/\/www.booksonthemove.fr\/produit\/etre-fil\/","og_site_name":"Books on the Move","article_publisher":"https:\/\/www.facebook.com\/Librairiebooksonthemove\/","article_modified_time":"2025-03-27T14:37:22+00:00","og_image":[{"width":230,"height":298,"url":"https:\/\/www.booksonthemove.fr\/media\/\u00catre-fil_300dpi-790x1024.jpg","type":"image\/jpeg"}],"twitter_card":"summary_large_image","schema":{"@context":"https:\/\/schema.org","@graph":[{"@type":"WebPage","@id":"https:\/\/www.booksonthemove.fr\/produit\/etre-fil\/","url":"https:\/\/www.booksonthemove.fr\/produit\/etre-fil\/","name":"\u00catre fil - Books on the Move","isPartOf":{"@id":"https:\/\/www.booksonthemove.fr\/#website"},"primaryImageOfPage":{"@id":"https:\/\/www.booksonthemove.fr\/produit\/etre-fil\/#primaryimage"},"image":{"@id":"https:\/\/www.booksonthemove.fr\/produit\/etre-fil\/#primaryimage"},"thumbnailUrl":"https:\/\/www.booksonthemove.fr\/media\/\u00catre-fil_300dpi-790x1024.jpg","datePublished":"2019-11-04T21:22:23+00:00","dateModified":"2025-03-27T14:37:22+00:00","breadcrumb":{"@id":"https:\/\/www.booksonthemove.fr\/produit\/etre-fil\/#breadcrumb"},"inLanguage":"en-US","potentialAction":[{"@type":"ReadAction","target":["https:\/\/www.booksonthemove.fr\/produit\/etre-fil\/"]}]},{"@type":"ImageObject","inLanguage":"en-US","@id":"https:\/\/www.booksonthemove.fr\/produit\/etre-fil\/#primaryimage","url":"https:\/\/www.booksonthemove.fr\/media\/\u00catre-fil_300dpi-790x1024.jpg","contentUrl":"https:\/\/www.booksonthemove.fr\/media\/\u00catre-fil_300dpi-790x1024.jpg","width":230,"height":298},{"@type":"BreadcrumbList","@id":"https:\/\/www.booksonthemove.fr\/produit\/etre-fil\/#breadcrumb","itemListElement":[{"@type":"ListItem","position":1,"name":"Accueil","item":"https:\/\/www.booksonthemove.fr\/en\/"},{"@type":"ListItem","position":2,"name":"online store","item":"https:\/\/www.booksonthemove.fr\/en\/online-shop\/"},{"@type":"ListItem","position":3,"name":"\u00catre fil"}]},{"@type":"WebSite","@id":"https:\/\/www.booksonthemove.fr\/#website","url":"https:\/\/www.booksonthemove.fr\/","name":"Books on the Move","description":"librairie nomade - danse - mouvement - performance","publisher":{"@id":"https:\/\/www.booksonthemove.fr\/#organization"},"potentialAction":[{"@type":"SearchAction","target":{"@type":"EntryPoint","urlTemplate":"https:\/\/www.booksonthemove.fr\/?s={search_term_string}"},"query-input":{"@type":"PropertyValueSpecification","valueRequired":true,"valueName":"search_term_string"}}],"inLanguage":"en-US"},{"@type":"Organization","@id":"https:\/\/www.booksonthemove.fr\/#organization","name":"Books on the Move","url":"https:\/\/www.booksonthemove.fr\/","logo":{"@type":"ImageObject","inLanguage":"en-US","@id":"https:\/\/www.booksonthemove.fr\/#\/schema\/logo\/image\/","url":"https:\/\/www.booksonthemove.fr\/media\/logo-NB-400.jpg","contentUrl":"https:\/\/www.booksonthemove.fr\/media\/logo-NB-400.jpg","width":400,"height":143,"caption":"Books on the Move"},"image":{"@id":"https:\/\/www.booksonthemove.fr\/#\/schema\/logo\/image\/"},"sameAs":["https:\/\/www.facebook.com\/Librairiebooksonthemove\/"]}]}},"_links":{"self":[{"href":"https:\/\/www.booksonthemove.fr\/en\/wp-json\/wp\/v2\/product\/9462","targetHints":{"allow":["GET"]}}],"collection":[{"href":"https:\/\/www.booksonthemove.fr\/en\/wp-json\/wp\/v2\/product"}],"about":[{"href":"https:\/\/www.booksonthemove.fr\/en\/wp-json\/wp\/v2\/types\/product"}],"wp:featuredmedia":[{"embeddable":true,"href":"https:\/\/www.booksonthemove.fr\/en\/wp-json\/wp\/v2\/media\/9857"}],"wp:attachment":[{"href":"https:\/\/www.booksonthemove.fr\/en\/wp-json\/wp\/v2\/media?parent=9462"}],"wp:term":[{"taxonomy":"product_brand","embeddable":true,"href":"https:\/\/www.booksonthemove.fr\/en\/wp-json\/wp\/v2\/product_brand?post=9462"},{"taxonomy":"product_cat","embeddable":true,"href":"https:\/\/www.booksonthemove.fr\/en\/wp-json\/wp\/v2\/product_cat?post=9462"},{"taxonomy":"product_tag","embeddable":true,"href":"https:\/\/www.booksonthemove.fr\/en\/wp-json\/wp\/v2\/product_tag?post=9462"}],"curies":[{"name":"wp","href":"https:\/\/api.w.org\/{rel}","templated":true}]}}