{"id":9466,"date":"2019-11-04T22:29:04","date_gmt":"2019-11-04T21:29:04","guid":{"rendered":"https:\/\/www.booksonthemove.fr\/produit\/ex-corpo\/"},"modified":"2024-09-23T16:30:30","modified_gmt":"2024-09-23T14:30:30","slug":"ex-corpo","status":"publish","type":"product","link":"https:\/\/www.booksonthemove.fr\/en\/produit\/ex-corpo\/","title":{"rendered":"Ex-corpo"},"content":{"rendered":"<p>\u00ab Ce livre est la parole d\u2019un artiste-chercheur qui ne pense pas sans cr\u00e9er des oeuvres ni sans analyser celles d\u2019autres artistes. En partant de Ciel, mon premier solo, et en m\u2019orientant vers un r\u00e9seau po\u00e9tique d\u2019oeuvres avec lesquelles j\u2019entretiens une certaine proximit\u00e9 th\u00e9matique, j\u2019enqu\u00eate sur la construction de marges qui dansent. Mes analyses sont construites \u00e0 partir de mon exp\u00e9rience de spectateur, consolid\u00e9e par mon parcours d\u2019artiste chor\u00e9graphique. Je plonge dans l\u2019exercice d\u2019\u00e9crire. L\u2019artiste-chercheur qui \u00e9crit ici prend et ne prend pas de la distance. Il sait, d\u2019embl\u00e9e, qu\u2019\u00e0 la fin du projet, que ce soit une th\u00e8se, un livre ou une pi\u00e8ce dans\u00e9e, il ne sera tout juste qu\u2019au commencement, au d\u00e9but de son jet, partie de son jeu. Peu \u00e0 peu, il parvient \u00e0 produire une extension de son travail artistique, qui n\u2019est ni une explication ni une justification, mais une analyse ex-corpo de la sc\u00e8ne, vitale pour lui. Car derri\u00e8re ces lignes, une nouvelle danse se dessine d\u00e9j\u00e0, qui l\u2019habite et qui l\u2019incorpore. \u00bb Volmir Cordeiro Dans une langue po\u00e9tique et polyphonique, c\u2019est le trajet d\u2019un artiste en recherche que ce livre retrace. Analysant son propre travail mais aussi les oeuvres embl\u00e9matiques des artistes br\u00e9siliens Luiz de Abreu, Micheline Torres et Marcelo Evelin, le danseur et chor\u00e9graphe Volmir Cordeiro invente ici un projet sensible o\u00f9 la cr\u00e9ation est inextricablement li\u00e9e \u00e0 sa position de chercheur et \u00e0 son regard de spectateur.<\/p>\n","protected":false},"excerpt":{"rendered":"<p><strong>Auteur:<\/strong> Volmir Cordeiro<br \/>\n<strong>Editeur:<\/strong> Centre national de la danse (2019)<br \/>\n<strong>Broch\u00e9:<\/strong>\u00a0258 pages<br \/>\n<strong>Langue:<\/strong> Fran\u00e7ais<br \/>\n<strong>ISBN:<\/strong> 978-10-97388-02-7<\/p>\n","protected":false},"featured_media":19407,"template":"","meta":[],"product_brand":[],"product_cat":[197,264,240,149,157,146,227,162,152,206,291],"product_tag":[],"class_list":{"0":"post-9466","1":"product","2":"type-product","3":"status-publish","4":"has-post-thumbnail","6":"product_cat-analysis-of-works-en","7":"product_cat-brazil-en","8":"product_cat-choreography-en","9":"product_cat-contemporary-dance-en","10":"product_cat-artists-writings-en","11":"product_cat-theoretical-texts-en","12":"product_cat-essays-en","13":"product_cat-french-en","14":"product_cat-performance-en","15":"product_cat-philosophy-aesthetics-en","16":"product_cat-pluridisciplinarity","18":"first","19":"instock","20":"taxable","21":"shipping-taxable","22":"purchasable","23":"product-type-simple"},"yoast_head":"<!-- This site is optimized with the Yoast SEO plugin v27.4 - https:\/\/yoast.com\/product\/yoast-seo-wordpress\/ -->\n<title>Ex-corpo - Books on the Move<\/title>\n<meta name=\"robots\" content=\"index, follow, max-snippet:-1, max-image-preview:large, max-video-preview:-1\" \/>\n<link rel=\"canonical\" href=\"https:\/\/www.booksonthemove.fr\/produit\/ex-corpo\/\" \/>\n<meta property=\"og:locale\" content=\"en_US\" \/>\n<meta property=\"og:type\" content=\"article\" \/>\n<meta property=\"og:title\" content=\"Ex-corpo - Books on the Move\" \/>\n<meta property=\"og:description\" content=\"Auteur: Volmir Cordeiro Editeur: Centre national de la danse (2019) Broch\u00e9:\u00a0258 pages Langue: Fran\u00e7ais ISBN: 978-10-97388-02-7\" \/>\n<meta property=\"og:url\" content=\"https:\/\/www.booksonthemove.fr\/produit\/ex-corpo\/\" \/>\n<meta property=\"og:site_name\" content=\"Books on the Move\" \/>\n<meta property=\"article:publisher\" content=\"https:\/\/www.facebook.com\/Librairiebooksonthemove\/\" \/>\n<meta property=\"article:modified_time\" content=\"2024-09-23T14:30:30+00:00\" \/>\n<meta property=\"og:image\" content=\"https:\/\/www.booksonthemove.fr\/media\/bom-2205.jpg\" \/>\n\t<meta property=\"og:image:width\" content=\"900\" \/>\n\t<meta property=\"og:image:height\" content=\"1391\" \/>\n\t<meta property=\"og:image:type\" content=\"image\/jpeg\" \/>\n<meta name=\"twitter:card\" content=\"summary_large_image\" \/>\n<script type=\"application\/ld+json\" class=\"yoast-schema-graph\">{\"@context\":\"https:\\\/\\\/schema.org\",\"@graph\":[{\"@type\":\"WebPage\",\"@id\":\"https:\\\/\\\/www.booksonthemove.fr\\\/produit\\\/ex-corpo\\\/\",\"url\":\"https:\\\/\\\/www.booksonthemove.fr\\\/produit\\\/ex-corpo\\\/\",\"name\":\"Ex-corpo - Books on the Move\",\"isPartOf\":{\"@id\":\"https:\\\/\\\/www.booksonthemove.fr\\\/#website\"},\"primaryImageOfPage\":{\"@id\":\"https:\\\/\\\/www.booksonthemove.fr\\\/produit\\\/ex-corpo\\\/#primaryimage\"},\"image\":{\"@id\":\"https:\\\/\\\/www.booksonthemove.fr\\\/produit\\\/ex-corpo\\\/#primaryimage\"},\"thumbnailUrl\":\"https:\\\/\\\/www.booksonthemove.fr\\\/media\\\/bom-2205.jpg\",\"datePublished\":\"2019-11-04T21:29:04+00:00\",\"dateModified\":\"2024-09-23T14:30:30+00:00\",\"breadcrumb\":{\"@id\":\"https:\\\/\\\/www.booksonthemove.fr\\\/produit\\\/ex-corpo\\\/#breadcrumb\"},\"inLanguage\":\"en-US\",\"potentialAction\":[{\"@type\":\"ReadAction\",\"target\":[\"https:\\\/\\\/www.booksonthemove.fr\\\/produit\\\/ex-corpo\\\/\"]}]},{\"@type\":\"ImageObject\",\"inLanguage\":\"en-US\",\"@id\":\"https:\\\/\\\/www.booksonthemove.fr\\\/produit\\\/ex-corpo\\\/#primaryimage\",\"url\":\"https:\\\/\\\/www.booksonthemove.fr\\\/media\\\/bom-2205.jpg\",\"contentUrl\":\"https:\\\/\\\/www.booksonthemove.fr\\\/media\\\/bom-2205.jpg\",\"width\":900,\"height\":1391},{\"@type\":\"BreadcrumbList\",\"@id\":\"https:\\\/\\\/www.booksonthemove.fr\\\/produit\\\/ex-corpo\\\/#breadcrumb\",\"itemListElement\":[{\"@type\":\"ListItem\",\"position\":1,\"name\":\"Accueil\",\"item\":\"https:\\\/\\\/www.booksonthemove.fr\\\/en\\\/\"},{\"@type\":\"ListItem\",\"position\":2,\"name\":\"online store\",\"item\":\"https:\\\/\\\/www.booksonthemove.fr\\\/en\\\/online-shop\\\/\"},{\"@type\":\"ListItem\",\"position\":3,\"name\":\"Ex-corpo\"}]},{\"@type\":\"WebSite\",\"@id\":\"https:\\\/\\\/www.booksonthemove.fr\\\/#website\",\"url\":\"https:\\\/\\\/www.booksonthemove.fr\\\/\",\"name\":\"Books on the Move\",\"description\":\"librairie nomade - danse - mouvement - performance\",\"publisher\":{\"@id\":\"https:\\\/\\\/www.booksonthemove.fr\\\/#organization\"},\"potentialAction\":[{\"@type\":\"SearchAction\",\"target\":{\"@type\":\"EntryPoint\",\"urlTemplate\":\"https:\\\/\\\/www.booksonthemove.fr\\\/?s={search_term_string}\"},\"query-input\":{\"@type\":\"PropertyValueSpecification\",\"valueRequired\":true,\"valueName\":\"search_term_string\"}}],\"inLanguage\":\"en-US\"},{\"@type\":\"Organization\",\"@id\":\"https:\\\/\\\/www.booksonthemove.fr\\\/#organization\",\"name\":\"Books on the Move\",\"url\":\"https:\\\/\\\/www.booksonthemove.fr\\\/\",\"logo\":{\"@type\":\"ImageObject\",\"inLanguage\":\"en-US\",\"@id\":\"https:\\\/\\\/www.booksonthemove.fr\\\/#\\\/schema\\\/logo\\\/image\\\/\",\"url\":\"https:\\\/\\\/www.booksonthemove.fr\\\/media\\\/logo-NB-400.jpg\",\"contentUrl\":\"https:\\\/\\\/www.booksonthemove.fr\\\/media\\\/logo-NB-400.jpg\",\"width\":400,\"height\":143,\"caption\":\"Books on the Move\"},\"image\":{\"@id\":\"https:\\\/\\\/www.booksonthemove.fr\\\/#\\\/schema\\\/logo\\\/image\\\/\"},\"sameAs\":[\"https:\\\/\\\/www.facebook.com\\\/Librairiebooksonthemove\\\/\"]}]}<\/script>\n<!-- \/ Yoast SEO plugin. -->","yoast_head_json":{"title":"Ex-corpo - Books on the Move","robots":{"index":"index","follow":"follow","max-snippet":"max-snippet:-1","max-image-preview":"max-image-preview:large","max-video-preview":"max-video-preview:-1"},"canonical":"https:\/\/www.booksonthemove.fr\/produit\/ex-corpo\/","og_locale":"en_US","og_type":"article","og_title":"Ex-corpo - Books on the Move","og_description":"Auteur: Volmir Cordeiro Editeur: Centre national de la danse (2019) Broch\u00e9:\u00a0258 pages Langue: Fran\u00e7ais ISBN: 978-10-97388-02-7","og_url":"https:\/\/www.booksonthemove.fr\/produit\/ex-corpo\/","og_site_name":"Books on the Move","article_publisher":"https:\/\/www.facebook.com\/Librairiebooksonthemove\/","article_modified_time":"2024-09-23T14:30:30+00:00","og_image":[{"width":900,"height":1391,"url":"https:\/\/www.booksonthemove.fr\/media\/bom-2205.jpg","type":"image\/jpeg"}],"twitter_card":"summary_large_image","schema":{"@context":"https:\/\/schema.org","@graph":[{"@type":"WebPage","@id":"https:\/\/www.booksonthemove.fr\/produit\/ex-corpo\/","url":"https:\/\/www.booksonthemove.fr\/produit\/ex-corpo\/","name":"Ex-corpo - Books on the Move","isPartOf":{"@id":"https:\/\/www.booksonthemove.fr\/#website"},"primaryImageOfPage":{"@id":"https:\/\/www.booksonthemove.fr\/produit\/ex-corpo\/#primaryimage"},"image":{"@id":"https:\/\/www.booksonthemove.fr\/produit\/ex-corpo\/#primaryimage"},"thumbnailUrl":"https:\/\/www.booksonthemove.fr\/media\/bom-2205.jpg","datePublished":"2019-11-04T21:29:04+00:00","dateModified":"2024-09-23T14:30:30+00:00","breadcrumb":{"@id":"https:\/\/www.booksonthemove.fr\/produit\/ex-corpo\/#breadcrumb"},"inLanguage":"en-US","potentialAction":[{"@type":"ReadAction","target":["https:\/\/www.booksonthemove.fr\/produit\/ex-corpo\/"]}]},{"@type":"ImageObject","inLanguage":"en-US","@id":"https:\/\/www.booksonthemove.fr\/produit\/ex-corpo\/#primaryimage","url":"https:\/\/www.booksonthemove.fr\/media\/bom-2205.jpg","contentUrl":"https:\/\/www.booksonthemove.fr\/media\/bom-2205.jpg","width":900,"height":1391},{"@type":"BreadcrumbList","@id":"https:\/\/www.booksonthemove.fr\/produit\/ex-corpo\/#breadcrumb","itemListElement":[{"@type":"ListItem","position":1,"name":"Accueil","item":"https:\/\/www.booksonthemove.fr\/en\/"},{"@type":"ListItem","position":2,"name":"online store","item":"https:\/\/www.booksonthemove.fr\/en\/online-shop\/"},{"@type":"ListItem","position":3,"name":"Ex-corpo"}]},{"@type":"WebSite","@id":"https:\/\/www.booksonthemove.fr\/#website","url":"https:\/\/www.booksonthemove.fr\/","name":"Books on the Move","description":"librairie nomade - danse - mouvement - performance","publisher":{"@id":"https:\/\/www.booksonthemove.fr\/#organization"},"potentialAction":[{"@type":"SearchAction","target":{"@type":"EntryPoint","urlTemplate":"https:\/\/www.booksonthemove.fr\/?s={search_term_string}"},"query-input":{"@type":"PropertyValueSpecification","valueRequired":true,"valueName":"search_term_string"}}],"inLanguage":"en-US"},{"@type":"Organization","@id":"https:\/\/www.booksonthemove.fr\/#organization","name":"Books on the Move","url":"https:\/\/www.booksonthemove.fr\/","logo":{"@type":"ImageObject","inLanguage":"en-US","@id":"https:\/\/www.booksonthemove.fr\/#\/schema\/logo\/image\/","url":"https:\/\/www.booksonthemove.fr\/media\/logo-NB-400.jpg","contentUrl":"https:\/\/www.booksonthemove.fr\/media\/logo-NB-400.jpg","width":400,"height":143,"caption":"Books on the Move"},"image":{"@id":"https:\/\/www.booksonthemove.fr\/#\/schema\/logo\/image\/"},"sameAs":["https:\/\/www.facebook.com\/Librairiebooksonthemove\/"]}]}},"_links":{"self":[{"href":"https:\/\/www.booksonthemove.fr\/en\/wp-json\/wp\/v2\/product\/9466","targetHints":{"allow":["GET"]}}],"collection":[{"href":"https:\/\/www.booksonthemove.fr\/en\/wp-json\/wp\/v2\/product"}],"about":[{"href":"https:\/\/www.booksonthemove.fr\/en\/wp-json\/wp\/v2\/types\/product"}],"wp:featuredmedia":[{"embeddable":true,"href":"https:\/\/www.booksonthemove.fr\/en\/wp-json\/wp\/v2\/media\/19407"}],"wp:attachment":[{"href":"https:\/\/www.booksonthemove.fr\/en\/wp-json\/wp\/v2\/media?parent=9466"}],"wp:term":[{"taxonomy":"product_brand","embeddable":true,"href":"https:\/\/www.booksonthemove.fr\/en\/wp-json\/wp\/v2\/product_brand?post=9466"},{"taxonomy":"product_cat","embeddable":true,"href":"https:\/\/www.booksonthemove.fr\/en\/wp-json\/wp\/v2\/product_cat?post=9466"},{"taxonomy":"product_tag","embeddable":true,"href":"https:\/\/www.booksonthemove.fr\/en\/wp-json\/wp\/v2\/product_tag?post=9466"}],"curies":[{"name":"wp","href":"https:\/\/api.w.org\/{rel}","templated":true}]}}